{"id":3339,"date":"2022-03-15T10:41:05","date_gmt":"2022-03-15T09:41:05","guid":{"rendered":"https:\/\/www.international.grandestdeveloppement.fr\/?page_id=3339"},"modified":"2025-09-10T15:17:16","modified_gmt":"2025-09-10T13:17:16","slug":"eine-dynamische-und-innovative-wirtschaft","status":"publish","type":"page","link":"https:\/\/international.grandestdeveloppement.fr\/de\/eine-dynamische-und-innovative-wirtschaft\/","title":{"rendered":"Eine dynamische und innovative Wirtschaft"},"content":{"rendered":"\n<p>Als <strong>Ursprung der franz\u00f6sischen Industrie<\/strong> ist Ostfrankreich auch heute noch ein <strong>wichtiger industrieller Akteur<\/strong>, dessen Universit\u00e4ten und Forschungslaboren das Wachstum von morgen sowohl in traditionellen als auch in technologischen Bereichen vorantreiben.&nbsp;&nbsp;<\/p>\n\n\n\n<figure class=\"wp-block-embed aligncenter is-type-video is-provider-youtube wp-block-embed-youtube wp-embed-aspect-16-9 wp-has-aspect-ratio\"><div class=\"wp-block-embed__wrapper\">\n<iframe loading=\"lazy\" title=\"Grand Est - Das pulsierende Zentrum Europas\" width=\"500\" height=\"281\" src=\"https:\/\/www.youtube.com\/embed\/byTk0uIJuVw?feature=oembed\" frameborder=\"0\" allow=\"accelerometer; autoplay; clipboard-write; encrypted-media; gyroscope; picture-in-picture; web-share\" referrerpolicy=\"strict-origin-when-cross-origin\" allowfullscreen><\/iframe>\n<\/div><\/figure>\n\n\n\n<h2 class=\"wp-block-heading\">Ein historisches industrielles Know-how<\/h2>\n\n\n\n<p>Geografisch und historisch mit dem <strong>Herzen der industriellen Revolution<\/strong> des 18. Jahrhunderts verbunden, war Ostfrankreich einer der ersten Akteure mit einer <strong>umfangreichen Textilproduktion,<\/strong> der Entwicklung der <strong>chemischen Industrie <\/strong>und des <strong>Maschinenbaus<\/strong>. Alstom, Alcatel und Schlumberger wurden hier geboren und haben sich weltweit ausgedehnt.&nbsp;&nbsp;<\/p>\n\n\n\n<p>Lokaler Kapitalismus, akademische Exzellenz und in j\u00fcngster Zeit auch ausl\u00e4ndische Investitionen haben zur Entwicklung neuer Aktivit\u00e4ten in den Bereichen <strong>Elektronik, Biowissenschaften, Informationstechnologie und erneuerbare Energien beigetragen<\/strong>, um nur einige Beispiele zu nennen. Heute ist Ostfrankreich die zweitwichtigste Region Frankreichs f\u00fcr ausl\u00e4ndische Investitionen und hat in 2020 mit rund 100 Projekten und 800 Millionen Euro an Ausl\u00e4ndischen Direktinvestitionen weiter angezogen.&nbsp;<\/p>\n\n\n<div class=\"bloc-exergue \">\n        <p>Ostfrankreich ist die f\u00fchrende Standortregion f\u00fcr industrielle Produktionsprojekte.<\/p>\n\n<\/div>\n\n\n\n<h2 class=\"wp-block-heading\">Leistungsstarke Industriesektoren<\/h2>\n\n\n\n<p>Die Exzellenz der f\u00fcnf Universit\u00e4ten der Region in den Bereichen <strong>Chemie und Biologie, Pharmazeutik, Biotechnologie und Biowissenschaften <\/strong>hat einen der f\u00fchrenden Innovationscluster Europas entstehen lassen, <a href=\"https:\/\/www.biovalley-france.com\/fr\/\">Biovalley France<\/a> (Biotech &amp; Life Sciences and Medical Technologies).&nbsp;&nbsp;<\/p>\n\n\n\n<p>Der <a href=\"https:\/\/www.vehiculedufutur.com\/\">P\u00f4le V\u00e9hicule du Futur<\/a>, der sich auf eine jahrhundertealte <strong>Automobiltradition und ein industrielles Netz spezialisierter KMU <\/strong>st\u00fctzt, widmet sich den neuen Mobilit\u00e4tstechnologien.&nbsp;&nbsp;<\/p>\n\n\n\n<p>Der<strong> Maschinenbau<\/strong> vereint Hunderte von kleinen und gro\u00dfen Unternehmen, die Produkte und Komponenten f\u00fcr den Verkehr, industrielle oder landwirtschaftliche Ausr\u00fcstungen, Eisenbahnen, das Bauwesen usw. entwickeln.&nbsp;&nbsp;<\/p>\n\n\n\n<p>Weitere Wachstums- und Innovationscluster sind <a href=\"https:\/\/www.hydreos.fr\/\">Aquanova<\/a> (<strong>Technologien und Management von Wasser und damit verbundene Industrien<\/strong>), <a href=\"https:\/\/www.bioeconomyforchange.eu\/\">B4C<\/a> (<strong>Bioeconomy for change<\/strong>), &#8230;\u00a0\u00a0\u00a0<\/p>\n\n\n\n<h2 class=\"wp-block-heading\">Regionale Politik und spezielle Infrastrukturen<\/h2>\n\n\n\n<p>Als wichtiger Bestandteil der DNS der Region <strong>steht die Industrie im Mittelpunkt der Initiativen der regionalen Beh\u00f6rden<\/strong>: Gr\u00fcnderzentren, Industriezonen, Finanzhilfen, Bildungs- und Ausbildungsprogramme, Verkehrsinfrastrukturen werden st\u00e4ndig entwickelt oder an die Bed\u00fcrfnisse der Wirtschaft angepasst. Diese regionale Wirtschaftsentwicklungsstrategie konzentriert sich auf <strong>vorrangige Sektoren<\/strong> (Gesundheit, Mobilit\u00e4t, Lebensmittel, erneuerbare Energien, Umwelttechnologien usw.) sowie auf die Sozial- und Solidarwirtschaft.&nbsp;<\/p>\n\n\n\n<p>Das BAGE (Business Act Grand Est) stellt die regionalen Ma\u00dfnahmen auf <strong>drei Transformationsmotoren<\/strong> ab: <strong>Digital, Umwelt und Industrie<\/strong>. Sein Ziel ist es, die Transformation der Wirtschaft entlang dieser Kraftlinien anzuregen.<\/p>\n\n\n\n<p class=\"has-text-align-center wp-embed-aspect-16-9 wp-has-aspect-ratio\"><\/p>\n\n\n\n<div class=\"wp-block-media-text is-stacked-on-mobile wp-embed-aspect-16-9 wp-has-aspect-ratio\"><figure class=\"wp-block-media-text__media\"><img loading=\"lazy\" decoding=\"async\" width=\"1024\" height=\"426\" src=\"https:\/\/www.international.grandestdeveloppement.fr\/wp-content\/uploads\/2024\/08\/AdobeStock_288623293-scaled-1-1024x426.jpeg\" alt=\"\" class=\"wp-image-14202 size-full\" srcset=\"https:\/\/international.grandestdeveloppement.fr\/wp-content\/uploads\/2024\/08\/AdobeStock_288623293-scaled-1-1024x426.jpeg 1024w, https:\/\/international.grandestdeveloppement.fr\/wp-content\/uploads\/2024\/08\/AdobeStock_288623293-scaled-1-300x125.jpeg 300w, https:\/\/international.grandestdeveloppement.fr\/wp-content\/uploads\/2024\/08\/AdobeStock_288623293-scaled-1-768x319.jpeg 768w, https:\/\/international.grandestdeveloppement.fr\/wp-content\/uploads\/2024\/08\/AdobeStock_288623293-scaled-1-1536x638.jpeg 1536w, https:\/\/international.grandestdeveloppement.fr\/wp-content\/uploads\/2024\/08\/AdobeStock_288623293-scaled-1-2048x851.jpeg 2048w\" sizes=\"auto, (max-width: 1024px) 100vw, 1024px\" \/><\/figure><div class=\"wp-block-media-text__content\">\n<h3 class=\"wp-block-heading\"><strong><a href=\"https:\/\/www.international.grandestdeveloppement.fr\/de\/digital\/\">Die digitale Transformation<\/a><\/strong><\/h3>\n\n\n\n<p>Echtzeit, Entmaterialisierung, vernetzte Objekte und Datenbest\u00e4nde erm\u00f6glichen es den Unternehmen, wettbewerbsf\u00e4higer zu werden, Kosten zu senken, Prozesse zu verbessern und neue Dienstleistungen zu vermarkten. Ihre technologischen Herausforderungen sind 5G, KI, IoT, Cybersicherheit, Cloud, \u2026<\/p>\n<\/div><\/div>\n\n\n\n<div class=\"wp-block-media-text has-media-on-the-right is-stacked-on-mobile wp-embed-aspect-16-9 wp-has-aspect-ratio\"><div class=\"wp-block-media-text__content\">\n<h3 class=\"wp-block-heading\"><a href=\"https:\/\/www.international.grandestdeveloppement.fr\/de\/bio-oekonomie-ostfrankreich\/\">Die Transformation der Umwelt<\/a><\/h3>\n\n\n\n<p>\u00d6kologische wie auch energetische Transformation, sie ist die Mutter aller K\u00e4mpfe insbesondere im Hinblick auf den Kampf gegen die globale Erw\u00e4rmung. Ihre Herausforderungen sind die Dekarbonisierung, die Biodiversit\u00e4t, die Abfallwirtschaft, der Bodenschutz, \u2026<\/p>\n<\/div><figure class=\"wp-block-media-text__media\"><img loading=\"lazy\" decoding=\"async\" width=\"1024\" height=\"398\" src=\"https:\/\/international.grandestdeveloppement.fr\/wp-content\/uploads\/2024\/08\/Image1-3-1-1024x398.jpg\" alt=\"\" class=\"wp-image-14208 size-full\" srcset=\"https:\/\/international.grandestdeveloppement.fr\/wp-content\/uploads\/2024\/08\/Image1-3-1-1024x398.jpg 1024w, https:\/\/international.grandestdeveloppement.fr\/wp-content\/uploads\/2024\/08\/Image1-3-1-300x117.jpg 300w, https:\/\/international.grandestdeveloppement.fr\/wp-content\/uploads\/2024\/08\/Image1-3-1-768x299.jpg 768w, https:\/\/international.grandestdeveloppement.fr\/wp-content\/uploads\/2024\/08\/Image1-3-1.jpg 1386w\" sizes=\"auto, (max-width: 1024px) 100vw, 1024px\" \/><\/figure><\/div>\n\n\n\n<div class=\"wp-block-media-text is-stacked-on-mobile wp-embed-aspect-16-9 wp-has-aspect-ratio\"><figure class=\"wp-block-media-text__media\"><img loading=\"lazy\" decoding=\"async\" width=\"1024\" height=\"374\" src=\"https:\/\/www.international.grandestdeveloppement.fr\/wp-content\/uploads\/2024\/08\/AdobeStock_512237905-scaled-1-1024x374.jpeg\" alt=\"\" class=\"wp-image-14211 size-full\" srcset=\"https:\/\/international.grandestdeveloppement.fr\/wp-content\/uploads\/2024\/08\/AdobeStock_512237905-scaled-1-1024x374.jpeg 1024w, https:\/\/international.grandestdeveloppement.fr\/wp-content\/uploads\/2024\/08\/AdobeStock_512237905-scaled-1-300x110.jpeg 300w, https:\/\/international.grandestdeveloppement.fr\/wp-content\/uploads\/2024\/08\/AdobeStock_512237905-scaled-1-768x281.jpeg 768w, https:\/\/international.grandestdeveloppement.fr\/wp-content\/uploads\/2024\/08\/AdobeStock_512237905-scaled-1-1536x562.jpeg 1536w, https:\/\/international.grandestdeveloppement.fr\/wp-content\/uploads\/2024\/08\/AdobeStock_512237905-scaled-1-2048x749.jpeg 2048w\" sizes=\"auto, (max-width: 1024px) 100vw, 1024px\" \/><\/figure><div class=\"wp-block-media-text__content\">\n<h3 class=\"wp-block-heading\"><a href=\"https:\/\/www.international.grandestdeveloppement.fr\/de\/herstellung-von-waren\/\">Der industrielle Transformation<\/a><\/h3>\n\n\n\n<p>Seine Herausforderungen sind technologischer (Steuerung, Simulation, Flexibilit\u00e4t, Robotisierung, Werkstoffe \u2026), wirtschaftlicher (Relokalisierung, kurze Wege, Kreislaufwirtschaft, \u2026) und gesellschaftlicher Art. Ostfrankreich, eine historische Industriehochburg, bietet L\u00f6sungsanbietern ideale Bedingungen f\u00fcr ihre Entwicklung in Frankreich und Europa.<\/p>\n<\/div><\/div>\n\n\n\n<p class=\"has-text-align-center wp-embed-aspect-16-9 wp-has-aspect-ratio\"><\/p>\n","protected":false},"excerpt":{"rendered":"<p>Als Ursprung der franz\u00f6sischen Industrie ist Ostfrankreich auch heute noch ein wichtiger industrieller Akteur, dessen Universit\u00e4ten und Forschungslaboren das Wachstum von morgen sowohl in traditionellen als auch in technologischen Bereichen [&hellip;]<\/p>\n","protected":false},"author":1,"featured_media":254,"parent":0,"menu_order":0,"comment_status":"closed","ping_status":"closed","template":"","meta":{"_acf_changed":false,"_relevanssi_hide_post":"","_relevanssi_pin_for_all":"","_relevanssi_pin_keywords":"","_relevanssi_unpin_keywords":"","_relevanssi_related_keywords":"","_relevanssi_related_include_ids":"","_relevanssi_related_exclude_ids":"","_relevanssi_related_no_append":"","_relevanssi_related_not_related":"","_relevanssi_related_posts":"3448,3443,3463,3499,3484,3465","_relevanssi_noindex_reason":"","inline_featured_image":false,"footnotes":""},"categorie-businessFunction":[],"categorie-secteur":[],"categorie-nationalite":[],"categorie-territoire":[],"categorie-service":[],"class_list":["post-3339","page","type-page","status-publish","has-post-thumbnail","hentry"],"acf":[],"yoast_head":"<!-- This site is optimized with the Yoast SEO plugin v27.3 - https:\/\/yoast.com\/product\/yoast-seo-wordpress\/ -->\n<title>Eine dynamische und innovative Wirtschaft - Invest Eastern France<\/title>\n<meta name=\"robots\" content=\"index, follow, max-snippet:-1, max-image-preview:large, max-video-preview:-1\" \/>\n<link rel=\"canonical\" href=\"https:\/\/international.grandestdeveloppement.fr\/de\/eine-dynamische-und-innovative-wirtschaft\/\" \/>\n<meta property=\"og:locale\" content=\"de_DE\" \/>\n<meta property=\"og:type\" content=\"article\" \/>\n<meta property=\"og:title\" content=\"Eine dynamische und innovative Wirtschaft - Invest Eastern France\" \/>\n<meta property=\"og:description\" content=\"Als Ursprung der franz\u00f6sischen Industrie ist Ostfrankreich auch heute noch ein wichtiger industrieller Akteur, dessen Universit\u00e4ten und Forschungslaboren das Wachstum von morgen sowohl in traditionellen als auch in technologischen Bereichen [&hellip;]\" \/>\n<meta property=\"og:url\" content=\"https:\/\/international.grandestdeveloppement.fr\/de\/eine-dynamische-und-innovative-wirtschaft\/\" \/>\n<meta property=\"og:site_name\" content=\"Invest Eastern France\" \/>\n<meta property=\"article:modified_time\" content=\"2025-09-10T13:17:16+00:00\" \/>\n<meta property=\"og:image\" content=\"https:\/\/international.grandestdeveloppement.fr\/wp-content\/uploads\/2021\/09\/Economie-Grand-Est.jpeg\" \/>\n\t<meta property=\"og:image:width\" content=\"1200\" \/>\n\t<meta property=\"og:image:height\" content=\"800\" \/>\n\t<meta property=\"og:image:type\" content=\"image\/jpeg\" \/>\n<meta name=\"twitter:card\" content=\"summary_large_image\" \/>\n<meta name=\"twitter:label1\" content=\"Est. reading time\" \/>\n\t<meta name=\"twitter:data1\" content=\"3 minutes\" \/>\n<script type=\"application\/ld+json\" class=\"yoast-schema-graph\">{\"@context\":\"https:\\\/\\\/schema.org\",\"@graph\":[{\"@type\":\"WebPage\",\"@id\":\"https:\\\/\\\/international.grandestdeveloppement.fr\\\/de\\\/eine-dynamische-und-innovative-wirtschaft\\\/\",\"url\":\"https:\\\/\\\/international.grandestdeveloppement.fr\\\/de\\\/eine-dynamische-und-innovative-wirtschaft\\\/\",\"name\":\"Eine dynamische und innovative Wirtschaft - Invest Eastern France\",\"isPartOf\":{\"@id\":\"https:\\\/\\\/international.grandestdeveloppement.fr\\\/de\\\/#website\"},\"primaryImageOfPage\":{\"@id\":\"https:\\\/\\\/international.grandestdeveloppement.fr\\\/de\\\/eine-dynamische-und-innovative-wirtschaft\\\/#primaryimage\"},\"image\":{\"@id\":\"https:\\\/\\\/international.grandestdeveloppement.fr\\\/de\\\/eine-dynamische-und-innovative-wirtschaft\\\/#primaryimage\"},\"thumbnailUrl\":\"https:\\\/\\\/international.grandestdeveloppement.fr\\\/wp-content\\\/uploads\\\/2021\\\/09\\\/Economie-Grand-Est.jpeg\",\"datePublished\":\"2022-03-15T09:41:05+00:00\",\"dateModified\":\"2025-09-10T13:17:16+00:00\",\"breadcrumb\":{\"@id\":\"https:\\\/\\\/international.grandestdeveloppement.fr\\\/de\\\/eine-dynamische-und-innovative-wirtschaft\\\/#breadcrumb\"},\"inLanguage\":\"de-DE\",\"potentialAction\":[{\"@type\":\"ReadAction\",\"target\":[\"https:\\\/\\\/international.grandestdeveloppement.fr\\\/de\\\/eine-dynamische-und-innovative-wirtschaft\\\/\"]}]},{\"@type\":\"ImageObject\",\"inLanguage\":\"de-DE\",\"@id\":\"https:\\\/\\\/international.grandestdeveloppement.fr\\\/de\\\/eine-dynamische-und-innovative-wirtschaft\\\/#primaryimage\",\"url\":\"https:\\\/\\\/international.grandestdeveloppement.fr\\\/wp-content\\\/uploads\\\/2021\\\/09\\\/Economie-Grand-Est.jpeg\",\"contentUrl\":\"https:\\\/\\\/international.grandestdeveloppement.fr\\\/wp-content\\\/uploads\\\/2021\\\/09\\\/Economie-Grand-Est.jpeg\",\"width\":1200,\"height\":800,\"caption\":\"Economie dans le Grand Est\"},{\"@type\":\"BreadcrumbList\",\"@id\":\"https:\\\/\\\/international.grandestdeveloppement.fr\\\/de\\\/eine-dynamische-und-innovative-wirtschaft\\\/#breadcrumb\",\"itemListElement\":[{\"@type\":\"ListItem\",\"position\":1,\"name\":\"Accueil\",\"item\":\"https:\\\/\\\/international.grandestdeveloppement.fr\\\/de\\\/\"},{\"@type\":\"ListItem\",\"position\":2,\"name\":\"Eine dynamische und innovative Wirtschaft\"}]},{\"@type\":\"WebSite\",\"@id\":\"https:\\\/\\\/international.grandestdeveloppement.fr\\\/de\\\/#website\",\"url\":\"https:\\\/\\\/international.grandestdeveloppement.fr\\\/de\\\/\",\"name\":\"Invest Eastern France\",\"description\":\"\",\"publisher\":{\"@id\":\"https:\\\/\\\/international.grandestdeveloppement.fr\\\/de\\\/#organization\"},\"potentialAction\":[{\"@type\":\"SearchAction\",\"target\":{\"@type\":\"EntryPoint\",\"urlTemplate\":\"https:\\\/\\\/international.grandestdeveloppement.fr\\\/de\\\/?s={search_term_string}\"},\"query-input\":{\"@type\":\"PropertyValueSpecification\",\"valueRequired\":true,\"valueName\":\"search_term_string\"}}],\"inLanguage\":\"de-DE\"},{\"@type\":\"Organization\",\"@id\":\"https:\\\/\\\/international.grandestdeveloppement.fr\\\/de\\\/#organization\",\"name\":\"Invest Eastern France\",\"url\":\"https:\\\/\\\/international.grandestdeveloppement.fr\\\/de\\\/\",\"logo\":{\"@type\":\"ImageObject\",\"inLanguage\":\"de-DE\",\"@id\":\"https:\\\/\\\/international.grandestdeveloppement.fr\\\/de\\\/#\\\/schema\\\/logo\\\/image\\\/\",\"url\":\"https:\\\/\\\/www.international.grandestdeveloppement.fr\\\/wp-content\\\/uploads\\\/2021\\\/08\\\/logo-invest-eastern-france.png\",\"contentUrl\":\"https:\\\/\\\/www.international.grandestdeveloppement.fr\\\/wp-content\\\/uploads\\\/2021\\\/08\\\/logo-invest-eastern-france.png\",\"width\":500,\"height\":180,\"caption\":\"Invest Eastern France\"},\"image\":{\"@id\":\"https:\\\/\\\/international.grandestdeveloppement.fr\\\/de\\\/#\\\/schema\\\/logo\\\/image\\\/\"}}]}<\/script>\n<!-- \/ Yoast SEO plugin. -->","yoast_head_json":{"title":"Eine dynamische und innovative Wirtschaft - Invest Eastern France","robots":{"index":"index","follow":"follow","max-snippet":"max-snippet:-1","max-image-preview":"max-image-preview:large","max-video-preview":"max-video-preview:-1"},"canonical":"https:\/\/international.grandestdeveloppement.fr\/de\/eine-dynamische-und-innovative-wirtschaft\/","og_locale":"de_DE","og_type":"article","og_title":"Eine dynamische und innovative Wirtschaft - Invest Eastern France","og_description":"Als Ursprung der franz\u00f6sischen Industrie ist Ostfrankreich auch heute noch ein wichtiger industrieller Akteur, dessen Universit\u00e4ten und Forschungslaboren das Wachstum von morgen sowohl in traditionellen als auch in technologischen Bereichen [&hellip;]","og_url":"https:\/\/international.grandestdeveloppement.fr\/de\/eine-dynamische-und-innovative-wirtschaft\/","og_site_name":"Invest Eastern France","article_modified_time":"2025-09-10T13:17:16+00:00","og_image":[{"width":1200,"height":800,"url":"https:\/\/international.grandestdeveloppement.fr\/wp-content\/uploads\/2021\/09\/Economie-Grand-Est.jpeg","type":"image\/jpeg"}],"twitter_card":"summary_large_image","twitter_misc":{"Est. reading time":"3 minutes"},"schema":{"@context":"https:\/\/schema.org","@graph":[{"@type":"WebPage","@id":"https:\/\/international.grandestdeveloppement.fr\/de\/eine-dynamische-und-innovative-wirtschaft\/","url":"https:\/\/international.grandestdeveloppement.fr\/de\/eine-dynamische-und-innovative-wirtschaft\/","name":"Eine dynamische und innovative Wirtschaft - Invest Eastern France","isPartOf":{"@id":"https:\/\/international.grandestdeveloppement.fr\/de\/#website"},"primaryImageOfPage":{"@id":"https:\/\/international.grandestdeveloppement.fr\/de\/eine-dynamische-und-innovative-wirtschaft\/#primaryimage"},"image":{"@id":"https:\/\/international.grandestdeveloppement.fr\/de\/eine-dynamische-und-innovative-wirtschaft\/#primaryimage"},"thumbnailUrl":"https:\/\/international.grandestdeveloppement.fr\/wp-content\/uploads\/2021\/09\/Economie-Grand-Est.jpeg","datePublished":"2022-03-15T09:41:05+00:00","dateModified":"2025-09-10T13:17:16+00:00","breadcrumb":{"@id":"https:\/\/international.grandestdeveloppement.fr\/de\/eine-dynamische-und-innovative-wirtschaft\/#breadcrumb"},"inLanguage":"de-DE","potentialAction":[{"@type":"ReadAction","target":["https:\/\/international.grandestdeveloppement.fr\/de\/eine-dynamische-und-innovative-wirtschaft\/"]}]},{"@type":"ImageObject","inLanguage":"de-DE","@id":"https:\/\/international.grandestdeveloppement.fr\/de\/eine-dynamische-und-innovative-wirtschaft\/#primaryimage","url":"https:\/\/international.grandestdeveloppement.fr\/wp-content\/uploads\/2021\/09\/Economie-Grand-Est.jpeg","contentUrl":"https:\/\/international.grandestdeveloppement.fr\/wp-content\/uploads\/2021\/09\/Economie-Grand-Est.jpeg","width":1200,"height":800,"caption":"Economie dans le Grand Est"},{"@type":"BreadcrumbList","@id":"https:\/\/international.grandestdeveloppement.fr\/de\/eine-dynamische-und-innovative-wirtschaft\/#breadcrumb","itemListElement":[{"@type":"ListItem","position":1,"name":"Accueil","item":"https:\/\/international.grandestdeveloppement.fr\/de\/"},{"@type":"ListItem","position":2,"name":"Eine dynamische und innovative Wirtschaft"}]},{"@type":"WebSite","@id":"https:\/\/international.grandestdeveloppement.fr\/de\/#website","url":"https:\/\/international.grandestdeveloppement.fr\/de\/","name":"Invest Eastern France","description":"","publisher":{"@id":"https:\/\/international.grandestdeveloppement.fr\/de\/#organization"},"potentialAction":[{"@type":"SearchAction","target":{"@type":"EntryPoint","urlTemplate":"https:\/\/international.grandestdeveloppement.fr\/de\/?s={search_term_string}"},"query-input":{"@type":"PropertyValueSpecification","valueRequired":true,"valueName":"search_term_string"}}],"inLanguage":"de-DE"},{"@type":"Organization","@id":"https:\/\/international.grandestdeveloppement.fr\/de\/#organization","name":"Invest Eastern France","url":"https:\/\/international.grandestdeveloppement.fr\/de\/","logo":{"@type":"ImageObject","inLanguage":"de-DE","@id":"https:\/\/international.grandestdeveloppement.fr\/de\/#\/schema\/logo\/image\/","url":"https:\/\/www.international.grandestdeveloppement.fr\/wp-content\/uploads\/2021\/08\/logo-invest-eastern-france.png","contentUrl":"https:\/\/www.international.grandestdeveloppement.fr\/wp-content\/uploads\/2021\/08\/logo-invest-eastern-france.png","width":500,"height":180,"caption":"Invest Eastern France"},"image":{"@id":"https:\/\/international.grandestdeveloppement.fr\/de\/#\/schema\/logo\/image\/"}}]}},"publishpress_future_action":{"enabled":false,"date":"2026-04-25 09:41:57","action":"change-status","newStatus":"draft","terms":[],"taxonomy":"translation_priority","extraData":[]},"publishpress_future_workflow_manual_trigger":{"enabledWorkflows":[]},"_links":{"self":[{"href":"https:\/\/international.grandestdeveloppement.fr\/de\/wp-json\/wp\/v2\/pages\/3339","targetHints":{"allow":["GET"]}}],"collection":[{"href":"https:\/\/international.grandestdeveloppement.fr\/de\/wp-json\/wp\/v2\/pages"}],"about":[{"href":"https:\/\/international.grandestdeveloppement.fr\/de\/wp-json\/wp\/v2\/types\/page"}],"author":[{"embeddable":true,"href":"https:\/\/international.grandestdeveloppement.fr\/de\/wp-json\/wp\/v2\/users\/1"}],"replies":[{"embeddable":true,"href":"https:\/\/international.grandestdeveloppement.fr\/de\/wp-json\/wp\/v2\/comments?post=3339"}],"version-history":[{"count":10,"href":"https:\/\/international.grandestdeveloppement.fr\/de\/wp-json\/wp\/v2\/pages\/3339\/revisions"}],"predecessor-version":[{"id":16999,"href":"https:\/\/international.grandestdeveloppement.fr\/de\/wp-json\/wp\/v2\/pages\/3339\/revisions\/16999"}],"wp:featuredmedia":[{"embeddable":true,"href":"https:\/\/international.grandestdeveloppement.fr\/de\/wp-json\/wp\/v2\/media\/254"}],"wp:attachment":[{"href":"https:\/\/international.grandestdeveloppement.fr\/de\/wp-json\/wp\/v2\/media?parent=3339"}],"wp:term":[{"taxonomy":"categorie-businessFunction","embeddable":true,"href":"https:\/\/international.grandestdeveloppement.fr\/de\/wp-json\/wp\/v2\/categorie-businessFunction?post=3339"},{"taxonomy":"categorie-secteur","embeddable":true,"href":"https:\/\/international.grandestdeveloppement.fr\/de\/wp-json\/wp\/v2\/categorie-secteur?post=3339"},{"taxonomy":"categorie-nationalite","embeddable":true,"href":"https:\/\/international.grandestdeveloppement.fr\/de\/wp-json\/wp\/v2\/categorie-nationalite?post=3339"},{"taxonomy":"categorie-territoire","embeddable":true,"href":"https:\/\/international.grandestdeveloppement.fr\/de\/wp-json\/wp\/v2\/categorie-territoire?post=3339"},{"taxonomy":"categorie-service","embeddable":true,"href":"https:\/\/international.grandestdeveloppement.fr\/de\/wp-json\/wp\/v2\/categorie-service?post=3339"}],"curies":[{"name":"wp","href":"https:\/\/api.w.org\/{rel}","templated":true}]}}