{"id":3341,"date":"2022-03-15T10:51:30","date_gmt":"2022-03-15T09:51:30","guid":{"rendered":"https:\/\/www.international.grandestdeveloppement.fr\/?page_id=3341"},"modified":"2025-01-16T11:31:59","modified_gmt":"2025-01-16T10:31:59","slug":"den-idealen-standort-finden","status":"publish","type":"page","link":"https:\/\/international.grandestdeveloppement.fr\/de\/den-idealen-standort-finden\/","title":{"rendered":"Den idealen Standort finden"},"content":{"rendered":"\n<p>Ostfrankreich ist durch ein einzigartiges Netz von Stra\u00dfen- und Schieneninfrastrukturen erschlossen und bietet Ihnen in ihrem gesamten Gebiet ein umfassendes Angebot an Immobilien- und Grundst\u00fccksl\u00f6sungen f\u00fcr die Entwicklung Ihres Unternehmens und den idealen Standort zu finden<\/p>\n\n\n\n<h2 class=\"wp-block-heading\">Sich in Ostfrankreich niederlassen<\/h2>\n\n\n\n<p><strong>Grand Est D\u00e9veloppement International<\/strong> ermittelt mit Unterst\u00fctzung seines Netzwerks aus \u00f6ffentlichen Partnern und Fachleuten f\u00fcr Unternehmensimmobilien f\u00fcr Sie die besten M\u00f6glichkeiten, die Ihrem Budget und Ihrem Lastenheft entsprechen.\u00a0<\/p>\n\n\n\n<p>Von den Toren von Paris bis zu den Grenzen der Schweiz, Deutschlands oder Belgiens, ein Gebiet, das mit Industriegrundst\u00fccken f\u00fcr alle Zwecke durchmaschiert ist: Technologieparks, Hafengebiete, Chemieplattformen, Logistikfl\u00e4chen, Dienstleistungsparks &#8211; bis zu 200 ha an einem St\u00fcck!&nbsp;<\/p>\n\n\n\n<p>Seine Geschichte und seine Industriedichte erm\u00f6glichen es heute jedem Projekt, das ideale Grundst\u00fcck im ganzen Land, in jedem Departement und um jede Stadt herum zu finden.&nbsp;<\/p>\n\n\n\n<h2 class=\"wp-block-heading\">Ein Grundst\u00fcck f\u00fcr ihren zuk\u00fcnftigen Standort finden<\/h2>\n\n\n\n<p>Ostfrankreich verf\u00fcgt \u00fcber ein Netz von Metropolen: Reims, Troyes, Chalons, Charleville-Mezieres\/Sedan, Metz, Nancy, Stra\u00dfburg, Mulhouse.<\/p>\n\n\n\n<p>So stellt sie Unternehmern zu wettbewerbsf\u00e4higen Preisen eine gro\u00dfe Auswahl an \u00f6ffentlichen Einrichtungen zur Verf\u00fcgung: Gr\u00fcnderzentren, Inkubatoren, Unternehmenshotels, Akzeleratoren. Aber auch private Gewerbeimmobilien: B\u00fcros, Gesch\u00e4ftszentren, Lagerhallen, Gewerbeimmobilien.<\/p>\n\n\n\n<p>Um mehr \u00fcber die verf\u00fcgbaren Immobilien in Ostfrankreich zu erfahren, besuchen Sie unser Webtool:<\/p>\n\n\n\n<p><a href=\"https:\/\/www.international.grandestdeveloppement.fr\/de\/bien-immobilier\/\">Biens immobiliers &#8211; Grand Est D\u00e9veloppement International (international.grandestdeveloppement.fr)<\/a><\/p>\n\n\n\n<figure class=\"wp-block-image size-large\"><a href=\"https:\/\/www.international.grandestdeveloppement.fr\/de\/bien-immobilier\/\"><img loading=\"lazy\" decoding=\"async\" width=\"1024\" height=\"494\" src=\"https:\/\/international.grandestdeveloppement.fr\/wp-content\/uploads\/2023\/03\/ok-DE-1024x494.png\" alt=\"Den idealen Standort finden\" class=\"wp-image-8150\" srcset=\"https:\/\/international.grandestdeveloppement.fr\/wp-content\/uploads\/2023\/03\/ok-DE-1024x494.png 1024w, https:\/\/international.grandestdeveloppement.fr\/wp-content\/uploads\/2023\/03\/ok-DE-300x145.png 300w, https:\/\/international.grandestdeveloppement.fr\/wp-content\/uploads\/2023\/03\/ok-DE-768x370.png 768w, https:\/\/international.grandestdeveloppement.fr\/wp-content\/uploads\/2023\/03\/ok-DE-1536x741.png 1536w, https:\/\/international.grandestdeveloppement.fr\/wp-content\/uploads\/2023\/03\/ok-DE.png 1904w\" sizes=\"auto, (max-width: 1024px) 100vw, 1024px\" \/><\/a><\/figure>\n\n\n\n<p><\/p>\n\n\n\n<p><\/p>\n","protected":false},"excerpt":{"rendered":"<p>Mehr \u00fcber die verf\u00fcgbaren Immobilien in Ostfrankreich zu erfahren<\/p>\n","protected":false},"author":1,"featured_media":11490,"parent":0,"menu_order":0,"comment_status":"closed","ping_status":"closed","template":"","meta":{"_acf_changed":false,"_relevanssi_hide_post":"","_relevanssi_pin_for_all":"","_relevanssi_pin_keywords":"","_relevanssi_unpin_keywords":"","_relevanssi_related_keywords":"","_relevanssi_related_include_ids":"","_relevanssi_related_exclude_ids":"","_relevanssi_related_no_append":"","_relevanssi_related_not_related":"","_relevanssi_related_posts":"3469,3448,3461,3463,3437,3484","_relevanssi_noindex_reason":"","inline_featured_image":false,"footnotes":""},"categorie-businessFunction":[],"categorie-secteur":[],"categorie-nationalite":[],"categorie-territoire":[],"categorie-service":[],"class_list":["post-3341","page","type-page","status-publish","has-post-thumbnail","hentry"],"acf":[],"yoast_head":"<!-- This site is optimized with the Yoast SEO plugin v27.3 - https:\/\/yoast.com\/product\/yoast-seo-wordpress\/ -->\n<title>Standort finden Ostfrankreich<\/title>\n<meta name=\"description\" content=\"Mehr \u00fcber die verf\u00fcgbaren Immobilien und Standorte in Ostfrankreich zu erfahren - den idealen Standort finden\" \/>\n<meta name=\"robots\" content=\"index, follow, max-snippet:-1, max-image-preview:large, max-video-preview:-1\" \/>\n<link rel=\"canonical\" href=\"https:\/\/international.grandestdeveloppement.fr\/de\/den-idealen-standort-finden\/\" \/>\n<meta property=\"og:locale\" content=\"de_DE\" \/>\n<meta property=\"og:type\" content=\"article\" \/>\n<meta property=\"og:title\" content=\"Standort finden Ostfrankreich\" \/>\n<meta property=\"og:description\" content=\"Mehr \u00fcber die verf\u00fcgbaren Immobilien und Standorte in Ostfrankreich zu erfahren - den idealen Standort finden\" \/>\n<meta property=\"og:url\" content=\"https:\/\/international.grandestdeveloppement.fr\/de\/den-idealen-standort-finden\/\" \/>\n<meta property=\"og:site_name\" content=\"Invest Eastern France\" \/>\n<meta property=\"article:modified_time\" content=\"2025-01-16T10:31:59+00:00\" \/>\n<meta property=\"og:image\" content=\"https:\/\/international.grandestdeveloppement.fr\/wp-content\/uploads\/2023\/12\/AdobeStock_270536411-scaled-e1701437443527.jpeg\" \/>\n\t<meta property=\"og:image:width\" content=\"2560\" \/>\n\t<meta property=\"og:image:height\" content=\"1127\" \/>\n\t<meta property=\"og:image:type\" content=\"image\/jpeg\" \/>\n<meta name=\"twitter:card\" content=\"summary_large_image\" \/>\n<meta name=\"twitter:label1\" content=\"Est. reading time\" \/>\n\t<meta name=\"twitter:data1\" content=\"2 minutes\" \/>\n<script type=\"application\/ld+json\" class=\"yoast-schema-graph\">{\"@context\":\"https:\\\/\\\/schema.org\",\"@graph\":[{\"@type\":\"WebPage\",\"@id\":\"https:\\\/\\\/international.grandestdeveloppement.fr\\\/de\\\/den-idealen-standort-finden\\\/\",\"url\":\"https:\\\/\\\/international.grandestdeveloppement.fr\\\/de\\\/den-idealen-standort-finden\\\/\",\"name\":\"Standort finden Ostfrankreich\",\"isPartOf\":{\"@id\":\"https:\\\/\\\/international.grandestdeveloppement.fr\\\/de\\\/#website\"},\"primaryImageOfPage\":{\"@id\":\"https:\\\/\\\/international.grandestdeveloppement.fr\\\/de\\\/den-idealen-standort-finden\\\/#primaryimage\"},\"image\":{\"@id\":\"https:\\\/\\\/international.grandestdeveloppement.fr\\\/de\\\/den-idealen-standort-finden\\\/#primaryimage\"},\"thumbnailUrl\":\"https:\\\/\\\/international.grandestdeveloppement.fr\\\/wp-content\\\/uploads\\\/2023\\\/12\\\/AdobeStock_270536411-scaled-e1701437443527.jpeg\",\"datePublished\":\"2022-03-15T09:51:30+00:00\",\"dateModified\":\"2025-01-16T10:31:59+00:00\",\"description\":\"Mehr \u00fcber die verf\u00fcgbaren Immobilien und Standorte in Ostfrankreich zu erfahren - den idealen Standort finden\",\"breadcrumb\":{\"@id\":\"https:\\\/\\\/international.grandestdeveloppement.fr\\\/de\\\/den-idealen-standort-finden\\\/#breadcrumb\"},\"inLanguage\":\"de-DE\",\"potentialAction\":[{\"@type\":\"ReadAction\",\"target\":[\"https:\\\/\\\/international.grandestdeveloppement.fr\\\/de\\\/den-idealen-standort-finden\\\/\"]}]},{\"@type\":\"ImageObject\",\"inLanguage\":\"de-DE\",\"@id\":\"https:\\\/\\\/international.grandestdeveloppement.fr\\\/de\\\/den-idealen-standort-finden\\\/#primaryimage\",\"url\":\"https:\\\/\\\/international.grandestdeveloppement.fr\\\/wp-content\\\/uploads\\\/2023\\\/12\\\/AdobeStock_270536411-scaled-e1701437443527.jpeg\",\"contentUrl\":\"https:\\\/\\\/international.grandestdeveloppement.fr\\\/wp-content\\\/uploads\\\/2023\\\/12\\\/AdobeStock_270536411-scaled-e1701437443527.jpeg\",\"width\":2560,\"height\":1127,\"caption\":\"industrial landscape with heavy pollution produced by a large factory\"},{\"@type\":\"BreadcrumbList\",\"@id\":\"https:\\\/\\\/international.grandestdeveloppement.fr\\\/de\\\/den-idealen-standort-finden\\\/#breadcrumb\",\"itemListElement\":[{\"@type\":\"ListItem\",\"position\":1,\"name\":\"Accueil\",\"item\":\"https:\\\/\\\/international.grandestdeveloppement.fr\\\/de\\\/\"},{\"@type\":\"ListItem\",\"position\":2,\"name\":\"Den idealen Standort finden\"}]},{\"@type\":\"WebSite\",\"@id\":\"https:\\\/\\\/international.grandestdeveloppement.fr\\\/de\\\/#website\",\"url\":\"https:\\\/\\\/international.grandestdeveloppement.fr\\\/de\\\/\",\"name\":\"Invest Eastern France\",\"description\":\"\",\"publisher\":{\"@id\":\"https:\\\/\\\/international.grandestdeveloppement.fr\\\/de\\\/#organization\"},\"potentialAction\":[{\"@type\":\"SearchAction\",\"target\":{\"@type\":\"EntryPoint\",\"urlTemplate\":\"https:\\\/\\\/international.grandestdeveloppement.fr\\\/de\\\/?s={search_term_string}\"},\"query-input\":{\"@type\":\"PropertyValueSpecification\",\"valueRequired\":true,\"valueName\":\"search_term_string\"}}],\"inLanguage\":\"de-DE\"},{\"@type\":\"Organization\",\"@id\":\"https:\\\/\\\/international.grandestdeveloppement.fr\\\/de\\\/#organization\",\"name\":\"Invest Eastern France\",\"url\":\"https:\\\/\\\/international.grandestdeveloppement.fr\\\/de\\\/\",\"logo\":{\"@type\":\"ImageObject\",\"inLanguage\":\"de-DE\",\"@id\":\"https:\\\/\\\/international.grandestdeveloppement.fr\\\/de\\\/#\\\/schema\\\/logo\\\/image\\\/\",\"url\":\"https:\\\/\\\/www.international.grandestdeveloppement.fr\\\/wp-content\\\/uploads\\\/2021\\\/08\\\/logo-invest-eastern-france.png\",\"contentUrl\":\"https:\\\/\\\/www.international.grandestdeveloppement.fr\\\/wp-content\\\/uploads\\\/2021\\\/08\\\/logo-invest-eastern-france.png\",\"width\":500,\"height\":180,\"caption\":\"Invest Eastern France\"},\"image\":{\"@id\":\"https:\\\/\\\/international.grandestdeveloppement.fr\\\/de\\\/#\\\/schema\\\/logo\\\/image\\\/\"}}]}<\/script>\n<!-- \/ Yoast SEO plugin. -->","yoast_head_json":{"title":"Standort finden Ostfrankreich","description":"Mehr \u00fcber die verf\u00fcgbaren Immobilien und Standorte in Ostfrankreich zu erfahren - den idealen Standort finden","robots":{"index":"index","follow":"follow","max-snippet":"max-snippet:-1","max-image-preview":"max-image-preview:large","max-video-preview":"max-video-preview:-1"},"canonical":"https:\/\/international.grandestdeveloppement.fr\/de\/den-idealen-standort-finden\/","og_locale":"de_DE","og_type":"article","og_title":"Standort finden Ostfrankreich","og_description":"Mehr \u00fcber die verf\u00fcgbaren Immobilien und Standorte in Ostfrankreich zu erfahren - den idealen Standort finden","og_url":"https:\/\/international.grandestdeveloppement.fr\/de\/den-idealen-standort-finden\/","og_site_name":"Invest Eastern France","article_modified_time":"2025-01-16T10:31:59+00:00","og_image":[{"width":2560,"height":1127,"url":"https:\/\/international.grandestdeveloppement.fr\/wp-content\/uploads\/2023\/12\/AdobeStock_270536411-scaled-e1701437443527.jpeg","type":"image\/jpeg"}],"twitter_card":"summary_large_image","twitter_misc":{"Est. reading time":"2 minutes"},"schema":{"@context":"https:\/\/schema.org","@graph":[{"@type":"WebPage","@id":"https:\/\/international.grandestdeveloppement.fr\/de\/den-idealen-standort-finden\/","url":"https:\/\/international.grandestdeveloppement.fr\/de\/den-idealen-standort-finden\/","name":"Standort finden Ostfrankreich","isPartOf":{"@id":"https:\/\/international.grandestdeveloppement.fr\/de\/#website"},"primaryImageOfPage":{"@id":"https:\/\/international.grandestdeveloppement.fr\/de\/den-idealen-standort-finden\/#primaryimage"},"image":{"@id":"https:\/\/international.grandestdeveloppement.fr\/de\/den-idealen-standort-finden\/#primaryimage"},"thumbnailUrl":"https:\/\/international.grandestdeveloppement.fr\/wp-content\/uploads\/2023\/12\/AdobeStock_270536411-scaled-e1701437443527.jpeg","datePublished":"2022-03-15T09:51:30+00:00","dateModified":"2025-01-16T10:31:59+00:00","description":"Mehr \u00fcber die verf\u00fcgbaren Immobilien und Standorte in Ostfrankreich zu erfahren - den idealen Standort finden","breadcrumb":{"@id":"https:\/\/international.grandestdeveloppement.fr\/de\/den-idealen-standort-finden\/#breadcrumb"},"inLanguage":"de-DE","potentialAction":[{"@type":"ReadAction","target":["https:\/\/international.grandestdeveloppement.fr\/de\/den-idealen-standort-finden\/"]}]},{"@type":"ImageObject","inLanguage":"de-DE","@id":"https:\/\/international.grandestdeveloppement.fr\/de\/den-idealen-standort-finden\/#primaryimage","url":"https:\/\/international.grandestdeveloppement.fr\/wp-content\/uploads\/2023\/12\/AdobeStock_270536411-scaled-e1701437443527.jpeg","contentUrl":"https:\/\/international.grandestdeveloppement.fr\/wp-content\/uploads\/2023\/12\/AdobeStock_270536411-scaled-e1701437443527.jpeg","width":2560,"height":1127,"caption":"industrial landscape with heavy pollution produced by a large factory"},{"@type":"BreadcrumbList","@id":"https:\/\/international.grandestdeveloppement.fr\/de\/den-idealen-standort-finden\/#breadcrumb","itemListElement":[{"@type":"ListItem","position":1,"name":"Accueil","item":"https:\/\/international.grandestdeveloppement.fr\/de\/"},{"@type":"ListItem","position":2,"name":"Den idealen Standort finden"}]},{"@type":"WebSite","@id":"https:\/\/international.grandestdeveloppement.fr\/de\/#website","url":"https:\/\/international.grandestdeveloppement.fr\/de\/","name":"Invest Eastern France","description":"","publisher":{"@id":"https:\/\/international.grandestdeveloppement.fr\/de\/#organization"},"potentialAction":[{"@type":"SearchAction","target":{"@type":"EntryPoint","urlTemplate":"https:\/\/international.grandestdeveloppement.fr\/de\/?s={search_term_string}"},"query-input":{"@type":"PropertyValueSpecification","valueRequired":true,"valueName":"search_term_string"}}],"inLanguage":"de-DE"},{"@type":"Organization","@id":"https:\/\/international.grandestdeveloppement.fr\/de\/#organization","name":"Invest Eastern France","url":"https:\/\/international.grandestdeveloppement.fr\/de\/","logo":{"@type":"ImageObject","inLanguage":"de-DE","@id":"https:\/\/international.grandestdeveloppement.fr\/de\/#\/schema\/logo\/image\/","url":"https:\/\/www.international.grandestdeveloppement.fr\/wp-content\/uploads\/2021\/08\/logo-invest-eastern-france.png","contentUrl":"https:\/\/www.international.grandestdeveloppement.fr\/wp-content\/uploads\/2021\/08\/logo-invest-eastern-france.png","width":500,"height":180,"caption":"Invest Eastern France"},"image":{"@id":"https:\/\/international.grandestdeveloppement.fr\/de\/#\/schema\/logo\/image\/"}}]}},"publishpress_future_action":{"enabled":false,"date":"2026-04-25 09:40:49","action":"change-status","newStatus":"draft","terms":[],"taxonomy":"translation_priority","extraData":[]},"publishpress_future_workflow_manual_trigger":{"enabledWorkflows":[]},"_links":{"self":[{"href":"https:\/\/international.grandestdeveloppement.fr\/de\/wp-json\/wp\/v2\/pages\/3341","targetHints":{"allow":["GET"]}}],"collection":[{"href":"https:\/\/international.grandestdeveloppement.fr\/de\/wp-json\/wp\/v2\/pages"}],"about":[{"href":"https:\/\/international.grandestdeveloppement.fr\/de\/wp-json\/wp\/v2\/types\/page"}],"author":[{"embeddable":true,"href":"https:\/\/international.grandestdeveloppement.fr\/de\/wp-json\/wp\/v2\/users\/1"}],"replies":[{"embeddable":true,"href":"https:\/\/international.grandestdeveloppement.fr\/de\/wp-json\/wp\/v2\/comments?post=3341"}],"version-history":[{"count":6,"href":"https:\/\/international.grandestdeveloppement.fr\/de\/wp-json\/wp\/v2\/pages\/3341\/revisions"}],"predecessor-version":[{"id":14833,"href":"https:\/\/international.grandestdeveloppement.fr\/de\/wp-json\/wp\/v2\/pages\/3341\/revisions\/14833"}],"wp:featuredmedia":[{"embeddable":true,"href":"https:\/\/international.grandestdeveloppement.fr\/de\/wp-json\/wp\/v2\/media\/11490"}],"wp:attachment":[{"href":"https:\/\/international.grandestdeveloppement.fr\/de\/wp-json\/wp\/v2\/media?parent=3341"}],"wp:term":[{"taxonomy":"categorie-businessFunction","embeddable":true,"href":"https:\/\/international.grandestdeveloppement.fr\/de\/wp-json\/wp\/v2\/categorie-businessFunction?post=3341"},{"taxonomy":"categorie-secteur","embeddable":true,"href":"https:\/\/international.grandestdeveloppement.fr\/de\/wp-json\/wp\/v2\/categorie-secteur?post=3341"},{"taxonomy":"categorie-nationalite","embeddable":true,"href":"https:\/\/international.grandestdeveloppement.fr\/de\/wp-json\/wp\/v2\/categorie-nationalite?post=3341"},{"taxonomy":"categorie-territoire","embeddable":true,"href":"https:\/\/international.grandestdeveloppement.fr\/de\/wp-json\/wp\/v2\/categorie-territoire?post=3341"},{"taxonomy":"categorie-service","embeddable":true,"href":"https:\/\/international.grandestdeveloppement.fr\/de\/wp-json\/wp\/v2\/categorie-service?post=3341"}],"curies":[{"name":"wp","href":"https:\/\/api.w.org\/{rel}","templated":true}]}}