{"id":3356,"date":"2022-03-17T14:38:01","date_gmt":"2022-03-17T13:38:01","guid":{"rendered":"https:\/\/www.international.grandestdeveloppement.fr\/?page_id=3356"},"modified":"2025-01-16T11:44:14","modified_gmt":"2025-01-16T10:44:14","slug":"finanzielle-unterstuetzung","status":"publish","type":"page","link":"https:\/\/international.grandestdeveloppement.fr\/de\/finanzielle-unterstuetzung\/","title":{"rendered":"Finanzielle Unterst\u00fctzung"},"content":{"rendered":"\n<p>Geld ist der Nerv des Krieges, aber auch der Nerv des Gesch\u00e4fts. Wer sich in Frankreich oder Europa niederl\u00e4sst, geht eine langfristige Verpflichtung ein und mobilisiert erhebliche personelle und finanzielle Ressourcen. Wie jede Investition muss auch diese kalibriert, angemessen und optimiert werden. <strong>Mit Grand Est D\u00e9veloppement International k\u00f6nnen Sie alle verf\u00fcgbaren \u00f6ffentlichen und privaten F\u00f6rderprogramme identifizieren und mobilisieren.<\/strong><\/p>\n\n\n\n<h2 class=\"wp-block-heading\">\u00d6ffentliche finanzielle Unterst\u00fctzung<\/h2>\n\n\n\n<p>Die Europ\u00e4ische Union setzt sich f\u00fcr die F\u00f6rderung eines freien und fairen wirtschaftlichen Wettbewerbs ein. In dieser Logik sind staatliche Beihilfen auf Sonderf\u00e4lle beschr\u00e4nkt, die mit der Art des Unternehmens, seines Projekts oder seines Standorts zusammenh\u00e4ngen. Steuerbefreiungen k\u00f6nnen auch in bestimmten Gebieten oder f\u00fcr bestimmte Aktivit\u00e4ten oder Investitionen (FuE, ENR) gelten. Eine Analyse Ihres Projekts erm\u00f6glicht es uns Sie an die relevanten Programme zu verweisen.<\/p>\n\n\n\n<h2 class=\"wp-block-heading\">Private Hilfsangebote<\/h2>\n\n\n\n<p>In Gebieten, die von der Schlie\u00dfung von Industrieanlagen betroffen sind, werden Wiederbelebungspl\u00e4ne aufgestellt, indem Gelder zur Finanzierung der Schaffung neuer Arbeitspl\u00e4tze bereitgestellt werden.<\/p>\n\n\n\n<h2 class=\"wp-block-heading\">Konjunkturprogramme, Pl\u00e4ne f\u00fcr Zukunftsinvestitionen<\/h2>\n\n\n\n<p>Der Staat richtet regelm\u00e4\u00dfig zweckgebundene Gelder ein, um Projekte zu finanzieren, die einem globalen Ziel dienen (Sicherung von Lebensmitteln oder medizinischer Versorgung, E-Health, Reduzierung von Lieferketten, \u2026).<\/p>\n\n\n\n<h2 class=\"wp-block-heading\">Private Finanzierung<\/h2>\n\n\n\n<p>Wenn die Ambitionen Ihres Projekts Ihre eigenen finanziellen M\u00f6glichkeiten \u00fcbersteigen, kann eine private Finanzierung eine L\u00f6sung sein. Es gibt lokale Optionen: Risikokapitalgesellschaften, Business Angels, \u00f6ffentliche (BPI, Banque des Territoires) oder private Banken.<\/p>\n\n\n\n<p><strong>Grand Est D\u00e9veloppement International hilft Ihnen dabei, \u00f6ffentliche F\u00f6rdermittel und private Finanzierungen zu identifizieren und zu mobilisieren, um die Finanzierungsstruktur Ihres Projekts zu optimieren.<\/strong><\/p>\n\n\n\n<p><\/p>\n","protected":false},"excerpt":{"rendered":"<p>Geld ist der Nerv des Krieges, aber auch der Nerv des Gesch\u00e4fts. Wer sich in Frankreich oder Europa niederl\u00e4sst, geht eine langfristige Verpflichtung ein und mobilisiert erhebliche personelle und finanzielle [&hellip;]<\/p>\n","protected":false},"author":1,"featured_media":335,"parent":0,"menu_order":0,"comment_status":"closed","ping_status":"closed","template":"","meta":{"_acf_changed":false,"_relevanssi_hide_post":"","_relevanssi_pin_for_all":"","_relevanssi_pin_keywords":"","_relevanssi_unpin_keywords":"","_relevanssi_related_keywords":"","_relevanssi_related_include_ids":"","_relevanssi_related_exclude_ids":"","_relevanssi_related_no_append":"","_relevanssi_related_not_related":"","_relevanssi_related_posts":"3443,3499,3476,4849,3484,3469","_relevanssi_noindex_reason":"","inline_featured_image":false,"footnotes":""},"categorie-businessFunction":[],"categorie-secteur":[],"categorie-nationalite":[],"categorie-territoire":[],"categorie-service":[],"class_list":["post-3356","page","type-page","status-publish","has-post-thumbnail","hentry"],"acf":[],"yoast_head":"<!-- This site is optimized with the Yoast SEO plugin v27.3 - https:\/\/yoast.com\/product\/yoast-seo-wordpress\/ -->\n<title>Finanzielle Unterst\u00fctzung - Invest Eastern France<\/title>\n<meta name=\"robots\" content=\"index, follow, max-snippet:-1, max-image-preview:large, max-video-preview:-1\" \/>\n<link rel=\"canonical\" href=\"https:\/\/international.grandestdeveloppement.fr\/de\/finanzielle-unterstuetzung\/\" \/>\n<meta property=\"og:locale\" content=\"de_DE\" \/>\n<meta property=\"og:type\" content=\"article\" \/>\n<meta property=\"og:title\" content=\"Finanzielle Unterst\u00fctzung - Invest Eastern France\" \/>\n<meta property=\"og:description\" content=\"Geld ist der Nerv des Krieges, aber auch der Nerv des Gesch\u00e4fts. Wer sich in Frankreich oder Europa niederl\u00e4sst, geht eine langfristige Verpflichtung ein und mobilisiert erhebliche personelle und finanzielle [&hellip;]\" \/>\n<meta property=\"og:url\" content=\"https:\/\/international.grandestdeveloppement.fr\/de\/finanzielle-unterstuetzung\/\" \/>\n<meta property=\"og:site_name\" content=\"Invest Eastern France\" \/>\n<meta property=\"article:modified_time\" content=\"2025-01-16T10:44:14+00:00\" \/>\n<meta property=\"og:image\" content=\"https:\/\/international.grandestdeveloppement.fr\/wp-content\/uploads\/2021\/09\/recherche-financement-grand-est.jpeg\" \/>\n\t<meta property=\"og:image:width\" content=\"1500\" \/>\n\t<meta property=\"og:image:height\" content=\"1000\" \/>\n\t<meta property=\"og:image:type\" content=\"image\/jpeg\" \/>\n<meta name=\"twitter:card\" content=\"summary_large_image\" \/>\n<meta name=\"twitter:label1\" content=\"Est. reading time\" \/>\n\t<meta name=\"twitter:data1\" content=\"2 minutes\" \/>\n<script type=\"application\/ld+json\" class=\"yoast-schema-graph\">{\"@context\":\"https:\\\/\\\/schema.org\",\"@graph\":[{\"@type\":\"WebPage\",\"@id\":\"https:\\\/\\\/international.grandestdeveloppement.fr\\\/de\\\/finanzielle-unterstuetzung\\\/\",\"url\":\"https:\\\/\\\/international.grandestdeveloppement.fr\\\/de\\\/finanzielle-unterstuetzung\\\/\",\"name\":\"Finanzielle Unterst\u00fctzung - Invest Eastern France\",\"isPartOf\":{\"@id\":\"https:\\\/\\\/international.grandestdeveloppement.fr\\\/de\\\/#website\"},\"primaryImageOfPage\":{\"@id\":\"https:\\\/\\\/international.grandestdeveloppement.fr\\\/de\\\/finanzielle-unterstuetzung\\\/#primaryimage\"},\"image\":{\"@id\":\"https:\\\/\\\/international.grandestdeveloppement.fr\\\/de\\\/finanzielle-unterstuetzung\\\/#primaryimage\"},\"thumbnailUrl\":\"https:\\\/\\\/international.grandestdeveloppement.fr\\\/wp-content\\\/uploads\\\/2021\\\/09\\\/recherche-financement-grand-est.jpeg\",\"datePublished\":\"2022-03-17T13:38:01+00:00\",\"dateModified\":\"2025-01-16T10:44:14+00:00\",\"breadcrumb\":{\"@id\":\"https:\\\/\\\/international.grandestdeveloppement.fr\\\/de\\\/finanzielle-unterstuetzung\\\/#breadcrumb\"},\"inLanguage\":\"de-DE\",\"potentialAction\":[{\"@type\":\"ReadAction\",\"target\":[\"https:\\\/\\\/international.grandestdeveloppement.fr\\\/de\\\/finanzielle-unterstuetzung\\\/\"]}]},{\"@type\":\"ImageObject\",\"inLanguage\":\"de-DE\",\"@id\":\"https:\\\/\\\/international.grandestdeveloppement.fr\\\/de\\\/finanzielle-unterstuetzung\\\/#primaryimage\",\"url\":\"https:\\\/\\\/international.grandestdeveloppement.fr\\\/wp-content\\\/uploads\\\/2021\\\/09\\\/recherche-financement-grand-est.jpeg\",\"contentUrl\":\"https:\\\/\\\/international.grandestdeveloppement.fr\\\/wp-content\\\/uploads\\\/2021\\\/09\\\/recherche-financement-grand-est.jpeg\",\"width\":1500,\"height\":1000,\"caption\":\"Managers and accountants have checked the company's finances. In order to prepare the performance measurement for the past 5 years to prepare and evaluate the development of the organization\"},{\"@type\":\"BreadcrumbList\",\"@id\":\"https:\\\/\\\/international.grandestdeveloppement.fr\\\/de\\\/finanzielle-unterstuetzung\\\/#breadcrumb\",\"itemListElement\":[{\"@type\":\"ListItem\",\"position\":1,\"name\":\"Accueil\",\"item\":\"https:\\\/\\\/international.grandestdeveloppement.fr\\\/de\\\/\"},{\"@type\":\"ListItem\",\"position\":2,\"name\":\"Finanzielle Unterst\u00fctzung\"}]},{\"@type\":\"WebSite\",\"@id\":\"https:\\\/\\\/international.grandestdeveloppement.fr\\\/de\\\/#website\",\"url\":\"https:\\\/\\\/international.grandestdeveloppement.fr\\\/de\\\/\",\"name\":\"Invest Eastern France\",\"description\":\"\",\"publisher\":{\"@id\":\"https:\\\/\\\/international.grandestdeveloppement.fr\\\/de\\\/#organization\"},\"potentialAction\":[{\"@type\":\"SearchAction\",\"target\":{\"@type\":\"EntryPoint\",\"urlTemplate\":\"https:\\\/\\\/international.grandestdeveloppement.fr\\\/de\\\/?s={search_term_string}\"},\"query-input\":{\"@type\":\"PropertyValueSpecification\",\"valueRequired\":true,\"valueName\":\"search_term_string\"}}],\"inLanguage\":\"de-DE\"},{\"@type\":\"Organization\",\"@id\":\"https:\\\/\\\/international.grandestdeveloppement.fr\\\/de\\\/#organization\",\"name\":\"Invest Eastern France\",\"url\":\"https:\\\/\\\/international.grandestdeveloppement.fr\\\/de\\\/\",\"logo\":{\"@type\":\"ImageObject\",\"inLanguage\":\"de-DE\",\"@id\":\"https:\\\/\\\/international.grandestdeveloppement.fr\\\/de\\\/#\\\/schema\\\/logo\\\/image\\\/\",\"url\":\"https:\\\/\\\/www.international.grandestdeveloppement.fr\\\/wp-content\\\/uploads\\\/2021\\\/08\\\/logo-invest-eastern-france.png\",\"contentUrl\":\"https:\\\/\\\/www.international.grandestdeveloppement.fr\\\/wp-content\\\/uploads\\\/2021\\\/08\\\/logo-invest-eastern-france.png\",\"width\":500,\"height\":180,\"caption\":\"Invest Eastern France\"},\"image\":{\"@id\":\"https:\\\/\\\/international.grandestdeveloppement.fr\\\/de\\\/#\\\/schema\\\/logo\\\/image\\\/\"}}]}<\/script>\n<!-- \/ Yoast SEO plugin. -->","yoast_head_json":{"title":"Finanzielle Unterst\u00fctzung - Invest Eastern France","robots":{"index":"index","follow":"follow","max-snippet":"max-snippet:-1","max-image-preview":"max-image-preview:large","max-video-preview":"max-video-preview:-1"},"canonical":"https:\/\/international.grandestdeveloppement.fr\/de\/finanzielle-unterstuetzung\/","og_locale":"de_DE","og_type":"article","og_title":"Finanzielle Unterst\u00fctzung - Invest Eastern France","og_description":"Geld ist der Nerv des Krieges, aber auch der Nerv des Gesch\u00e4fts. Wer sich in Frankreich oder Europa niederl\u00e4sst, geht eine langfristige Verpflichtung ein und mobilisiert erhebliche personelle und finanzielle [&hellip;]","og_url":"https:\/\/international.grandestdeveloppement.fr\/de\/finanzielle-unterstuetzung\/","og_site_name":"Invest Eastern France","article_modified_time":"2025-01-16T10:44:14+00:00","og_image":[{"width":1500,"height":1000,"url":"https:\/\/international.grandestdeveloppement.fr\/wp-content\/uploads\/2021\/09\/recherche-financement-grand-est.jpeg","type":"image\/jpeg"}],"twitter_card":"summary_large_image","twitter_misc":{"Est. reading time":"2 minutes"},"schema":{"@context":"https:\/\/schema.org","@graph":[{"@type":"WebPage","@id":"https:\/\/international.grandestdeveloppement.fr\/de\/finanzielle-unterstuetzung\/","url":"https:\/\/international.grandestdeveloppement.fr\/de\/finanzielle-unterstuetzung\/","name":"Finanzielle Unterst\u00fctzung - Invest Eastern France","isPartOf":{"@id":"https:\/\/international.grandestdeveloppement.fr\/de\/#website"},"primaryImageOfPage":{"@id":"https:\/\/international.grandestdeveloppement.fr\/de\/finanzielle-unterstuetzung\/#primaryimage"},"image":{"@id":"https:\/\/international.grandestdeveloppement.fr\/de\/finanzielle-unterstuetzung\/#primaryimage"},"thumbnailUrl":"https:\/\/international.grandestdeveloppement.fr\/wp-content\/uploads\/2021\/09\/recherche-financement-grand-est.jpeg","datePublished":"2022-03-17T13:38:01+00:00","dateModified":"2025-01-16T10:44:14+00:00","breadcrumb":{"@id":"https:\/\/international.grandestdeveloppement.fr\/de\/finanzielle-unterstuetzung\/#breadcrumb"},"inLanguage":"de-DE","potentialAction":[{"@type":"ReadAction","target":["https:\/\/international.grandestdeveloppement.fr\/de\/finanzielle-unterstuetzung\/"]}]},{"@type":"ImageObject","inLanguage":"de-DE","@id":"https:\/\/international.grandestdeveloppement.fr\/de\/finanzielle-unterstuetzung\/#primaryimage","url":"https:\/\/international.grandestdeveloppement.fr\/wp-content\/uploads\/2021\/09\/recherche-financement-grand-est.jpeg","contentUrl":"https:\/\/international.grandestdeveloppement.fr\/wp-content\/uploads\/2021\/09\/recherche-financement-grand-est.jpeg","width":1500,"height":1000,"caption":"Managers and accountants have checked the company's finances. In order to prepare the performance measurement for the past 5 years to prepare and evaluate the development of the organization"},{"@type":"BreadcrumbList","@id":"https:\/\/international.grandestdeveloppement.fr\/de\/finanzielle-unterstuetzung\/#breadcrumb","itemListElement":[{"@type":"ListItem","position":1,"name":"Accueil","item":"https:\/\/international.grandestdeveloppement.fr\/de\/"},{"@type":"ListItem","position":2,"name":"Finanzielle Unterst\u00fctzung"}]},{"@type":"WebSite","@id":"https:\/\/international.grandestdeveloppement.fr\/de\/#website","url":"https:\/\/international.grandestdeveloppement.fr\/de\/","name":"Invest Eastern France","description":"","publisher":{"@id":"https:\/\/international.grandestdeveloppement.fr\/de\/#organization"},"potentialAction":[{"@type":"SearchAction","target":{"@type":"EntryPoint","urlTemplate":"https:\/\/international.grandestdeveloppement.fr\/de\/?s={search_term_string}"},"query-input":{"@type":"PropertyValueSpecification","valueRequired":true,"valueName":"search_term_string"}}],"inLanguage":"de-DE"},{"@type":"Organization","@id":"https:\/\/international.grandestdeveloppement.fr\/de\/#organization","name":"Invest Eastern France","url":"https:\/\/international.grandestdeveloppement.fr\/de\/","logo":{"@type":"ImageObject","inLanguage":"de-DE","@id":"https:\/\/international.grandestdeveloppement.fr\/de\/#\/schema\/logo\/image\/","url":"https:\/\/www.international.grandestdeveloppement.fr\/wp-content\/uploads\/2021\/08\/logo-invest-eastern-france.png","contentUrl":"https:\/\/www.international.grandestdeveloppement.fr\/wp-content\/uploads\/2021\/08\/logo-invest-eastern-france.png","width":500,"height":180,"caption":"Invest Eastern France"},"image":{"@id":"https:\/\/international.grandestdeveloppement.fr\/de\/#\/schema\/logo\/image\/"}}]}},"publishpress_future_action":{"enabled":false,"date":"2026-04-25 11:28:18","action":"change-status","newStatus":"draft","terms":[],"taxonomy":"translation_priority","extraData":[]},"publishpress_future_workflow_manual_trigger":{"enabledWorkflows":[]},"_links":{"self":[{"href":"https:\/\/international.grandestdeveloppement.fr\/de\/wp-json\/wp\/v2\/pages\/3356","targetHints":{"allow":["GET"]}}],"collection":[{"href":"https:\/\/international.grandestdeveloppement.fr\/de\/wp-json\/wp\/v2\/pages"}],"about":[{"href":"https:\/\/international.grandestdeveloppement.fr\/de\/wp-json\/wp\/v2\/types\/page"}],"author":[{"embeddable":true,"href":"https:\/\/international.grandestdeveloppement.fr\/de\/wp-json\/wp\/v2\/users\/1"}],"replies":[{"embeddable":true,"href":"https:\/\/international.grandestdeveloppement.fr\/de\/wp-json\/wp\/v2\/comments?post=3356"}],"version-history":[{"count":2,"href":"https:\/\/international.grandestdeveloppement.fr\/de\/wp-json\/wp\/v2\/pages\/3356\/revisions"}],"predecessor-version":[{"id":14841,"href":"https:\/\/international.grandestdeveloppement.fr\/de\/wp-json\/wp\/v2\/pages\/3356\/revisions\/14841"}],"wp:featuredmedia":[{"embeddable":true,"href":"https:\/\/international.grandestdeveloppement.fr\/de\/wp-json\/wp\/v2\/media\/335"}],"wp:attachment":[{"href":"https:\/\/international.grandestdeveloppement.fr\/de\/wp-json\/wp\/v2\/media?parent=3356"}],"wp:term":[{"taxonomy":"categorie-businessFunction","embeddable":true,"href":"https:\/\/international.grandestdeveloppement.fr\/de\/wp-json\/wp\/v2\/categorie-businessFunction?post=3356"},{"taxonomy":"categorie-secteur","embeddable":true,"href":"https:\/\/international.grandestdeveloppement.fr\/de\/wp-json\/wp\/v2\/categorie-secteur?post=3356"},{"taxonomy":"categorie-nationalite","embeddable":true,"href":"https:\/\/international.grandestdeveloppement.fr\/de\/wp-json\/wp\/v2\/categorie-nationalite?post=3356"},{"taxonomy":"categorie-territoire","embeddable":true,"href":"https:\/\/international.grandestdeveloppement.fr\/de\/wp-json\/wp\/v2\/categorie-territoire?post=3356"},{"taxonomy":"categorie-service","embeddable":true,"href":"https:\/\/international.grandestdeveloppement.fr\/de\/wp-json\/wp\/v2\/categorie-service?post=3356"}],"curies":[{"name":"wp","href":"https:\/\/api.w.org\/{rel}","templated":true}]}}