{"id":3363,"date":"2022-03-17T16:56:18","date_gmt":"2022-03-17T15:56:18","guid":{"rendered":"https:\/\/www.international.grandestdeveloppement.fr\/?page_id=3363"},"modified":"2023-11-29T11:14:26","modified_gmt":"2023-11-29T10:14:26","slug":"humanressourcen-talente-in-ostfrankreich","status":"publish","type":"page","link":"https:\/\/international.grandestdeveloppement.fr\/de\/humanressourcen-talente-in-ostfrankreich\/","title":{"rendered":"Humanressourcen &amp; Talente in Ostfrankreich"},"content":{"rendered":"\n<p>Ostfrankreich bietet dank des gro\u00dfen Pools an hochmotivierten, talentierten, gut ausgebildeten und mehrsprachigen potenziellen Arbeitnehmern einen echten Rekrutierungsvorteil.&nbsp;&nbsp;<\/p>\n\n\n\n<p>Das Hochschulwesen ist hier erstklassig, vielf\u00e4ltig und international. Die Region ist auch ein Hotspot f\u00fcr Wissenschaft und Forschung in Europa mit herausragenden \u00f6ffentlichen Instituten und Labors, die es gewohnt sind, mit dem Privatsektor zusammenzuarbeiten und zu kooperieren.\u00a0<\/p>\n\n\n\n<h2 class=\"wp-block-heading\"><strong><strong>Hochschulbildung in Ostfrankreich<\/strong><\/strong><\/h2>\n\n\n\n<p>Das hochwertige Bildungsangebot in Ostfrankreich zieht die Jugend Frankreichs und der ganzen Welt an. Mit mehr als 209.000 Studenten, darunter 28.000 ausl\u00e4ndische Studenten, steht die Region nach Paris an zweiter Stelle, was ihre internationale Attraktivit\u00e4t angeht. &nbsp;<\/p>\n\n\n\n<p>Die Region bietet ein leistungsf\u00e4higes, auf die Bed\u00fcrfnisse der Unternehmen abgestimmtes Bildungssystem mit einem umfassenden Angebot an Studieng\u00e4ngen auf hohem Niveau. Holen Sie sich das Beste aus Frankreich, Deutschland und der Schweiz: Die els\u00e4ssischen Universit\u00e4ten bilden zusammen mit denen von Freiburg, Karlsruhe und Basel den EUCOR &#8211; European Campus \/ European Confederation of Upper Rhine Universities.\u00a0 Studierende und Auszubildende k\u00f6nnen von einer Vielzahl trinationaler Programme profitieren, die gemeinsam mit den beiden Nachbarl\u00e4ndern angeboten werden. Ostfrankreich ist auch die viertgr\u00f6\u00dfte Region Frankreichs f\u00fcr Patentanmeldungen und bildet durchschnittlich 4.900 Doktoranden pro Jahr aus.\u00a0\u00a0<\/p>\n\n\n\n<p>Sie finden hier :&nbsp;&nbsp;&nbsp;<\/p>\n\n\n\n<ul class=\"wp-block-list\"><li>5 Universit\u00e4ten\u00a0\u00a0<\/li><li>2 europ\u00e4ische Campus<\/li><\/ul>\n\n\n\n<h2 class=\"wp-block-heading\"><strong><strong>Einzigartige Institute und Infrastrukturen f\u00fcr Ihr Unternehmen<\/strong><\/strong><\/h2>\n\n\n\n<ul class=\"wp-block-list\"><li>EASE, ein einzigartiges Ausbildungszentrum f\u00fcr Bioprozesse in Europa\u00a0\u00a0<\/li><\/ul>\n\n\n\n<p>Dieses innovative Schulungszentrum wurde als echte Fabrik von und f\u00fcr Hersteller konzipiert. Unter realen Bedingungen erwerben die Teilnehmer spezifische F\u00e4higkeiten, wie z. B. die gute Herstellungspraxis, und vertiefte Kenntnisse \u00fcber die Prozesse, Techniken und Zw\u00e4nge der Arbeit in einem Reinraum. Diese Infrastruktur ist vor allem f\u00fcr die Gesundheitsbranche, aber auch f\u00fcr die Chemie- und Lebensmittelindustrie gedacht.&nbsp;&nbsp;<\/p>\n\n\n\n<ul class=\"wp-block-list\"><li>IEEPI, Europ\u00e4isches Institut f\u00fcr Unternehmen und geistiges Eigentum\u00a0\u00a0<\/li><\/ul>\n\n\n\n<p>Das vom Industrieministerium und dem franz\u00f6sischen Patentamt (inpi) gegr\u00fcndete IEEPI entwickelt die strategische Nutzung des geistigen Eigentums und bildet F\u00fchrungskr\u00e4fte auf dem Gebiet des geistigen Eigentums auf europ\u00e4ischer Ebene aus.&nbsp;&nbsp;<\/p>\n\n\n\n<p>Das Institut bietet Unternehmen, insbesondere KMU, \u00f6ffentlichen Forschungseinrichtungen, Universit\u00e4ten und Fachleuten aus dem Bereich des geistigen Eigentums Schulungen zu den strategischen und verwaltungstechnischen Aspekten des geistigen Eigentums an.&nbsp;&nbsp;<\/p>\n\n\n\n<p>Das IEEPI zeichnet sich durch das hohe Fachwissen seiner Referenten und sein Schulungsprogramm aus, das alle Themen im Zusammenhang mit dem Schutz von Innovationen abdeckt. Es hat seinen Sitz in Stra\u00dfburg und wird demn\u00e4chst durch ein Exzellenzzentrum f\u00fcr geistiges Eigentum (PCPI) erg\u00e4nzt.&nbsp;&nbsp;&nbsp;<\/p>\n","protected":false},"excerpt":{"rendered":"<p>Ostfrankreich bietet dank des gro\u00dfen Pools an hochmotivierten, talentierten, gut ausgebildeten und mehrsprachigen potenziellen Arbeitnehmern einen echten Rekrutierungsvorteil.&nbsp;&nbsp; Das Hochschulwesen ist hier erstklassig, vielf\u00e4ltig und international. Die Region ist auch [&hellip;]<\/p>\n","protected":false},"author":1,"featured_media":11493,"parent":0,"menu_order":0,"comment_status":"closed","ping_status":"closed","template":"","meta":{"_acf_changed":false,"_relevanssi_hide_post":"","_relevanssi_pin_for_all":"","_relevanssi_pin_keywords":"","_relevanssi_unpin_keywords":"","_relevanssi_related_keywords":"","_relevanssi_related_include_ids":"","_relevanssi_related_exclude_ids":"","_relevanssi_related_no_append":"","_relevanssi_related_not_related":"","_relevanssi_related_posts":"3461,3448,3463,3465,3476,3484","_relevanssi_noindex_reason":"","inline_featured_image":false,"footnotes":""},"categorie-businessFunction":[],"categorie-secteur":[],"categorie-nationalite":[],"categorie-territoire":[],"categorie-service":[],"class_list":["post-3363","page","type-page","status-publish","has-post-thumbnail","hentry"],"acf":[],"yoast_head":"<!-- This site is optimized with the Yoast SEO plugin v27.3 - https:\/\/yoast.com\/product\/yoast-seo-wordpress\/ -->\n<title>Humanressourcen &amp; Talente in Ostfrankreich - Invest Eastern France<\/title>\n<meta name=\"description\" content=\"Ostfrankreich bietet an hochmotivierten, talentierten, gut ausgebildeten und mehrsprachigen potenziellen Arbeitnehmern mit Expertise.\u00a0\" \/>\n<meta name=\"robots\" content=\"index, follow, max-snippet:-1, max-image-preview:large, max-video-preview:-1\" \/>\n<link rel=\"canonical\" href=\"https:\/\/international.grandestdeveloppement.fr\/de\/humanressourcen-talente-in-ostfrankreich\/\" \/>\n<meta property=\"og:locale\" content=\"de_DE\" \/>\n<meta property=\"og:type\" content=\"article\" \/>\n<meta property=\"og:title\" content=\"Humanressourcen &amp; Talente in Ostfrankreich - Invest Eastern France\" \/>\n<meta property=\"og:description\" content=\"Ostfrankreich bietet an hochmotivierten, talentierten, gut ausgebildeten und mehrsprachigen potenziellen Arbeitnehmern mit Expertise.\u00a0\" \/>\n<meta property=\"og:url\" content=\"https:\/\/international.grandestdeveloppement.fr\/de\/humanressourcen-talente-in-ostfrankreich\/\" \/>\n<meta property=\"og:site_name\" content=\"Invest Eastern France\" \/>\n<meta property=\"article:modified_time\" content=\"2023-11-29T10:14:26+00:00\" \/>\n<meta property=\"og:image\" content=\"https:\/\/international.grandestdeveloppement.fr\/wp-content\/uploads\/2023\/12\/AdobeStock_635499988-scaled-e1701437310694.jpeg\" \/>\n\t<meta property=\"og:image:width\" content=\"2560\" \/>\n\t<meta property=\"og:image:height\" content=\"1350\" \/>\n\t<meta property=\"og:image:type\" content=\"image\/jpeg\" \/>\n<meta name=\"twitter:card\" content=\"summary_large_image\" \/>\n<meta name=\"twitter:label1\" content=\"Est. reading time\" \/>\n\t<meta name=\"twitter:data1\" content=\"2 minutes\" \/>\n<script type=\"application\/ld+json\" class=\"yoast-schema-graph\">{\"@context\":\"https:\\\/\\\/schema.org\",\"@graph\":[{\"@type\":\"WebPage\",\"@id\":\"https:\\\/\\\/international.grandestdeveloppement.fr\\\/de\\\/humanressourcen-talente-in-ostfrankreich\\\/\",\"url\":\"https:\\\/\\\/international.grandestdeveloppement.fr\\\/de\\\/humanressourcen-talente-in-ostfrankreich\\\/\",\"name\":\"Humanressourcen &amp; Talente in Ostfrankreich - Invest Eastern France\",\"isPartOf\":{\"@id\":\"https:\\\/\\\/international.grandestdeveloppement.fr\\\/de\\\/#website\"},\"primaryImageOfPage\":{\"@id\":\"https:\\\/\\\/international.grandestdeveloppement.fr\\\/de\\\/humanressourcen-talente-in-ostfrankreich\\\/#primaryimage\"},\"image\":{\"@id\":\"https:\\\/\\\/international.grandestdeveloppement.fr\\\/de\\\/humanressourcen-talente-in-ostfrankreich\\\/#primaryimage\"},\"thumbnailUrl\":\"https:\\\/\\\/international.grandestdeveloppement.fr\\\/wp-content\\\/uploads\\\/2023\\\/12\\\/AdobeStock_635499988-scaled-e1701437310694.jpeg\",\"datePublished\":\"2022-03-17T15:56:18+00:00\",\"dateModified\":\"2023-11-29T10:14:26+00:00\",\"description\":\"Ostfrankreich bietet an hochmotivierten, talentierten, gut ausgebildeten und mehrsprachigen potenziellen Arbeitnehmern mit Expertise.\u00a0\",\"breadcrumb\":{\"@id\":\"https:\\\/\\\/international.grandestdeveloppement.fr\\\/de\\\/humanressourcen-talente-in-ostfrankreich\\\/#breadcrumb\"},\"inLanguage\":\"de-DE\",\"potentialAction\":[{\"@type\":\"ReadAction\",\"target\":[\"https:\\\/\\\/international.grandestdeveloppement.fr\\\/de\\\/humanressourcen-talente-in-ostfrankreich\\\/\"]}]},{\"@type\":\"ImageObject\",\"inLanguage\":\"de-DE\",\"@id\":\"https:\\\/\\\/international.grandestdeveloppement.fr\\\/de\\\/humanressourcen-talente-in-ostfrankreich\\\/#primaryimage\",\"url\":\"https:\\\/\\\/international.grandestdeveloppement.fr\\\/wp-content\\\/uploads\\\/2023\\\/12\\\/AdobeStock_635499988-scaled-e1701437310694.jpeg\",\"contentUrl\":\"https:\\\/\\\/international.grandestdeveloppement.fr\\\/wp-content\\\/uploads\\\/2023\\\/12\\\/AdobeStock_635499988-scaled-e1701437310694.jpeg\",\"width\":2560,\"height\":1350},{\"@type\":\"BreadcrumbList\",\"@id\":\"https:\\\/\\\/international.grandestdeveloppement.fr\\\/de\\\/humanressourcen-talente-in-ostfrankreich\\\/#breadcrumb\",\"itemListElement\":[{\"@type\":\"ListItem\",\"position\":1,\"name\":\"Accueil\",\"item\":\"https:\\\/\\\/international.grandestdeveloppement.fr\\\/de\\\/\"},{\"@type\":\"ListItem\",\"position\":2,\"name\":\"Humanressourcen &amp; Talente in Ostfrankreich\"}]},{\"@type\":\"WebSite\",\"@id\":\"https:\\\/\\\/international.grandestdeveloppement.fr\\\/de\\\/#website\",\"url\":\"https:\\\/\\\/international.grandestdeveloppement.fr\\\/de\\\/\",\"name\":\"Invest Eastern France\",\"description\":\"\",\"publisher\":{\"@id\":\"https:\\\/\\\/international.grandestdeveloppement.fr\\\/de\\\/#organization\"},\"potentialAction\":[{\"@type\":\"SearchAction\",\"target\":{\"@type\":\"EntryPoint\",\"urlTemplate\":\"https:\\\/\\\/international.grandestdeveloppement.fr\\\/de\\\/?s={search_term_string}\"},\"query-input\":{\"@type\":\"PropertyValueSpecification\",\"valueRequired\":true,\"valueName\":\"search_term_string\"}}],\"inLanguage\":\"de-DE\"},{\"@type\":\"Organization\",\"@id\":\"https:\\\/\\\/international.grandestdeveloppement.fr\\\/de\\\/#organization\",\"name\":\"Invest Eastern France\",\"url\":\"https:\\\/\\\/international.grandestdeveloppement.fr\\\/de\\\/\",\"logo\":{\"@type\":\"ImageObject\",\"inLanguage\":\"de-DE\",\"@id\":\"https:\\\/\\\/international.grandestdeveloppement.fr\\\/de\\\/#\\\/schema\\\/logo\\\/image\\\/\",\"url\":\"https:\\\/\\\/www.international.grandestdeveloppement.fr\\\/wp-content\\\/uploads\\\/2021\\\/08\\\/logo-invest-eastern-france.png\",\"contentUrl\":\"https:\\\/\\\/www.international.grandestdeveloppement.fr\\\/wp-content\\\/uploads\\\/2021\\\/08\\\/logo-invest-eastern-france.png\",\"width\":500,\"height\":180,\"caption\":\"Invest Eastern France\"},\"image\":{\"@id\":\"https:\\\/\\\/international.grandestdeveloppement.fr\\\/de\\\/#\\\/schema\\\/logo\\\/image\\\/\"}}]}<\/script>\n<!-- \/ Yoast SEO plugin. -->","yoast_head_json":{"title":"Humanressourcen &amp; Talente in Ostfrankreich - Invest Eastern France","description":"Ostfrankreich bietet an hochmotivierten, talentierten, gut ausgebildeten und mehrsprachigen potenziellen Arbeitnehmern mit Expertise.\u00a0","robots":{"index":"index","follow":"follow","max-snippet":"max-snippet:-1","max-image-preview":"max-image-preview:large","max-video-preview":"max-video-preview:-1"},"canonical":"https:\/\/international.grandestdeveloppement.fr\/de\/humanressourcen-talente-in-ostfrankreich\/","og_locale":"de_DE","og_type":"article","og_title":"Humanressourcen &amp; Talente in Ostfrankreich - Invest Eastern France","og_description":"Ostfrankreich bietet an hochmotivierten, talentierten, gut ausgebildeten und mehrsprachigen potenziellen Arbeitnehmern mit Expertise.\u00a0","og_url":"https:\/\/international.grandestdeveloppement.fr\/de\/humanressourcen-talente-in-ostfrankreich\/","og_site_name":"Invest Eastern France","article_modified_time":"2023-11-29T10:14:26+00:00","og_image":[{"width":2560,"height":1350,"url":"https:\/\/international.grandestdeveloppement.fr\/wp-content\/uploads\/2023\/12\/AdobeStock_635499988-scaled-e1701437310694.jpeg","type":"image\/jpeg"}],"twitter_card":"summary_large_image","twitter_misc":{"Est. reading time":"2 minutes"},"schema":{"@context":"https:\/\/schema.org","@graph":[{"@type":"WebPage","@id":"https:\/\/international.grandestdeveloppement.fr\/de\/humanressourcen-talente-in-ostfrankreich\/","url":"https:\/\/international.grandestdeveloppement.fr\/de\/humanressourcen-talente-in-ostfrankreich\/","name":"Humanressourcen &amp; Talente in Ostfrankreich - Invest Eastern France","isPartOf":{"@id":"https:\/\/international.grandestdeveloppement.fr\/de\/#website"},"primaryImageOfPage":{"@id":"https:\/\/international.grandestdeveloppement.fr\/de\/humanressourcen-talente-in-ostfrankreich\/#primaryimage"},"image":{"@id":"https:\/\/international.grandestdeveloppement.fr\/de\/humanressourcen-talente-in-ostfrankreich\/#primaryimage"},"thumbnailUrl":"https:\/\/international.grandestdeveloppement.fr\/wp-content\/uploads\/2023\/12\/AdobeStock_635499988-scaled-e1701437310694.jpeg","datePublished":"2022-03-17T15:56:18+00:00","dateModified":"2023-11-29T10:14:26+00:00","description":"Ostfrankreich bietet an hochmotivierten, talentierten, gut ausgebildeten und mehrsprachigen potenziellen Arbeitnehmern mit Expertise.\u00a0","breadcrumb":{"@id":"https:\/\/international.grandestdeveloppement.fr\/de\/humanressourcen-talente-in-ostfrankreich\/#breadcrumb"},"inLanguage":"de-DE","potentialAction":[{"@type":"ReadAction","target":["https:\/\/international.grandestdeveloppement.fr\/de\/humanressourcen-talente-in-ostfrankreich\/"]}]},{"@type":"ImageObject","inLanguage":"de-DE","@id":"https:\/\/international.grandestdeveloppement.fr\/de\/humanressourcen-talente-in-ostfrankreich\/#primaryimage","url":"https:\/\/international.grandestdeveloppement.fr\/wp-content\/uploads\/2023\/12\/AdobeStock_635499988-scaled-e1701437310694.jpeg","contentUrl":"https:\/\/international.grandestdeveloppement.fr\/wp-content\/uploads\/2023\/12\/AdobeStock_635499988-scaled-e1701437310694.jpeg","width":2560,"height":1350},{"@type":"BreadcrumbList","@id":"https:\/\/international.grandestdeveloppement.fr\/de\/humanressourcen-talente-in-ostfrankreich\/#breadcrumb","itemListElement":[{"@type":"ListItem","position":1,"name":"Accueil","item":"https:\/\/international.grandestdeveloppement.fr\/de\/"},{"@type":"ListItem","position":2,"name":"Humanressourcen &amp; Talente in Ostfrankreich"}]},{"@type":"WebSite","@id":"https:\/\/international.grandestdeveloppement.fr\/de\/#website","url":"https:\/\/international.grandestdeveloppement.fr\/de\/","name":"Invest Eastern France","description":"","publisher":{"@id":"https:\/\/international.grandestdeveloppement.fr\/de\/#organization"},"potentialAction":[{"@type":"SearchAction","target":{"@type":"EntryPoint","urlTemplate":"https:\/\/international.grandestdeveloppement.fr\/de\/?s={search_term_string}"},"query-input":{"@type":"PropertyValueSpecification","valueRequired":true,"valueName":"search_term_string"}}],"inLanguage":"de-DE"},{"@type":"Organization","@id":"https:\/\/international.grandestdeveloppement.fr\/de\/#organization","name":"Invest Eastern France","url":"https:\/\/international.grandestdeveloppement.fr\/de\/","logo":{"@type":"ImageObject","inLanguage":"de-DE","@id":"https:\/\/international.grandestdeveloppement.fr\/de\/#\/schema\/logo\/image\/","url":"https:\/\/www.international.grandestdeveloppement.fr\/wp-content\/uploads\/2021\/08\/logo-invest-eastern-france.png","contentUrl":"https:\/\/www.international.grandestdeveloppement.fr\/wp-content\/uploads\/2021\/08\/logo-invest-eastern-france.png","width":500,"height":180,"caption":"Invest Eastern France"},"image":{"@id":"https:\/\/international.grandestdeveloppement.fr\/de\/#\/schema\/logo\/image\/"}}]}},"publishpress_future_action":{"enabled":false,"date":"2026-04-25 06:38:34","action":"change-status","newStatus":"draft","terms":[],"taxonomy":"translation_priority","extraData":[]},"publishpress_future_workflow_manual_trigger":{"enabledWorkflows":[]},"_links":{"self":[{"href":"https:\/\/international.grandestdeveloppement.fr\/de\/wp-json\/wp\/v2\/pages\/3363","targetHints":{"allow":["GET"]}}],"collection":[{"href":"https:\/\/international.grandestdeveloppement.fr\/de\/wp-json\/wp\/v2\/pages"}],"about":[{"href":"https:\/\/international.grandestdeveloppement.fr\/de\/wp-json\/wp\/v2\/types\/page"}],"author":[{"embeddable":true,"href":"https:\/\/international.grandestdeveloppement.fr\/de\/wp-json\/wp\/v2\/users\/1"}],"replies":[{"embeddable":true,"href":"https:\/\/international.grandestdeveloppement.fr\/de\/wp-json\/wp\/v2\/comments?post=3363"}],"version-history":[{"count":2,"href":"https:\/\/international.grandestdeveloppement.fr\/de\/wp-json\/wp\/v2\/pages\/3363\/revisions"}],"predecessor-version":[{"id":11459,"href":"https:\/\/international.grandestdeveloppement.fr\/de\/wp-json\/wp\/v2\/pages\/3363\/revisions\/11459"}],"wp:featuredmedia":[{"embeddable":true,"href":"https:\/\/international.grandestdeveloppement.fr\/de\/wp-json\/wp\/v2\/media\/11493"}],"wp:attachment":[{"href":"https:\/\/international.grandestdeveloppement.fr\/de\/wp-json\/wp\/v2\/media?parent=3363"}],"wp:term":[{"taxonomy":"categorie-businessFunction","embeddable":true,"href":"https:\/\/international.grandestdeveloppement.fr\/de\/wp-json\/wp\/v2\/categorie-businessFunction?post=3363"},{"taxonomy":"categorie-secteur","embeddable":true,"href":"https:\/\/international.grandestdeveloppement.fr\/de\/wp-json\/wp\/v2\/categorie-secteur?post=3363"},{"taxonomy":"categorie-nationalite","embeddable":true,"href":"https:\/\/international.grandestdeveloppement.fr\/de\/wp-json\/wp\/v2\/categorie-nationalite?post=3363"},{"taxonomy":"categorie-territoire","embeddable":true,"href":"https:\/\/international.grandestdeveloppement.fr\/de\/wp-json\/wp\/v2\/categorie-territoire?post=3363"},{"taxonomy":"categorie-service","embeddable":true,"href":"https:\/\/international.grandestdeveloppement.fr\/de\/wp-json\/wp\/v2\/categorie-service?post=3363"}],"curies":[{"name":"wp","href":"https:\/\/api.w.org\/{rel}","templated":true}]}}