{"id":3384,"date":"2022-03-18T13:56:48","date_gmt":"2022-03-18T12:56:48","guid":{"rendered":"https:\/\/www.international.grandestdeveloppement.fr\/?page_id=3384"},"modified":"2025-05-15T12:47:33","modified_gmt":"2025-05-15T10:47:33","slug":"unsere-dienstleistungen","status":"publish","type":"page","link":"https:\/\/international.grandestdeveloppement.fr\/de\/unsere-dienstleistungen\/","title":{"rendered":"Unsere Dienstleistungen"},"content":{"rendered":"\n<p><strong>Grand Est D\u00e9veloppement International<\/strong> identifiziert und begleitet ausl\u00e4ndische Direktinvestitionsprojekte in Ostfrankreich.<br>Wir sind Partner und Ansprechpartner f\u00fcr internationale Unternehmen, die ihre Gesch\u00e4ftst\u00e4tigkeit in Frankreich und Europa ausbauen m\u00f6chten. Wir machen die Attraktivit\u00e4t, die Wettbewerbsf\u00e4higkeit und die Ressourcen der Region geltend, um die Umsetzung ihres Projekts zu erleichtern.<\/p>\n\n\n\n<p>Dank unseres Fachwissens und unserer Erfahrung in den verschiedensten Berufsfeldern k\u00f6nnen wir Sie w\u00e4hrend Ihres gesamten Projekts begleiten und Ihnen die Schl\u00fcssel f\u00fcr eine erfolgreiche Entwicklung auf dem franz\u00f6sischen und europ\u00e4ischen Markt an die Hand geben.<\/p>\n\n\n\n<p>\u00dcber unser gro\u00dfes regionales Netzwerk verschaffen wir Ihnen Zugang zu lokalen Talenten, Partnern und M\u00f6glichkeiten.<\/p>\n\n\n\n<p><strong>Unsere Dienste sind kostenlos und absolut vertraulich.<\/strong><\/p>\n\n\n\n<h2 class=\"wp-block-heading\">Territoriale Partnernetzwerke<\/h2>\n\n\n\n<p><strong>Grand Est D\u00e9veloppement International<\/strong> verf\u00fcgt \u00fcber ein Netzwerk lokaler Partner, das sich aus lokalen Strukturen f\u00fcr wirtschaftliche Entwicklung zusammensetzt.<br>Wir arbeiten zusammen, um Ihnen die f\u00fcr Ihr Projekt am besten geeigneten Angebote zu machen.<\/p>\n\n\n\n<h2 class=\"wp-block-heading\">Laden Sie unsere Broschure herunter (nur in Englisch)<\/h2>\n\n\n\n<div data-wp-interactive=\"core\/file\" class=\"wp-block-file\"><object data-wp-bind--hidden=\"!state.hasPdfPreview\" hidden class=\"wp-block-file__embed\" data=\"https:\/\/international.grandestdeveloppement.fr\/wp-content\/uploads\/2025\/05\/Invest-in-Eastern-France-Your-Brochure-2.pdf\" type=\"application\/pdf\" style=\"width:100%;height:387px\" aria-label=\"Embed of Invest in Eastern France - Your Brochure.\"><\/object><a id=\"wp-block-file--media-bc799ceb-1046-4a99-9229-ef1d7d7616c2\" href=\"https:\/\/international.grandestdeveloppement.fr\/wp-content\/uploads\/2025\/05\/Invest-in-Eastern-France-Your-Brochure-2.pdf\" target=\"_blank\" rel=\"noreferrer noopener\">Invest in Eastern France &#8211; Your Brochure<\/a><a href=\"https:\/\/international.grandestdeveloppement.fr\/wp-content\/uploads\/2025\/05\/Invest-in-Eastern-France-Your-Brochure-2.pdf\" class=\"wp-block-file__button wp-element-button\" download aria-describedby=\"wp-block-file--media-bc799ceb-1046-4a99-9229-ef1d7d7616c2\">Download<\/a><\/div>\n","protected":false},"excerpt":{"rendered":"<p>Grand Est D\u00e9veloppement International identifiziert und begleitet ausl\u00e4ndische Direktinvestitionsprojekte in Ostfrankreich.Wir sind Partner und Ansprechpartner f\u00fcr internationale Unternehmen, die ihre Gesch\u00e4ftst\u00e4tigkeit in Frankreich und Europa ausbauen m\u00f6chten. Wir machen die [&hellip;]<\/p>\n","protected":false},"author":1,"featured_media":14789,"parent":0,"menu_order":0,"comment_status":"closed","ping_status":"closed","template":"","meta":{"_acf_changed":false,"_relevanssi_hide_post":"","_relevanssi_pin_for_all":"","_relevanssi_pin_keywords":"","_relevanssi_unpin_keywords":"","_relevanssi_related_keywords":"","_relevanssi_related_include_ids":"","_relevanssi_related_exclude_ids":"","_relevanssi_related_no_append":"","_relevanssi_related_not_related":"","_relevanssi_related_posts":"3461,3499,3448,3437,3463,3469","_relevanssi_noindex_reason":"","inline_featured_image":false,"footnotes":""},"categorie-businessFunction":[],"categorie-secteur":[],"categorie-nationalite":[],"categorie-territoire":[],"categorie-service":[],"class_list":["post-3384","page","type-page","status-publish","has-post-thumbnail","hentry"],"acf":[],"yoast_head":"<!-- This site is optimized with the Yoast SEO plugin v27.3 - https:\/\/yoast.com\/product\/yoast-seo-wordpress\/ -->\n<title>Unsere Dienstleistungen - Invest Eastern France<\/title>\n<meta name=\"robots\" content=\"index, follow, max-snippet:-1, max-image-preview:large, max-video-preview:-1\" \/>\n<link rel=\"canonical\" href=\"https:\/\/international.grandestdeveloppement.fr\/de\/unsere-dienstleistungen\/\" \/>\n<meta property=\"og:locale\" content=\"de_DE\" \/>\n<meta property=\"og:type\" content=\"article\" \/>\n<meta property=\"og:title\" content=\"Unsere Dienstleistungen - Invest Eastern France\" \/>\n<meta property=\"og:description\" content=\"Grand Est D\u00e9veloppement International identifiziert und begleitet ausl\u00e4ndische Direktinvestitionsprojekte in Ostfrankreich.Wir sind Partner und Ansprechpartner f\u00fcr internationale Unternehmen, die ihre Gesch\u00e4ftst\u00e4tigkeit in Frankreich und Europa ausbauen m\u00f6chten. Wir machen die [&hellip;]\" \/>\n<meta property=\"og:url\" content=\"https:\/\/international.grandestdeveloppement.fr\/de\/unsere-dienstleistungen\/\" \/>\n<meta property=\"og:site_name\" content=\"Invest Eastern France\" \/>\n<meta property=\"article:modified_time\" content=\"2025-05-15T10:47:33+00:00\" \/>\n<meta property=\"og:image\" content=\"https:\/\/international.grandestdeveloppement.fr\/wp-content\/uploads\/2025\/01\/AdobeStock_221728455-scaled.jpeg\" \/>\n\t<meta property=\"og:image:width\" content=\"2560\" \/>\n\t<meta property=\"og:image:height\" content=\"957\" \/>\n\t<meta property=\"og:image:type\" content=\"image\/jpeg\" \/>\n<meta name=\"twitter:card\" content=\"summary_large_image\" \/>\n<meta name=\"twitter:label1\" content=\"Est. reading time\" \/>\n\t<meta name=\"twitter:data1\" content=\"1 minute\" \/>\n<script type=\"application\/ld+json\" class=\"yoast-schema-graph\">{\"@context\":\"https:\\\/\\\/schema.org\",\"@graph\":[{\"@type\":\"WebPage\",\"@id\":\"https:\\\/\\\/international.grandestdeveloppement.fr\\\/de\\\/unsere-dienstleistungen\\\/\",\"url\":\"https:\\\/\\\/international.grandestdeveloppement.fr\\\/de\\\/unsere-dienstleistungen\\\/\",\"name\":\"Unsere Dienstleistungen - Invest Eastern France\",\"isPartOf\":{\"@id\":\"https:\\\/\\\/international.grandestdeveloppement.fr\\\/de\\\/#website\"},\"primaryImageOfPage\":{\"@id\":\"https:\\\/\\\/international.grandestdeveloppement.fr\\\/de\\\/unsere-dienstleistungen\\\/#primaryimage\"},\"image\":{\"@id\":\"https:\\\/\\\/international.grandestdeveloppement.fr\\\/de\\\/unsere-dienstleistungen\\\/#primaryimage\"},\"thumbnailUrl\":\"https:\\\/\\\/international.grandestdeveloppement.fr\\\/wp-content\\\/uploads\\\/2025\\\/01\\\/AdobeStock_221728455-scaled.jpeg\",\"datePublished\":\"2022-03-18T12:56:48+00:00\",\"dateModified\":\"2025-05-15T10:47:33+00:00\",\"breadcrumb\":{\"@id\":\"https:\\\/\\\/international.grandestdeveloppement.fr\\\/de\\\/unsere-dienstleistungen\\\/#breadcrumb\"},\"inLanguage\":\"de-DE\",\"potentialAction\":[{\"@type\":\"ReadAction\",\"target\":[\"https:\\\/\\\/international.grandestdeveloppement.fr\\\/de\\\/unsere-dienstleistungen\\\/\"]}]},{\"@type\":\"ImageObject\",\"inLanguage\":\"de-DE\",\"@id\":\"https:\\\/\\\/international.grandestdeveloppement.fr\\\/de\\\/unsere-dienstleistungen\\\/#primaryimage\",\"url\":\"https:\\\/\\\/international.grandestdeveloppement.fr\\\/wp-content\\\/uploads\\\/2025\\\/01\\\/AdobeStock_221728455-scaled.jpeg\",\"contentUrl\":\"https:\\\/\\\/international.grandestdeveloppement.fr\\\/wp-content\\\/uploads\\\/2025\\\/01\\\/AdobeStock_221728455-scaled.jpeg\",\"width\":2560,\"height\":957,\"caption\":\"Working on progect using hi technology digital tablet\"},{\"@type\":\"BreadcrumbList\",\"@id\":\"https:\\\/\\\/international.grandestdeveloppement.fr\\\/de\\\/unsere-dienstleistungen\\\/#breadcrumb\",\"itemListElement\":[{\"@type\":\"ListItem\",\"position\":1,\"name\":\"Accueil\",\"item\":\"https:\\\/\\\/international.grandestdeveloppement.fr\\\/de\\\/\"},{\"@type\":\"ListItem\",\"position\":2,\"name\":\"Unsere Dienstleistungen\"}]},{\"@type\":\"WebSite\",\"@id\":\"https:\\\/\\\/international.grandestdeveloppement.fr\\\/de\\\/#website\",\"url\":\"https:\\\/\\\/international.grandestdeveloppement.fr\\\/de\\\/\",\"name\":\"Invest Eastern France\",\"description\":\"\",\"publisher\":{\"@id\":\"https:\\\/\\\/international.grandestdeveloppement.fr\\\/de\\\/#organization\"},\"potentialAction\":[{\"@type\":\"SearchAction\",\"target\":{\"@type\":\"EntryPoint\",\"urlTemplate\":\"https:\\\/\\\/international.grandestdeveloppement.fr\\\/de\\\/?s={search_term_string}\"},\"query-input\":{\"@type\":\"PropertyValueSpecification\",\"valueRequired\":true,\"valueName\":\"search_term_string\"}}],\"inLanguage\":\"de-DE\"},{\"@type\":\"Organization\",\"@id\":\"https:\\\/\\\/international.grandestdeveloppement.fr\\\/de\\\/#organization\",\"name\":\"Invest Eastern France\",\"url\":\"https:\\\/\\\/international.grandestdeveloppement.fr\\\/de\\\/\",\"logo\":{\"@type\":\"ImageObject\",\"inLanguage\":\"de-DE\",\"@id\":\"https:\\\/\\\/international.grandestdeveloppement.fr\\\/de\\\/#\\\/schema\\\/logo\\\/image\\\/\",\"url\":\"https:\\\/\\\/www.international.grandestdeveloppement.fr\\\/wp-content\\\/uploads\\\/2021\\\/08\\\/logo-invest-eastern-france.png\",\"contentUrl\":\"https:\\\/\\\/www.international.grandestdeveloppement.fr\\\/wp-content\\\/uploads\\\/2021\\\/08\\\/logo-invest-eastern-france.png\",\"width\":500,\"height\":180,\"caption\":\"Invest Eastern France\"},\"image\":{\"@id\":\"https:\\\/\\\/international.grandestdeveloppement.fr\\\/de\\\/#\\\/schema\\\/logo\\\/image\\\/\"}}]}<\/script>\n<!-- \/ Yoast SEO plugin. -->","yoast_head_json":{"title":"Unsere Dienstleistungen - Invest Eastern France","robots":{"index":"index","follow":"follow","max-snippet":"max-snippet:-1","max-image-preview":"max-image-preview:large","max-video-preview":"max-video-preview:-1"},"canonical":"https:\/\/international.grandestdeveloppement.fr\/de\/unsere-dienstleistungen\/","og_locale":"de_DE","og_type":"article","og_title":"Unsere Dienstleistungen - Invest Eastern France","og_description":"Grand Est D\u00e9veloppement International identifiziert und begleitet ausl\u00e4ndische Direktinvestitionsprojekte in Ostfrankreich.Wir sind Partner und Ansprechpartner f\u00fcr internationale Unternehmen, die ihre Gesch\u00e4ftst\u00e4tigkeit in Frankreich und Europa ausbauen m\u00f6chten. Wir machen die [&hellip;]","og_url":"https:\/\/international.grandestdeveloppement.fr\/de\/unsere-dienstleistungen\/","og_site_name":"Invest Eastern France","article_modified_time":"2025-05-15T10:47:33+00:00","og_image":[{"width":2560,"height":957,"url":"https:\/\/international.grandestdeveloppement.fr\/wp-content\/uploads\/2025\/01\/AdobeStock_221728455-scaled.jpeg","type":"image\/jpeg"}],"twitter_card":"summary_large_image","twitter_misc":{"Est. reading time":"1 minute"},"schema":{"@context":"https:\/\/schema.org","@graph":[{"@type":"WebPage","@id":"https:\/\/international.grandestdeveloppement.fr\/de\/unsere-dienstleistungen\/","url":"https:\/\/international.grandestdeveloppement.fr\/de\/unsere-dienstleistungen\/","name":"Unsere Dienstleistungen - Invest Eastern France","isPartOf":{"@id":"https:\/\/international.grandestdeveloppement.fr\/de\/#website"},"primaryImageOfPage":{"@id":"https:\/\/international.grandestdeveloppement.fr\/de\/unsere-dienstleistungen\/#primaryimage"},"image":{"@id":"https:\/\/international.grandestdeveloppement.fr\/de\/unsere-dienstleistungen\/#primaryimage"},"thumbnailUrl":"https:\/\/international.grandestdeveloppement.fr\/wp-content\/uploads\/2025\/01\/AdobeStock_221728455-scaled.jpeg","datePublished":"2022-03-18T12:56:48+00:00","dateModified":"2025-05-15T10:47:33+00:00","breadcrumb":{"@id":"https:\/\/international.grandestdeveloppement.fr\/de\/unsere-dienstleistungen\/#breadcrumb"},"inLanguage":"de-DE","potentialAction":[{"@type":"ReadAction","target":["https:\/\/international.grandestdeveloppement.fr\/de\/unsere-dienstleistungen\/"]}]},{"@type":"ImageObject","inLanguage":"de-DE","@id":"https:\/\/international.grandestdeveloppement.fr\/de\/unsere-dienstleistungen\/#primaryimage","url":"https:\/\/international.grandestdeveloppement.fr\/wp-content\/uploads\/2025\/01\/AdobeStock_221728455-scaled.jpeg","contentUrl":"https:\/\/international.grandestdeveloppement.fr\/wp-content\/uploads\/2025\/01\/AdobeStock_221728455-scaled.jpeg","width":2560,"height":957,"caption":"Working on progect using hi technology digital tablet"},{"@type":"BreadcrumbList","@id":"https:\/\/international.grandestdeveloppement.fr\/de\/unsere-dienstleistungen\/#breadcrumb","itemListElement":[{"@type":"ListItem","position":1,"name":"Accueil","item":"https:\/\/international.grandestdeveloppement.fr\/de\/"},{"@type":"ListItem","position":2,"name":"Unsere Dienstleistungen"}]},{"@type":"WebSite","@id":"https:\/\/international.grandestdeveloppement.fr\/de\/#website","url":"https:\/\/international.grandestdeveloppement.fr\/de\/","name":"Invest Eastern France","description":"","publisher":{"@id":"https:\/\/international.grandestdeveloppement.fr\/de\/#organization"},"potentialAction":[{"@type":"SearchAction","target":{"@type":"EntryPoint","urlTemplate":"https:\/\/international.grandestdeveloppement.fr\/de\/?s={search_term_string}"},"query-input":{"@type":"PropertyValueSpecification","valueRequired":true,"valueName":"search_term_string"}}],"inLanguage":"de-DE"},{"@type":"Organization","@id":"https:\/\/international.grandestdeveloppement.fr\/de\/#organization","name":"Invest Eastern France","url":"https:\/\/international.grandestdeveloppement.fr\/de\/","logo":{"@type":"ImageObject","inLanguage":"de-DE","@id":"https:\/\/international.grandestdeveloppement.fr\/de\/#\/schema\/logo\/image\/","url":"https:\/\/www.international.grandestdeveloppement.fr\/wp-content\/uploads\/2021\/08\/logo-invest-eastern-france.png","contentUrl":"https:\/\/www.international.grandestdeveloppement.fr\/wp-content\/uploads\/2021\/08\/logo-invest-eastern-france.png","width":500,"height":180,"caption":"Invest Eastern France"},"image":{"@id":"https:\/\/international.grandestdeveloppement.fr\/de\/#\/schema\/logo\/image\/"}}]}},"publishpress_future_action":{"enabled":false,"date":"2026-04-25 08:17:11","action":"change-status","newStatus":"draft","terms":[],"taxonomy":"translation_priority","extraData":[]},"publishpress_future_workflow_manual_trigger":{"enabledWorkflows":[]},"_links":{"self":[{"href":"https:\/\/international.grandestdeveloppement.fr\/de\/wp-json\/wp\/v2\/pages\/3384","targetHints":{"allow":["GET"]}}],"collection":[{"href":"https:\/\/international.grandestdeveloppement.fr\/de\/wp-json\/wp\/v2\/pages"}],"about":[{"href":"https:\/\/international.grandestdeveloppement.fr\/de\/wp-json\/wp\/v2\/types\/page"}],"author":[{"embeddable":true,"href":"https:\/\/international.grandestdeveloppement.fr\/de\/wp-json\/wp\/v2\/users\/1"}],"replies":[{"embeddable":true,"href":"https:\/\/international.grandestdeveloppement.fr\/de\/wp-json\/wp\/v2\/comments?post=3384"}],"version-history":[{"count":6,"href":"https:\/\/international.grandestdeveloppement.fr\/de\/wp-json\/wp\/v2\/pages\/3384\/revisions"}],"predecessor-version":[{"id":16083,"href":"https:\/\/international.grandestdeveloppement.fr\/de\/wp-json\/wp\/v2\/pages\/3384\/revisions\/16083"}],"wp:featuredmedia":[{"embeddable":true,"href":"https:\/\/international.grandestdeveloppement.fr\/de\/wp-json\/wp\/v2\/media\/14789"}],"wp:attachment":[{"href":"https:\/\/international.grandestdeveloppement.fr\/de\/wp-json\/wp\/v2\/media?parent=3384"}],"wp:term":[{"taxonomy":"categorie-businessFunction","embeddable":true,"href":"https:\/\/international.grandestdeveloppement.fr\/de\/wp-json\/wp\/v2\/categorie-businessFunction?post=3384"},{"taxonomy":"categorie-secteur","embeddable":true,"href":"https:\/\/international.grandestdeveloppement.fr\/de\/wp-json\/wp\/v2\/categorie-secteur?post=3384"},{"taxonomy":"categorie-nationalite","embeddable":true,"href":"https:\/\/international.grandestdeveloppement.fr\/de\/wp-json\/wp\/v2\/categorie-nationalite?post=3384"},{"taxonomy":"categorie-territoire","embeddable":true,"href":"https:\/\/international.grandestdeveloppement.fr\/de\/wp-json\/wp\/v2\/categorie-territoire?post=3384"},{"taxonomy":"categorie-service","embeddable":true,"href":"https:\/\/international.grandestdeveloppement.fr\/de\/wp-json\/wp\/v2\/categorie-service?post=3384"}],"curies":[{"name":"wp","href":"https:\/\/api.w.org\/{rel}","templated":true}]}}