{"id":3387,"date":"2022-03-18T14:16:12","date_gmt":"2022-03-18T13:16:12","guid":{"rendered":"https:\/\/www.international.grandestdeveloppement.fr\/?page_id=3387"},"modified":"2025-01-21T14:59:31","modified_gmt":"2025-01-21T13:59:31","slug":"unsere-mission","status":"publish","type":"page","link":"https:\/\/international.grandestdeveloppement.fr\/de\/unsere-mission\/","title":{"rendered":"Unsere Mission"},"content":{"rendered":"\n<p><strong>Grand Est D\u00e9veloppement International<\/strong> ist eine Dienstleistung der regionalen Agentur f\u00fcr Innovation und internationale Gesch\u00e4ftserschlie\u00dfung Grand Est D\u00e9veloppement, die von der Region Ostfrankreich initiiert und finanziert wird. <strong>Grand Est D\u00e9veloppement International<\/strong> identifiziert und begleitet ausl\u00e4ndische Unternehmen mit Investitionsprojekten in Europa oder Frankreich, um einen wirtschaftlichen, industriellen und technologischen Mehrwert in Ostfrankreich zu schaffen.<\/p>\n\n\n\n<h2 class=\"wp-block-heading\">Unsere Dienstleistungen<\/h2>\n\n\n\n<p>Das mehrsprachige Team von<strong> Grand Est D\u00e9veloppement International<\/strong> bietet ein Paket von kostenlosen und vertraulichen Dienstleistungen an. <strong> Grand Est D\u00e9veloppement International<\/strong> arbeitet mit den lokalen Wirtschaftsf\u00f6rderungsagenturen zusammen und dient als Anlaufstelle, die Ihnen umfassende und relevante Informationen sowie schl\u00fcsselfertige L\u00f6sungen f\u00fcr die Umsetzung Ihrer Investitionsprojekte bietet.<\/p>\n\n\n\n<h2 class=\"wp-block-heading\">Unser Netzwerk<\/h2>\n\n\n\n<p><strong> Grand Est D\u00e9veloppement International<\/strong> ist der regionale Korrespondent f\u00fcr Ostfrankreich von Business France, dessen internationale Projekte, die von seinen B\u00fcros in der ganzen Welt aufgesp\u00fcrt werden, von ihr gepr\u00fcft und begleitet werden.<\/p>\n\n\n\n<p><strong> Grand Est D\u00e9veloppement International<\/strong> st\u00fctzt sich auf sein regionales Netzwerk von Partneragenturen f\u00fcr wirtschaftliche Entwicklung.<\/p>\n","protected":false},"excerpt":{"rendered":"<p>Grand Est D\u00e9veloppement International ist eine Dienstleistung der regionalen Agentur f\u00fcr Innovation und internationale Gesch\u00e4ftserschlie\u00dfung Grand Est D\u00e9veloppement, die von der Region Ostfrankreich initiiert und finanziert wird. Grand Est D\u00e9veloppement [&hellip;]<\/p>\n","protected":false},"author":1,"featured_media":1204,"parent":0,"menu_order":0,"comment_status":"closed","ping_status":"closed","template":"","meta":{"_acf_changed":false,"_relevanssi_hide_post":"","_relevanssi_pin_for_all":"","_relevanssi_pin_keywords":"","_relevanssi_unpin_keywords":"","_relevanssi_related_keywords":"","_relevanssi_related_include_ids":"","_relevanssi_related_exclude_ids":"","_relevanssi_related_no_append":"","_relevanssi_related_not_related":"","_relevanssi_related_posts":"3463,3493,3484,3499,3448,3458","_relevanssi_noindex_reason":"","inline_featured_image":false,"footnotes":""},"categorie-businessFunction":[],"categorie-secteur":[],"categorie-nationalite":[],"categorie-territoire":[],"categorie-service":[],"class_list":["post-3387","page","type-page","status-publish","has-post-thumbnail","hentry"],"acf":[],"yoast_head":"<!-- This site is optimized with the Yoast SEO plugin v27.3 - https:\/\/yoast.com\/product\/yoast-seo-wordpress\/ -->\n<title>Unsere Mission - Invest Eastern France<\/title>\n<meta name=\"robots\" content=\"index, follow, max-snippet:-1, max-image-preview:large, max-video-preview:-1\" \/>\n<link rel=\"canonical\" href=\"https:\/\/international.grandestdeveloppement.fr\/de\/unsere-mission\/\" \/>\n<meta property=\"og:locale\" content=\"de_DE\" \/>\n<meta property=\"og:type\" content=\"article\" \/>\n<meta property=\"og:title\" content=\"Unsere Mission - Invest Eastern France\" \/>\n<meta property=\"og:description\" content=\"Grand Est D\u00e9veloppement International ist eine Dienstleistung der regionalen Agentur f\u00fcr Innovation und internationale Gesch\u00e4ftserschlie\u00dfung Grand Est D\u00e9veloppement, die von der Region Ostfrankreich initiiert und finanziert wird. Grand Est D\u00e9veloppement [&hellip;]\" \/>\n<meta property=\"og:url\" content=\"https:\/\/international.grandestdeveloppement.fr\/de\/unsere-mission\/\" \/>\n<meta property=\"og:site_name\" content=\"Invest Eastern France\" \/>\n<meta property=\"article:modified_time\" content=\"2025-01-21T13:59:31+00:00\" \/>\n<meta property=\"og:image\" content=\"https:\/\/international.grandestdeveloppement.fr\/wp-content\/uploads\/2021\/12\/economy-3213967_1920.jpg\" \/>\n\t<meta property=\"og:image:width\" content=\"1200\" \/>\n\t<meta property=\"og:image:height\" content=\"756\" \/>\n\t<meta property=\"og:image:type\" content=\"image\/jpeg\" \/>\n<meta name=\"twitter:card\" content=\"summary_large_image\" \/>\n<meta name=\"twitter:label1\" content=\"Est. reading time\" \/>\n\t<meta name=\"twitter:data1\" content=\"1 minute\" \/>\n<script type=\"application\/ld+json\" class=\"yoast-schema-graph\">{\"@context\":\"https:\\\/\\\/schema.org\",\"@graph\":[{\"@type\":\"WebPage\",\"@id\":\"https:\\\/\\\/international.grandestdeveloppement.fr\\\/de\\\/unsere-mission\\\/\",\"url\":\"https:\\\/\\\/international.grandestdeveloppement.fr\\\/de\\\/unsere-mission\\\/\",\"name\":\"Unsere Mission - Invest Eastern France\",\"isPartOf\":{\"@id\":\"https:\\\/\\\/international.grandestdeveloppement.fr\\\/de\\\/#website\"},\"primaryImageOfPage\":{\"@id\":\"https:\\\/\\\/international.grandestdeveloppement.fr\\\/de\\\/unsere-mission\\\/#primaryimage\"},\"image\":{\"@id\":\"https:\\\/\\\/international.grandestdeveloppement.fr\\\/de\\\/unsere-mission\\\/#primaryimage\"},\"thumbnailUrl\":\"https:\\\/\\\/international.grandestdeveloppement.fr\\\/wp-content\\\/uploads\\\/2021\\\/12\\\/economy-3213967_1920.jpg\",\"datePublished\":\"2022-03-18T13:16:12+00:00\",\"dateModified\":\"2025-01-21T13:59:31+00:00\",\"breadcrumb\":{\"@id\":\"https:\\\/\\\/international.grandestdeveloppement.fr\\\/de\\\/unsere-mission\\\/#breadcrumb\"},\"inLanguage\":\"de-DE\",\"potentialAction\":[{\"@type\":\"ReadAction\",\"target\":[\"https:\\\/\\\/international.grandestdeveloppement.fr\\\/de\\\/unsere-mission\\\/\"]}]},{\"@type\":\"ImageObject\",\"inLanguage\":\"de-DE\",\"@id\":\"https:\\\/\\\/international.grandestdeveloppement.fr\\\/de\\\/unsere-mission\\\/#primaryimage\",\"url\":\"https:\\\/\\\/international.grandestdeveloppement.fr\\\/wp-content\\\/uploads\\\/2021\\\/12\\\/economy-3213967_1920.jpg\",\"contentUrl\":\"https:\\\/\\\/international.grandestdeveloppement.fr\\\/wp-content\\\/uploads\\\/2021\\\/12\\\/economy-3213967_1920.jpg\",\"width\":1200,\"height\":756,\"caption\":\"Missions Invest Eastern France\"},{\"@type\":\"BreadcrumbList\",\"@id\":\"https:\\\/\\\/international.grandestdeveloppement.fr\\\/de\\\/unsere-mission\\\/#breadcrumb\",\"itemListElement\":[{\"@type\":\"ListItem\",\"position\":1,\"name\":\"Accueil\",\"item\":\"https:\\\/\\\/international.grandestdeveloppement.fr\\\/de\\\/\"},{\"@type\":\"ListItem\",\"position\":2,\"name\":\"Unsere Mission\"}]},{\"@type\":\"WebSite\",\"@id\":\"https:\\\/\\\/international.grandestdeveloppement.fr\\\/de\\\/#website\",\"url\":\"https:\\\/\\\/international.grandestdeveloppement.fr\\\/de\\\/\",\"name\":\"Invest Eastern France\",\"description\":\"\",\"publisher\":{\"@id\":\"https:\\\/\\\/international.grandestdeveloppement.fr\\\/de\\\/#organization\"},\"potentialAction\":[{\"@type\":\"SearchAction\",\"target\":{\"@type\":\"EntryPoint\",\"urlTemplate\":\"https:\\\/\\\/international.grandestdeveloppement.fr\\\/de\\\/?s={search_term_string}\"},\"query-input\":{\"@type\":\"PropertyValueSpecification\",\"valueRequired\":true,\"valueName\":\"search_term_string\"}}],\"inLanguage\":\"de-DE\"},{\"@type\":\"Organization\",\"@id\":\"https:\\\/\\\/international.grandestdeveloppement.fr\\\/de\\\/#organization\",\"name\":\"Invest Eastern France\",\"url\":\"https:\\\/\\\/international.grandestdeveloppement.fr\\\/de\\\/\",\"logo\":{\"@type\":\"ImageObject\",\"inLanguage\":\"de-DE\",\"@id\":\"https:\\\/\\\/international.grandestdeveloppement.fr\\\/de\\\/#\\\/schema\\\/logo\\\/image\\\/\",\"url\":\"https:\\\/\\\/www.international.grandestdeveloppement.fr\\\/wp-content\\\/uploads\\\/2021\\\/08\\\/logo-invest-eastern-france.png\",\"contentUrl\":\"https:\\\/\\\/www.international.grandestdeveloppement.fr\\\/wp-content\\\/uploads\\\/2021\\\/08\\\/logo-invest-eastern-france.png\",\"width\":500,\"height\":180,\"caption\":\"Invest Eastern France\"},\"image\":{\"@id\":\"https:\\\/\\\/international.grandestdeveloppement.fr\\\/de\\\/#\\\/schema\\\/logo\\\/image\\\/\"}}]}<\/script>\n<!-- \/ Yoast SEO plugin. -->","yoast_head_json":{"title":"Unsere Mission - Invest Eastern France","robots":{"index":"index","follow":"follow","max-snippet":"max-snippet:-1","max-image-preview":"max-image-preview:large","max-video-preview":"max-video-preview:-1"},"canonical":"https:\/\/international.grandestdeveloppement.fr\/de\/unsere-mission\/","og_locale":"de_DE","og_type":"article","og_title":"Unsere Mission - Invest Eastern France","og_description":"Grand Est D\u00e9veloppement International ist eine Dienstleistung der regionalen Agentur f\u00fcr Innovation und internationale Gesch\u00e4ftserschlie\u00dfung Grand Est D\u00e9veloppement, die von der Region Ostfrankreich initiiert und finanziert wird. Grand Est D\u00e9veloppement [&hellip;]","og_url":"https:\/\/international.grandestdeveloppement.fr\/de\/unsere-mission\/","og_site_name":"Invest Eastern France","article_modified_time":"2025-01-21T13:59:31+00:00","og_image":[{"width":1200,"height":756,"url":"https:\/\/international.grandestdeveloppement.fr\/wp-content\/uploads\/2021\/12\/economy-3213967_1920.jpg","type":"image\/jpeg"}],"twitter_card":"summary_large_image","twitter_misc":{"Est. reading time":"1 minute"},"schema":{"@context":"https:\/\/schema.org","@graph":[{"@type":"WebPage","@id":"https:\/\/international.grandestdeveloppement.fr\/de\/unsere-mission\/","url":"https:\/\/international.grandestdeveloppement.fr\/de\/unsere-mission\/","name":"Unsere Mission - Invest Eastern France","isPartOf":{"@id":"https:\/\/international.grandestdeveloppement.fr\/de\/#website"},"primaryImageOfPage":{"@id":"https:\/\/international.grandestdeveloppement.fr\/de\/unsere-mission\/#primaryimage"},"image":{"@id":"https:\/\/international.grandestdeveloppement.fr\/de\/unsere-mission\/#primaryimage"},"thumbnailUrl":"https:\/\/international.grandestdeveloppement.fr\/wp-content\/uploads\/2021\/12\/economy-3213967_1920.jpg","datePublished":"2022-03-18T13:16:12+00:00","dateModified":"2025-01-21T13:59:31+00:00","breadcrumb":{"@id":"https:\/\/international.grandestdeveloppement.fr\/de\/unsere-mission\/#breadcrumb"},"inLanguage":"de-DE","potentialAction":[{"@type":"ReadAction","target":["https:\/\/international.grandestdeveloppement.fr\/de\/unsere-mission\/"]}]},{"@type":"ImageObject","inLanguage":"de-DE","@id":"https:\/\/international.grandestdeveloppement.fr\/de\/unsere-mission\/#primaryimage","url":"https:\/\/international.grandestdeveloppement.fr\/wp-content\/uploads\/2021\/12\/economy-3213967_1920.jpg","contentUrl":"https:\/\/international.grandestdeveloppement.fr\/wp-content\/uploads\/2021\/12\/economy-3213967_1920.jpg","width":1200,"height":756,"caption":"Missions Invest Eastern France"},{"@type":"BreadcrumbList","@id":"https:\/\/international.grandestdeveloppement.fr\/de\/unsere-mission\/#breadcrumb","itemListElement":[{"@type":"ListItem","position":1,"name":"Accueil","item":"https:\/\/international.grandestdeveloppement.fr\/de\/"},{"@type":"ListItem","position":2,"name":"Unsere Mission"}]},{"@type":"WebSite","@id":"https:\/\/international.grandestdeveloppement.fr\/de\/#website","url":"https:\/\/international.grandestdeveloppement.fr\/de\/","name":"Invest Eastern France","description":"","publisher":{"@id":"https:\/\/international.grandestdeveloppement.fr\/de\/#organization"},"potentialAction":[{"@type":"SearchAction","target":{"@type":"EntryPoint","urlTemplate":"https:\/\/international.grandestdeveloppement.fr\/de\/?s={search_term_string}"},"query-input":{"@type":"PropertyValueSpecification","valueRequired":true,"valueName":"search_term_string"}}],"inLanguage":"de-DE"},{"@type":"Organization","@id":"https:\/\/international.grandestdeveloppement.fr\/de\/#organization","name":"Invest Eastern France","url":"https:\/\/international.grandestdeveloppement.fr\/de\/","logo":{"@type":"ImageObject","inLanguage":"de-DE","@id":"https:\/\/international.grandestdeveloppement.fr\/de\/#\/schema\/logo\/image\/","url":"https:\/\/www.international.grandestdeveloppement.fr\/wp-content\/uploads\/2021\/08\/logo-invest-eastern-france.png","contentUrl":"https:\/\/www.international.grandestdeveloppement.fr\/wp-content\/uploads\/2021\/08\/logo-invest-eastern-france.png","width":500,"height":180,"caption":"Invest Eastern France"},"image":{"@id":"https:\/\/international.grandestdeveloppement.fr\/de\/#\/schema\/logo\/image\/"}}]}},"publishpress_future_action":{"enabled":false,"date":"2026-04-26 12:24:21","action":"change-status","newStatus":"draft","terms":[],"taxonomy":"translation_priority","extraData":[]},"publishpress_future_workflow_manual_trigger":{"enabledWorkflows":[]},"_links":{"self":[{"href":"https:\/\/international.grandestdeveloppement.fr\/de\/wp-json\/wp\/v2\/pages\/3387","targetHints":{"allow":["GET"]}}],"collection":[{"href":"https:\/\/international.grandestdeveloppement.fr\/de\/wp-json\/wp\/v2\/pages"}],"about":[{"href":"https:\/\/international.grandestdeveloppement.fr\/de\/wp-json\/wp\/v2\/types\/page"}],"author":[{"embeddable":true,"href":"https:\/\/international.grandestdeveloppement.fr\/de\/wp-json\/wp\/v2\/users\/1"}],"replies":[{"embeddable":true,"href":"https:\/\/international.grandestdeveloppement.fr\/de\/wp-json\/wp\/v2\/comments?post=3387"}],"version-history":[{"count":2,"href":"https:\/\/international.grandestdeveloppement.fr\/de\/wp-json\/wp\/v2\/pages\/3387\/revisions"}],"predecessor-version":[{"id":14905,"href":"https:\/\/international.grandestdeveloppement.fr\/de\/wp-json\/wp\/v2\/pages\/3387\/revisions\/14905"}],"wp:featuredmedia":[{"embeddable":true,"href":"https:\/\/international.grandestdeveloppement.fr\/de\/wp-json\/wp\/v2\/media\/1204"}],"wp:attachment":[{"href":"https:\/\/international.grandestdeveloppement.fr\/de\/wp-json\/wp\/v2\/media?parent=3387"}],"wp:term":[{"taxonomy":"categorie-businessFunction","embeddable":true,"href":"https:\/\/international.grandestdeveloppement.fr\/de\/wp-json\/wp\/v2\/categorie-businessFunction?post=3387"},{"taxonomy":"categorie-secteur","embeddable":true,"href":"https:\/\/international.grandestdeveloppement.fr\/de\/wp-json\/wp\/v2\/categorie-secteur?post=3387"},{"taxonomy":"categorie-nationalite","embeddable":true,"href":"https:\/\/international.grandestdeveloppement.fr\/de\/wp-json\/wp\/v2\/categorie-nationalite?post=3387"},{"taxonomy":"categorie-territoire","embeddable":true,"href":"https:\/\/international.grandestdeveloppement.fr\/de\/wp-json\/wp\/v2\/categorie-territoire?post=3387"},{"taxonomy":"categorie-service","embeddable":true,"href":"https:\/\/international.grandestdeveloppement.fr\/de\/wp-json\/wp\/v2\/categorie-service?post=3387"}],"curies":[{"name":"wp","href":"https:\/\/api.w.org\/{rel}","templated":true}]}}