{"id":3389,"date":"2022-03-18T14:21:20","date_gmt":"2022-03-18T13:21:20","guid":{"rendered":"https:\/\/www.international.grandestdeveloppement.fr\/?page_id=3389"},"modified":"2025-08-28T17:11:03","modified_gmt":"2025-08-28T15:11:03","slug":"digital","status":"publish","type":"page","link":"https:\/\/international.grandestdeveloppement.fr\/de\/digital\/","title":{"rendered":"Digital"},"content":{"rendered":"\n<p>Als <strong>f\u00fchrender Sektor<\/strong> in Ostfrankreich ist der digitale Bereich <strong>stark vertreten und unterst\u00fctzt<\/strong>. Unternehmen, Start-ups, Inkubatoren, Schulungen: alles wird eingesetzt, um Ihre Niederlassung zu f\u00f6rdern.&nbsp;&nbsp;&nbsp;<\/p>\n\n\n<div class=\"bloc-chiffrescles grid tn:grid-cols-2 md:grid-cols-3 gap-8\">\n                <div class=\"bloc-chiffrescles--chiffreCle flex flex-col\">\n            <div class=\"bloc-chiffrescles--chiffre text-bold\">9.000 Unternehmen,<\/div>\n            <div class=\"bloc-chiffrescles--titre h3-like\">darunter 1.500 Start-ups\u00a0<\/div>\n            <div class=\"bloc-chiffrescles--sousTitre ml-4\">in Ostfrankreich<\/div>\n        <\/div>\n            <div class=\"bloc-chiffrescles--chiffreCle flex flex-col\">\n            <div class=\"bloc-chiffrescles--chiffre text-bold\">34.000 Arbeitspl\u00e4tze,<\/div>\n            <div class=\"bloc-chiffrescles--titre h3-like\">davon 30.100 Angestellte\u00a0\u00a0<\/div>\n            <div class=\"bloc-chiffrescles--sousTitre ml-4\">in Ostfrankreich<\/div>\n        <\/div>\n            <div class=\"bloc-chiffrescles--chiffreCle flex flex-col\">\n            <div class=\"bloc-chiffrescles--chiffre text-bold\">10.000 Forscher\u00a0\u00a0<\/div>\n            <div class=\"bloc-chiffrescles--titre h3-like\">24 universit\u00e4re Ausbildungs- programme<\/div>\n            <div class=\"bloc-chiffrescles--sousTitre ml-4\">in Ostfrankreich<\/div>\n        <\/div>\n    <\/div>\n\n\n\n<p><\/p>\n\n\n\n<h2 class=\"wp-block-heading\"><strong>Ostfrankreichs ehrgeiziges digitales \u00d6kosystem&nbsp;<\/strong><\/h2>\n\n\n\n<p>Ostfrankreich verf\u00fcgt \u00fcber ein <strong>gro\u00dfes Netzwerk von Unternehmern<\/strong> im digitalen Sektor, das von gro\u00dfen, international bekannten Unternehmen bis hin zu Start-ups und Scale-ups reicht, die sich in voller Bl\u00fcte entfalten. Unterst\u00fctzung bieten <strong>Gr\u00fcnderzentren, der regionale Accelerator und zahlreiche Verb\u00e4nde<\/strong> wie <a href=\"https:\/\/grandestnumerique.org\">Grand Est Num\u00e9rique<\/a>, von denen einige grenz\u00fcberschreitend zusammenarbeiten.&nbsp;&nbsp;<\/p>\n\n\n\n<p>Die Region verf\u00fcgt \u00fcber <strong>leistungsstarke Infrastrukturen im Bereich der Glasfasertechnik, der Rechenzentren und der Betreiber<\/strong> und stellt den Unternehmen einen <a href=\"https:\/\/romeo.univ-reims.fr\/pages\">Supercomputer, Romeo, <\/a>mit 1 Petaflop\/s zur Verf\u00fcgung. Mit dem Plan f\u00fcr k\u00fcnstliche Intelligenz Grand Est, dem Grand Est Business Act und der aktiven Teilnahme an den europ\u00e4ischen Projekten <a href=\"https:\/\/digital-strategy.ec.europa.eu\/fr\/activities\/edihs\">EDIH<\/a> und GAIA-X ist Ostfrankreich auch <strong>Teil einer europ\u00e4ischen Dynamik<\/strong>.&nbsp;&nbsp;&nbsp;<\/p>\n\n\n\n<p><\/p>\n\n\n\n<h2 class=\"wp-block-heading\"><strong><strong>Ausbildung und Forschung: ein vielf\u00e4ltiges und effizientes Angebot<\/strong><\/strong><\/h2>\n\n\n\n<p>In der Region gibt es bedeutende <strong>Ingenieurschulen<\/strong>, darunter <a href=\"https:\/\/www.ensisa.uha.fr\/\">ENSISa<\/a>, <a href=\"https:\/\/supdeweb.com\/strasbourg\">SUPDEWEB<\/a>&#8230; Dar\u00fcber hinaus tragen 33 Studieng\u00e4nge das Label &#8220;<strong>Grande \u00e9cole du num\u00e9rique<\/strong>&#8220;.&nbsp;&nbsp;&nbsp;<\/p>\n\n\n\n<p>Ostfrankreich und sein Grenzgebiet weisen eine <strong>der h\u00f6chsten Konzentrationen von F&amp;E-Labors in Europa <\/strong>auf, insbesondere in den Bereichen Informatik, Bildgebung, KI und Robotik.\u00a0<\/p>\n","protected":false},"excerpt":{"rendered":"<p>Als f\u00fchrender Sektor in Ostfrankreich ist der digitale Bereich stark vertreten und unterst\u00fctzt. Unternehmen, Start-ups, Inkubatoren, Schulungen: alles wird eingesetzt, um Ihre Niederlassung zu f\u00f6rdern.&nbsp;&nbsp;&nbsp; Ostfrankreichs ehrgeiziges digitales \u00d6kosystem&nbsp; Ostfrankreich [&hellip;]<\/p>\n","protected":false},"author":1,"featured_media":6823,"parent":0,"menu_order":0,"comment_status":"closed","ping_status":"closed","template":"template-secteur.php","meta":{"_acf_changed":false,"_relevanssi_hide_post":"","_relevanssi_pin_for_all":"","_relevanssi_pin_keywords":"","_relevanssi_unpin_keywords":"","_relevanssi_related_keywords":"","_relevanssi_related_include_ids":"","_relevanssi_related_exclude_ids":"","_relevanssi_related_no_append":"","_relevanssi_related_not_related":"","_relevanssi_related_posts":"3458,3493,3448,3461,3476,3437","_relevanssi_noindex_reason":"","inline_featured_image":false,"footnotes":""},"categorie-businessFunction":[],"categorie-secteur":[130],"categorie-nationalite":[],"categorie-territoire":[],"categorie-service":[],"class_list":["post-3389","page","type-page","status-publish","has-post-thumbnail","hentry","categorie-secteur-digital"],"acf":[],"yoast_head":"<!-- This site is optimized with the Yoast SEO plugin v27.3 - https:\/\/yoast.com\/product\/yoast-seo-wordpress\/ -->\n<title>Digital - Invest Eastern France<\/title>\n<meta name=\"robots\" content=\"index, follow, max-snippet:-1, max-image-preview:large, max-video-preview:-1\" \/>\n<link rel=\"canonical\" href=\"https:\/\/international.grandestdeveloppement.fr\/de\/digital\/\" \/>\n<meta property=\"og:locale\" content=\"de_DE\" \/>\n<meta property=\"og:type\" content=\"article\" \/>\n<meta property=\"og:title\" content=\"Digital - Invest Eastern France\" \/>\n<meta property=\"og:description\" content=\"Als f\u00fchrender Sektor in Ostfrankreich ist der digitale Bereich stark vertreten und unterst\u00fctzt. Unternehmen, Start-ups, Inkubatoren, Schulungen: alles wird eingesetzt, um Ihre Niederlassung zu f\u00f6rdern.&nbsp;&nbsp;&nbsp; Ostfrankreichs ehrgeiziges digitales \u00d6kosystem&nbsp; Ostfrankreich [&hellip;]\" \/>\n<meta property=\"og:url\" content=\"https:\/\/international.grandestdeveloppement.fr\/de\/digital\/\" \/>\n<meta property=\"og:site_name\" content=\"Invest Eastern France\" \/>\n<meta property=\"article:modified_time\" content=\"2025-08-28T15:11:03+00:00\" \/>\n<meta property=\"og:image\" content=\"https:\/\/international.grandestdeveloppement.fr\/wp-content\/uploads\/2023\/01\/AdobeStock_288623293-scaled.jpeg\" \/>\n\t<meta property=\"og:image:width\" content=\"2560\" \/>\n\t<meta property=\"og:image:height\" content=\"1064\" \/>\n\t<meta property=\"og:image:type\" content=\"image\/jpeg\" \/>\n<meta name=\"twitter:card\" content=\"summary_large_image\" \/>\n<meta name=\"twitter:label1\" content=\"Est. reading time\" \/>\n\t<meta name=\"twitter:data1\" content=\"2 minutes\" \/>\n<script type=\"application\/ld+json\" class=\"yoast-schema-graph\">{\"@context\":\"https:\\\/\\\/schema.org\",\"@graph\":[{\"@type\":\"WebPage\",\"@id\":\"https:\\\/\\\/international.grandestdeveloppement.fr\\\/de\\\/digital\\\/\",\"url\":\"https:\\\/\\\/international.grandestdeveloppement.fr\\\/de\\\/digital\\\/\",\"name\":\"Digital - Invest Eastern France\",\"isPartOf\":{\"@id\":\"https:\\\/\\\/international.grandestdeveloppement.fr\\\/de\\\/#website\"},\"primaryImageOfPage\":{\"@id\":\"https:\\\/\\\/international.grandestdeveloppement.fr\\\/de\\\/digital\\\/#primaryimage\"},\"image\":{\"@id\":\"https:\\\/\\\/international.grandestdeveloppement.fr\\\/de\\\/digital\\\/#primaryimage\"},\"thumbnailUrl\":\"https:\\\/\\\/international.grandestdeveloppement.fr\\\/wp-content\\\/uploads\\\/2023\\\/01\\\/AdobeStock_288623293-scaled.jpeg\",\"datePublished\":\"2022-03-18T13:21:20+00:00\",\"dateModified\":\"2025-08-28T15:11:03+00:00\",\"breadcrumb\":{\"@id\":\"https:\\\/\\\/international.grandestdeveloppement.fr\\\/de\\\/digital\\\/#breadcrumb\"},\"inLanguage\":\"de-DE\",\"potentialAction\":[{\"@type\":\"ReadAction\",\"target\":[\"https:\\\/\\\/international.grandestdeveloppement.fr\\\/de\\\/digital\\\/\"]}]},{\"@type\":\"ImageObject\",\"inLanguage\":\"de-DE\",\"@id\":\"https:\\\/\\\/international.grandestdeveloppement.fr\\\/de\\\/digital\\\/#primaryimage\",\"url\":\"https:\\\/\\\/international.grandestdeveloppement.fr\\\/wp-content\\\/uploads\\\/2023\\\/01\\\/AdobeStock_288623293-scaled.jpeg\",\"contentUrl\":\"https:\\\/\\\/international.grandestdeveloppement.fr\\\/wp-content\\\/uploads\\\/2023\\\/01\\\/AdobeStock_288623293-scaled.jpeg\",\"width\":2560,\"height\":1064,\"caption\":\"Smart city and abstract dot point connect with gradient line and aesthetic Intricate wave line design , big data connection technology concept .\"},{\"@type\":\"BreadcrumbList\",\"@id\":\"https:\\\/\\\/international.grandestdeveloppement.fr\\\/de\\\/digital\\\/#breadcrumb\",\"itemListElement\":[{\"@type\":\"ListItem\",\"position\":1,\"name\":\"Accueil\",\"item\":\"https:\\\/\\\/international.grandestdeveloppement.fr\\\/de\\\/\"},{\"@type\":\"ListItem\",\"position\":2,\"name\":\"Digital\"}]},{\"@type\":\"WebSite\",\"@id\":\"https:\\\/\\\/international.grandestdeveloppement.fr\\\/de\\\/#website\",\"url\":\"https:\\\/\\\/international.grandestdeveloppement.fr\\\/de\\\/\",\"name\":\"Invest Eastern France\",\"description\":\"\",\"publisher\":{\"@id\":\"https:\\\/\\\/international.grandestdeveloppement.fr\\\/de\\\/#organization\"},\"potentialAction\":[{\"@type\":\"SearchAction\",\"target\":{\"@type\":\"EntryPoint\",\"urlTemplate\":\"https:\\\/\\\/international.grandestdeveloppement.fr\\\/de\\\/?s={search_term_string}\"},\"query-input\":{\"@type\":\"PropertyValueSpecification\",\"valueRequired\":true,\"valueName\":\"search_term_string\"}}],\"inLanguage\":\"de-DE\"},{\"@type\":\"Organization\",\"@id\":\"https:\\\/\\\/international.grandestdeveloppement.fr\\\/de\\\/#organization\",\"name\":\"Invest Eastern France\",\"url\":\"https:\\\/\\\/international.grandestdeveloppement.fr\\\/de\\\/\",\"logo\":{\"@type\":\"ImageObject\",\"inLanguage\":\"de-DE\",\"@id\":\"https:\\\/\\\/international.grandestdeveloppement.fr\\\/de\\\/#\\\/schema\\\/logo\\\/image\\\/\",\"url\":\"https:\\\/\\\/www.international.grandestdeveloppement.fr\\\/wp-content\\\/uploads\\\/2021\\\/08\\\/logo-invest-eastern-france.png\",\"contentUrl\":\"https:\\\/\\\/www.international.grandestdeveloppement.fr\\\/wp-content\\\/uploads\\\/2021\\\/08\\\/logo-invest-eastern-france.png\",\"width\":500,\"height\":180,\"caption\":\"Invest Eastern France\"},\"image\":{\"@id\":\"https:\\\/\\\/international.grandestdeveloppement.fr\\\/de\\\/#\\\/schema\\\/logo\\\/image\\\/\"}}]}<\/script>\n<!-- \/ Yoast SEO plugin. -->","yoast_head_json":{"title":"Digital - Invest Eastern France","robots":{"index":"index","follow":"follow","max-snippet":"max-snippet:-1","max-image-preview":"max-image-preview:large","max-video-preview":"max-video-preview:-1"},"canonical":"https:\/\/international.grandestdeveloppement.fr\/de\/digital\/","og_locale":"de_DE","og_type":"article","og_title":"Digital - Invest Eastern France","og_description":"Als f\u00fchrender Sektor in Ostfrankreich ist der digitale Bereich stark vertreten und unterst\u00fctzt. Unternehmen, Start-ups, Inkubatoren, Schulungen: alles wird eingesetzt, um Ihre Niederlassung zu f\u00f6rdern.&nbsp;&nbsp;&nbsp; Ostfrankreichs ehrgeiziges digitales \u00d6kosystem&nbsp; Ostfrankreich [&hellip;]","og_url":"https:\/\/international.grandestdeveloppement.fr\/de\/digital\/","og_site_name":"Invest Eastern France","article_modified_time":"2025-08-28T15:11:03+00:00","og_image":[{"width":2560,"height":1064,"url":"https:\/\/international.grandestdeveloppement.fr\/wp-content\/uploads\/2023\/01\/AdobeStock_288623293-scaled.jpeg","type":"image\/jpeg"}],"twitter_card":"summary_large_image","twitter_misc":{"Est. reading time":"2 minutes"},"schema":{"@context":"https:\/\/schema.org","@graph":[{"@type":"WebPage","@id":"https:\/\/international.grandestdeveloppement.fr\/de\/digital\/","url":"https:\/\/international.grandestdeveloppement.fr\/de\/digital\/","name":"Digital - Invest Eastern France","isPartOf":{"@id":"https:\/\/international.grandestdeveloppement.fr\/de\/#website"},"primaryImageOfPage":{"@id":"https:\/\/international.grandestdeveloppement.fr\/de\/digital\/#primaryimage"},"image":{"@id":"https:\/\/international.grandestdeveloppement.fr\/de\/digital\/#primaryimage"},"thumbnailUrl":"https:\/\/international.grandestdeveloppement.fr\/wp-content\/uploads\/2023\/01\/AdobeStock_288623293-scaled.jpeg","datePublished":"2022-03-18T13:21:20+00:00","dateModified":"2025-08-28T15:11:03+00:00","breadcrumb":{"@id":"https:\/\/international.grandestdeveloppement.fr\/de\/digital\/#breadcrumb"},"inLanguage":"de-DE","potentialAction":[{"@type":"ReadAction","target":["https:\/\/international.grandestdeveloppement.fr\/de\/digital\/"]}]},{"@type":"ImageObject","inLanguage":"de-DE","@id":"https:\/\/international.grandestdeveloppement.fr\/de\/digital\/#primaryimage","url":"https:\/\/international.grandestdeveloppement.fr\/wp-content\/uploads\/2023\/01\/AdobeStock_288623293-scaled.jpeg","contentUrl":"https:\/\/international.grandestdeveloppement.fr\/wp-content\/uploads\/2023\/01\/AdobeStock_288623293-scaled.jpeg","width":2560,"height":1064,"caption":"Smart city and abstract dot point connect with gradient line and aesthetic Intricate wave line design , big data connection technology concept ."},{"@type":"BreadcrumbList","@id":"https:\/\/international.grandestdeveloppement.fr\/de\/digital\/#breadcrumb","itemListElement":[{"@type":"ListItem","position":1,"name":"Accueil","item":"https:\/\/international.grandestdeveloppement.fr\/de\/"},{"@type":"ListItem","position":2,"name":"Digital"}]},{"@type":"WebSite","@id":"https:\/\/international.grandestdeveloppement.fr\/de\/#website","url":"https:\/\/international.grandestdeveloppement.fr\/de\/","name":"Invest Eastern France","description":"","publisher":{"@id":"https:\/\/international.grandestdeveloppement.fr\/de\/#organization"},"potentialAction":[{"@type":"SearchAction","target":{"@type":"EntryPoint","urlTemplate":"https:\/\/international.grandestdeveloppement.fr\/de\/?s={search_term_string}"},"query-input":{"@type":"PropertyValueSpecification","valueRequired":true,"valueName":"search_term_string"}}],"inLanguage":"de-DE"},{"@type":"Organization","@id":"https:\/\/international.grandestdeveloppement.fr\/de\/#organization","name":"Invest Eastern France","url":"https:\/\/international.grandestdeveloppement.fr\/de\/","logo":{"@type":"ImageObject","inLanguage":"de-DE","@id":"https:\/\/international.grandestdeveloppement.fr\/de\/#\/schema\/logo\/image\/","url":"https:\/\/www.international.grandestdeveloppement.fr\/wp-content\/uploads\/2021\/08\/logo-invest-eastern-france.png","contentUrl":"https:\/\/www.international.grandestdeveloppement.fr\/wp-content\/uploads\/2021\/08\/logo-invest-eastern-france.png","width":500,"height":180,"caption":"Invest Eastern France"},"image":{"@id":"https:\/\/international.grandestdeveloppement.fr\/de\/#\/schema\/logo\/image\/"}}]}},"publishpress_future_action":{"enabled":false,"date":"2026-04-25 09:40:49","action":"change-status","newStatus":"draft","terms":[],"taxonomy":"translation_priority","extraData":[]},"publishpress_future_workflow_manual_trigger":{"enabledWorkflows":[]},"_links":{"self":[{"href":"https:\/\/international.grandestdeveloppement.fr\/de\/wp-json\/wp\/v2\/pages\/3389","targetHints":{"allow":["GET"]}}],"collection":[{"href":"https:\/\/international.grandestdeveloppement.fr\/de\/wp-json\/wp\/v2\/pages"}],"about":[{"href":"https:\/\/international.grandestdeveloppement.fr\/de\/wp-json\/wp\/v2\/types\/page"}],"author":[{"embeddable":true,"href":"https:\/\/international.grandestdeveloppement.fr\/de\/wp-json\/wp\/v2\/users\/1"}],"replies":[{"embeddable":true,"href":"https:\/\/international.grandestdeveloppement.fr\/de\/wp-json\/wp\/v2\/comments?post=3389"}],"version-history":[{"count":11,"href":"https:\/\/international.grandestdeveloppement.fr\/de\/wp-json\/wp\/v2\/pages\/3389\/revisions"}],"predecessor-version":[{"id":16928,"href":"https:\/\/international.grandestdeveloppement.fr\/de\/wp-json\/wp\/v2\/pages\/3389\/revisions\/16928"}],"wp:featuredmedia":[{"embeddable":true,"href":"https:\/\/international.grandestdeveloppement.fr\/de\/wp-json\/wp\/v2\/media\/6823"}],"wp:attachment":[{"href":"https:\/\/international.grandestdeveloppement.fr\/de\/wp-json\/wp\/v2\/media?parent=3389"}],"wp:term":[{"taxonomy":"categorie-businessFunction","embeddable":true,"href":"https:\/\/international.grandestdeveloppement.fr\/de\/wp-json\/wp\/v2\/categorie-businessFunction?post=3389"},{"taxonomy":"categorie-secteur","embeddable":true,"href":"https:\/\/international.grandestdeveloppement.fr\/de\/wp-json\/wp\/v2\/categorie-secteur?post=3389"},{"taxonomy":"categorie-nationalite","embeddable":true,"href":"https:\/\/international.grandestdeveloppement.fr\/de\/wp-json\/wp\/v2\/categorie-nationalite?post=3389"},{"taxonomy":"categorie-territoire","embeddable":true,"href":"https:\/\/international.grandestdeveloppement.fr\/de\/wp-json\/wp\/v2\/categorie-territoire?post=3389"},{"taxonomy":"categorie-service","embeddable":true,"href":"https:\/\/international.grandestdeveloppement.fr\/de\/wp-json\/wp\/v2\/categorie-service?post=3389"}],"curies":[{"name":"wp","href":"https:\/\/api.w.org\/{rel}","templated":true}]}}