{"id":3393,"date":"2022-03-18T14:26:57","date_gmt":"2022-03-18T13:26:57","guid":{"rendered":"https:\/\/www.international.grandestdeveloppement.fr\/?page_id=3393"},"modified":"2026-02-16T11:20:49","modified_gmt":"2026-02-16T10:20:49","slug":"cleantech","status":"publish","type":"page","link":"https:\/\/international.grandestdeveloppement.fr\/de\/cleantech\/","title":{"rendered":"Cleantech"},"content":{"rendered":"\n<p>Im Jahr 2025 werden Umwelttechnologien einen Weltmarkt von 4.400 Mrd. \u20ac ausmachen, doppelt so viel wie im Jahr 2010. Ostfrankreich ist eine der f\u00fchrenden Regionen in diesem Bereich.&nbsp;&nbsp;<\/p>\n\n\n\n<h2 class=\"wp-block-heading\"><strong>Kennzahlen<\/strong><\/h2>\n\n\n\n<ul class=\"wp-block-list\">\n<li>5.800 Unternehmen im Umweltsektor<\/li>\n<\/ul>\n\n\n\n<h2 class=\"wp-block-heading\"><strong><strong>Ostfrankreich, Experte in der Wasser- und Abfallwirtschaft&nbsp;&nbsp;<\/strong><\/strong><\/h2>\n\n\n\n<p>Frankreich ist in Europa f\u00fchrend bei der Energieerzeugung aus Abfallrecycling, und die weltweit f\u00fchrenden Unternehmen der Wasser- und Abfallwirtschaft sind in Ostfrankreich angesiedelt. Cleantech ist f\u00fcr die Region von gro\u00dfer Bedeutung, da die Umweltprobleme aufgrund der geografischen N\u00e4he zu Deutschland, Belgien, der Schweiz und Luxemburg an Bedeutung gewonnen haben.<\/p>\n\n\n\n<h2 class=\"wp-block-heading\"><strong><strong>Exzellenznetze zur Unterst\u00fctzung des Sektors&nbsp;&nbsp;<\/strong><\/strong><\/h2>\n\n\n\n<p><a href=\"https:\/\/www.hydreos.fr\/EN\/home.html\">Aquanova<\/a>, ein Cluster des Wassersektors in Ostfrankreich, ist in den Bereichen nachhaltige Wasserinfrastruktur, intelligentes Wassermanagement und Feuchtgebiets\u00f6kosysteme t\u00e4tig. HYDREOS hat 160 Mitglieder, darunter Unternehmen, Laboren und lokale Beh\u00f6rden.&nbsp;&nbsp;&nbsp;<\/p>\n\n\n\n<p>Der <a href=\"https:\/\/www.vehiculedufutur.com\/\">Cluster V\u00e9hicule du Futur <\/a>sind ebenfalls im Bereich Cleantech aktiv und beteiligen sich an der globalen Vision des Sektors, indem sie Projekte f\u00f6rdern, die auf nachhaltige Entwicklung ausgerichtet sind. Dar\u00fcber hinaus arbeiten mehr als 500 Forscher in den Universit\u00e4ten und Unternehmen der Region im Bereich Wasser.\u00a0\u00a0<\/p>\n\n\n\n<p><\/p>\n","protected":false},"excerpt":{"rendered":"<p>Im Jahr 2025 werden Umwelttechnologien einen Weltmarkt von 4.400 Mrd. \u20ac ausmachen, doppelt so viel wie im Jahr 2010. Ostfrankreich ist eine der f\u00fchrenden Regionen in diesem Bereich.&nbsp;&nbsp; Kennzahlen Ostfrankreich, [&hellip;]<\/p>\n","protected":false},"author":1,"featured_media":489,"parent":0,"menu_order":0,"comment_status":"closed","ping_status":"closed","template":"template-secteur.php","meta":{"_acf_changed":false,"_relevanssi_hide_post":"","_relevanssi_pin_for_all":"","_relevanssi_pin_keywords":"","_relevanssi_unpin_keywords":"","_relevanssi_related_keywords":"","_relevanssi_related_include_ids":"","_relevanssi_related_exclude_ids":"","_relevanssi_related_no_append":"","_relevanssi_related_not_related":"","_relevanssi_related_posts":"3465,3461,4849,3448,3484,3443","_relevanssi_noindex_reason":"","inline_featured_image":false,"footnotes":""},"categorie-businessFunction":[],"categorie-secteur":[125],"categorie-nationalite":[],"categorie-territoire":[],"categorie-service":[],"class_list":["post-3393","page","type-page","status-publish","has-post-thumbnail","hentry","categorie-secteur-cleantech"],"acf":[],"yoast_head":"<!-- This site is optimized with the Yoast SEO plugin v27.3 - https:\/\/yoast.com\/product\/yoast-seo-wordpress\/ -->\n<title>Cleantech - Invest Eastern France<\/title>\n<meta name=\"robots\" content=\"index, follow, max-snippet:-1, max-image-preview:large, max-video-preview:-1\" \/>\n<link rel=\"canonical\" href=\"https:\/\/international.grandestdeveloppement.fr\/de\/cleantech\/\" \/>\n<meta property=\"og:locale\" content=\"de_DE\" \/>\n<meta property=\"og:type\" content=\"article\" \/>\n<meta property=\"og:title\" content=\"Cleantech - Invest Eastern France\" \/>\n<meta property=\"og:description\" content=\"Im Jahr 2025 werden Umwelttechnologien einen Weltmarkt von 4.400 Mrd. \u20ac ausmachen, doppelt so viel wie im Jahr 2010. Ostfrankreich ist eine der f\u00fchrenden Regionen in diesem Bereich.&nbsp;&nbsp; Kennzahlen Ostfrankreich, [&hellip;]\" \/>\n<meta property=\"og:url\" content=\"https:\/\/international.grandestdeveloppement.fr\/de\/cleantech\/\" \/>\n<meta property=\"og:site_name\" content=\"Invest Eastern France\" \/>\n<meta property=\"article:modified_time\" content=\"2026-02-16T10:20:49+00:00\" \/>\n<meta property=\"og:image\" content=\"https:\/\/international.grandestdeveloppement.fr\/wp-content\/uploads\/2021\/10\/cleantech.jpeg\" \/>\n\t<meta property=\"og:image:width\" content=\"1500\" \/>\n\t<meta property=\"og:image:height\" content=\"931\" \/>\n\t<meta property=\"og:image:type\" content=\"image\/jpeg\" \/>\n<meta name=\"twitter:card\" content=\"summary_large_image\" \/>\n<meta name=\"twitter:label1\" content=\"Est. reading time\" \/>\n\t<meta name=\"twitter:data1\" content=\"1 minute\" \/>\n<script type=\"application\/ld+json\" class=\"yoast-schema-graph\">{\"@context\":\"https:\\\/\\\/schema.org\",\"@graph\":[{\"@type\":\"WebPage\",\"@id\":\"https:\\\/\\\/international.grandestdeveloppement.fr\\\/de\\\/cleantech\\\/\",\"url\":\"https:\\\/\\\/international.grandestdeveloppement.fr\\\/de\\\/cleantech\\\/\",\"name\":\"Cleantech - Invest Eastern France\",\"isPartOf\":{\"@id\":\"https:\\\/\\\/international.grandestdeveloppement.fr\\\/de\\\/#website\"},\"primaryImageOfPage\":{\"@id\":\"https:\\\/\\\/international.grandestdeveloppement.fr\\\/de\\\/cleantech\\\/#primaryimage\"},\"image\":{\"@id\":\"https:\\\/\\\/international.grandestdeveloppement.fr\\\/de\\\/cleantech\\\/#primaryimage\"},\"thumbnailUrl\":\"https:\\\/\\\/international.grandestdeveloppement.fr\\\/wp-content\\\/uploads\\\/2021\\\/10\\\/cleantech.jpeg\",\"datePublished\":\"2022-03-18T13:26:57+00:00\",\"dateModified\":\"2026-02-16T10:20:49+00:00\",\"breadcrumb\":{\"@id\":\"https:\\\/\\\/international.grandestdeveloppement.fr\\\/de\\\/cleantech\\\/#breadcrumb\"},\"inLanguage\":\"de-DE\",\"potentialAction\":[{\"@type\":\"ReadAction\",\"target\":[\"https:\\\/\\\/international.grandestdeveloppement.fr\\\/de\\\/cleantech\\\/\"]}]},{\"@type\":\"ImageObject\",\"inLanguage\":\"de-DE\",\"@id\":\"https:\\\/\\\/international.grandestdeveloppement.fr\\\/de\\\/cleantech\\\/#primaryimage\",\"url\":\"https:\\\/\\\/international.grandestdeveloppement.fr\\\/wp-content\\\/uploads\\\/2021\\\/10\\\/cleantech.jpeg\",\"contentUrl\":\"https:\\\/\\\/international.grandestdeveloppement.fr\\\/wp-content\\\/uploads\\\/2021\\\/10\\\/cleantech.jpeg\",\"width\":1500,\"height\":931,\"caption\":\"Onshore wind farm in the Northern part of Galicia, Spain.\"},{\"@type\":\"BreadcrumbList\",\"@id\":\"https:\\\/\\\/international.grandestdeveloppement.fr\\\/de\\\/cleantech\\\/#breadcrumb\",\"itemListElement\":[{\"@type\":\"ListItem\",\"position\":1,\"name\":\"Accueil\",\"item\":\"https:\\\/\\\/international.grandestdeveloppement.fr\\\/de\\\/\"},{\"@type\":\"ListItem\",\"position\":2,\"name\":\"Cleantech\"}]},{\"@type\":\"WebSite\",\"@id\":\"https:\\\/\\\/international.grandestdeveloppement.fr\\\/de\\\/#website\",\"url\":\"https:\\\/\\\/international.grandestdeveloppement.fr\\\/de\\\/\",\"name\":\"Invest Eastern France\",\"description\":\"\",\"publisher\":{\"@id\":\"https:\\\/\\\/international.grandestdeveloppement.fr\\\/de\\\/#organization\"},\"potentialAction\":[{\"@type\":\"SearchAction\",\"target\":{\"@type\":\"EntryPoint\",\"urlTemplate\":\"https:\\\/\\\/international.grandestdeveloppement.fr\\\/de\\\/?s={search_term_string}\"},\"query-input\":{\"@type\":\"PropertyValueSpecification\",\"valueRequired\":true,\"valueName\":\"search_term_string\"}}],\"inLanguage\":\"de-DE\"},{\"@type\":\"Organization\",\"@id\":\"https:\\\/\\\/international.grandestdeveloppement.fr\\\/de\\\/#organization\",\"name\":\"Invest Eastern France\",\"url\":\"https:\\\/\\\/international.grandestdeveloppement.fr\\\/de\\\/\",\"logo\":{\"@type\":\"ImageObject\",\"inLanguage\":\"de-DE\",\"@id\":\"https:\\\/\\\/international.grandestdeveloppement.fr\\\/de\\\/#\\\/schema\\\/logo\\\/image\\\/\",\"url\":\"https:\\\/\\\/www.international.grandestdeveloppement.fr\\\/wp-content\\\/uploads\\\/2021\\\/08\\\/logo-invest-eastern-france.png\",\"contentUrl\":\"https:\\\/\\\/www.international.grandestdeveloppement.fr\\\/wp-content\\\/uploads\\\/2021\\\/08\\\/logo-invest-eastern-france.png\",\"width\":500,\"height\":180,\"caption\":\"Invest Eastern France\"},\"image\":{\"@id\":\"https:\\\/\\\/international.grandestdeveloppement.fr\\\/de\\\/#\\\/schema\\\/logo\\\/image\\\/\"}}]}<\/script>\n<!-- \/ Yoast SEO plugin. -->","yoast_head_json":{"title":"Cleantech - Invest Eastern France","robots":{"index":"index","follow":"follow","max-snippet":"max-snippet:-1","max-image-preview":"max-image-preview:large","max-video-preview":"max-video-preview:-1"},"canonical":"https:\/\/international.grandestdeveloppement.fr\/de\/cleantech\/","og_locale":"de_DE","og_type":"article","og_title":"Cleantech - Invest Eastern France","og_description":"Im Jahr 2025 werden Umwelttechnologien einen Weltmarkt von 4.400 Mrd. \u20ac ausmachen, doppelt so viel wie im Jahr 2010. Ostfrankreich ist eine der f\u00fchrenden Regionen in diesem Bereich.&nbsp;&nbsp; Kennzahlen Ostfrankreich, [&hellip;]","og_url":"https:\/\/international.grandestdeveloppement.fr\/de\/cleantech\/","og_site_name":"Invest Eastern France","article_modified_time":"2026-02-16T10:20:49+00:00","og_image":[{"width":1500,"height":931,"url":"https:\/\/international.grandestdeveloppement.fr\/wp-content\/uploads\/2021\/10\/cleantech.jpeg","type":"image\/jpeg"}],"twitter_card":"summary_large_image","twitter_misc":{"Est. reading time":"1 minute"},"schema":{"@context":"https:\/\/schema.org","@graph":[{"@type":"WebPage","@id":"https:\/\/international.grandestdeveloppement.fr\/de\/cleantech\/","url":"https:\/\/international.grandestdeveloppement.fr\/de\/cleantech\/","name":"Cleantech - Invest Eastern France","isPartOf":{"@id":"https:\/\/international.grandestdeveloppement.fr\/de\/#website"},"primaryImageOfPage":{"@id":"https:\/\/international.grandestdeveloppement.fr\/de\/cleantech\/#primaryimage"},"image":{"@id":"https:\/\/international.grandestdeveloppement.fr\/de\/cleantech\/#primaryimage"},"thumbnailUrl":"https:\/\/international.grandestdeveloppement.fr\/wp-content\/uploads\/2021\/10\/cleantech.jpeg","datePublished":"2022-03-18T13:26:57+00:00","dateModified":"2026-02-16T10:20:49+00:00","breadcrumb":{"@id":"https:\/\/international.grandestdeveloppement.fr\/de\/cleantech\/#breadcrumb"},"inLanguage":"de-DE","potentialAction":[{"@type":"ReadAction","target":["https:\/\/international.grandestdeveloppement.fr\/de\/cleantech\/"]}]},{"@type":"ImageObject","inLanguage":"de-DE","@id":"https:\/\/international.grandestdeveloppement.fr\/de\/cleantech\/#primaryimage","url":"https:\/\/international.grandestdeveloppement.fr\/wp-content\/uploads\/2021\/10\/cleantech.jpeg","contentUrl":"https:\/\/international.grandestdeveloppement.fr\/wp-content\/uploads\/2021\/10\/cleantech.jpeg","width":1500,"height":931,"caption":"Onshore wind farm in the Northern part of Galicia, Spain."},{"@type":"BreadcrumbList","@id":"https:\/\/international.grandestdeveloppement.fr\/de\/cleantech\/#breadcrumb","itemListElement":[{"@type":"ListItem","position":1,"name":"Accueil","item":"https:\/\/international.grandestdeveloppement.fr\/de\/"},{"@type":"ListItem","position":2,"name":"Cleantech"}]},{"@type":"WebSite","@id":"https:\/\/international.grandestdeveloppement.fr\/de\/#website","url":"https:\/\/international.grandestdeveloppement.fr\/de\/","name":"Invest Eastern France","description":"","publisher":{"@id":"https:\/\/international.grandestdeveloppement.fr\/de\/#organization"},"potentialAction":[{"@type":"SearchAction","target":{"@type":"EntryPoint","urlTemplate":"https:\/\/international.grandestdeveloppement.fr\/de\/?s={search_term_string}"},"query-input":{"@type":"PropertyValueSpecification","valueRequired":true,"valueName":"search_term_string"}}],"inLanguage":"de-DE"},{"@type":"Organization","@id":"https:\/\/international.grandestdeveloppement.fr\/de\/#organization","name":"Invest Eastern France","url":"https:\/\/international.grandestdeveloppement.fr\/de\/","logo":{"@type":"ImageObject","inLanguage":"de-DE","@id":"https:\/\/international.grandestdeveloppement.fr\/de\/#\/schema\/logo\/image\/","url":"https:\/\/www.international.grandestdeveloppement.fr\/wp-content\/uploads\/2021\/08\/logo-invest-eastern-france.png","contentUrl":"https:\/\/www.international.grandestdeveloppement.fr\/wp-content\/uploads\/2021\/08\/logo-invest-eastern-france.png","width":500,"height":180,"caption":"Invest Eastern France"},"image":{"@id":"https:\/\/international.grandestdeveloppement.fr\/de\/#\/schema\/logo\/image\/"}}]}},"publishpress_future_action":{"enabled":false,"date":"2026-04-23 12:51:11","action":"change-status","newStatus":"draft","terms":[],"taxonomy":"translation_priority","extraData":[]},"publishpress_future_workflow_manual_trigger":{"enabledWorkflows":[]},"_links":{"self":[{"href":"https:\/\/international.grandestdeveloppement.fr\/de\/wp-json\/wp\/v2\/pages\/3393","targetHints":{"allow":["GET"]}}],"collection":[{"href":"https:\/\/international.grandestdeveloppement.fr\/de\/wp-json\/wp\/v2\/pages"}],"about":[{"href":"https:\/\/international.grandestdeveloppement.fr\/de\/wp-json\/wp\/v2\/types\/page"}],"author":[{"embeddable":true,"href":"https:\/\/international.grandestdeveloppement.fr\/de\/wp-json\/wp\/v2\/users\/1"}],"replies":[{"embeddable":true,"href":"https:\/\/international.grandestdeveloppement.fr\/de\/wp-json\/wp\/v2\/comments?post=3393"}],"version-history":[{"count":7,"href":"https:\/\/international.grandestdeveloppement.fr\/de\/wp-json\/wp\/v2\/pages\/3393\/revisions"}],"predecessor-version":[{"id":18526,"href":"https:\/\/international.grandestdeveloppement.fr\/de\/wp-json\/wp\/v2\/pages\/3393\/revisions\/18526"}],"wp:featuredmedia":[{"embeddable":true,"href":"https:\/\/international.grandestdeveloppement.fr\/de\/wp-json\/wp\/v2\/media\/489"}],"wp:attachment":[{"href":"https:\/\/international.grandestdeveloppement.fr\/de\/wp-json\/wp\/v2\/media?parent=3393"}],"wp:term":[{"taxonomy":"categorie-businessFunction","embeddable":true,"href":"https:\/\/international.grandestdeveloppement.fr\/de\/wp-json\/wp\/v2\/categorie-businessFunction?post=3393"},{"taxonomy":"categorie-secteur","embeddable":true,"href":"https:\/\/international.grandestdeveloppement.fr\/de\/wp-json\/wp\/v2\/categorie-secteur?post=3393"},{"taxonomy":"categorie-nationalite","embeddable":true,"href":"https:\/\/international.grandestdeveloppement.fr\/de\/wp-json\/wp\/v2\/categorie-nationalite?post=3393"},{"taxonomy":"categorie-territoire","embeddable":true,"href":"https:\/\/international.grandestdeveloppement.fr\/de\/wp-json\/wp\/v2\/categorie-territoire?post=3393"},{"taxonomy":"categorie-service","embeddable":true,"href":"https:\/\/international.grandestdeveloppement.fr\/de\/wp-json\/wp\/v2\/categorie-service?post=3393"}],"curies":[{"name":"wp","href":"https:\/\/api.w.org\/{rel}","templated":true}]}}