{"id":3398,"date":"2022-03-18T14:50:23","date_gmt":"2022-03-18T13:50:23","guid":{"rendered":"https:\/\/www.international.grandestdeveloppement.fr\/?page_id=3398"},"modified":"2024-11-04T17:18:18","modified_gmt":"2024-11-04T16:18:18","slug":"erneuerbarer-energien","status":"publish","type":"page","link":"https:\/\/international.grandestdeveloppement.fr\/de\/erneuerbarer-energien\/","title":{"rendered":"Erneuerbare Energien"},"content":{"rendered":"\n<p>Ostfrankreich ist seit Ende der 1990er Jahre ein Vorreiter bei der Einf\u00fchrung \u00f6ffentlicher Ma\u00dfnahmen zur F\u00f6rderung erneuerbarer Energien und nimmt bei der Energiewende eine f\u00fchrende Stellung ein.&nbsp;&nbsp;&nbsp;<\/p>\n\n\n\n<h2 class=\"wp-block-heading\"><strong>Kennzahlen <\/strong><\/h2>\n\n\n\n<ul class=\"wp-block-list\">\n<li>30 Milliarden Euro f\u00fcr den \u00f6kologischen \u00dcbergang&nbsp;&nbsp;&nbsp;<\/li>\n\n\n\n<li>2021\/22: 6,7 Milliarden Euro werden in die thermische Sanierung von Geb\u00e4uden investiert&nbsp;&nbsp;&nbsp;<\/li>\n\n\n\n<li>49.000 Unternehmen und 135.000 Besch\u00e4ftigte&nbsp;&nbsp;&nbsp;<\/li>\n<\/ul>\n\n\n\n<h2 class=\"wp-block-heading\"><strong>Ostfrankreich: Eine Region, die sich an allen Fronten engagiert&nbsp;&nbsp;<\/strong>&nbsp;<\/h2>\n\n\n\n<p>Ostfrankreich geh\u00f6rt zu den f\u00fchrenden Erzeugern in Frankreich bei Biogas (15 % der nationalen Produktion), Windkraft (22 %) und Biomasse (22 %). Es ist auch das franz\u00f6sische Zentrum f\u00fcr die technologische Entwicklung und Nutzung der Tiefengeothermie (Strom und W\u00e4rme). Au\u00dferdem r\u00e4umt es der Entwicklung des <a href=\"https:\/\/www.international.grandestdeveloppement.fr\/de\/erneuerbare-energien\/wasserstoff-ostfrankreich\/\">kohlenstoffarmen Wasserstoffsektors<\/a> Priorit\u00e4t ein. Und schlie\u00dflich ist sie dank der Vogesenw\u00e4lder einer der f\u00fchrenden Produzenten von Holzenergie.\u00a0\u00a0\u00a0<\/p>\n\n\n\n<p>Die Palette der erneuerbaren Energien in Ostfrankreich umfasst Wasserkraft, Windenergie, photovoltaische Solarenergie, Holzenergie, Wasserstoff, Geothermie, Aerothermie, Solarthermie und Agrotreibstoffe. Die Entwicklungen im Bereich der Tiefengeothermie haben auch zum Nachweis hoher Lithiumkonzentrationen im Grundwasser gef\u00fchrt. Die industrielle Nutzung dieser Ressource wird derzeit untersucht.\u00a0\u00a0<\/p>\n\n\n\n<h2 class=\"wp-block-heading\"><strong>Clusters, Ausbildung: erneuerbare Energien im Zentrum der Forschung&nbsp;<\/strong>&nbsp;<\/h2>\n\n\n\n<p>Zwei Cluster setzen ihre Kr\u00e4fte im Bereich der erneuerbaren Energien ein. Dabei handelt es sich um <a href=\"https:\/\/www.biogazvallee.eu\/\">Biogaz vall\u00e9e<\/a>, das sich mit der Methanisierung von landwirtschaftlichen und agroindustriellen R\u00fcckst\u00e4nden oder der selektiven Sammlung von Bioabf\u00e4llen befasst. Das zweite Cluster ist <a href=\"https:\/\/www.materalia.fr\/\">Materalia<\/a>, das Projekte f\u00fcr die Energiewende unterst\u00fctzt.\u00a0\u00a0\u00a0<\/p>\n\n\n\n<p>Gleichzeitig bildet unsere Region \u00fcber ihre Universit\u00e4ten und \u00f6ffentlichen Forschungseinrichtungen Ingenieure und Forscher aus. Dar\u00fcber hinaus bieten wir spezifische Ausbildungen im Bereich der erneuerbaren Energien an, wie z. B. <\/p>\n\n\n\n<ul class=\"wp-block-list\">\n<li>die Ausbildung zum Wartungstechniker f\u00fcr Windparks in Charleville-M\u00e9zi\u00e8res, <\/li>\n\n\n\n<li>die weltweite Zertifizierung des BZEE (BildungsZentrum f\u00fcr Erneuerbare Energien) <\/li>\n\n\n\n<li>und demn\u00e4chst die GWO (Global Wind Organisation).\u00a0\u00a0\u00a0<\/li>\n<\/ul>\n\n\n\n<p>\u00a0<\/p>\n","protected":false},"excerpt":{"rendered":"<p>Ostfrankreich ist seit Ende der 1990er Jahre ein Vorreiter bei der Einf\u00fchrung \u00f6ffentlicher Ma\u00dfnahmen zur F\u00f6rderung erneuerbarer Energien und nimmt bei der Energiewende eine f\u00fchrende Stellung ein.\u00a0\u00a0\u00a0<\/p>\n","protected":false},"author":1,"featured_media":504,"parent":0,"menu_order":0,"comment_status":"closed","ping_status":"closed","template":"template-secteur.php","meta":{"_acf_changed":false,"_relevanssi_hide_post":"","_relevanssi_pin_for_all":"","_relevanssi_pin_keywords":"","_relevanssi_unpin_keywords":"","_relevanssi_related_keywords":"","_relevanssi_related_include_ids":"","_relevanssi_related_exclude_ids":"","_relevanssi_related_no_append":"","_relevanssi_related_not_related":"","_relevanssi_related_posts":"3437,3493,3465,3469,4849,3448","_relevanssi_noindex_reason":"","inline_featured_image":false,"footnotes":""},"categorie-businessFunction":[],"categorie-secteur":[112],"categorie-nationalite":[],"categorie-territoire":[],"categorie-service":[],"class_list":["post-3398","page","type-page","status-publish","has-post-thumbnail","hentry","categorie-secteur-erneuerbare-energien"],"acf":[],"yoast_head":"<!-- This site is optimized with the Yoast SEO plugin v27.3 - https:\/\/yoast.com\/product\/yoast-seo-wordpress\/ -->\n<title>erneuerbarer Energien - Invest Eastern France<\/title>\n<meta name=\"description\" content=\"Ostfrankreich ist ein Vorreiter bei der F\u00f6rderung erneuerbarer Energien und nimmt bei der Energiewende eine f\u00fchrende Stellung ein.\u00a0\u00a0\" \/>\n<meta name=\"robots\" content=\"index, follow, max-snippet:-1, max-image-preview:large, max-video-preview:-1\" \/>\n<link rel=\"canonical\" href=\"https:\/\/international.grandestdeveloppement.fr\/de\/erneuerbarer-energien\/\" \/>\n<meta property=\"og:locale\" content=\"de_DE\" \/>\n<meta property=\"og:type\" content=\"article\" \/>\n<meta property=\"og:title\" content=\"erneuerbarer Energien - Invest Eastern France\" \/>\n<meta property=\"og:description\" content=\"Ostfrankreich ist ein Vorreiter bei der F\u00f6rderung erneuerbarer Energien und nimmt bei der Energiewende eine f\u00fchrende Stellung ein.\u00a0\u00a0\" \/>\n<meta property=\"og:url\" content=\"https:\/\/international.grandestdeveloppement.fr\/de\/erneuerbarer-energien\/\" \/>\n<meta property=\"og:site_name\" content=\"Invest Eastern France\" \/>\n<meta property=\"article:modified_time\" content=\"2024-11-04T16:18:18+00:00\" \/>\n<meta property=\"og:image\" content=\"https:\/\/international.grandestdeveloppement.fr\/wp-content\/uploads\/2021\/10\/Energie-renouvelable-Grand-Est-1.jpeg\" \/>\n\t<meta property=\"og:image:width\" content=\"1500\" \/>\n\t<meta property=\"og:image:height\" content=\"597\" \/>\n\t<meta property=\"og:image:type\" content=\"image\/jpeg\" \/>\n<meta name=\"twitter:card\" content=\"summary_large_image\" \/>\n<meta name=\"twitter:label1\" content=\"Est. reading time\" \/>\n\t<meta name=\"twitter:data1\" content=\"2 minutes\" \/>\n<script type=\"application\/ld+json\" class=\"yoast-schema-graph\">{\"@context\":\"https:\\\/\\\/schema.org\",\"@graph\":[{\"@type\":\"WebPage\",\"@id\":\"https:\\\/\\\/international.grandestdeveloppement.fr\\\/de\\\/erneuerbarer-energien\\\/\",\"url\":\"https:\\\/\\\/international.grandestdeveloppement.fr\\\/de\\\/erneuerbarer-energien\\\/\",\"name\":\"erneuerbarer Energien - Invest Eastern France\",\"isPartOf\":{\"@id\":\"https:\\\/\\\/international.grandestdeveloppement.fr\\\/de\\\/#website\"},\"primaryImageOfPage\":{\"@id\":\"https:\\\/\\\/international.grandestdeveloppement.fr\\\/de\\\/erneuerbarer-energien\\\/#primaryimage\"},\"image\":{\"@id\":\"https:\\\/\\\/international.grandestdeveloppement.fr\\\/de\\\/erneuerbarer-energien\\\/#primaryimage\"},\"thumbnailUrl\":\"https:\\\/\\\/international.grandestdeveloppement.fr\\\/wp-content\\\/uploads\\\/2021\\\/10\\\/Energie-renouvelable-Grand-Est-1.jpeg\",\"datePublished\":\"2022-03-18T13:50:23+00:00\",\"dateModified\":\"2024-11-04T16:18:18+00:00\",\"description\":\"Ostfrankreich ist ein Vorreiter bei der F\u00f6rderung erneuerbarer Energien und nimmt bei der Energiewende eine f\u00fchrende Stellung ein.\u00a0\u00a0\",\"breadcrumb\":{\"@id\":\"https:\\\/\\\/international.grandestdeveloppement.fr\\\/de\\\/erneuerbarer-energien\\\/#breadcrumb\"},\"inLanguage\":\"de-DE\",\"potentialAction\":[{\"@type\":\"ReadAction\",\"target\":[\"https:\\\/\\\/international.grandestdeveloppement.fr\\\/de\\\/erneuerbarer-energien\\\/\"]}]},{\"@type\":\"ImageObject\",\"inLanguage\":\"de-DE\",\"@id\":\"https:\\\/\\\/international.grandestdeveloppement.fr\\\/de\\\/erneuerbarer-energien\\\/#primaryimage\",\"url\":\"https:\\\/\\\/international.grandestdeveloppement.fr\\\/wp-content\\\/uploads\\\/2021\\\/10\\\/Energie-renouvelable-Grand-Est-1.jpeg\",\"contentUrl\":\"https:\\\/\\\/international.grandestdeveloppement.fr\\\/wp-content\\\/uploads\\\/2021\\\/10\\\/Energie-renouvelable-Grand-Est-1.jpeg\",\"width\":1500,\"height\":597,\"caption\":\"solar panels and wind power turbines in a sunset\"},{\"@type\":\"BreadcrumbList\",\"@id\":\"https:\\\/\\\/international.grandestdeveloppement.fr\\\/de\\\/erneuerbarer-energien\\\/#breadcrumb\",\"itemListElement\":[{\"@type\":\"ListItem\",\"position\":1,\"name\":\"Accueil\",\"item\":\"https:\\\/\\\/international.grandestdeveloppement.fr\\\/de\\\/\"},{\"@type\":\"ListItem\",\"position\":2,\"name\":\"Erneuerbare Energien\"}]},{\"@type\":\"WebSite\",\"@id\":\"https:\\\/\\\/international.grandestdeveloppement.fr\\\/de\\\/#website\",\"url\":\"https:\\\/\\\/international.grandestdeveloppement.fr\\\/de\\\/\",\"name\":\"Invest Eastern France\",\"description\":\"\",\"publisher\":{\"@id\":\"https:\\\/\\\/international.grandestdeveloppement.fr\\\/de\\\/#organization\"},\"potentialAction\":[{\"@type\":\"SearchAction\",\"target\":{\"@type\":\"EntryPoint\",\"urlTemplate\":\"https:\\\/\\\/international.grandestdeveloppement.fr\\\/de\\\/?s={search_term_string}\"},\"query-input\":{\"@type\":\"PropertyValueSpecification\",\"valueRequired\":true,\"valueName\":\"search_term_string\"}}],\"inLanguage\":\"de-DE\"},{\"@type\":\"Organization\",\"@id\":\"https:\\\/\\\/international.grandestdeveloppement.fr\\\/de\\\/#organization\",\"name\":\"Invest Eastern France\",\"url\":\"https:\\\/\\\/international.grandestdeveloppement.fr\\\/de\\\/\",\"logo\":{\"@type\":\"ImageObject\",\"inLanguage\":\"de-DE\",\"@id\":\"https:\\\/\\\/international.grandestdeveloppement.fr\\\/de\\\/#\\\/schema\\\/logo\\\/image\\\/\",\"url\":\"https:\\\/\\\/www.international.grandestdeveloppement.fr\\\/wp-content\\\/uploads\\\/2021\\\/08\\\/logo-invest-eastern-france.png\",\"contentUrl\":\"https:\\\/\\\/www.international.grandestdeveloppement.fr\\\/wp-content\\\/uploads\\\/2021\\\/08\\\/logo-invest-eastern-france.png\",\"width\":500,\"height\":180,\"caption\":\"Invest Eastern France\"},\"image\":{\"@id\":\"https:\\\/\\\/international.grandestdeveloppement.fr\\\/de\\\/#\\\/schema\\\/logo\\\/image\\\/\"}}]}<\/script>\n<!-- \/ Yoast SEO plugin. -->","yoast_head_json":{"title":"erneuerbarer Energien - Invest Eastern France","description":"Ostfrankreich ist ein Vorreiter bei der F\u00f6rderung erneuerbarer Energien und nimmt bei der Energiewende eine f\u00fchrende Stellung ein.\u00a0\u00a0","robots":{"index":"index","follow":"follow","max-snippet":"max-snippet:-1","max-image-preview":"max-image-preview:large","max-video-preview":"max-video-preview:-1"},"canonical":"https:\/\/international.grandestdeveloppement.fr\/de\/erneuerbarer-energien\/","og_locale":"de_DE","og_type":"article","og_title":"erneuerbarer Energien - Invest Eastern France","og_description":"Ostfrankreich ist ein Vorreiter bei der F\u00f6rderung erneuerbarer Energien und nimmt bei der Energiewende eine f\u00fchrende Stellung ein.\u00a0\u00a0","og_url":"https:\/\/international.grandestdeveloppement.fr\/de\/erneuerbarer-energien\/","og_site_name":"Invest Eastern France","article_modified_time":"2024-11-04T16:18:18+00:00","og_image":[{"width":1500,"height":597,"url":"https:\/\/international.grandestdeveloppement.fr\/wp-content\/uploads\/2021\/10\/Energie-renouvelable-Grand-Est-1.jpeg","type":"image\/jpeg"}],"twitter_card":"summary_large_image","twitter_misc":{"Est. reading time":"2 minutes"},"schema":{"@context":"https:\/\/schema.org","@graph":[{"@type":"WebPage","@id":"https:\/\/international.grandestdeveloppement.fr\/de\/erneuerbarer-energien\/","url":"https:\/\/international.grandestdeveloppement.fr\/de\/erneuerbarer-energien\/","name":"erneuerbarer Energien - Invest Eastern France","isPartOf":{"@id":"https:\/\/international.grandestdeveloppement.fr\/de\/#website"},"primaryImageOfPage":{"@id":"https:\/\/international.grandestdeveloppement.fr\/de\/erneuerbarer-energien\/#primaryimage"},"image":{"@id":"https:\/\/international.grandestdeveloppement.fr\/de\/erneuerbarer-energien\/#primaryimage"},"thumbnailUrl":"https:\/\/international.grandestdeveloppement.fr\/wp-content\/uploads\/2021\/10\/Energie-renouvelable-Grand-Est-1.jpeg","datePublished":"2022-03-18T13:50:23+00:00","dateModified":"2024-11-04T16:18:18+00:00","description":"Ostfrankreich ist ein Vorreiter bei der F\u00f6rderung erneuerbarer Energien und nimmt bei der Energiewende eine f\u00fchrende Stellung ein.\u00a0\u00a0","breadcrumb":{"@id":"https:\/\/international.grandestdeveloppement.fr\/de\/erneuerbarer-energien\/#breadcrumb"},"inLanguage":"de-DE","potentialAction":[{"@type":"ReadAction","target":["https:\/\/international.grandestdeveloppement.fr\/de\/erneuerbarer-energien\/"]}]},{"@type":"ImageObject","inLanguage":"de-DE","@id":"https:\/\/international.grandestdeveloppement.fr\/de\/erneuerbarer-energien\/#primaryimage","url":"https:\/\/international.grandestdeveloppement.fr\/wp-content\/uploads\/2021\/10\/Energie-renouvelable-Grand-Est-1.jpeg","contentUrl":"https:\/\/international.grandestdeveloppement.fr\/wp-content\/uploads\/2021\/10\/Energie-renouvelable-Grand-Est-1.jpeg","width":1500,"height":597,"caption":"solar panels and wind power turbines in a sunset"},{"@type":"BreadcrumbList","@id":"https:\/\/international.grandestdeveloppement.fr\/de\/erneuerbarer-energien\/#breadcrumb","itemListElement":[{"@type":"ListItem","position":1,"name":"Accueil","item":"https:\/\/international.grandestdeveloppement.fr\/de\/"},{"@type":"ListItem","position":2,"name":"Erneuerbare Energien"}]},{"@type":"WebSite","@id":"https:\/\/international.grandestdeveloppement.fr\/de\/#website","url":"https:\/\/international.grandestdeveloppement.fr\/de\/","name":"Invest Eastern France","description":"","publisher":{"@id":"https:\/\/international.grandestdeveloppement.fr\/de\/#organization"},"potentialAction":[{"@type":"SearchAction","target":{"@type":"EntryPoint","urlTemplate":"https:\/\/international.grandestdeveloppement.fr\/de\/?s={search_term_string}"},"query-input":{"@type":"PropertyValueSpecification","valueRequired":true,"valueName":"search_term_string"}}],"inLanguage":"de-DE"},{"@type":"Organization","@id":"https:\/\/international.grandestdeveloppement.fr\/de\/#organization","name":"Invest Eastern France","url":"https:\/\/international.grandestdeveloppement.fr\/de\/","logo":{"@type":"ImageObject","inLanguage":"de-DE","@id":"https:\/\/international.grandestdeveloppement.fr\/de\/#\/schema\/logo\/image\/","url":"https:\/\/www.international.grandestdeveloppement.fr\/wp-content\/uploads\/2021\/08\/logo-invest-eastern-france.png","contentUrl":"https:\/\/www.international.grandestdeveloppement.fr\/wp-content\/uploads\/2021\/08\/logo-invest-eastern-france.png","width":500,"height":180,"caption":"Invest Eastern France"},"image":{"@id":"https:\/\/international.grandestdeveloppement.fr\/de\/#\/schema\/logo\/image\/"}}]}},"publishpress_future_action":{"enabled":false,"date":"2026-04-24 19:19:17","action":"change-status","newStatus":"draft","terms":[],"taxonomy":"translation_priority","extraData":[]},"publishpress_future_workflow_manual_trigger":{"enabledWorkflows":[]},"_links":{"self":[{"href":"https:\/\/international.grandestdeveloppement.fr\/de\/wp-json\/wp\/v2\/pages\/3398","targetHints":{"allow":["GET"]}}],"collection":[{"href":"https:\/\/international.grandestdeveloppement.fr\/de\/wp-json\/wp\/v2\/pages"}],"about":[{"href":"https:\/\/international.grandestdeveloppement.fr\/de\/wp-json\/wp\/v2\/types\/page"}],"author":[{"embeddable":true,"href":"https:\/\/international.grandestdeveloppement.fr\/de\/wp-json\/wp\/v2\/users\/1"}],"replies":[{"embeddable":true,"href":"https:\/\/international.grandestdeveloppement.fr\/de\/wp-json\/wp\/v2\/comments?post=3398"}],"version-history":[{"count":3,"href":"https:\/\/international.grandestdeveloppement.fr\/de\/wp-json\/wp\/v2\/pages\/3398\/revisions"}],"predecessor-version":[{"id":14650,"href":"https:\/\/international.grandestdeveloppement.fr\/de\/wp-json\/wp\/v2\/pages\/3398\/revisions\/14650"}],"wp:featuredmedia":[{"embeddable":true,"href":"https:\/\/international.grandestdeveloppement.fr\/de\/wp-json\/wp\/v2\/media\/504"}],"wp:attachment":[{"href":"https:\/\/international.grandestdeveloppement.fr\/de\/wp-json\/wp\/v2\/media?parent=3398"}],"wp:term":[{"taxonomy":"categorie-businessFunction","embeddable":true,"href":"https:\/\/international.grandestdeveloppement.fr\/de\/wp-json\/wp\/v2\/categorie-businessFunction?post=3398"},{"taxonomy":"categorie-secteur","embeddable":true,"href":"https:\/\/international.grandestdeveloppement.fr\/de\/wp-json\/wp\/v2\/categorie-secteur?post=3398"},{"taxonomy":"categorie-nationalite","embeddable":true,"href":"https:\/\/international.grandestdeveloppement.fr\/de\/wp-json\/wp\/v2\/categorie-nationalite?post=3398"},{"taxonomy":"categorie-territoire","embeddable":true,"href":"https:\/\/international.grandestdeveloppement.fr\/de\/wp-json\/wp\/v2\/categorie-territoire?post=3398"},{"taxonomy":"categorie-service","embeddable":true,"href":"https:\/\/international.grandestdeveloppement.fr\/de\/wp-json\/wp\/v2\/categorie-service?post=3398"}],"curies":[{"name":"wp","href":"https:\/\/api.w.org\/{rel}","templated":true}]}}