{"id":3400,"date":"2022-03-18T14:55:12","date_gmt":"2022-03-18T13:55:12","guid":{"rendered":"https:\/\/www.international.grandestdeveloppement.fr\/?page_id=3400"},"modified":"2026-02-17T11:26:54","modified_gmt":"2026-02-17T10:26:54","slug":"baustoff","status":"publish","type":"page","link":"https:\/\/international.grandestdeveloppement.fr\/de\/baustoff\/","title":{"rendered":"Biobasierte Baustoffe"},"content":{"rendered":"\n<p>Innovativ, wettbewerbsf\u00e4hig, spezialisiert: Das Baugewerbe ist in Ostfrankreich sehr dynamisch. Die F\u00fclle der nat\u00fcrlichen Ressourcen f\u00fchrte dazu, dass sie sich sehr schnell zum Marktf\u00fchrer im Bereich der neuen biobasierten Baustoffe entwickelte.<\/p>\n\n\n\n<h2 class=\"wp-block-heading\"><strong>Kennzahlen<\/strong><\/h2>\n\n\n\n<ul class=\"wp-block-list\">\n<li>1. franz\u00f6sische Region f\u00fcr Holzbau<\/li>\n\n\n\n<li>1. Region f\u00fcr Hanfproduktion in Europa&nbsp;&nbsp;&nbsp;<\/li>\n<\/ul>\n\n\n\n<h2 class=\"wp-block-heading\"><strong>Ostfrankreich, eine f\u00fchrende Region in der Holz- und Hanfbranche&nbsp;<\/strong>&nbsp;<\/h2>\n\n\n\n<p>Als f\u00fchrende franz\u00f6sische Region f\u00fcr die Herstellung von Holz- und Bautechnologien (mit 9 031 Unternhemen und 47.387 Arbeitspl\u00e4tzen in diesen Bereich) hat Ostfrankreich im &#8220;Tal des Holzes&#8221; eine Reihe von Kompetenzen rund um den Sektor entwickelt, in dem fast 1.000 holzverarbeitende Unternehmen mit 13.000 Arbeitspl\u00e4tzen angesiedelt sind.&nbsp;&nbsp;&nbsp;<\/p>\n\n\n\n<p>Die Region ist auch ein Vorreiter in der Hanfproduktion, die 55 % der franz\u00f6sischen und 20 % der europ\u00e4ischen Produktion ausmacht. Ostfrankreich beherbergt auch das Projekt European Hemp Cluster, mit dem eine innovative Organisation des Hanfsektors geschaffen werden soll.&nbsp;&nbsp;&nbsp;&nbsp;<\/p>\n\n\n\n<figure class=\"wp-block-image aligncenter size-full\"><img loading=\"lazy\" decoding=\"async\" width=\"828\" height=\"791\" src=\"https:\/\/international.grandestdeveloppement.fr\/wp-content\/uploads\/2025\/04\/image.png\" alt=\"\" class=\"wp-image-15824\" srcset=\"https:\/\/international.grandestdeveloppement.fr\/wp-content\/uploads\/2025\/04\/image.png 828w, https:\/\/international.grandestdeveloppement.fr\/wp-content\/uploads\/2025\/04\/image-300x287.png 300w, https:\/\/international.grandestdeveloppement.fr\/wp-content\/uploads\/2025\/04\/image-768x734.png 768w\" sizes=\"auto, (max-width: 828px) 100vw, 828px\" \/><\/figure>\n\n\n\n<h2 class=\"wp-block-heading\"><strong>Ausbildung und Wettbewerbsf\u00e4higkeit: eine perfekt organisierte Industrie&nbsp;<\/strong>&nbsp;<\/h2>\n\n\n\n<h3 class=\"wp-block-heading\">Unser Exzellenz-Cluster<\/h3>\n\n\n\n<div class=\"wp-block-media-text is-stacked-on-mobile\" style=\"grid-template-columns:29% auto\"><figure class=\"wp-block-media-text__media\"><a href=\"https:\/\/www.pole-europeen-chanvre.eu\/en\/who-are-we\/\"><img loading=\"lazy\" decoding=\"async\" width=\"1000\" height=\"1001\" src=\"https:\/\/international.grandestdeveloppement.fr\/wp-content\/uploads\/2025\/04\/Logo-pole-europeen-du-chanvre.jpg\" alt=\"\" class=\"wp-image-15820 size-full\" srcset=\"https:\/\/international.grandestdeveloppement.fr\/wp-content\/uploads\/2025\/04\/Logo-pole-europeen-du-chanvre.jpg 1000w, https:\/\/international.grandestdeveloppement.fr\/wp-content\/uploads\/2025\/04\/Logo-pole-europeen-du-chanvre-300x300.jpg 300w, https:\/\/international.grandestdeveloppement.fr\/wp-content\/uploads\/2025\/04\/Logo-pole-europeen-du-chanvre-150x150.jpg 150w, https:\/\/international.grandestdeveloppement.fr\/wp-content\/uploads\/2025\/04\/Logo-pole-europeen-du-chanvre-768x769.jpg 768w\" sizes=\"auto, (max-width: 1000px) 100vw, 1000px\" \/><\/a><\/figure><div class=\"wp-block-media-text__content\">\n<p>Der <a href=\"https:\/\/www.pole-europeen-chanvre.eu\/\">Europ\u00e4ische Hanfpol<\/a> bringt alle Akteure der vor- bis nachgelagerten Wertsch\u00f6pfungskette von Hanf und ihrer verschiedenen Anwendungsm\u00e4rkte in einem kooperativen \u00d6kosystem mit mehreren Akteuren und mehreren M\u00e4rkten zusammen. Das Gebiet mit Sitz in Troyes in der Aube, einem historischen und wichtigsten Hanfanbaugebiet, stellt 50 % der franz\u00f6sischen und 20 % der europ\u00e4ischen Erzeugung dar. Seine Geschichte und Vergangenheit erm\u00f6glicht es ihm, ein wahrer Demonstrant der M\u00f6glichkeiten des Hanf-\u00d6kosystems zu sein.<\/p>\n<\/div><\/div>\n\n\n\n<h3 class=\"wp-block-heading\">Weitere bedeutenden Players der Branche&#8230;<\/h3>\n\n\n\n<p>Neben dem Talentpool, den die Universit\u00e4ten der Region darstellen, gibt es in Ostfrankreich mehrere Schulen und Forschungszentren im Bereich Holz: der Campus des M\u00e9tiers et Qualifications Bois Grand Est, die <a href=\"https:\/\/www.enstib.univ-lorraine.fr\/fr\/\">ENSITB<\/a> (\u00c9cole Nationale Sup\u00e9rieure des Technologies et Industries du Bois), <a href=\"https:\/\/www.f-r-d.fr\/\">FRD<\/a> (Fibres Recherche D\u00e9veloppement, ein privates Innovationsunternehmen)&#8230;&nbsp;&nbsp;<\/p>\n\n\n\n<figure class=\"wp-block-embed aligncenter is-type-video is-provider-youtube wp-block-embed-youtube wp-embed-aspect-16-9 wp-has-aspect-ratio\"><div class=\"wp-block-embed__wrapper\">\n<iframe loading=\"lazy\" title=\"FRD, CRT d\u00e9di\u00e9 \u00e0 la valorisation applicative des fibres v\u00e9g\u00e9tales f\u00eate ses 15 ans\" width=\"500\" height=\"281\" src=\"https:\/\/www.youtube.com\/embed\/JHJ5G7a-9IM?feature=oembed\" frameborder=\"0\" allow=\"accelerometer; autoplay; clipboard-write; encrypted-media; gyroscope; picture-in-picture; web-share\" referrerpolicy=\"strict-origin-when-cross-origin\" allowfullscreen><\/iframe>\n<\/div><\/figure>\n","protected":false},"excerpt":{"rendered":"<p>Innovativ, wettbewerbsf\u00e4hig, spezialisiert: Das Baugewerbe ist in Ostfrankreich sehr dynamisch. Die F\u00fclle der nat\u00fcrlichen Ressourcen f\u00fchrte dazu, dass sie sich sehr schnell zum Marktf\u00fchrer im Bereich der neuen biobasierten Baustoffe [&hellip;]<\/p>\n","protected":false},"author":1,"featured_media":13428,"parent":0,"menu_order":0,"comment_status":"closed","ping_status":"closed","template":"template-secteur.php","meta":{"_acf_changed":false,"_relevanssi_hide_post":"","_relevanssi_pin_for_all":"","_relevanssi_pin_keywords":"","_relevanssi_unpin_keywords":"","_relevanssi_related_keywords":"","_relevanssi_related_include_ids":"","_relevanssi_related_exclude_ids":"","_relevanssi_related_no_append":"","_relevanssi_related_not_related":"","_relevanssi_related_posts":"3465,3493,3463,3437,3461,3458","_relevanssi_noindex_reason":"","inline_featured_image":false,"footnotes":""},"categorie-businessFunction":[],"categorie-secteur":[],"categorie-nationalite":[],"categorie-territoire":[],"categorie-service":[],"class_list":["post-3400","page","type-page","status-publish","has-post-thumbnail","hentry"],"acf":[],"yoast_head":"<!-- This site is optimized with the Yoast SEO plugin v27.3 - https:\/\/yoast.com\/product\/yoast-seo-wordpress\/ -->\n<title>Biobasierte Baustoffe - Invest Eastern France<\/title>\n<meta name=\"description\" content=\"Innovativ, wettbewerbsf\u00e4hig, spezialisiert: Das Baugewerbe ist in Ostfrankreich sehr dynamisch im Bereich der neuen biobasierten Baustoffe.\" \/>\n<meta name=\"robots\" content=\"index, follow, max-snippet:-1, max-image-preview:large, max-video-preview:-1\" \/>\n<link rel=\"canonical\" href=\"https:\/\/international.grandestdeveloppement.fr\/de\/baustoff\/\" \/>\n<meta property=\"og:locale\" content=\"de_DE\" \/>\n<meta property=\"og:type\" content=\"article\" \/>\n<meta property=\"og:title\" content=\"Biobasierte Baustoffe - Invest Eastern France\" \/>\n<meta property=\"og:description\" content=\"Innovativ, wettbewerbsf\u00e4hig, spezialisiert: Das Baugewerbe ist in Ostfrankreich sehr dynamisch im Bereich der neuen biobasierten Baustoffe.\" \/>\n<meta property=\"og:url\" content=\"https:\/\/international.grandestdeveloppement.fr\/de\/baustoff\/\" \/>\n<meta property=\"og:site_name\" content=\"Invest Eastern France\" \/>\n<meta property=\"article:modified_time\" content=\"2026-02-17T10:26:54+00:00\" \/>\n<meta property=\"og:image\" content=\"https:\/\/international.grandestdeveloppement.fr\/wp-content\/uploads\/2024\/04\/AdobeStock_669888518-scaled.jpeg\" \/>\n\t<meta property=\"og:image:width\" content=\"2560\" \/>\n\t<meta property=\"og:image:height\" content=\"1607\" \/>\n\t<meta property=\"og:image:type\" content=\"image\/jpeg\" \/>\n<meta name=\"twitter:card\" content=\"summary_large_image\" \/>\n<meta name=\"twitter:label1\" content=\"Est. reading time\" \/>\n\t<meta name=\"twitter:data1\" content=\"2 minutes\" \/>\n<script type=\"application\/ld+json\" class=\"yoast-schema-graph\">{\"@context\":\"https:\\\/\\\/schema.org\",\"@graph\":[{\"@type\":\"WebPage\",\"@id\":\"https:\\\/\\\/international.grandestdeveloppement.fr\\\/de\\\/baustoff\\\/\",\"url\":\"https:\\\/\\\/international.grandestdeveloppement.fr\\\/de\\\/baustoff\\\/\",\"name\":\"Biobasierte Baustoffe - Invest Eastern France\",\"isPartOf\":{\"@id\":\"https:\\\/\\\/international.grandestdeveloppement.fr\\\/de\\\/#website\"},\"primaryImageOfPage\":{\"@id\":\"https:\\\/\\\/international.grandestdeveloppement.fr\\\/de\\\/baustoff\\\/#primaryimage\"},\"image\":{\"@id\":\"https:\\\/\\\/international.grandestdeveloppement.fr\\\/de\\\/baustoff\\\/#primaryimage\"},\"thumbnailUrl\":\"https:\\\/\\\/international.grandestdeveloppement.fr\\\/wp-content\\\/uploads\\\/2024\\\/04\\\/AdobeStock_669888518-scaled.jpeg\",\"datePublished\":\"2022-03-18T13:55:12+00:00\",\"dateModified\":\"2026-02-17T10:26:54+00:00\",\"description\":\"Innovativ, wettbewerbsf\u00e4hig, spezialisiert: Das Baugewerbe ist in Ostfrankreich sehr dynamisch im Bereich der neuen biobasierten Baustoffe.\",\"breadcrumb\":{\"@id\":\"https:\\\/\\\/international.grandestdeveloppement.fr\\\/de\\\/baustoff\\\/#breadcrumb\"},\"inLanguage\":\"de-DE\",\"potentialAction\":[{\"@type\":\"ReadAction\",\"target\":[\"https:\\\/\\\/international.grandestdeveloppement.fr\\\/de\\\/baustoff\\\/\"]}]},{\"@type\":\"ImageObject\",\"inLanguage\":\"de-DE\",\"@id\":\"https:\\\/\\\/international.grandestdeveloppement.fr\\\/de\\\/baustoff\\\/#primaryimage\",\"url\":\"https:\\\/\\\/international.grandestdeveloppement.fr\\\/wp-content\\\/uploads\\\/2024\\\/04\\\/AdobeStock_669888518-scaled.jpeg\",\"contentUrl\":\"https:\\\/\\\/international.grandestdeveloppement.fr\\\/wp-content\\\/uploads\\\/2024\\\/04\\\/AdobeStock_669888518-scaled.jpeg\",\"width\":2560,\"height\":1607,\"caption\":\"Sustainable Comfort Solution\"},{\"@type\":\"BreadcrumbList\",\"@id\":\"https:\\\/\\\/international.grandestdeveloppement.fr\\\/de\\\/baustoff\\\/#breadcrumb\",\"itemListElement\":[{\"@type\":\"ListItem\",\"position\":1,\"name\":\"Accueil\",\"item\":\"https:\\\/\\\/international.grandestdeveloppement.fr\\\/de\\\/\"},{\"@type\":\"ListItem\",\"position\":2,\"name\":\"Biobasierte Baustoffe\"}]},{\"@type\":\"WebSite\",\"@id\":\"https:\\\/\\\/international.grandestdeveloppement.fr\\\/de\\\/#website\",\"url\":\"https:\\\/\\\/international.grandestdeveloppement.fr\\\/de\\\/\",\"name\":\"Invest Eastern France\",\"description\":\"\",\"publisher\":{\"@id\":\"https:\\\/\\\/international.grandestdeveloppement.fr\\\/de\\\/#organization\"},\"potentialAction\":[{\"@type\":\"SearchAction\",\"target\":{\"@type\":\"EntryPoint\",\"urlTemplate\":\"https:\\\/\\\/international.grandestdeveloppement.fr\\\/de\\\/?s={search_term_string}\"},\"query-input\":{\"@type\":\"PropertyValueSpecification\",\"valueRequired\":true,\"valueName\":\"search_term_string\"}}],\"inLanguage\":\"de-DE\"},{\"@type\":\"Organization\",\"@id\":\"https:\\\/\\\/international.grandestdeveloppement.fr\\\/de\\\/#organization\",\"name\":\"Invest Eastern France\",\"url\":\"https:\\\/\\\/international.grandestdeveloppement.fr\\\/de\\\/\",\"logo\":{\"@type\":\"ImageObject\",\"inLanguage\":\"de-DE\",\"@id\":\"https:\\\/\\\/international.grandestdeveloppement.fr\\\/de\\\/#\\\/schema\\\/logo\\\/image\\\/\",\"url\":\"https:\\\/\\\/www.international.grandestdeveloppement.fr\\\/wp-content\\\/uploads\\\/2021\\\/08\\\/logo-invest-eastern-france.png\",\"contentUrl\":\"https:\\\/\\\/www.international.grandestdeveloppement.fr\\\/wp-content\\\/uploads\\\/2021\\\/08\\\/logo-invest-eastern-france.png\",\"width\":500,\"height\":180,\"caption\":\"Invest Eastern France\"},\"image\":{\"@id\":\"https:\\\/\\\/international.grandestdeveloppement.fr\\\/de\\\/#\\\/schema\\\/logo\\\/image\\\/\"}}]}<\/script>\n<!-- \/ Yoast SEO plugin. -->","yoast_head_json":{"title":"Biobasierte Baustoffe - Invest Eastern France","description":"Innovativ, wettbewerbsf\u00e4hig, spezialisiert: Das Baugewerbe ist in Ostfrankreich sehr dynamisch im Bereich der neuen biobasierten Baustoffe.","robots":{"index":"index","follow":"follow","max-snippet":"max-snippet:-1","max-image-preview":"max-image-preview:large","max-video-preview":"max-video-preview:-1"},"canonical":"https:\/\/international.grandestdeveloppement.fr\/de\/baustoff\/","og_locale":"de_DE","og_type":"article","og_title":"Biobasierte Baustoffe - Invest Eastern France","og_description":"Innovativ, wettbewerbsf\u00e4hig, spezialisiert: Das Baugewerbe ist in Ostfrankreich sehr dynamisch im Bereich der neuen biobasierten Baustoffe.","og_url":"https:\/\/international.grandestdeveloppement.fr\/de\/baustoff\/","og_site_name":"Invest Eastern France","article_modified_time":"2026-02-17T10:26:54+00:00","og_image":[{"width":2560,"height":1607,"url":"https:\/\/international.grandestdeveloppement.fr\/wp-content\/uploads\/2024\/04\/AdobeStock_669888518-scaled.jpeg","type":"image\/jpeg"}],"twitter_card":"summary_large_image","twitter_misc":{"Est. reading time":"2 minutes"},"schema":{"@context":"https:\/\/schema.org","@graph":[{"@type":"WebPage","@id":"https:\/\/international.grandestdeveloppement.fr\/de\/baustoff\/","url":"https:\/\/international.grandestdeveloppement.fr\/de\/baustoff\/","name":"Biobasierte Baustoffe - Invest Eastern France","isPartOf":{"@id":"https:\/\/international.grandestdeveloppement.fr\/de\/#website"},"primaryImageOfPage":{"@id":"https:\/\/international.grandestdeveloppement.fr\/de\/baustoff\/#primaryimage"},"image":{"@id":"https:\/\/international.grandestdeveloppement.fr\/de\/baustoff\/#primaryimage"},"thumbnailUrl":"https:\/\/international.grandestdeveloppement.fr\/wp-content\/uploads\/2024\/04\/AdobeStock_669888518-scaled.jpeg","datePublished":"2022-03-18T13:55:12+00:00","dateModified":"2026-02-17T10:26:54+00:00","description":"Innovativ, wettbewerbsf\u00e4hig, spezialisiert: Das Baugewerbe ist in Ostfrankreich sehr dynamisch im Bereich der neuen biobasierten Baustoffe.","breadcrumb":{"@id":"https:\/\/international.grandestdeveloppement.fr\/de\/baustoff\/#breadcrumb"},"inLanguage":"de-DE","potentialAction":[{"@type":"ReadAction","target":["https:\/\/international.grandestdeveloppement.fr\/de\/baustoff\/"]}]},{"@type":"ImageObject","inLanguage":"de-DE","@id":"https:\/\/international.grandestdeveloppement.fr\/de\/baustoff\/#primaryimage","url":"https:\/\/international.grandestdeveloppement.fr\/wp-content\/uploads\/2024\/04\/AdobeStock_669888518-scaled.jpeg","contentUrl":"https:\/\/international.grandestdeveloppement.fr\/wp-content\/uploads\/2024\/04\/AdobeStock_669888518-scaled.jpeg","width":2560,"height":1607,"caption":"Sustainable Comfort Solution"},{"@type":"BreadcrumbList","@id":"https:\/\/international.grandestdeveloppement.fr\/de\/baustoff\/#breadcrumb","itemListElement":[{"@type":"ListItem","position":1,"name":"Accueil","item":"https:\/\/international.grandestdeveloppement.fr\/de\/"},{"@type":"ListItem","position":2,"name":"Biobasierte Baustoffe"}]},{"@type":"WebSite","@id":"https:\/\/international.grandestdeveloppement.fr\/de\/#website","url":"https:\/\/international.grandestdeveloppement.fr\/de\/","name":"Invest Eastern France","description":"","publisher":{"@id":"https:\/\/international.grandestdeveloppement.fr\/de\/#organization"},"potentialAction":[{"@type":"SearchAction","target":{"@type":"EntryPoint","urlTemplate":"https:\/\/international.grandestdeveloppement.fr\/de\/?s={search_term_string}"},"query-input":{"@type":"PropertyValueSpecification","valueRequired":true,"valueName":"search_term_string"}}],"inLanguage":"de-DE"},{"@type":"Organization","@id":"https:\/\/international.grandestdeveloppement.fr\/de\/#organization","name":"Invest Eastern France","url":"https:\/\/international.grandestdeveloppement.fr\/de\/","logo":{"@type":"ImageObject","inLanguage":"de-DE","@id":"https:\/\/international.grandestdeveloppement.fr\/de\/#\/schema\/logo\/image\/","url":"https:\/\/www.international.grandestdeveloppement.fr\/wp-content\/uploads\/2021\/08\/logo-invest-eastern-france.png","contentUrl":"https:\/\/www.international.grandestdeveloppement.fr\/wp-content\/uploads\/2021\/08\/logo-invest-eastern-france.png","width":500,"height":180,"caption":"Invest Eastern France"},"image":{"@id":"https:\/\/international.grandestdeveloppement.fr\/de\/#\/schema\/logo\/image\/"}}]}},"publishpress_future_action":{"enabled":false,"date":"2026-04-16 06:39:32","action":"change-status","newStatus":"draft","terms":[],"taxonomy":"translation_priority","extraData":[]},"publishpress_future_workflow_manual_trigger":{"enabledWorkflows":[]},"_links":{"self":[{"href":"https:\/\/international.grandestdeveloppement.fr\/de\/wp-json\/wp\/v2\/pages\/3400","targetHints":{"allow":["GET"]}}],"collection":[{"href":"https:\/\/international.grandestdeveloppement.fr\/de\/wp-json\/wp\/v2\/pages"}],"about":[{"href":"https:\/\/international.grandestdeveloppement.fr\/de\/wp-json\/wp\/v2\/types\/page"}],"author":[{"embeddable":true,"href":"https:\/\/international.grandestdeveloppement.fr\/de\/wp-json\/wp\/v2\/users\/1"}],"replies":[{"embeddable":true,"href":"https:\/\/international.grandestdeveloppement.fr\/de\/wp-json\/wp\/v2\/comments?post=3400"}],"version-history":[{"count":15,"href":"https:\/\/international.grandestdeveloppement.fr\/de\/wp-json\/wp\/v2\/pages\/3400\/revisions"}],"predecessor-version":[{"id":18600,"href":"https:\/\/international.grandestdeveloppement.fr\/de\/wp-json\/wp\/v2\/pages\/3400\/revisions\/18600"}],"wp:featuredmedia":[{"embeddable":true,"href":"https:\/\/international.grandestdeveloppement.fr\/de\/wp-json\/wp\/v2\/media\/13428"}],"wp:attachment":[{"href":"https:\/\/international.grandestdeveloppement.fr\/de\/wp-json\/wp\/v2\/media?parent=3400"}],"wp:term":[{"taxonomy":"categorie-businessFunction","embeddable":true,"href":"https:\/\/international.grandestdeveloppement.fr\/de\/wp-json\/wp\/v2\/categorie-businessFunction?post=3400"},{"taxonomy":"categorie-secteur","embeddable":true,"href":"https:\/\/international.grandestdeveloppement.fr\/de\/wp-json\/wp\/v2\/categorie-secteur?post=3400"},{"taxonomy":"categorie-nationalite","embeddable":true,"href":"https:\/\/international.grandestdeveloppement.fr\/de\/wp-json\/wp\/v2\/categorie-nationalite?post=3400"},{"taxonomy":"categorie-territoire","embeddable":true,"href":"https:\/\/international.grandestdeveloppement.fr\/de\/wp-json\/wp\/v2\/categorie-territoire?post=3400"},{"taxonomy":"categorie-service","embeddable":true,"href":"https:\/\/international.grandestdeveloppement.fr\/de\/wp-json\/wp\/v2\/categorie-service?post=3400"}],"curies":[{"name":"wp","href":"https:\/\/api.w.org\/{rel}","templated":true}]}}