{"id":3421,"date":"2022-03-22T09:50:10","date_gmt":"2022-03-22T08:50:10","guid":{"rendered":"https:\/\/www.international.grandestdeveloppement.fr\/?page_id=3421"},"modified":"2024-03-28T10:02:51","modified_gmt":"2024-03-28T09:02:51","slug":"forschung-entwicklung-innovation","status":"publish","type":"page","link":"https:\/\/international.grandestdeveloppement.fr\/de\/forschung-entwicklung-innovation\/","title":{"rendered":"Forschung &amp; Entwicklung \/ Innovation"},"content":{"rendered":"\n<p>Ostfrankreich ist sowohl ein Zentrum als auch eine Quelle der Innovation. Mit seinen Hunderten von Industrie- und Technologieunternehmen, seinen gro\u00dfen Forschungs- und Ausbildungsinstituten und seinen acht exzellenten Inkubatoren.<\/p>\n\n\n\n<p>Mehrere internationale Unternehmen haben sich f\u00fcr die Region Ostfrankreich entschieden, um dort ihre Produktionsst\u00e4tten sowie ihre F&amp;E-Zentren zu errichten. Dabei st\u00fctzen sie sich auf die hervorragenden Laboratorien, Universit\u00e4ten und Krankenhausinfrastrukturen der Region sowie auf solide regionale und nationale F\u00f6rderinstrumente.<\/p>\n\n\n\n<p>Die Regionalregierungen ihrerseits machen sich auf den Weg in die Zukunft, indem sie in die digitale Gesundheit und in die Industrie 4.0 investieren.<\/p>\n\n\n\n<h2 class=\"wp-block-heading\">Die Wettbewerbspole in der Region Ostfrankreich<\/h2>\n\n\n\n<p>Wettbewerbscluster wurden 2005 geschaffen, um die Innovationskapazit\u00e4ten der Wirtschaftsakteure zu entwickeln und Wachstum und Besch\u00e4ftigung in vielversprechenden M\u00e4rkten zu f\u00f6rdern. In einem Wettbewerbscluster sind gro\u00dfe und kleine Unternehmen, Forschungslaboren und Ausbildungseinrichtungen zu einem bestimmten Gebiet und Thema zusammengeschlossen. Die Aufgabe dieses Innovationsnetzes besteht darin, Aktivit\u00e4ten zu f\u00f6rdern, Sektoren zu strukturieren, Emergenz zu schaffen und kooperative Innovationen zu organisieren, deren Qualit\u00e4t von dem &#8220;Wettbewerbscluster&#8221; nach einer Bewertung durch ein Expertengremium zertifiziert wird.&nbsp;&nbsp; Die Wettbewerbscluster haben daher eine Reihe von Dienstleistungen und Aktivit\u00e4ten f\u00fcr ihre Mitglieder entwickelt. Um den Innovationsprozess der Unternehmen zu unterst\u00fctzen, gibt es in der Region sechs Wettbewerbscluster.&nbsp;&nbsp;&nbsp;<\/p>\n\n\n\n<h3 class=\"wp-block-heading\"><strong>Biovalley France<\/strong><\/h3>\n\n\n\n<p>Dieser Cluster f\u00fcr Gesundheitstechnologie unterst\u00fctzt die Entwicklung, Entstehung und Vermarktung innovativer L\u00f6sungen durch seine Mitglieder und verbessert gleichzeitig deren Umfeld (Infrastrukturen, Finanzierung). Mit einer globalen Ausrichtung konzentriert es sich auf die Entwicklung neuer Medikamente sowie auf medizinische Bildgebung und Robotik.&nbsp;&nbsp;<\/p>\n\n\n\n<h3 class=\"wp-block-heading\"><strong>V\u00e9hicule du futur<\/strong><\/h3>\n\n\n\n<p>Dieser 2005 zertifizierte Wettbewerbscluster konzentriert sich auf die Synergie zwischen Unternehmen, Bildung und Forschung im Bereich der st\u00e4dtischen und vorst\u00e4dtischen Mobilit\u00e4t.&nbsp; Der Cluster begleitet die Unternehmen auf dem Weg zu neuen Mobilit\u00e4tsm\u00e4rkten und zur Industrie der Zukunft und legt dabei den Schwerpunkt auf eine nachhaltige Entwicklung.&nbsp;&nbsp;&nbsp;<\/p>\n\n\n\n<h3 class=\"wp-block-heading\">Build &amp; Connect<\/h3>\n\n\n\n<p> <em><a href=\"https:\/\/www.buildandconnect.eu\/\">Build &amp; Connect<\/a><\/em> ist der einzige franz\u00f6sische Cluster, der sich mit Baustoffen und -technologien befasst und dabei den Schwerpunkt auf Energieeffizienz und nachhaltige Entwicklung legt. Dieser Cluster vereint mehr als 220 Mitglieder aus den Bereichen nachhaltige Materialien und Bauwesen: Industrielle, Akademiker, Berufs- und Ausbildungsorganisationen. Die Unterst\u00fctzung der Innovation und Entwicklung seiner Mitglieder steht im Mittelpunkt seiner Aufgaben. Dazu geh\u00f6ren zum Beispiel die Unterst\u00fctzung bei der Suche nach Partnern und Finanzmitteln, die Unterst\u00fctzung bei der Einrichtung von Kooperationsprojekten, die digitale Verwaltung des baulichen Erbes und die Unterst\u00fctzung von Bauherren bei der Durchf\u00fchrung innovativer Bau- oder Renovierungsprojekte.&nbsp;<\/p>\n\n\n\n<h3 class=\"wp-block-heading\">Aquanova<\/h3>\n\n\n\n<p><a href=\"https:\/\/www.hydreos.fr\/EN\/home.html\">Aquanova<\/a>, ein Wettbewerbscluster f\u00fcr den Wassersektor in Ostfrankreich, bringt Unternehmen, Labore und lokale Beh\u00f6rden zusammen. Es unterst\u00fctzt diese Akteure des Wassersektors in mehreren Bereichen\u00a0\u00a0<\/p>\n\n\n\n<ul class=\"wp-block-list\">\n<li>kollaborative Innovation&nbsp;&nbsp;<\/li>\n\n\n\n<li>Entwicklung ihres Netzwerks&nbsp;&nbsp;<\/li>\n\n\n\n<li>Beschaffung von strategischen Informationen&nbsp;&nbsp;<\/li>\n\n\n\n<li>internationale Entwicklung&nbsp;&nbsp;<\/li>\n<\/ul>\n\n\n\n<p>Aquanova ist in den Bereichen nachhaltige Wasserinfrastruktur, intelligente Wasserwirtschaft und Feuchtgebiets\u00f6kosysteme t\u00e4tig.\u00a0\u00a0<\/p>\n\n\n\n<p><\/p>\n\n\n\n<h3 class=\"wp-block-heading\"><strong>Materalia<\/strong><\/h3>\n\n\n\n<p>Der Wettbewerbscluster Materalia ist ein Zusammenschluss von Akteuren des Sektors Materialien und Prozesse in Ostfrankreich, der sich f\u00fcr die Verbesserung der industriellen Leistungsf\u00e4higkeit einsetzt.&nbsp;&nbsp;<\/p>\n\n\n\n<p>Werkstoffe, ob mineralischen oder organischen Ursprungs, sind jedem Industriesektor vorgelagert und bilden den Kern des Fachwissens von Materalia.&nbsp;&nbsp;<\/p>\n\n\n\n<p>Dieser Cluster konzentriert sich auf vier strategische Bereiche: Luftfahrt, Automobil, Energie und Gesundheit. Es arbeitet an den folgenden f\u00fcnf \u00fcbergreifenden Themen: Strukturwerkstoffe, additive Fertigung, Metallurgie, saubere und nachhaltige Prozesse und die Fabrik der Zukunft.&nbsp;&nbsp;<\/p>\n\n\n\n<h3 class=\"wp-block-heading\"><strong>Industries et agro-ressources (B4C)<\/strong><\/h3>\n\n\n\n<p>Das B4C (Bioeconomy for change) Cluster ist auf Agrarressourcen und deren industrielle Umwandlung spezialisiert.&nbsp;&nbsp;<\/p>\n\n\n\n<p>B4C setzt sich f\u00fcr die Entwicklung von Technologien und Produkten ein, die erd\u00f6lbasierte Rohstoffe durch landwirtschaftliche, forstwirtschaftliche und algenbewachsene Produkte ersetzen.&nbsp;&nbsp;<\/p>\n\n\n\n<p>Mit 4 strategischen Hauptachsen:&nbsp;&nbsp;<\/p>\n\n\n\n<ul class=\"wp-block-list\">\n<li>Bio-Energien: Biokraftstoff&nbsp;&nbsp;<\/li>\n\n\n\n<li>Bio-Molek\u00fcle: Kosmetika, Pharmazeutika, Pflanzenschutzmittel&nbsp;&nbsp;<\/li>\n\n\n\n<li>Bio-Materialien: Bauwesen, Automobilindustrie, Luftfahrt, Verpackung&nbsp;&nbsp;<\/li>\n\n\n\n<li>Inhaltsstoffe: Geliermittel, Verdickungsmittel, Farbstoffe, Aromastoffe&nbsp;&nbsp;&nbsp;<\/li>\n<\/ul>\n\n\n\n<h2 class=\"wp-block-heading\"><strong>Forschung und Entwicklung in Ostfrankreich<\/strong><\/h2>\n\n\n\n<p>Ostfrankreich entwickelt ein F&amp;E-\u00d6kosystem, das auf Industrie und Innovation ausgerichtet ist. Mit zwei Milliarden Euro an F&amp;E-Ausgaben, 12.000 \u00f6ffentlichen und privaten Forschern, 180 F&amp;E-Laboren und f\u00fcnf aktiven Nobelpreistr\u00e4gern verf\u00fcgt Ostfrankreich \u00fcber relevante wissenschaftliche Ressourcen f\u00fcr Unternehmen aller Gr\u00f6\u00dfen und Branchen&nbsp;&nbsp;<\/p>\n\n\n\n<h3 class=\"wp-block-heading\"><strong><strong>Wissenschaftliche Forschung in Ostfrankreich<\/strong><\/strong><\/h3>\n\n\n\n<p>Ostfrankreich ist eines der gr\u00f6\u00dften wissenschaftlichen Zentren Frankreichs. Die Region verf\u00fcgt \u00fcber ein weltweit anerkanntes Know-how auf dem Gebiet der Chemie. Drei nationale \u00f6ffentliche Forschungseinrichtungen sind in der Region angesiedelt: das CNRS, das INSERM und das INRA.&nbsp;&nbsp;<\/p>\n\n\n\n<p>Die Forschung wird von renommierten Instituten wie dem IGBMC, einem der wichtigsten biomedizinischen Forschungszentren in Europa, dem IRCAD, einem f\u00fchrenden Forschungs- und Ausbildungszentrum f\u00fcr minimalinvasive Chirurgie, und dem ISIS, einem einzigartigen Standort f\u00fcr multidisziplin\u00e4re Forschung, unterst\u00fctzt. Die Universit\u00e4ten unserer Region sind Exzellenzzentren in den Bereichen Biologie, Biotechnologie, Medizin, Chemie, Materialphysik und Weltraumwissenschaften und sind auch in den Geistes- und Sozialwissenschaften aktiv.&nbsp;&nbsp;<\/p>\n\n\n\n<h3 class=\"wp-block-heading\"><strong><strong>Leichter Zugang zur \u00f6ffentlichen Forschung<\/strong><\/strong><\/h3>\n\n\n\n<p>Ein zentrales B\u00fcro f\u00fcr Technologietransfer, SATT Conectus, erleichtert die Verbindungen zwischen Unternehmen und der \u00f6ffentlichen Forschung im Elsass. Zu ihren Dienstleistungen geh\u00f6rt eine zentrale Anlaufstelle f\u00fcr den Zugang zu :&nbsp;&nbsp;<\/p>\n\n\n\n<ul class=\"wp-block-list\">\n<li>gut definierte Forschungskooperationen&nbsp;&nbsp;<\/li>\n\n\n\n<li>gebrauchsfertige Patente, die an die Bed\u00fcrfnisse des Marktes angepasst sind,&nbsp;&nbsp;<\/li>\n\n\n\n<li>M\u00f6glichkeiten des Technologietransfers,&nbsp;&nbsp;<\/li>\n\n\n\n<li>Technologieplattformen&nbsp;&nbsp;<\/li>\n<\/ul>\n","protected":false},"excerpt":{"rendered":"<p>Ostfrankreich ist sowohl ein Zentrum als auch eine Quelle der Innovation. Mit seinen Hunderten von Industrie- und Technologieunternehmen, seinen gro\u00dfen Forschungs- und Ausbildungsinstituten und seinen acht exzellenten Inkubatoren. Mehrere internationale [&hellip;]<\/p>\n","protected":false},"author":1,"featured_media":440,"parent":0,"menu_order":0,"comment_status":"closed","ping_status":"closed","template":"","meta":{"_acf_changed":false,"_relevanssi_hide_post":"","_relevanssi_pin_for_all":"","_relevanssi_pin_keywords":"","_relevanssi_unpin_keywords":"","_relevanssi_related_keywords":"","_relevanssi_related_include_ids":"","_relevanssi_related_exclude_ids":"","_relevanssi_related_no_append":"","_relevanssi_related_not_related":"","_relevanssi_related_posts":"3443,3499,3437,4849,3463,3465","_relevanssi_noindex_reason":"","inline_featured_image":false,"footnotes":""},"categorie-businessFunction":[],"categorie-secteur":[],"categorie-nationalite":[],"categorie-territoire":[],"categorie-service":[],"class_list":["post-3421","page","type-page","status-publish","has-post-thumbnail","hentry"],"acf":[],"yoast_head":"<!-- This site is optimized with the Yoast SEO plugin v27.3 - https:\/\/yoast.com\/product\/yoast-seo-wordpress\/ -->\n<title>Forschung &amp; Entwicklung \/ Innovation - Invest Eastern France<\/title>\n<meta name=\"robots\" content=\"index, follow, max-snippet:-1, max-image-preview:large, max-video-preview:-1\" \/>\n<link rel=\"canonical\" href=\"https:\/\/international.grandestdeveloppement.fr\/de\/forschung-entwicklung-innovation\/\" \/>\n<meta property=\"og:locale\" content=\"de_DE\" \/>\n<meta property=\"og:type\" content=\"article\" \/>\n<meta property=\"og:title\" content=\"Forschung &amp; Entwicklung \/ Innovation - Invest Eastern France\" \/>\n<meta property=\"og:description\" content=\"Ostfrankreich ist sowohl ein Zentrum als auch eine Quelle der Innovation. Mit seinen Hunderten von Industrie- und Technologieunternehmen, seinen gro\u00dfen Forschungs- und Ausbildungsinstituten und seinen acht exzellenten Inkubatoren. Mehrere internationale [&hellip;]\" \/>\n<meta property=\"og:url\" content=\"https:\/\/international.grandestdeveloppement.fr\/de\/forschung-entwicklung-innovation\/\" \/>\n<meta property=\"og:site_name\" content=\"Invest Eastern France\" \/>\n<meta property=\"article:modified_time\" content=\"2024-03-28T09:02:51+00:00\" \/>\n<meta property=\"og:image\" content=\"https:\/\/international.grandestdeveloppement.fr\/wp-content\/uploads\/2021\/10\/recherche-et-innovation-grand-est.jpeg\" \/>\n\t<meta property=\"og:image:width\" content=\"1500\" \/>\n\t<meta property=\"og:image:height\" content=\"843\" \/>\n\t<meta property=\"og:image:type\" content=\"image\/jpeg\" \/>\n<meta name=\"twitter:card\" content=\"summary_large_image\" \/>\n<meta name=\"twitter:label1\" content=\"Est. reading time\" \/>\n\t<meta name=\"twitter:data1\" content=\"5 minutes\" \/>\n<script type=\"application\/ld+json\" class=\"yoast-schema-graph\">{\"@context\":\"https:\\\/\\\/schema.org\",\"@graph\":[{\"@type\":\"WebPage\",\"@id\":\"https:\\\/\\\/international.grandestdeveloppement.fr\\\/de\\\/forschung-entwicklung-innovation\\\/\",\"url\":\"https:\\\/\\\/international.grandestdeveloppement.fr\\\/de\\\/forschung-entwicklung-innovation\\\/\",\"name\":\"Forschung &amp; Entwicklung \\\/ Innovation - Invest Eastern France\",\"isPartOf\":{\"@id\":\"https:\\\/\\\/international.grandestdeveloppement.fr\\\/de\\\/#website\"},\"primaryImageOfPage\":{\"@id\":\"https:\\\/\\\/international.grandestdeveloppement.fr\\\/de\\\/forschung-entwicklung-innovation\\\/#primaryimage\"},\"image\":{\"@id\":\"https:\\\/\\\/international.grandestdeveloppement.fr\\\/de\\\/forschung-entwicklung-innovation\\\/#primaryimage\"},\"thumbnailUrl\":\"https:\\\/\\\/international.grandestdeveloppement.fr\\\/wp-content\\\/uploads\\\/2021\\\/10\\\/recherche-et-innovation-grand-est.jpeg\",\"datePublished\":\"2022-03-22T08:50:10+00:00\",\"dateModified\":\"2024-03-28T09:02:51+00:00\",\"breadcrumb\":{\"@id\":\"https:\\\/\\\/international.grandestdeveloppement.fr\\\/de\\\/forschung-entwicklung-innovation\\\/#breadcrumb\"},\"inLanguage\":\"de-DE\",\"potentialAction\":[{\"@type\":\"ReadAction\",\"target\":[\"https:\\\/\\\/international.grandestdeveloppement.fr\\\/de\\\/forschung-entwicklung-innovation\\\/\"]}]},{\"@type\":\"ImageObject\",\"inLanguage\":\"de-DE\",\"@id\":\"https:\\\/\\\/international.grandestdeveloppement.fr\\\/de\\\/forschung-entwicklung-innovation\\\/#primaryimage\",\"url\":\"https:\\\/\\\/international.grandestdeveloppement.fr\\\/wp-content\\\/uploads\\\/2021\\\/10\\\/recherche-et-innovation-grand-est.jpeg\",\"contentUrl\":\"https:\\\/\\\/international.grandestdeveloppement.fr\\\/wp-content\\\/uploads\\\/2021\\\/10\\\/recherche-et-innovation-grand-est.jpeg\",\"width\":1500,\"height\":843,\"caption\":\"Modern Factory Office Meeting Room: Diverse Team of Engineers, Managers and Investors Talking at Conference Table, Use Interactive TV, Analyze Sustainable Energy Engine Blueprints. High-Tech Facility\"},{\"@type\":\"BreadcrumbList\",\"@id\":\"https:\\\/\\\/international.grandestdeveloppement.fr\\\/de\\\/forschung-entwicklung-innovation\\\/#breadcrumb\",\"itemListElement\":[{\"@type\":\"ListItem\",\"position\":1,\"name\":\"Accueil\",\"item\":\"https:\\\/\\\/international.grandestdeveloppement.fr\\\/de\\\/\"},{\"@type\":\"ListItem\",\"position\":2,\"name\":\"Forschung &amp; Entwicklung \\\/ Innovation\"}]},{\"@type\":\"WebSite\",\"@id\":\"https:\\\/\\\/international.grandestdeveloppement.fr\\\/de\\\/#website\",\"url\":\"https:\\\/\\\/international.grandestdeveloppement.fr\\\/de\\\/\",\"name\":\"Invest Eastern France\",\"description\":\"\",\"publisher\":{\"@id\":\"https:\\\/\\\/international.grandestdeveloppement.fr\\\/de\\\/#organization\"},\"potentialAction\":[{\"@type\":\"SearchAction\",\"target\":{\"@type\":\"EntryPoint\",\"urlTemplate\":\"https:\\\/\\\/international.grandestdeveloppement.fr\\\/de\\\/?s={search_term_string}\"},\"query-input\":{\"@type\":\"PropertyValueSpecification\",\"valueRequired\":true,\"valueName\":\"search_term_string\"}}],\"inLanguage\":\"de-DE\"},{\"@type\":\"Organization\",\"@id\":\"https:\\\/\\\/international.grandestdeveloppement.fr\\\/de\\\/#organization\",\"name\":\"Invest Eastern France\",\"url\":\"https:\\\/\\\/international.grandestdeveloppement.fr\\\/de\\\/\",\"logo\":{\"@type\":\"ImageObject\",\"inLanguage\":\"de-DE\",\"@id\":\"https:\\\/\\\/international.grandestdeveloppement.fr\\\/de\\\/#\\\/schema\\\/logo\\\/image\\\/\",\"url\":\"https:\\\/\\\/www.international.grandestdeveloppement.fr\\\/wp-content\\\/uploads\\\/2021\\\/08\\\/logo-invest-eastern-france.png\",\"contentUrl\":\"https:\\\/\\\/www.international.grandestdeveloppement.fr\\\/wp-content\\\/uploads\\\/2021\\\/08\\\/logo-invest-eastern-france.png\",\"width\":500,\"height\":180,\"caption\":\"Invest Eastern France\"},\"image\":{\"@id\":\"https:\\\/\\\/international.grandestdeveloppement.fr\\\/de\\\/#\\\/schema\\\/logo\\\/image\\\/\"}}]}<\/script>\n<!-- \/ Yoast SEO plugin. -->","yoast_head_json":{"title":"Forschung &amp; Entwicklung \/ Innovation - Invest Eastern France","robots":{"index":"index","follow":"follow","max-snippet":"max-snippet:-1","max-image-preview":"max-image-preview:large","max-video-preview":"max-video-preview:-1"},"canonical":"https:\/\/international.grandestdeveloppement.fr\/de\/forschung-entwicklung-innovation\/","og_locale":"de_DE","og_type":"article","og_title":"Forschung &amp; Entwicklung \/ Innovation - Invest Eastern France","og_description":"Ostfrankreich ist sowohl ein Zentrum als auch eine Quelle der Innovation. Mit seinen Hunderten von Industrie- und Technologieunternehmen, seinen gro\u00dfen Forschungs- und Ausbildungsinstituten und seinen acht exzellenten Inkubatoren. Mehrere internationale [&hellip;]","og_url":"https:\/\/international.grandestdeveloppement.fr\/de\/forschung-entwicklung-innovation\/","og_site_name":"Invest Eastern France","article_modified_time":"2024-03-28T09:02:51+00:00","og_image":[{"width":1500,"height":843,"url":"https:\/\/international.grandestdeveloppement.fr\/wp-content\/uploads\/2021\/10\/recherche-et-innovation-grand-est.jpeg","type":"image\/jpeg"}],"twitter_card":"summary_large_image","twitter_misc":{"Est. reading time":"5 minutes"},"schema":{"@context":"https:\/\/schema.org","@graph":[{"@type":"WebPage","@id":"https:\/\/international.grandestdeveloppement.fr\/de\/forschung-entwicklung-innovation\/","url":"https:\/\/international.grandestdeveloppement.fr\/de\/forschung-entwicklung-innovation\/","name":"Forschung &amp; Entwicklung \/ Innovation - Invest Eastern France","isPartOf":{"@id":"https:\/\/international.grandestdeveloppement.fr\/de\/#website"},"primaryImageOfPage":{"@id":"https:\/\/international.grandestdeveloppement.fr\/de\/forschung-entwicklung-innovation\/#primaryimage"},"image":{"@id":"https:\/\/international.grandestdeveloppement.fr\/de\/forschung-entwicklung-innovation\/#primaryimage"},"thumbnailUrl":"https:\/\/international.grandestdeveloppement.fr\/wp-content\/uploads\/2021\/10\/recherche-et-innovation-grand-est.jpeg","datePublished":"2022-03-22T08:50:10+00:00","dateModified":"2024-03-28T09:02:51+00:00","breadcrumb":{"@id":"https:\/\/international.grandestdeveloppement.fr\/de\/forschung-entwicklung-innovation\/#breadcrumb"},"inLanguage":"de-DE","potentialAction":[{"@type":"ReadAction","target":["https:\/\/international.grandestdeveloppement.fr\/de\/forschung-entwicklung-innovation\/"]}]},{"@type":"ImageObject","inLanguage":"de-DE","@id":"https:\/\/international.grandestdeveloppement.fr\/de\/forschung-entwicklung-innovation\/#primaryimage","url":"https:\/\/international.grandestdeveloppement.fr\/wp-content\/uploads\/2021\/10\/recherche-et-innovation-grand-est.jpeg","contentUrl":"https:\/\/international.grandestdeveloppement.fr\/wp-content\/uploads\/2021\/10\/recherche-et-innovation-grand-est.jpeg","width":1500,"height":843,"caption":"Modern Factory Office Meeting Room: Diverse Team of Engineers, Managers and Investors Talking at Conference Table, Use Interactive TV, Analyze Sustainable Energy Engine Blueprints. High-Tech Facility"},{"@type":"BreadcrumbList","@id":"https:\/\/international.grandestdeveloppement.fr\/de\/forschung-entwicklung-innovation\/#breadcrumb","itemListElement":[{"@type":"ListItem","position":1,"name":"Accueil","item":"https:\/\/international.grandestdeveloppement.fr\/de\/"},{"@type":"ListItem","position":2,"name":"Forschung &amp; Entwicklung \/ Innovation"}]},{"@type":"WebSite","@id":"https:\/\/international.grandestdeveloppement.fr\/de\/#website","url":"https:\/\/international.grandestdeveloppement.fr\/de\/","name":"Invest Eastern France","description":"","publisher":{"@id":"https:\/\/international.grandestdeveloppement.fr\/de\/#organization"},"potentialAction":[{"@type":"SearchAction","target":{"@type":"EntryPoint","urlTemplate":"https:\/\/international.grandestdeveloppement.fr\/de\/?s={search_term_string}"},"query-input":{"@type":"PropertyValueSpecification","valueRequired":true,"valueName":"search_term_string"}}],"inLanguage":"de-DE"},{"@type":"Organization","@id":"https:\/\/international.grandestdeveloppement.fr\/de\/#organization","name":"Invest Eastern France","url":"https:\/\/international.grandestdeveloppement.fr\/de\/","logo":{"@type":"ImageObject","inLanguage":"de-DE","@id":"https:\/\/international.grandestdeveloppement.fr\/de\/#\/schema\/logo\/image\/","url":"https:\/\/www.international.grandestdeveloppement.fr\/wp-content\/uploads\/2021\/08\/logo-invest-eastern-france.png","contentUrl":"https:\/\/www.international.grandestdeveloppement.fr\/wp-content\/uploads\/2021\/08\/logo-invest-eastern-france.png","width":500,"height":180,"caption":"Invest Eastern France"},"image":{"@id":"https:\/\/international.grandestdeveloppement.fr\/de\/#\/schema\/logo\/image\/"}}]}},"publishpress_future_action":{"enabled":false,"date":"2026-04-25 16:05:36","action":"change-status","newStatus":"draft","terms":[],"taxonomy":"translation_priority","extraData":[]},"publishpress_future_workflow_manual_trigger":{"enabledWorkflows":[]},"_links":{"self":[{"href":"https:\/\/international.grandestdeveloppement.fr\/de\/wp-json\/wp\/v2\/pages\/3421","targetHints":{"allow":["GET"]}}],"collection":[{"href":"https:\/\/international.grandestdeveloppement.fr\/de\/wp-json\/wp\/v2\/pages"}],"about":[{"href":"https:\/\/international.grandestdeveloppement.fr\/de\/wp-json\/wp\/v2\/types\/page"}],"author":[{"embeddable":true,"href":"https:\/\/international.grandestdeveloppement.fr\/de\/wp-json\/wp\/v2\/users\/1"}],"replies":[{"embeddable":true,"href":"https:\/\/international.grandestdeveloppement.fr\/de\/wp-json\/wp\/v2\/comments?post=3421"}],"version-history":[{"count":6,"href":"https:\/\/international.grandestdeveloppement.fr\/de\/wp-json\/wp\/v2\/pages\/3421\/revisions"}],"predecessor-version":[{"id":13224,"href":"https:\/\/international.grandestdeveloppement.fr\/de\/wp-json\/wp\/v2\/pages\/3421\/revisions\/13224"}],"wp:featuredmedia":[{"embeddable":true,"href":"https:\/\/international.grandestdeveloppement.fr\/de\/wp-json\/wp\/v2\/media\/440"}],"wp:attachment":[{"href":"https:\/\/international.grandestdeveloppement.fr\/de\/wp-json\/wp\/v2\/media?parent=3421"}],"wp:term":[{"taxonomy":"categorie-businessFunction","embeddable":true,"href":"https:\/\/international.grandestdeveloppement.fr\/de\/wp-json\/wp\/v2\/categorie-businessFunction?post=3421"},{"taxonomy":"categorie-secteur","embeddable":true,"href":"https:\/\/international.grandestdeveloppement.fr\/de\/wp-json\/wp\/v2\/categorie-secteur?post=3421"},{"taxonomy":"categorie-nationalite","embeddable":true,"href":"https:\/\/international.grandestdeveloppement.fr\/de\/wp-json\/wp\/v2\/categorie-nationalite?post=3421"},{"taxonomy":"categorie-territoire","embeddable":true,"href":"https:\/\/international.grandestdeveloppement.fr\/de\/wp-json\/wp\/v2\/categorie-territoire?post=3421"},{"taxonomy":"categorie-service","embeddable":true,"href":"https:\/\/international.grandestdeveloppement.fr\/de\/wp-json\/wp\/v2\/categorie-service?post=3421"}],"curies":[{"name":"wp","href":"https:\/\/api.w.org\/{rel}","templated":true}]}}