{"id":766,"date":"2021-11-26T11:40:32","date_gmt":"2021-11-26T10:40:32","guid":{"rendered":"https:\/\/www.international.grandestdeveloppement.fr\/?page_id=766"},"modified":"2026-02-17T11:24:06","modified_gmt":"2026-02-17T10:24:06","slug":"bio-based-construction","status":"publish","type":"page","link":"https:\/\/international.grandestdeveloppement.fr\/en\/bio-based-construction\/","title":{"rendered":"Bio-based materials"},"content":{"rendered":"\n<p>Innovative, competitive, specialized: the building and construction sector is very dynamic in Eastern France. The abundance of its natural resources quickly led it to position itself as a leader in new bio-sourced materials.&nbsp;<\/p>\n\n\n\n<h2 class=\"wp-block-heading\"><strong>Key figures<\/strong><\/h2>\n\n\n\n<ul class=\"wp-block-list\">\n<li>1st French region for wood construction<\/li>\n\n\n\n<li>1st European hemp producing region<\/li>\n<\/ul>\n\n\n\n<h2 class=\"wp-block-heading\"><strong>Eastern France,&nbsp;a leading region in the wood and hemp sector&nbsp;<\/strong>&nbsp;<\/h2>\n\n\n\n<p>As the leading French region for the production of wood and construction technologies with 9,031 companies (which represents 47,387 jobs) ,&nbsp;Eastern France&nbsp;has developed a range of skills around the sector in the &#8220;Wood Valley&#8221;, which is home to nearly 1,000 wood processing companies representing 13,000 jobs.&nbsp;&nbsp;&nbsp;<\/p>\n\n\n\n<p><\/p>\n\n\n\n<p>The Region&nbsp;is also a forerunner in the production of hemp, providing 55% of French production and 20% of European production. The region also hosts the European Hemp Cluster project, which aims to set up an innovative organisation of the hemp sector.&nbsp;&nbsp;&nbsp;&nbsp;<\/p>\n\n\n\n<figure class=\"wp-block-image aligncenter size-full\"><img loading=\"lazy\" decoding=\"async\" width=\"828\" height=\"791\" src=\"https:\/\/international.grandestdeveloppement.fr\/wp-content\/uploads\/2025\/04\/image.png\" alt=\"\" class=\"wp-image-15822\" srcset=\"https:\/\/international.grandestdeveloppement.fr\/wp-content\/uploads\/2025\/04\/image.png 828w, https:\/\/international.grandestdeveloppement.fr\/wp-content\/uploads\/2025\/04\/image-300x287.png 300w, https:\/\/international.grandestdeveloppement.fr\/wp-content\/uploads\/2025\/04\/image-768x734.png 768w\" sizes=\"auto, (max-width: 828px) 100vw, 828px\" \/><\/figure>\n\n\n\n<h2 class=\"wp-block-heading\"><strong>Training and competitiveness: a perfectly&nbsp;organised&nbsp;industry&nbsp;<\/strong><\/h2>\n\n\n\n<h3 class=\"wp-block-heading\">\u00a0Our Competitive Cluster<\/h3>\n\n\n\n<div class=\"wp-block-media-text is-stacked-on-mobile\" style=\"grid-template-columns:34% auto\"><figure class=\"wp-block-media-text__media\"><a href=\"https:\/\/www.pole-europeen-chanvre.eu\/en\/who-are-we\/\"><img loading=\"lazy\" decoding=\"async\" width=\"1000\" height=\"1001\" src=\"https:\/\/international.grandestdeveloppement.fr\/wp-content\/uploads\/2025\/04\/Logo-pole-europeen-du-chanvre.jpg\" alt=\"\" class=\"wp-image-15818 size-full\" srcset=\"https:\/\/international.grandestdeveloppement.fr\/wp-content\/uploads\/2025\/04\/Logo-pole-europeen-du-chanvre.jpg 1000w, https:\/\/international.grandestdeveloppement.fr\/wp-content\/uploads\/2025\/04\/Logo-pole-europeen-du-chanvre-300x300.jpg 300w, https:\/\/international.grandestdeveloppement.fr\/wp-content\/uploads\/2025\/04\/Logo-pole-europeen-du-chanvre-150x150.jpg 150w, https:\/\/international.grandestdeveloppement.fr\/wp-content\/uploads\/2025\/04\/Logo-pole-europeen-du-chanvre-768x769.jpg 768w\" sizes=\"auto, (max-width: 1000px) 100vw, 1000px\" \/><\/a><\/figure><div class=\"wp-block-media-text__content\">\n<p>The<a href=\"https:\/\/www.pole-europeen-chanvre.eu\/\"> European Hemp Hub<\/a> brings together and federates all the players in the hemp value chain, from upstream to downstream, and its various application markets within a multi-stakeholder and multi-market cooperative ecosystem. Based in Troyes, in the Aube, the historical and main area of hemp cultivation, this territory accounts for 50% of French production and 20% of European production. Its history and background allow it to be a true demonstrator of the possibilities of the hemp ecosystem. A local anchor, a capacity for international outreach. The European Hemp Hub aims to develop the markets and outlets for hemp by providing structured answers to all actors in the hemp sectors and to all territories.<\/p>\n<\/div><\/div>\n\n\n\n<h3 class=\"wp-block-heading\">Other major players of the sector&#8230;<\/h3>\n\n\n\n<p>In addition to the talent pool represented by the region\u2019s universities, Eastern France is home to several schools and research centres in the field of wood: the Campus des M\u00e9tiers et Qualifications Bois Grand Est, <a href=\"https:\/\/www.enstib.univ-lorraine.fr\/fr\/\">ENSITB <\/a>(\u00c9cole Nationale Sup\u00e9rieure des Technologies et Industries du Bois), <a href=\"https:\/\/www.f-r-d.fr\/\">FRD<\/a> (Fibres Recherche D\u00e9veloppement, a private innovation company). . .<\/p>\n\n\n\n<figure class=\"wp-block-embed is-type-video is-provider-youtube wp-block-embed-youtube wp-embed-aspect-16-9 wp-has-aspect-ratio\"><div class=\"wp-block-embed__wrapper\">\n<iframe loading=\"lazy\" title=\"FRD, CRT d\u00e9di\u00e9 \u00e0 la valorisation applicative des fibres v\u00e9g\u00e9tales f\u00eate ses 15 ans\" width=\"500\" height=\"281\" src=\"https:\/\/www.youtube.com\/embed\/JHJ5G7a-9IM?feature=oembed\" frameborder=\"0\" allow=\"accelerometer; autoplay; clipboard-write; encrypted-media; gyroscope; picture-in-picture; web-share\" referrerpolicy=\"strict-origin-when-cross-origin\" allowfullscreen><\/iframe>\n<\/div><\/figure>\n","protected":false},"excerpt":{"rendered":"<p>Innovative, competitive, specialized: the building and construction sector is very dynamic in Eastern France. The abundance of its natural resources quickly led it to position itself as a leader in [&hellip;]<\/p>\n","protected":false},"author":1,"featured_media":13427,"parent":0,"menu_order":0,"comment_status":"closed","ping_status":"closed","template":"template-secteur.php","meta":{"_acf_changed":false,"_relevanssi_hide_post":"","_relevanssi_pin_for_all":"","_relevanssi_pin_keywords":"","_relevanssi_unpin_keywords":"","_relevanssi_related_keywords":"","_relevanssi_related_include_ids":"","_relevanssi_related_exclude_ids":"","_relevanssi_related_no_append":"","_relevanssi_related_not_related":"","_relevanssi_related_posts":"3436,4875,5006,5000,1137,1356","_relevanssi_noindex_reason":"","inline_featured_image":false,"footnotes":""},"categorie-businessFunction":[],"categorie-secteur":[],"categorie-nationalite":[],"categorie-territoire":[],"categorie-service":[],"class_list":["post-766","page","type-page","status-publish","has-post-thumbnail","hentry"],"acf":[],"yoast_head":"<!-- This site is optimized with the Yoast SEO plugin v27.3 - https:\/\/yoast.com\/product\/yoast-seo-wordpress\/ -->\n<title>Bio-based construction Bio-based materials - Invest in Eastern France<\/title>\n<meta name=\"description\" content=\"Innovative, competitive, specialized: the building and construction sector is very dynamic in Eastern France.\" \/>\n<meta name=\"robots\" content=\"index, follow, max-snippet:-1, max-image-preview:large, max-video-preview:-1\" \/>\n<link rel=\"canonical\" href=\"https:\/\/international.grandestdeveloppement.fr\/en\/bio-based-construction\/\" \/>\n<meta property=\"og:locale\" content=\"en_US\" \/>\n<meta property=\"og:type\" content=\"article\" \/>\n<meta property=\"og:title\" content=\"Bio-based construction Bio-based materials - Invest in Eastern France\" \/>\n<meta property=\"og:description\" content=\"Innovative, competitive, specialized: the building and construction sector is very dynamic in Eastern France.\" \/>\n<meta property=\"og:url\" content=\"https:\/\/international.grandestdeveloppement.fr\/en\/bio-based-construction\/\" \/>\n<meta property=\"og:site_name\" content=\"Invest in Eastern France\" \/>\n<meta property=\"article:modified_time\" content=\"2026-02-17T10:24:06+00:00\" \/>\n<meta property=\"og:image\" content=\"https:\/\/international.grandestdeveloppement.fr\/wp-content\/uploads\/2024\/04\/AdobeStock_669888518-scaled.jpeg\" \/>\n\t<meta property=\"og:image:width\" content=\"2560\" \/>\n\t<meta property=\"og:image:height\" content=\"1607\" \/>\n\t<meta property=\"og:image:type\" content=\"image\/jpeg\" \/>\n<meta name=\"twitter:card\" content=\"summary_large_image\" \/>\n<meta name=\"twitter:label1\" content=\"Est. reading time\" \/>\n\t<meta name=\"twitter:data1\" content=\"3 minutes\" \/>\n<script type=\"application\/ld+json\" class=\"yoast-schema-graph\">{\"@context\":\"https:\\\/\\\/schema.org\",\"@graph\":[{\"@type\":\"WebPage\",\"@id\":\"https:\\\/\\\/international.grandestdeveloppement.fr\\\/en\\\/bio-based-construction\\\/\",\"url\":\"https:\\\/\\\/international.grandestdeveloppement.fr\\\/en\\\/bio-based-construction\\\/\",\"name\":\"Bio-based construction Bio-based materials - Invest in Eastern France\",\"isPartOf\":{\"@id\":\"https:\\\/\\\/international.grandestdeveloppement.fr\\\/en\\\/#website\"},\"primaryImageOfPage\":{\"@id\":\"https:\\\/\\\/international.grandestdeveloppement.fr\\\/en\\\/bio-based-construction\\\/#primaryimage\"},\"image\":{\"@id\":\"https:\\\/\\\/international.grandestdeveloppement.fr\\\/en\\\/bio-based-construction\\\/#primaryimage\"},\"thumbnailUrl\":\"https:\\\/\\\/international.grandestdeveloppement.fr\\\/wp-content\\\/uploads\\\/2024\\\/04\\\/AdobeStock_669888518-scaled.jpeg\",\"datePublished\":\"2021-11-26T10:40:32+00:00\",\"dateModified\":\"2026-02-17T10:24:06+00:00\",\"description\":\"Innovative, competitive, specialized: the building and construction sector is very dynamic in Eastern France.\",\"breadcrumb\":{\"@id\":\"https:\\\/\\\/international.grandestdeveloppement.fr\\\/en\\\/bio-based-construction\\\/#breadcrumb\"},\"inLanguage\":\"en-US\",\"potentialAction\":[{\"@type\":\"ReadAction\",\"target\":[\"https:\\\/\\\/international.grandestdeveloppement.fr\\\/en\\\/bio-based-construction\\\/\"]}]},{\"@type\":\"ImageObject\",\"inLanguage\":\"en-US\",\"@id\":\"https:\\\/\\\/international.grandestdeveloppement.fr\\\/en\\\/bio-based-construction\\\/#primaryimage\",\"url\":\"https:\\\/\\\/international.grandestdeveloppement.fr\\\/wp-content\\\/uploads\\\/2024\\\/04\\\/AdobeStock_669888518-scaled.jpeg\",\"contentUrl\":\"https:\\\/\\\/international.grandestdeveloppement.fr\\\/wp-content\\\/uploads\\\/2024\\\/04\\\/AdobeStock_669888518-scaled.jpeg\",\"width\":2560,\"height\":1607,\"caption\":\"Sustainable Comfort Solution\"},{\"@type\":\"BreadcrumbList\",\"@id\":\"https:\\\/\\\/international.grandestdeveloppement.fr\\\/en\\\/bio-based-construction\\\/#breadcrumb\",\"itemListElement\":[{\"@type\":\"ListItem\",\"position\":1,\"name\":\"Accueil\",\"item\":\"https:\\\/\\\/international.grandestdeveloppement.fr\\\/en\\\/\"},{\"@type\":\"ListItem\",\"position\":2,\"name\":\"Bio-based materials\"}]},{\"@type\":\"WebSite\",\"@id\":\"https:\\\/\\\/international.grandestdeveloppement.fr\\\/en\\\/#website\",\"url\":\"https:\\\/\\\/international.grandestdeveloppement.fr\\\/en\\\/\",\"name\":\"Invest in Eastern France\",\"description\":\"\",\"publisher\":{\"@id\":\"https:\\\/\\\/international.grandestdeveloppement.fr\\\/en\\\/#organization\"},\"potentialAction\":[{\"@type\":\"SearchAction\",\"target\":{\"@type\":\"EntryPoint\",\"urlTemplate\":\"https:\\\/\\\/international.grandestdeveloppement.fr\\\/en\\\/?s={search_term_string}\"},\"query-input\":{\"@type\":\"PropertyValueSpecification\",\"valueRequired\":true,\"valueName\":\"search_term_string\"}}],\"inLanguage\":\"en-US\"},{\"@type\":\"Organization\",\"@id\":\"https:\\\/\\\/international.grandestdeveloppement.fr\\\/en\\\/#organization\",\"name\":\"Invest Eastern France\",\"url\":\"https:\\\/\\\/international.grandestdeveloppement.fr\\\/en\\\/\",\"logo\":{\"@type\":\"ImageObject\",\"inLanguage\":\"en-US\",\"@id\":\"https:\\\/\\\/international.grandestdeveloppement.fr\\\/en\\\/#\\\/schema\\\/logo\\\/image\\\/\",\"url\":\"https:\\\/\\\/www.international.grandestdeveloppement.fr\\\/wp-content\\\/uploads\\\/2021\\\/08\\\/logo-invest-eastern-france.png\",\"contentUrl\":\"https:\\\/\\\/www.international.grandestdeveloppement.fr\\\/wp-content\\\/uploads\\\/2021\\\/08\\\/logo-invest-eastern-france.png\",\"width\":500,\"height\":180,\"caption\":\"Invest Eastern France\"},\"image\":{\"@id\":\"https:\\\/\\\/international.grandestdeveloppement.fr\\\/en\\\/#\\\/schema\\\/logo\\\/image\\\/\"}}]}<\/script>\n<!-- \/ Yoast SEO plugin. -->","yoast_head_json":{"title":"Bio-based construction Bio-based materials - Invest in Eastern France","description":"Innovative, competitive, specialized: the building and construction sector is very dynamic in Eastern France.","robots":{"index":"index","follow":"follow","max-snippet":"max-snippet:-1","max-image-preview":"max-image-preview:large","max-video-preview":"max-video-preview:-1"},"canonical":"https:\/\/international.grandestdeveloppement.fr\/en\/bio-based-construction\/","og_locale":"en_US","og_type":"article","og_title":"Bio-based construction Bio-based materials - Invest in Eastern France","og_description":"Innovative, competitive, specialized: the building and construction sector is very dynamic in Eastern France.","og_url":"https:\/\/international.grandestdeveloppement.fr\/en\/bio-based-construction\/","og_site_name":"Invest in Eastern France","article_modified_time":"2026-02-17T10:24:06+00:00","og_image":[{"width":2560,"height":1607,"url":"https:\/\/international.grandestdeveloppement.fr\/wp-content\/uploads\/2024\/04\/AdobeStock_669888518-scaled.jpeg","type":"image\/jpeg"}],"twitter_card":"summary_large_image","twitter_misc":{"Est. reading time":"3 minutes"},"schema":{"@context":"https:\/\/schema.org","@graph":[{"@type":"WebPage","@id":"https:\/\/international.grandestdeveloppement.fr\/en\/bio-based-construction\/","url":"https:\/\/international.grandestdeveloppement.fr\/en\/bio-based-construction\/","name":"Bio-based construction Bio-based materials - Invest in Eastern France","isPartOf":{"@id":"https:\/\/international.grandestdeveloppement.fr\/en\/#website"},"primaryImageOfPage":{"@id":"https:\/\/international.grandestdeveloppement.fr\/en\/bio-based-construction\/#primaryimage"},"image":{"@id":"https:\/\/international.grandestdeveloppement.fr\/en\/bio-based-construction\/#primaryimage"},"thumbnailUrl":"https:\/\/international.grandestdeveloppement.fr\/wp-content\/uploads\/2024\/04\/AdobeStock_669888518-scaled.jpeg","datePublished":"2021-11-26T10:40:32+00:00","dateModified":"2026-02-17T10:24:06+00:00","description":"Innovative, competitive, specialized: the building and construction sector is very dynamic in Eastern France.","breadcrumb":{"@id":"https:\/\/international.grandestdeveloppement.fr\/en\/bio-based-construction\/#breadcrumb"},"inLanguage":"en-US","potentialAction":[{"@type":"ReadAction","target":["https:\/\/international.grandestdeveloppement.fr\/en\/bio-based-construction\/"]}]},{"@type":"ImageObject","inLanguage":"en-US","@id":"https:\/\/international.grandestdeveloppement.fr\/en\/bio-based-construction\/#primaryimage","url":"https:\/\/international.grandestdeveloppement.fr\/wp-content\/uploads\/2024\/04\/AdobeStock_669888518-scaled.jpeg","contentUrl":"https:\/\/international.grandestdeveloppement.fr\/wp-content\/uploads\/2024\/04\/AdobeStock_669888518-scaled.jpeg","width":2560,"height":1607,"caption":"Sustainable Comfort Solution"},{"@type":"BreadcrumbList","@id":"https:\/\/international.grandestdeveloppement.fr\/en\/bio-based-construction\/#breadcrumb","itemListElement":[{"@type":"ListItem","position":1,"name":"Accueil","item":"https:\/\/international.grandestdeveloppement.fr\/en\/"},{"@type":"ListItem","position":2,"name":"Bio-based materials"}]},{"@type":"WebSite","@id":"https:\/\/international.grandestdeveloppement.fr\/en\/#website","url":"https:\/\/international.grandestdeveloppement.fr\/en\/","name":"Invest in Eastern France","description":"","publisher":{"@id":"https:\/\/international.grandestdeveloppement.fr\/en\/#organization"},"potentialAction":[{"@type":"SearchAction","target":{"@type":"EntryPoint","urlTemplate":"https:\/\/international.grandestdeveloppement.fr\/en\/?s={search_term_string}"},"query-input":{"@type":"PropertyValueSpecification","valueRequired":true,"valueName":"search_term_string"}}],"inLanguage":"en-US"},{"@type":"Organization","@id":"https:\/\/international.grandestdeveloppement.fr\/en\/#organization","name":"Invest Eastern France","url":"https:\/\/international.grandestdeveloppement.fr\/en\/","logo":{"@type":"ImageObject","inLanguage":"en-US","@id":"https:\/\/international.grandestdeveloppement.fr\/en\/#\/schema\/logo\/image\/","url":"https:\/\/www.international.grandestdeveloppement.fr\/wp-content\/uploads\/2021\/08\/logo-invest-eastern-france.png","contentUrl":"https:\/\/www.international.grandestdeveloppement.fr\/wp-content\/uploads\/2021\/08\/logo-invest-eastern-france.png","width":500,"height":180,"caption":"Invest Eastern France"},"image":{"@id":"https:\/\/international.grandestdeveloppement.fr\/en\/#\/schema\/logo\/image\/"}}]}},"publishpress_future_action":{"enabled":false,"date":"2026-04-23 06:06:13","action":"change-status","newStatus":"draft","terms":[],"taxonomy":"translation_priority","extraData":[]},"publishpress_future_workflow_manual_trigger":{"enabledWorkflows":[]},"_links":{"self":[{"href":"https:\/\/international.grandestdeveloppement.fr\/en\/wp-json\/wp\/v2\/pages\/766","targetHints":{"allow":["GET"]}}],"collection":[{"href":"https:\/\/international.grandestdeveloppement.fr\/en\/wp-json\/wp\/v2\/pages"}],"about":[{"href":"https:\/\/international.grandestdeveloppement.fr\/en\/wp-json\/wp\/v2\/types\/page"}],"author":[{"embeddable":true,"href":"https:\/\/international.grandestdeveloppement.fr\/en\/wp-json\/wp\/v2\/users\/1"}],"replies":[{"embeddable":true,"href":"https:\/\/international.grandestdeveloppement.fr\/en\/wp-json\/wp\/v2\/comments?post=766"}],"version-history":[{"count":17,"href":"https:\/\/international.grandestdeveloppement.fr\/en\/wp-json\/wp\/v2\/pages\/766\/revisions"}],"predecessor-version":[{"id":18598,"href":"https:\/\/international.grandestdeveloppement.fr\/en\/wp-json\/wp\/v2\/pages\/766\/revisions\/18598"}],"wp:featuredmedia":[{"embeddable":true,"href":"https:\/\/international.grandestdeveloppement.fr\/en\/wp-json\/wp\/v2\/media\/13427"}],"wp:attachment":[{"href":"https:\/\/international.grandestdeveloppement.fr\/en\/wp-json\/wp\/v2\/media?parent=766"}],"wp:term":[{"taxonomy":"categorie-businessFunction","embeddable":true,"href":"https:\/\/international.grandestdeveloppement.fr\/en\/wp-json\/wp\/v2\/categorie-businessFunction?post=766"},{"taxonomy":"categorie-secteur","embeddable":true,"href":"https:\/\/international.grandestdeveloppement.fr\/en\/wp-json\/wp\/v2\/categorie-secteur?post=766"},{"taxonomy":"categorie-nationalite","embeddable":true,"href":"https:\/\/international.grandestdeveloppement.fr\/en\/wp-json\/wp\/v2\/categorie-nationalite?post=766"},{"taxonomy":"categorie-territoire","embeddable":true,"href":"https:\/\/international.grandestdeveloppement.fr\/en\/wp-json\/wp\/v2\/categorie-territoire?post=766"},{"taxonomy":"categorie-service","embeddable":true,"href":"https:\/\/international.grandestdeveloppement.fr\/en\/wp-json\/wp\/v2\/categorie-service?post=766"}],"curies":[{"name":"wp","href":"https:\/\/api.w.org\/{rel}","templated":true}]}}