{"id":1078,"date":"2021-12-16T13:59:03","date_gmt":"2021-12-16T12:59:03","guid":{"rendered":"https:\/\/www.international.grandestdeveloppement.fr\/?page_id=1078"},"modified":"2025-05-15T12:49:55","modified_gmt":"2025-05-15T10:49:55","slug":"nos-services","status":"publish","type":"page","link":"https:\/\/international.grandestdeveloppement.fr\/fr\/nos-services\/","title":{"rendered":"Nos services"},"content":{"rendered":"\n<p><strong>Grand Est D\u00e9veloppement International<\/strong> identifie et accompagne les projets d\u2019investissement direct \u00e9tranger vers la r\u00e9gion Grand Est. <br>Nous sommes le partenaire et l\u2019interlocuteur des entreprises internationales qui cherchent \u00e0 d\u00e9velopper leur activit\u00e9 en France et en Europe. Nous faisons valoir l&rsquo;attractivit\u00e9, la comp\u00e9titivit\u00e9 et les ressources de la r\u00e9gion pour faciliter la mise en \u0153uvre de leur projet.<\/p>\n\n\n\n<p>Notre expertise et notre exp\u00e9rience dans des domaines professionnels tr\u00e8s vari\u00e9s nous permettent de vous accompagner tout au long de votre projet, en vous donnant les cl\u00e9s pour r\u00e9ussir votre d\u00e9veloppement sur les march\u00e9s fran\u00e7ais et europ\u00e9ens. <\/p>\n\n\n\n<p>Gr\u00e2ce \u00e0 notre vaste r\u00e9seau r\u00e9gional, nous vous donnons acc\u00e8s aux talents, partenaires et opportunit\u00e9s locales. <\/p>\n\n\n\n<p><strong>Nos services sont gratuits et enti\u00e8rement confidentiels.<\/strong><\/p>\n\n\n\n<h2 class=\"wp-block-heading\">R\u00e9seaux de partenaires territoriaux<\/h2>\n\n\n\n<p><strong>Grand Est D\u00e9veloppement International<\/strong> dispose d&rsquo;un r\u00e9seau de partenaires locaux, compos\u00e9 de structures locales de d\u00e9veloppement \u00e9conomique. <br>Nous travaillons ensemble pour vous offrir les offres les plus adapt\u00e9es \u00e0 votre projet.<\/p>\n\n\n\n<h2 class=\"wp-block-heading\">T\u00e9l\u00e9chargez notre brochure (en anglais)<\/h2>\n\n\n\n<div data-wp-interactive=\"core\/file\" class=\"wp-block-file\"><object data-wp-bind--hidden=\"!state.hasPdfPreview\" hidden class=\"wp-block-file__embed\" data=\"https:\/\/international.grandestdeveloppement.fr\/wp-content\/uploads\/2025\/05\/Invest-in-Eastern-France-Your-Brochure-1.pdf\" type=\"application\/pdf\" style=\"width:100%;height:600px\" aria-label=\"Contenu embarqu\u00e9 Invest in Eastern France - Your Brochure.\"><\/object><a id=\"wp-block-file--media-3dac51d8-e8d1-4510-b2f8-c5cb4abad18b\" href=\"https:\/\/international.grandestdeveloppement.fr\/wp-content\/uploads\/2025\/05\/Invest-in-Eastern-France-Your-Brochure-1.pdf\" target=\"_blank\" rel=\"noreferrer noopener\">Invest in Eastern France &#8211; Your Brochure<\/a><a href=\"https:\/\/international.grandestdeveloppement.fr\/wp-content\/uploads\/2025\/05\/Invest-in-Eastern-France-Your-Brochure-1.pdf\" class=\"wp-block-file__button wp-element-button\" download aria-describedby=\"wp-block-file--media-3dac51d8-e8d1-4510-b2f8-c5cb4abad18b\">Download<\/a><\/div>\n","protected":false},"excerpt":{"rendered":"<p>Grand Est D\u00e9veloppement International identifie et accompagne les projets d\u2019investissement direct \u00e9tranger vers la r\u00e9gion Grand Est. Nous sommes le partenaire et l\u2019interlocuteur des entreprises internationales qui cherchent \u00e0 d\u00e9velopper [&hellip;]<\/p>\n","protected":false},"author":3,"featured_media":14787,"parent":0,"menu_order":0,"comment_status":"closed","ping_status":"closed","template":"","meta":{"_acf_changed":false,"_relevanssi_hide_post":"","_relevanssi_pin_for_all":"","_relevanssi_pin_keywords":"","_relevanssi_unpin_keywords":"","_relevanssi_related_keywords":"","_relevanssi_related_include_ids":"","_relevanssi_related_exclude_ids":"","_relevanssi_related_no_append":"","_relevanssi_related_not_related":"","_relevanssi_related_posts":"201,1114,951,470,1116,1112","_relevanssi_noindex_reason":"","inline_featured_image":false,"footnotes":""},"categorie-businessFunction":[],"categorie-secteur":[],"categorie-nationalite":[],"categorie-territoire":[],"categorie-service":[],"class_list":["post-1078","page","type-page","status-publish","has-post-thumbnail","hentry"],"acf":[],"yoast_head":"<!-- This site is optimized with the Yoast SEO plugin v27.3 - https:\/\/yoast.com\/product\/yoast-seo-wordpress\/ -->\n<title>Nos services - Invest Eastern France<\/title>\n<meta name=\"robots\" content=\"index, follow, max-snippet:-1, max-image-preview:large, max-video-preview:-1\" \/>\n<link rel=\"canonical\" href=\"https:\/\/international.grandestdeveloppement.fr\/fr\/nos-services\/\" \/>\n<meta property=\"og:locale\" content=\"fr_FR\" \/>\n<meta property=\"og:type\" content=\"article\" \/>\n<meta property=\"og:title\" content=\"Nos services - Invest Eastern France\" \/>\n<meta property=\"og:description\" content=\"Grand Est D\u00e9veloppement International identifie et accompagne les projets d\u2019investissement direct \u00e9tranger vers la r\u00e9gion Grand Est. Nous sommes le partenaire et l\u2019interlocuteur des entreprises internationales qui cherchent \u00e0 d\u00e9velopper [&hellip;]\" \/>\n<meta property=\"og:url\" content=\"https:\/\/international.grandestdeveloppement.fr\/fr\/nos-services\/\" \/>\n<meta property=\"og:site_name\" content=\"Invest Eastern France\" \/>\n<meta property=\"article:modified_time\" content=\"2025-05-15T10:49:55+00:00\" \/>\n<meta property=\"og:image\" content=\"https:\/\/international.grandestdeveloppement.fr\/wp-content\/uploads\/2025\/01\/AdobeStock_221728455-scaled.jpeg\" \/>\n\t<meta property=\"og:image:width\" content=\"2560\" \/>\n\t<meta property=\"og:image:height\" content=\"957\" \/>\n\t<meta property=\"og:image:type\" content=\"image\/jpeg\" \/>\n<meta name=\"twitter:card\" content=\"summary_large_image\" \/>\n<meta name=\"twitter:label1\" content=\"Dur\u00e9e de lecture estim\u00e9e\" \/>\n\t<meta name=\"twitter:data1\" content=\"1 minute\" \/>\n<script type=\"application\/ld+json\" class=\"yoast-schema-graph\">{\"@context\":\"https:\\\/\\\/schema.org\",\"@graph\":[{\"@type\":\"WebPage\",\"@id\":\"https:\\\/\\\/international.grandestdeveloppement.fr\\\/fr\\\/nos-services\\\/\",\"url\":\"https:\\\/\\\/international.grandestdeveloppement.fr\\\/fr\\\/nos-services\\\/\",\"name\":\"Nos services - Invest Eastern France\",\"isPartOf\":{\"@id\":\"https:\\\/\\\/international.grandestdeveloppement.fr\\\/fr\\\/#website\"},\"primaryImageOfPage\":{\"@id\":\"https:\\\/\\\/international.grandestdeveloppement.fr\\\/fr\\\/nos-services\\\/#primaryimage\"},\"image\":{\"@id\":\"https:\\\/\\\/international.grandestdeveloppement.fr\\\/fr\\\/nos-services\\\/#primaryimage\"},\"thumbnailUrl\":\"https:\\\/\\\/international.grandestdeveloppement.fr\\\/wp-content\\\/uploads\\\/2025\\\/01\\\/AdobeStock_221728455-scaled.jpeg\",\"datePublished\":\"2021-12-16T12:59:03+00:00\",\"dateModified\":\"2025-05-15T10:49:55+00:00\",\"breadcrumb\":{\"@id\":\"https:\\\/\\\/international.grandestdeveloppement.fr\\\/fr\\\/nos-services\\\/#breadcrumb\"},\"inLanguage\":\"fr-FR\",\"potentialAction\":[{\"@type\":\"ReadAction\",\"target\":[\"https:\\\/\\\/international.grandestdeveloppement.fr\\\/fr\\\/nos-services\\\/\"]}]},{\"@type\":\"ImageObject\",\"inLanguage\":\"fr-FR\",\"@id\":\"https:\\\/\\\/international.grandestdeveloppement.fr\\\/fr\\\/nos-services\\\/#primaryimage\",\"url\":\"https:\\\/\\\/international.grandestdeveloppement.fr\\\/wp-content\\\/uploads\\\/2025\\\/01\\\/AdobeStock_221728455-scaled.jpeg\",\"contentUrl\":\"https:\\\/\\\/international.grandestdeveloppement.fr\\\/wp-content\\\/uploads\\\/2025\\\/01\\\/AdobeStock_221728455-scaled.jpeg\",\"width\":2560,\"height\":957,\"caption\":\"Working on progect using hi technology digital tablet\"},{\"@type\":\"BreadcrumbList\",\"@id\":\"https:\\\/\\\/international.grandestdeveloppement.fr\\\/fr\\\/nos-services\\\/#breadcrumb\",\"itemListElement\":[{\"@type\":\"ListItem\",\"position\":1,\"name\":\"Accueil\",\"item\":\"https:\\\/\\\/international.grandestdeveloppement.fr\\\/fr\\\/\"},{\"@type\":\"ListItem\",\"position\":2,\"name\":\"Nos services\"}]},{\"@type\":\"WebSite\",\"@id\":\"https:\\\/\\\/international.grandestdeveloppement.fr\\\/fr\\\/#website\",\"url\":\"https:\\\/\\\/international.grandestdeveloppement.fr\\\/fr\\\/\",\"name\":\"Invest Eastern France\",\"description\":\"\",\"publisher\":{\"@id\":\"https:\\\/\\\/international.grandestdeveloppement.fr\\\/fr\\\/#organization\"},\"potentialAction\":[{\"@type\":\"SearchAction\",\"target\":{\"@type\":\"EntryPoint\",\"urlTemplate\":\"https:\\\/\\\/international.grandestdeveloppement.fr\\\/fr\\\/?s={search_term_string}\"},\"query-input\":{\"@type\":\"PropertyValueSpecification\",\"valueRequired\":true,\"valueName\":\"search_term_string\"}}],\"inLanguage\":\"fr-FR\"},{\"@type\":\"Organization\",\"@id\":\"https:\\\/\\\/international.grandestdeveloppement.fr\\\/fr\\\/#organization\",\"name\":\"Invest Eastern France\",\"url\":\"https:\\\/\\\/international.grandestdeveloppement.fr\\\/fr\\\/\",\"logo\":{\"@type\":\"ImageObject\",\"inLanguage\":\"fr-FR\",\"@id\":\"https:\\\/\\\/international.grandestdeveloppement.fr\\\/fr\\\/#\\\/schema\\\/logo\\\/image\\\/\",\"url\":\"https:\\\/\\\/www.international.grandestdeveloppement.fr\\\/wp-content\\\/uploads\\\/2021\\\/08\\\/logo-invest-eastern-france.png\",\"contentUrl\":\"https:\\\/\\\/www.international.grandestdeveloppement.fr\\\/wp-content\\\/uploads\\\/2021\\\/08\\\/logo-invest-eastern-france.png\",\"width\":500,\"height\":180,\"caption\":\"Invest Eastern France\"},\"image\":{\"@id\":\"https:\\\/\\\/international.grandestdeveloppement.fr\\\/fr\\\/#\\\/schema\\\/logo\\\/image\\\/\"}}]}<\/script>\n<!-- \/ Yoast SEO plugin. -->","yoast_head_json":{"title":"Nos services - Invest Eastern France","robots":{"index":"index","follow":"follow","max-snippet":"max-snippet:-1","max-image-preview":"max-image-preview:large","max-video-preview":"max-video-preview:-1"},"canonical":"https:\/\/international.grandestdeveloppement.fr\/fr\/nos-services\/","og_locale":"fr_FR","og_type":"article","og_title":"Nos services - Invest Eastern France","og_description":"Grand Est D\u00e9veloppement International identifie et accompagne les projets d\u2019investissement direct \u00e9tranger vers la r\u00e9gion Grand Est. Nous sommes le partenaire et l\u2019interlocuteur des entreprises internationales qui cherchent \u00e0 d\u00e9velopper [&hellip;]","og_url":"https:\/\/international.grandestdeveloppement.fr\/fr\/nos-services\/","og_site_name":"Invest Eastern France","article_modified_time":"2025-05-15T10:49:55+00:00","og_image":[{"width":2560,"height":957,"url":"https:\/\/international.grandestdeveloppement.fr\/wp-content\/uploads\/2025\/01\/AdobeStock_221728455-scaled.jpeg","type":"image\/jpeg"}],"twitter_card":"summary_large_image","twitter_misc":{"Dur\u00e9e de lecture estim\u00e9e":"1 minute"},"schema":{"@context":"https:\/\/schema.org","@graph":[{"@type":"WebPage","@id":"https:\/\/international.grandestdeveloppement.fr\/fr\/nos-services\/","url":"https:\/\/international.grandestdeveloppement.fr\/fr\/nos-services\/","name":"Nos services - Invest Eastern France","isPartOf":{"@id":"https:\/\/international.grandestdeveloppement.fr\/fr\/#website"},"primaryImageOfPage":{"@id":"https:\/\/international.grandestdeveloppement.fr\/fr\/nos-services\/#primaryimage"},"image":{"@id":"https:\/\/international.grandestdeveloppement.fr\/fr\/nos-services\/#primaryimage"},"thumbnailUrl":"https:\/\/international.grandestdeveloppement.fr\/wp-content\/uploads\/2025\/01\/AdobeStock_221728455-scaled.jpeg","datePublished":"2021-12-16T12:59:03+00:00","dateModified":"2025-05-15T10:49:55+00:00","breadcrumb":{"@id":"https:\/\/international.grandestdeveloppement.fr\/fr\/nos-services\/#breadcrumb"},"inLanguage":"fr-FR","potentialAction":[{"@type":"ReadAction","target":["https:\/\/international.grandestdeveloppement.fr\/fr\/nos-services\/"]}]},{"@type":"ImageObject","inLanguage":"fr-FR","@id":"https:\/\/international.grandestdeveloppement.fr\/fr\/nos-services\/#primaryimage","url":"https:\/\/international.grandestdeveloppement.fr\/wp-content\/uploads\/2025\/01\/AdobeStock_221728455-scaled.jpeg","contentUrl":"https:\/\/international.grandestdeveloppement.fr\/wp-content\/uploads\/2025\/01\/AdobeStock_221728455-scaled.jpeg","width":2560,"height":957,"caption":"Working on progect using hi technology digital tablet"},{"@type":"BreadcrumbList","@id":"https:\/\/international.grandestdeveloppement.fr\/fr\/nos-services\/#breadcrumb","itemListElement":[{"@type":"ListItem","position":1,"name":"Accueil","item":"https:\/\/international.grandestdeveloppement.fr\/fr\/"},{"@type":"ListItem","position":2,"name":"Nos services"}]},{"@type":"WebSite","@id":"https:\/\/international.grandestdeveloppement.fr\/fr\/#website","url":"https:\/\/international.grandestdeveloppement.fr\/fr\/","name":"Invest Eastern France","description":"","publisher":{"@id":"https:\/\/international.grandestdeveloppement.fr\/fr\/#organization"},"potentialAction":[{"@type":"SearchAction","target":{"@type":"EntryPoint","urlTemplate":"https:\/\/international.grandestdeveloppement.fr\/fr\/?s={search_term_string}"},"query-input":{"@type":"PropertyValueSpecification","valueRequired":true,"valueName":"search_term_string"}}],"inLanguage":"fr-FR"},{"@type":"Organization","@id":"https:\/\/international.grandestdeveloppement.fr\/fr\/#organization","name":"Invest Eastern France","url":"https:\/\/international.grandestdeveloppement.fr\/fr\/","logo":{"@type":"ImageObject","inLanguage":"fr-FR","@id":"https:\/\/international.grandestdeveloppement.fr\/fr\/#\/schema\/logo\/image\/","url":"https:\/\/www.international.grandestdeveloppement.fr\/wp-content\/uploads\/2021\/08\/logo-invest-eastern-france.png","contentUrl":"https:\/\/www.international.grandestdeveloppement.fr\/wp-content\/uploads\/2021\/08\/logo-invest-eastern-france.png","width":500,"height":180,"caption":"Invest Eastern France"},"image":{"@id":"https:\/\/international.grandestdeveloppement.fr\/fr\/#\/schema\/logo\/image\/"}}]}},"publishpress_future_action":{"enabled":false,"date":"2026-04-26 09:35:20","action":"change-status","newStatus":"draft","terms":[],"taxonomy":"translation_priority","extraData":[]},"publishpress_future_workflow_manual_trigger":{"enabledWorkflows":[]},"_links":{"self":[{"href":"https:\/\/international.grandestdeveloppement.fr\/fr\/wp-json\/wp\/v2\/pages\/1078","targetHints":{"allow":["GET"]}}],"collection":[{"href":"https:\/\/international.grandestdeveloppement.fr\/fr\/wp-json\/wp\/v2\/pages"}],"about":[{"href":"https:\/\/international.grandestdeveloppement.fr\/fr\/wp-json\/wp\/v2\/types\/page"}],"author":[{"embeddable":true,"href":"https:\/\/international.grandestdeveloppement.fr\/fr\/wp-json\/wp\/v2\/users\/3"}],"replies":[{"embeddable":true,"href":"https:\/\/international.grandestdeveloppement.fr\/fr\/wp-json\/wp\/v2\/comments?post=1078"}],"version-history":[{"count":6,"href":"https:\/\/international.grandestdeveloppement.fr\/fr\/wp-json\/wp\/v2\/pages\/1078\/revisions"}],"predecessor-version":[{"id":16086,"href":"https:\/\/international.grandestdeveloppement.fr\/fr\/wp-json\/wp\/v2\/pages\/1078\/revisions\/16086"}],"wp:featuredmedia":[{"embeddable":true,"href":"https:\/\/international.grandestdeveloppement.fr\/fr\/wp-json\/wp\/v2\/media\/14787"}],"wp:attachment":[{"href":"https:\/\/international.grandestdeveloppement.fr\/fr\/wp-json\/wp\/v2\/media?parent=1078"}],"wp:term":[{"taxonomy":"categorie-businessFunction","embeddable":true,"href":"https:\/\/international.grandestdeveloppement.fr\/fr\/wp-json\/wp\/v2\/categorie-businessFunction?post=1078"},{"taxonomy":"categorie-secteur","embeddable":true,"href":"https:\/\/international.grandestdeveloppement.fr\/fr\/wp-json\/wp\/v2\/categorie-secteur?post=1078"},{"taxonomy":"categorie-nationalite","embeddable":true,"href":"https:\/\/international.grandestdeveloppement.fr\/fr\/wp-json\/wp\/v2\/categorie-nationalite?post=1078"},{"taxonomy":"categorie-territoire","embeddable":true,"href":"https:\/\/international.grandestdeveloppement.fr\/fr\/wp-json\/wp\/v2\/categorie-territoire?post=1078"},{"taxonomy":"categorie-service","embeddable":true,"href":"https:\/\/international.grandestdeveloppement.fr\/fr\/wp-json\/wp\/v2\/categorie-service?post=1078"}],"curies":[{"name":"wp","href":"https:\/\/api.w.org\/{rel}","templated":true}]}}