{"id":1184,"date":"2021-12-22T11:44:10","date_gmt":"2021-12-22T10:44:10","guid":{"rendered":"https:\/\/www.international.grandestdeveloppement.fr\/?page_id=1184"},"modified":"2025-01-15T16:09:09","modified_gmt":"2025-01-15T15:09:09","slug":"notre-mission","status":"publish","type":"page","link":"https:\/\/international.grandestdeveloppement.fr\/fr\/notre-mission\/","title":{"rendered":"Notre mission"},"content":{"rendered":"\n<p><strong>Grand Est D\u00e9veloppement International<\/strong> est un service de l\u2019agence r\u00e9gionale d\u2019innovation et de prospection internationale initi\u00e9e et financ\u00e9e par la R\u00e9gion Grand Est. Grand Est D\u00e9veloppement International identifie et accompagne les entreprises \u00e9trang\u00e8res porteuses de projets d\u2019investissement en Europe ou en France, pour apporter une valeur ajout\u00e9e \u00e9conomique, industrielle et technologique sur le territoire du Grand Est.<\/p>\n\n\n\n<h2 class=\"wp-block-heading\">Nos services<\/h2>\n\n\n\n<p>L\u2019\u00e9quipe multilingue de <strong>Grand Est D\u00e9veloppement International<\/strong> propose un package de services gratuits et confidentiels. Grand Est D\u00e9veloppement International travaille en partenariat avec les agences de d\u00e9veloppement \u00e9conomiques locales, comme point d\u2019entr\u00e9e vous apportant une information compl\u00e8te et pertinente, ainsi que des solutions cl\u00e9s en mains pour la r\u00e9alisation de vos projets d\u2019investissement.<\/p>\n\n\n\n<h2 class=\"wp-block-heading\">Notre r\u00e9seau<\/h2>\n\n\n\n<p><strong>Grand Est D\u00e9veloppement International<\/strong> est le correspondant r\u00e9gional pour le Grand Est\u00a0de Business France, dont elle instruit et accompagne les projets internationaux d\u00e9tect\u00e9s par ses bureaux \u00e0 travers le monde.<\/p>\n\n\n\n<p>Grand Est D\u00e9veloppement International s\u2019appuie sur son r\u00e9seau r\u00e9gional d\u2019agences de d\u00e9veloppement \u00e9conomique partenaires.<\/p>\n","protected":false},"excerpt":{"rendered":"<p>Grand Est D\u00e9veloppement International est un service de l\u2019agence r\u00e9gionale d\u2019innovation et de prospection internationale initi\u00e9e et financ\u00e9e par la R\u00e9gion Grand Est. Grand Est D\u00e9veloppement International identifie et accompagne [&hellip;]<\/p>\n","protected":false},"author":3,"featured_media":1202,"parent":0,"menu_order":0,"comment_status":"closed","ping_status":"closed","template":"","meta":{"_acf_changed":false,"_relevanssi_hide_post":"","_relevanssi_pin_for_all":"","_relevanssi_pin_keywords":"","_relevanssi_unpin_keywords":"","_relevanssi_related_keywords":"","_relevanssi_related_include_ids":"","_relevanssi_related_exclude_ids":"","_relevanssi_related_no_append":"","_relevanssi_related_not_related":"","_relevanssi_related_posts":"1114,951,1116,1099,470,1112","_relevanssi_noindex_reason":"","inline_featured_image":false,"footnotes":""},"categorie-businessFunction":[],"categorie-secteur":[],"categorie-nationalite":[],"categorie-territoire":[],"categorie-service":[],"class_list":["post-1184","page","type-page","status-publish","has-post-thumbnail","hentry"],"acf":[],"yoast_head":"<!-- This site is optimized with the Yoast SEO plugin v27.3 - https:\/\/yoast.com\/product\/yoast-seo-wordpress\/ -->\n<title>Notre mission - Invest Eastern France<\/title>\n<meta name=\"robots\" content=\"index, follow, max-snippet:-1, max-image-preview:large, max-video-preview:-1\" \/>\n<link rel=\"canonical\" href=\"https:\/\/international.grandestdeveloppement.fr\/fr\/notre-mission\/\" \/>\n<meta property=\"og:locale\" content=\"fr_FR\" \/>\n<meta property=\"og:type\" content=\"article\" \/>\n<meta property=\"og:title\" content=\"Notre mission - Invest Eastern France\" \/>\n<meta property=\"og:description\" content=\"Grand Est D\u00e9veloppement International est un service de l\u2019agence r\u00e9gionale d\u2019innovation et de prospection internationale initi\u00e9e et financ\u00e9e par la R\u00e9gion Grand Est. Grand Est D\u00e9veloppement International identifie et accompagne [&hellip;]\" \/>\n<meta property=\"og:url\" content=\"https:\/\/international.grandestdeveloppement.fr\/fr\/notre-mission\/\" \/>\n<meta property=\"og:site_name\" content=\"Invest Eastern France\" \/>\n<meta property=\"article:modified_time\" content=\"2025-01-15T15:09:09+00:00\" \/>\n<meta property=\"og:image\" content=\"https:\/\/international.grandestdeveloppement.fr\/wp-content\/uploads\/2021\/12\/economy-3213967_1920.jpg\" \/>\n\t<meta property=\"og:image:width\" content=\"1200\" \/>\n\t<meta property=\"og:image:height\" content=\"756\" \/>\n\t<meta property=\"og:image:type\" content=\"image\/jpeg\" \/>\n<meta name=\"twitter:card\" content=\"summary_large_image\" \/>\n<meta name=\"twitter:label1\" content=\"Dur\u00e9e de lecture estim\u00e9e\" \/>\n\t<meta name=\"twitter:data1\" content=\"1 minute\" \/>\n<script type=\"application\/ld+json\" class=\"yoast-schema-graph\">{\"@context\":\"https:\\\/\\\/schema.org\",\"@graph\":[{\"@type\":\"WebPage\",\"@id\":\"https:\\\/\\\/international.grandestdeveloppement.fr\\\/fr\\\/notre-mission\\\/\",\"url\":\"https:\\\/\\\/international.grandestdeveloppement.fr\\\/fr\\\/notre-mission\\\/\",\"name\":\"Notre mission - Invest Eastern France\",\"isPartOf\":{\"@id\":\"https:\\\/\\\/international.grandestdeveloppement.fr\\\/fr\\\/#website\"},\"primaryImageOfPage\":{\"@id\":\"https:\\\/\\\/international.grandestdeveloppement.fr\\\/fr\\\/notre-mission\\\/#primaryimage\"},\"image\":{\"@id\":\"https:\\\/\\\/international.grandestdeveloppement.fr\\\/fr\\\/notre-mission\\\/#primaryimage\"},\"thumbnailUrl\":\"https:\\\/\\\/international.grandestdeveloppement.fr\\\/wp-content\\\/uploads\\\/2021\\\/12\\\/economy-3213967_1920.jpg\",\"datePublished\":\"2021-12-22T10:44:10+00:00\",\"dateModified\":\"2025-01-15T15:09:09+00:00\",\"breadcrumb\":{\"@id\":\"https:\\\/\\\/international.grandestdeveloppement.fr\\\/fr\\\/notre-mission\\\/#breadcrumb\"},\"inLanguage\":\"fr-FR\",\"potentialAction\":[{\"@type\":\"ReadAction\",\"target\":[\"https:\\\/\\\/international.grandestdeveloppement.fr\\\/fr\\\/notre-mission\\\/\"]}]},{\"@type\":\"ImageObject\",\"inLanguage\":\"fr-FR\",\"@id\":\"https:\\\/\\\/international.grandestdeveloppement.fr\\\/fr\\\/notre-mission\\\/#primaryimage\",\"url\":\"https:\\\/\\\/international.grandestdeveloppement.fr\\\/wp-content\\\/uploads\\\/2021\\\/12\\\/economy-3213967_1920.jpg\",\"contentUrl\":\"https:\\\/\\\/international.grandestdeveloppement.fr\\\/wp-content\\\/uploads\\\/2021\\\/12\\\/economy-3213967_1920.jpg\",\"width\":1200,\"height\":756,\"caption\":\"Missions Invest Eastern France\"},{\"@type\":\"BreadcrumbList\",\"@id\":\"https:\\\/\\\/international.grandestdeveloppement.fr\\\/fr\\\/notre-mission\\\/#breadcrumb\",\"itemListElement\":[{\"@type\":\"ListItem\",\"position\":1,\"name\":\"Accueil\",\"item\":\"https:\\\/\\\/international.grandestdeveloppement.fr\\\/fr\\\/\"},{\"@type\":\"ListItem\",\"position\":2,\"name\":\"Notre mission\"}]},{\"@type\":\"WebSite\",\"@id\":\"https:\\\/\\\/international.grandestdeveloppement.fr\\\/fr\\\/#website\",\"url\":\"https:\\\/\\\/international.grandestdeveloppement.fr\\\/fr\\\/\",\"name\":\"Invest Eastern France\",\"description\":\"\",\"publisher\":{\"@id\":\"https:\\\/\\\/international.grandestdeveloppement.fr\\\/fr\\\/#organization\"},\"potentialAction\":[{\"@type\":\"SearchAction\",\"target\":{\"@type\":\"EntryPoint\",\"urlTemplate\":\"https:\\\/\\\/international.grandestdeveloppement.fr\\\/fr\\\/?s={search_term_string}\"},\"query-input\":{\"@type\":\"PropertyValueSpecification\",\"valueRequired\":true,\"valueName\":\"search_term_string\"}}],\"inLanguage\":\"fr-FR\"},{\"@type\":\"Organization\",\"@id\":\"https:\\\/\\\/international.grandestdeveloppement.fr\\\/fr\\\/#organization\",\"name\":\"Invest Eastern France\",\"url\":\"https:\\\/\\\/international.grandestdeveloppement.fr\\\/fr\\\/\",\"logo\":{\"@type\":\"ImageObject\",\"inLanguage\":\"fr-FR\",\"@id\":\"https:\\\/\\\/international.grandestdeveloppement.fr\\\/fr\\\/#\\\/schema\\\/logo\\\/image\\\/\",\"url\":\"https:\\\/\\\/www.international.grandestdeveloppement.fr\\\/wp-content\\\/uploads\\\/2021\\\/08\\\/logo-invest-eastern-france.png\",\"contentUrl\":\"https:\\\/\\\/www.international.grandestdeveloppement.fr\\\/wp-content\\\/uploads\\\/2021\\\/08\\\/logo-invest-eastern-france.png\",\"width\":500,\"height\":180,\"caption\":\"Invest Eastern France\"},\"image\":{\"@id\":\"https:\\\/\\\/international.grandestdeveloppement.fr\\\/fr\\\/#\\\/schema\\\/logo\\\/image\\\/\"}}]}<\/script>\n<!-- \/ Yoast SEO plugin. -->","yoast_head_json":{"title":"Notre mission - Invest Eastern France","robots":{"index":"index","follow":"follow","max-snippet":"max-snippet:-1","max-image-preview":"max-image-preview:large","max-video-preview":"max-video-preview:-1"},"canonical":"https:\/\/international.grandestdeveloppement.fr\/fr\/notre-mission\/","og_locale":"fr_FR","og_type":"article","og_title":"Notre mission - Invest Eastern France","og_description":"Grand Est D\u00e9veloppement International est un service de l\u2019agence r\u00e9gionale d\u2019innovation et de prospection internationale initi\u00e9e et financ\u00e9e par la R\u00e9gion Grand Est. Grand Est D\u00e9veloppement International identifie et accompagne [&hellip;]","og_url":"https:\/\/international.grandestdeveloppement.fr\/fr\/notre-mission\/","og_site_name":"Invest Eastern France","article_modified_time":"2025-01-15T15:09:09+00:00","og_image":[{"width":1200,"height":756,"url":"https:\/\/international.grandestdeveloppement.fr\/wp-content\/uploads\/2021\/12\/economy-3213967_1920.jpg","type":"image\/jpeg"}],"twitter_card":"summary_large_image","twitter_misc":{"Dur\u00e9e de lecture estim\u00e9e":"1 minute"},"schema":{"@context":"https:\/\/schema.org","@graph":[{"@type":"WebPage","@id":"https:\/\/international.grandestdeveloppement.fr\/fr\/notre-mission\/","url":"https:\/\/international.grandestdeveloppement.fr\/fr\/notre-mission\/","name":"Notre mission - Invest Eastern France","isPartOf":{"@id":"https:\/\/international.grandestdeveloppement.fr\/fr\/#website"},"primaryImageOfPage":{"@id":"https:\/\/international.grandestdeveloppement.fr\/fr\/notre-mission\/#primaryimage"},"image":{"@id":"https:\/\/international.grandestdeveloppement.fr\/fr\/notre-mission\/#primaryimage"},"thumbnailUrl":"https:\/\/international.grandestdeveloppement.fr\/wp-content\/uploads\/2021\/12\/economy-3213967_1920.jpg","datePublished":"2021-12-22T10:44:10+00:00","dateModified":"2025-01-15T15:09:09+00:00","breadcrumb":{"@id":"https:\/\/international.grandestdeveloppement.fr\/fr\/notre-mission\/#breadcrumb"},"inLanguage":"fr-FR","potentialAction":[{"@type":"ReadAction","target":["https:\/\/international.grandestdeveloppement.fr\/fr\/notre-mission\/"]}]},{"@type":"ImageObject","inLanguage":"fr-FR","@id":"https:\/\/international.grandestdeveloppement.fr\/fr\/notre-mission\/#primaryimage","url":"https:\/\/international.grandestdeveloppement.fr\/wp-content\/uploads\/2021\/12\/economy-3213967_1920.jpg","contentUrl":"https:\/\/international.grandestdeveloppement.fr\/wp-content\/uploads\/2021\/12\/economy-3213967_1920.jpg","width":1200,"height":756,"caption":"Missions Invest Eastern France"},{"@type":"BreadcrumbList","@id":"https:\/\/international.grandestdeveloppement.fr\/fr\/notre-mission\/#breadcrumb","itemListElement":[{"@type":"ListItem","position":1,"name":"Accueil","item":"https:\/\/international.grandestdeveloppement.fr\/fr\/"},{"@type":"ListItem","position":2,"name":"Notre mission"}]},{"@type":"WebSite","@id":"https:\/\/international.grandestdeveloppement.fr\/fr\/#website","url":"https:\/\/international.grandestdeveloppement.fr\/fr\/","name":"Invest Eastern France","description":"","publisher":{"@id":"https:\/\/international.grandestdeveloppement.fr\/fr\/#organization"},"potentialAction":[{"@type":"SearchAction","target":{"@type":"EntryPoint","urlTemplate":"https:\/\/international.grandestdeveloppement.fr\/fr\/?s={search_term_string}"},"query-input":{"@type":"PropertyValueSpecification","valueRequired":true,"valueName":"search_term_string"}}],"inLanguage":"fr-FR"},{"@type":"Organization","@id":"https:\/\/international.grandestdeveloppement.fr\/fr\/#organization","name":"Invest Eastern France","url":"https:\/\/international.grandestdeveloppement.fr\/fr\/","logo":{"@type":"ImageObject","inLanguage":"fr-FR","@id":"https:\/\/international.grandestdeveloppement.fr\/fr\/#\/schema\/logo\/image\/","url":"https:\/\/www.international.grandestdeveloppement.fr\/wp-content\/uploads\/2021\/08\/logo-invest-eastern-france.png","contentUrl":"https:\/\/www.international.grandestdeveloppement.fr\/wp-content\/uploads\/2021\/08\/logo-invest-eastern-france.png","width":500,"height":180,"caption":"Invest Eastern France"},"image":{"@id":"https:\/\/international.grandestdeveloppement.fr\/fr\/#\/schema\/logo\/image\/"}}]}},"publishpress_future_action":{"enabled":false,"date":"2026-04-26 09:35:58","action":"change-status","newStatus":"draft","terms":[],"taxonomy":"translation_priority","extraData":[]},"publishpress_future_workflow_manual_trigger":{"enabledWorkflows":[]},"_links":{"self":[{"href":"https:\/\/international.grandestdeveloppement.fr\/fr\/wp-json\/wp\/v2\/pages\/1184","targetHints":{"allow":["GET"]}}],"collection":[{"href":"https:\/\/international.grandestdeveloppement.fr\/fr\/wp-json\/wp\/v2\/pages"}],"about":[{"href":"https:\/\/international.grandestdeveloppement.fr\/fr\/wp-json\/wp\/v2\/types\/page"}],"author":[{"embeddable":true,"href":"https:\/\/international.grandestdeveloppement.fr\/fr\/wp-json\/wp\/v2\/users\/3"}],"replies":[{"embeddable":true,"href":"https:\/\/international.grandestdeveloppement.fr\/fr\/wp-json\/wp\/v2\/comments?post=1184"}],"version-history":[{"count":7,"href":"https:\/\/international.grandestdeveloppement.fr\/fr\/wp-json\/wp\/v2\/pages\/1184\/revisions"}],"predecessor-version":[{"id":14771,"href":"https:\/\/international.grandestdeveloppement.fr\/fr\/wp-json\/wp\/v2\/pages\/1184\/revisions\/14771"}],"wp:featuredmedia":[{"embeddable":true,"href":"https:\/\/international.grandestdeveloppement.fr\/fr\/wp-json\/wp\/v2\/media\/1202"}],"wp:attachment":[{"href":"https:\/\/international.grandestdeveloppement.fr\/fr\/wp-json\/wp\/v2\/media?parent=1184"}],"wp:term":[{"taxonomy":"categorie-businessFunction","embeddable":true,"href":"https:\/\/international.grandestdeveloppement.fr\/fr\/wp-json\/wp\/v2\/categorie-businessFunction?post=1184"},{"taxonomy":"categorie-secteur","embeddable":true,"href":"https:\/\/international.grandestdeveloppement.fr\/fr\/wp-json\/wp\/v2\/categorie-secteur?post=1184"},{"taxonomy":"categorie-nationalite","embeddable":true,"href":"https:\/\/international.grandestdeveloppement.fr\/fr\/wp-json\/wp\/v2\/categorie-nationalite?post=1184"},{"taxonomy":"categorie-territoire","embeddable":true,"href":"https:\/\/international.grandestdeveloppement.fr\/fr\/wp-json\/wp\/v2\/categorie-territoire?post=1184"},{"taxonomy":"categorie-service","embeddable":true,"href":"https:\/\/international.grandestdeveloppement.fr\/fr\/wp-json\/wp\/v2\/categorie-service?post=1184"}],"curies":[{"name":"wp","href":"https:\/\/api.w.org\/{rel}","templated":true}]}}