{"id":22,"date":"2021-08-28T17:41:50","date_gmt":"2021-08-28T15:41:50","guid":{"rendered":"https:\/\/www.international.grandestdeveloppement.fr\/?page_id=22"},"modified":"2022-12-15T10:18:09","modified_gmt":"2022-12-15T09:18:09","slug":"contact","status":"publish","type":"page","link":"https:\/\/international.grandestdeveloppement.fr\/fr\/contact\/","title":{"rendered":"Contactez-nous"},"content":{"rendered":"\n<p>Nous vous r\u00e9pondrons dans les meilleurs d\u00e9lais. <\/p>\n\n\n\n<p>Nos services sont gratuits et confidentiels.<\/p>\n\n\n\n<div class=\"wp-block-columns alignfull has-gris-clair-background-color has-background is-layout-flex wp-container-core-columns-is-layout-9d6595d7 wp-block-columns-is-layout-flex\">\n<div class=\"wp-block-column is-layout-flow wp-block-column-is-layout-flow\"><div class=\"wpforms-container wpforms-container-full wpforms-block\" id=\"wpforms-24\"><form id=\"wpforms-form-24\" class=\"wpforms-validate wpforms-form wpforms-ajax-form\" data-formid=\"24\" method=\"post\" enctype=\"multipart\/form-data\" action=\"\/fr\/wp-json\/wp\/v2\/pages\/22\" data-token=\"4bd071bb1c59680cf3e0acc444ded326\" data-token-time=\"1775252720\"><noscript class=\"wpforms-error-noscript\">Veuillez activer JavaScript dans votre navigateur pour remplir ce formulaire.<\/noscript><div class=\"wpforms-field-container\"><div id=\"wpforms-24-field_1-container\" class=\"wpforms-field wpforms-field-text wpforms-one-half wpforms-first\" data-field-id=\"1\"><label class=\"wpforms-field-label\" for=\"wpforms-24-field_1\">Nom <span class=\"wpforms-required-label\">*<\/span><\/label><input type=\"text\" id=\"wpforms-24-field_1\" class=\"wpforms-field-large wpforms-field-required\" name=\"wpforms[fields][1]\" required><\/div><div id=\"wpforms-24-field_2-container\" class=\"wpforms-field wpforms-field-text wpforms-one-half\" data-field-id=\"2\"><label class=\"wpforms-field-label\" for=\"wpforms-24-field_2\">Pr\u00e9nom <span class=\"wpforms-required-label\">*<\/span><\/label><input type=\"text\" id=\"wpforms-24-field_2\" class=\"wpforms-field-large wpforms-field-required\" name=\"wpforms[fields][2]\" required><\/div><div id=\"wpforms-24-field_3-container\" class=\"wpforms-field wpforms-field-email wpforms-one-half wpforms-first\" data-field-id=\"3\"><label class=\"wpforms-field-label\" for=\"wpforms-24-field_3\">E-Mail <span class=\"wpforms-required-label\">*<\/span><\/label><input type=\"email\" id=\"wpforms-24-field_3\" class=\"wpforms-field-large wpforms-field-required\" name=\"wpforms[fields][3]\" spellcheck=\"false\" required><\/div><div id=\"wpforms-24-field_4-container\" class=\"wpforms-field wpforms-field-phone wpforms-one-half\" data-field-id=\"4\"><label class=\"wpforms-field-label\" for=\"wpforms-24-field_4\">Num\u00e9ro de t\u00e9l\u00e9phone <span class=\"wpforms-required-label\">*<\/span><\/label><input type=\"tel\" id=\"wpforms-24-field_4\" class=\"wpforms-field-large wpforms-field-required wpforms-smart-phone-field\" data-rule-smart-phone-field=\"true\" name=\"wpforms[fields][4]\" aria-label=\"Num\u00e9ro de t\u00e9l\u00e9phone\" required><\/div><div id=\"wpforms-24-field_5-container\" class=\"wpforms-field wpforms-field-text wpforms-one-half wpforms-first\" data-field-id=\"5\"><label class=\"wpforms-field-label\" for=\"wpforms-24-field_5\">Entreprise<\/label><input type=\"text\" id=\"wpforms-24-field_5\" class=\"wpforms-field-large\" name=\"wpforms[fields][5]\" ><\/div><div id=\"wpforms-24-field_13-container\" class=\"wpforms-field wpforms-field-text\" data-field-id=\"13\"><label class=\"wpforms-field-label\" for=\"wpforms-24-field_13\">Pays <span class=\"wpforms-required-label\">*<\/span><\/label><input type=\"text\" id=\"wpforms-24-field_13\" class=\"wpforms-field-medium wpforms-field-required\" name=\"wpforms[fields][13]\" required><\/div><div id=\"wpforms-24-field_6-container\" class=\"wpforms-field wpforms-field-html\" data-field-id=\"6\"><div id=\"wpforms-24-field_6\">Si vous souhaitez \u00eatre rappel\u00e9, merci de pr\u00e9ciser l\u2019heure et le fuseau horaire qui vous conviennent le mieux<\/div><\/div><div id=\"wpforms-24-field_7-container\" class=\"wpforms-field wpforms-field-select wpforms-one-fourth wpforms-first wpforms-field-select-style-classic\" data-field-id=\"7\"><label class=\"wpforms-field-label\" for=\"wpforms-24-field_7\">Heure<\/label><select id=\"wpforms-24-field_7\" class=\"wpforms-field-large\" name=\"wpforms[fields][7]\"><option value=\"8h\"  class=\"choice-1 depth-1\"  >8h<\/option><option value=\"9h\"  class=\"choice-2 depth-1\"  >9h<\/option><option value=\"10h\"  class=\"choice-3 depth-1\"  >10h<\/option><option value=\"11h\"  class=\"choice-4 depth-1\"  >11h<\/option><option value=\"14h\"  class=\"choice-5 depth-1\"  >14h<\/option><option value=\"15h\"  class=\"choice-6 depth-1\"  >15h<\/option><option value=\"16h\"  class=\"choice-7 depth-1\"  >16h<\/option><option value=\"17h\"  class=\"choice-8 depth-1\"  >17h<\/option><\/select><\/div><div id=\"wpforms-24-field_8-container\" class=\"wpforms-field wpforms-field-select wpforms-one-fourth wpforms-field-select-style-classic\" data-field-id=\"8\"><label class=\"wpforms-field-label\" for=\"wpforms-24-field_8\">Fuseau horaire<\/label><select id=\"wpforms-24-field_8\" class=\"wpforms-field-large\" name=\"wpforms[fields][8]\"><option value=\"(GMT-12:00) International Date Line West\"  class=\"choice-5 depth-1\"  >(GMT-12:00) International Date Line West<\/option><option value=\"(GMT-11:00) Midway Island, Samoa\"  class=\"choice-6 depth-1\"  >(GMT-11:00) Midway Island, Samoa<\/option><option value=\"(GMT-10:00) Hawaii\"  class=\"choice-7 depth-1\"  >(GMT-10:00) Hawaii<\/option><option value=\"(GMT-09:00) Alaska\"  class=\"choice-8 depth-1\"  >(GMT-09:00) Alaska<\/option><option value=\"(GMT-08:00) Pacific Time (US and Canada); Tijuana\"  class=\"choice-9 depth-1\"  >(GMT-08:00) Pacific Time (US and Canada); Tijuana<\/option><option value=\"(GMT-07:00) Mountain Time (US and Canada)\"  class=\"choice-10 depth-1\"  >(GMT-07:00) Mountain Time (US and Canada)<\/option><option value=\"(GMT-07:00) Chihuahua, La Paz, Mazatlan\"  class=\"choice-11 depth-1\"  >(GMT-07:00) Chihuahua, La Paz, Mazatlan<\/option><option value=\"(GMT-07:00) Arizona\"  class=\"choice-12 depth-1\"  >(GMT-07:00) Arizona<\/option><option value=\"(GMT-06:00) Central Time (US and Canada\"  class=\"choice-13 depth-1\"  >(GMT-06:00) Central Time (US and Canada<\/option><option value=\"(GMT-06:00) Saskatchewan\"  class=\"choice-14 depth-1\"  >(GMT-06:00) Saskatchewan<\/option><option value=\"(GMT-06:00) Guadalajara, Mexico City, Monterrey\"  class=\"choice-15 depth-1\"  >(GMT-06:00) Guadalajara, Mexico City, Monterrey<\/option><option value=\"(GMT-06:00) Central America\"  class=\"choice-16 depth-1\"  >(GMT-06:00) Central America<\/option><option value=\"(GMT-05:00) Eastern Time (US and Canada)\"  class=\"choice-17 depth-1\"  >(GMT-05:00) Eastern Time (US and Canada)<\/option><option value=\"(GMT-05:00) Indiana (East)\"  class=\"choice-18 depth-1\"  >(GMT-05:00) Indiana (East)<\/option><option value=\"(GMT-05:00) Bogota, Lima, Quito\"  class=\"choice-19 depth-1\"  >(GMT-05:00) Bogota, Lima, Quito<\/option><option value=\"(GMT-04:00) Atlantic Time (Canada)\"  class=\"choice-20 depth-1\"  >(GMT-04:00) Atlantic Time (Canada)<\/option><option value=\"(GMT-04:00) Caracas, La Paz\"  class=\"choice-21 depth-1\"  >(GMT-04:00) Caracas, La Paz<\/option><option value=\"(GMT-04:00) Santiago\"  class=\"choice-22 depth-1\"  >(GMT-04:00) Santiago<\/option><option value=\"(GMT-03:30) Newfoundland and Labrador\"  class=\"choice-23 depth-1\"  >(GMT-03:30) Newfoundland and Labrador<\/option><option value=\"(GMT-03:00) Brasilia\"  class=\"choice-24 depth-1\"  >(GMT-03:00) Brasilia<\/option><option value=\"(GMT-03:00) Buenos Aires, Georgetown\"  class=\"choice-25 depth-1\"  >(GMT-03:00) Buenos Aires, Georgetown<\/option><option value=\"(GMT-03:00) Greenland\"  class=\"choice-26 depth-1\"  >(GMT-03:00) Greenland<\/option><option value=\"(GMT-02:00) Mid-Atlantic\"  class=\"choice-27 depth-1\"  >(GMT-02:00) Mid-Atlantic<\/option><option value=\"(GMT-01:00) Azores\"  class=\"choice-28 depth-1\"  >(GMT-01:00) Azores<\/option><option value=\"(GMT-01:00) Cape Verde Islands\"  class=\"choice-29 depth-1\"  >(GMT-01:00) Cape Verde Islands<\/option><option value=\"(GMT) Greenwich Mean Time: Dublin, Edinburgh, Lisbon, London\"  class=\"choice-30 depth-1\"  >(GMT) Greenwich Mean Time: Dublin, Edinburgh, Lisbon, London<\/option><option value=\"(GMT) Casablanca, Monrovia\"  class=\"choice-31 depth-1\"  >(GMT) Casablanca, Monrovia<\/option><option value=\"(GMT+01:00) Belgrade, Bratislava, Budapest, Ljubljana, Prague\"  class=\"choice-32 depth-1\"  >(GMT+01:00) Belgrade, Bratislava, Budapest, Ljubljana, Prague<\/option><option value=\"(GMT+01:00) Sarajevo, Skopje, Warsaw, Zagreb\"  class=\"choice-33 depth-1\"  >(GMT+01:00) Sarajevo, Skopje, Warsaw, Zagreb<\/option><option value=\"(GMT+01:00) Brussels, Copenhagen, Madrid, Paris\"  selected='selected' class=\"choice-34 depth-1\"  >(GMT+01:00) Brussels, Copenhagen, Madrid, Paris<\/option><option value=\"(GMT+01:00) Amsterdam, Berlin, Bern, Rome, Stockholm, Vienna\"  class=\"choice-35 depth-1\"  >(GMT+01:00) Amsterdam, Berlin, Bern, Rome, Stockholm, Vienna<\/option><option value=\"(GMT+01:00) West Central Africa\"  class=\"choice-36 depth-1\"  >(GMT+01:00) West Central Africa<\/option><option value=\"(GMT+02:00) Bucharest\"  class=\"choice-37 depth-1\"  >(GMT+02:00) Bucharest<\/option><option value=\"(GMT+02:00) Cairo\"  class=\"choice-38 depth-1\"  >(GMT+02:00) Cairo<\/option><option value=\"(GMT+02:00) Helsinki, Kiev, Riga, Sofia, Tallinn, Vilnius\"  class=\"choice-39 depth-1\"  >(GMT+02:00) Helsinki, Kiev, Riga, Sofia, Tallinn, Vilnius<\/option><option value=\"(GMT+02:00) Athens, Istanbul, Minsk\"  class=\"choice-40 depth-1\"  >(GMT+02:00) Athens, Istanbul, Minsk<\/option><option value=\"(GMT+02:00) Jerusalem\"  class=\"choice-41 depth-1\"  >(GMT+02:00) Jerusalem<\/option><option value=\"(GMT+02:00) Harare, Pretoria\"  class=\"choice-42 depth-1\"  >(GMT+02:00) Harare, Pretoria<\/option><option value=\"(GMT+03:00) Moscow, St. Petersburg, Volgograd\"  class=\"choice-43 depth-1\"  >(GMT+03:00) Moscow, St. Petersburg, Volgograd<\/option><option value=\"(GMT+03:00) Kuwait, Riyadh\"  class=\"choice-44 depth-1\"  >(GMT+03:00) Kuwait, Riyadh<\/option><option value=\"(GMT+03:00) Nairobi\"  class=\"choice-45 depth-1\"  >(GMT+03:00) Nairobi<\/option><option value=\"(GMT+03:00) Baghdad\"  class=\"choice-46 depth-1\"  >(GMT+03:00) Baghdad<\/option><option value=\"(GMT+03:30) Tehran\"  class=\"choice-47 depth-1\"  >(GMT+03:30) Tehran<\/option><option value=\"(GMT+04:00) Abu Dhabi, Muscat\"  class=\"choice-48 depth-1\"  >(GMT+04:00) Abu Dhabi, Muscat<\/option><option value=\"(GMT+04:00) Baku, Tbilisi, Yerevan\"  class=\"choice-49 depth-1\"  >(GMT+04:00) Baku, Tbilisi, Yerevan<\/option><option value=\"(GMT+04:30) Kabul\"  class=\"choice-50 depth-1\"  >(GMT+04:30) Kabul<\/option><option value=\"(GMT+05:00) Ekaterinburg\"  class=\"choice-51 depth-1\"  >(GMT+05:00) Ekaterinburg<\/option><option value=\"(GMT+05:00) Islamabad, Karachi, Tashkent\"  class=\"choice-52 depth-1\"  >(GMT+05:00) Islamabad, Karachi, Tashkent<\/option><option value=\"(GMT+05:30) Chennai, Kolkata, Mumbai, New Delhi\"  class=\"choice-53 depth-1\"  >(GMT+05:30) Chennai, Kolkata, Mumbai, New Delhi<\/option><option value=\"(GMT+05:45) Kathmandu\"  class=\"choice-54 depth-1\"  >(GMT+05:45) Kathmandu<\/option><option value=\"(GMT+06:00) Astana, Dhaka\"  class=\"choice-55 depth-1\"  >(GMT+06:00) Astana, Dhaka<\/option><option value=\"(GMT+06:00) Sri Jayawardenepura\"  class=\"choice-56 depth-1\"  >(GMT+06:00) Sri Jayawardenepura<\/option><option value=\"(GMT+06:00) Almaty, Novosibirsk\"  class=\"choice-57 depth-1\"  >(GMT+06:00) Almaty, Novosibirsk<\/option><option value=\"(GMT+06:30) Yangon Rangoon\"  class=\"choice-58 depth-1\"  >(GMT+06:30) Yangon Rangoon<\/option><option value=\"(GMT+07:00) Bangkok, Hanoi, Jakarta\"  class=\"choice-59 depth-1\"  >(GMT+07:00) Bangkok, Hanoi, Jakarta<\/option><option value=\"(GMT+07:00) Krasnoyarsk\"  class=\"choice-60 depth-1\"  >(GMT+07:00) Krasnoyarsk<\/option><option value=\"(GMT+08:00) Beijing, Chongqing, Hong Kong SAR, Urumqi\"  class=\"choice-61 depth-1\"  >(GMT+08:00) Beijing, Chongqing, Hong Kong SAR, Urumqi<\/option><option value=\"(GMT+08:00) Kuala Lumpur, Singapore\"  class=\"choice-62 depth-1\"  >(GMT+08:00) Kuala Lumpur, Singapore<\/option><option value=\"(GMT+08:00) Taipei\"  class=\"choice-63 depth-1\"  >(GMT+08:00) Taipei<\/option><option value=\"(GMT+08:00) Perth\"  class=\"choice-64 depth-1\"  >(GMT+08:00) Perth<\/option><option value=\"(GMT+08:00) Irkutsk, Ulaanbaatar\"  class=\"choice-65 depth-1\"  >(GMT+08:00) Irkutsk, Ulaanbaatar<\/option><option value=\"(GMT+09:00) Seoul\"  class=\"choice-66 depth-1\"  >(GMT+09:00) Seoul<\/option><option value=\"(GMT+09:00) Osaka, Sapporo, Tokyo\"  class=\"choice-67 depth-1\"  >(GMT+09:00) Osaka, Sapporo, Tokyo<\/option><option value=\"(GMT+09:00) Yakutsk\"  class=\"choice-68 depth-1\"  >(GMT+09:00) Yakutsk<\/option><option value=\"(GMT+09:30) Darwin\"  class=\"choice-69 depth-1\"  >(GMT+09:30) Darwin<\/option><option value=\"(GMT+09:30) Adelaide\"  class=\"choice-70 depth-1\"  >(GMT+09:30) Adelaide<\/option><option value=\"(GMT+10:00) Canberra, Melbourne, Sydney\"  class=\"choice-71 depth-1\"  >(GMT+10:00) Canberra, Melbourne, Sydney<\/option><option value=\"(GMT+10:00) Brisbane\"  class=\"choice-72 depth-1\"  >(GMT+10:00) Brisbane<\/option><option value=\"(GMT+10:00) Hobart\"  class=\"choice-73 depth-1\"  >(GMT+10:00) Hobart<\/option><option value=\"(GMT+10:00) Vladivostok\"  class=\"choice-74 depth-1\"  >(GMT+10:00) Vladivostok<\/option><option value=\"(GMT+10:00) Guam, Port Moresby\"  class=\"choice-75 depth-1\"  >(GMT+10:00) Guam, Port Moresby<\/option><option value=\"(GMT+11:00) Magadan, Solomon Islands, New Caledonia\"  class=\"choice-76 depth-1\"  >(GMT+11:00) Magadan, Solomon Islands, New Caledonia<\/option><option value=\"(GMT+12:00) Fiji Islands, Kamchatka, Marshall Islands\"  class=\"choice-77 depth-1\"  >(GMT+12:00) Fiji Islands, Kamchatka, Marshall Islands<\/option><option value=\"(GMT+12:00) Auckland, Wellington\"  class=\"choice-78 depth-1\"  >(GMT+12:00) Auckland, Wellington<\/option><option value=\"(GMT+13:00) Nuku&#039;alofa\"  class=\"choice-79 depth-1\"  >(GMT+13:00) Nuku&rsquo;alofa<\/option><\/select><\/div><div id=\"wpforms-24-field_9-container\" class=\"wpforms-field wpforms-field-textarea\" data-field-id=\"9\"><label class=\"wpforms-field-label\" for=\"wpforms-24-field_9\">Votre message <span class=\"wpforms-required-label\">*<\/span><\/label><textarea id=\"wpforms-24-field_9\" class=\"wpforms-field-large wpforms-field-required\" name=\"wpforms[fields][9]\" required><\/textarea><\/div><div id=\"wpforms-24-field_10-container\" class=\"wpforms-field wpforms-field-gdpr-checkbox\" data-field-id=\"10\"><label class=\"wpforms-field-label\">Accord RGPD <span class=\"wpforms-required-label\">*<\/span><\/label><ul id=\"wpforms-24-field_10\" class=\"wpforms-field-required\"><li class=\"choice-1\"><input type=\"checkbox\" id=\"wpforms-24-field_10_1\" name=\"wpforms[fields][10][]\" value=\"J&#039;accepte que les donn\u00e9es transmises dans ce formulaire soient exploit\u00e9es afin de pouvoir traiter ma demande.\" required ><label class=\"wpforms-field-label-inline\" for=\"wpforms-24-field_10_1\">J&rsquo;accepte que les donn\u00e9es transmises dans ce formulaire soient exploit\u00e9es afin de pouvoir traiter ma demande.<\/label><\/li><\/ul><\/div><\/div><!-- .wpforms-field-container --><div class=\"wpforms-recaptcha-container wpforms-is-hcaptcha\" ><div class=\"h-captcha\" data-sitekey=\"e6045500-1464-4c56-98c6-4902676a8dbc\"><\/div><input type=\"text\" name=\"g-recaptcha-hidden\" class=\"wpforms-recaptcha-hidden\" style=\"position:absolute!important;clip:rect(0,0,0,0)!important;height:1px!important;width:1px!important;border:0!important;overflow:hidden!important;padding:0!important;margin:0!important;\" data-rule-hcaptcha=\"1\"><\/div><div class=\"wpforms-submit-container\" ><input type=\"hidden\" name=\"wpforms[id]\" value=\"24\"><input type=\"hidden\" name=\"page_title\" value=\"\"><input type=\"hidden\" name=\"page_url\" value=\"https:\/\/international.grandestdeveloppement.fr\/fr\/wp-json\/wp\/v2\/pages\/22\"><input type=\"hidden\" name=\"url_referer\" value=\"\"><button type=\"submit\" name=\"wpforms[submit]\" id=\"wpforms-submit-24\" class=\"wpforms-submit\" data-alt-text=\"Envoi en cours...\" data-submit-text=\"Envoyer\" aria-live=\"assertive\" value=\"wpforms-submit\">Envoyer<\/button><img loading=\"lazy\" decoding=\"async\" src=\"https:\/\/international.grandestdeveloppement.fr\/wp-content\/plugins\/wpforms\/assets\/images\/submit-spin.svg\" class=\"wpforms-submit-spinner\" style=\"display: none;\" width=\"26\" height=\"26\" alt=\"Chargement en cours\"><\/div><\/form><\/div>  <!-- .wpforms-container --><\/div>\n<\/div>\n","protected":false},"excerpt":{"rendered":"<p>Nous vous r\u00e9pondrons dans les meilleurs d\u00e9lais. Nos services sont gratuits et confidentiels.<\/p>\n","protected":false},"author":1,"featured_media":0,"parent":0,"menu_order":0,"comment_status":"closed","ping_status":"closed","template":"template-sansbandeau.php","meta":{"_acf_changed":false,"_relevanssi_hide_post":"","_relevanssi_pin_for_all":"","_relevanssi_pin_keywords":"","_relevanssi_unpin_keywords":"","_relevanssi_related_keywords":"","_relevanssi_related_include_ids":"","_relevanssi_related_exclude_ids":"","_relevanssi_related_no_append":"","_relevanssi_related_not_related":"","_relevanssi_related_posts":"1","_relevanssi_noindex_reason":"","inline_featured_image":false,"footnotes":""},"categorie-businessFunction":[],"categorie-secteur":[],"categorie-nationalite":[],"categorie-territoire":[],"categorie-service":[],"class_list":["post-22","page","type-page","status-publish","hentry"],"acf":[],"yoast_head":"<!-- This site is optimized with the Yoast SEO plugin v27.2 - https:\/\/yoast.com\/product\/yoast-seo-wordpress\/ -->\n<title>Contactez-nous - Invest Eastern France<\/title>\n<meta name=\"robots\" content=\"index, follow, max-snippet:-1, max-image-preview:large, max-video-preview:-1\" \/>\n<link rel=\"canonical\" href=\"https:\/\/international.grandestdeveloppement.fr\/fr\/contact\/\" \/>\n<meta property=\"og:locale\" content=\"fr_FR\" \/>\n<meta property=\"og:type\" content=\"article\" \/>\n<meta property=\"og:title\" content=\"Contactez-nous - Invest Eastern France\" \/>\n<meta property=\"og:description\" content=\"Nous vous r\u00e9pondrons dans les meilleurs d\u00e9lais. Nos services sont gratuits et confidentiels.\" \/>\n<meta property=\"og:url\" content=\"https:\/\/international.grandestdeveloppement.fr\/fr\/contact\/\" \/>\n<meta property=\"og:site_name\" content=\"Invest Eastern France\" \/>\n<meta property=\"article:modified_time\" content=\"2022-12-15T09:18:09+00:00\" \/>\n<meta name=\"twitter:card\" content=\"summary_large_image\" \/>\n<meta name=\"twitter:label1\" content=\"Dur\u00e9e de lecture estim\u00e9e\" \/>\n\t<meta name=\"twitter:data1\" content=\"1 minute\" \/>\n<script type=\"application\/ld+json\" class=\"yoast-schema-graph\">{\"@context\":\"https:\/\/schema.org\",\"@graph\":[{\"@type\":\"WebPage\",\"@id\":\"https:\/\/international.grandestdeveloppement.fr\/fr\/contact\/\",\"url\":\"https:\/\/international.grandestdeveloppement.fr\/fr\/contact\/\",\"name\":\"Contactez-nous - Invest Eastern France\",\"isPartOf\":{\"@id\":\"https:\/\/international.grandestdeveloppement.fr\/fr\/#website\"},\"datePublished\":\"2021-08-28T15:41:50+00:00\",\"dateModified\":\"2022-12-15T09:18:09+00:00\",\"breadcrumb\":{\"@id\":\"https:\/\/international.grandestdeveloppement.fr\/fr\/contact\/#breadcrumb\"},\"inLanguage\":\"fr-FR\",\"potentialAction\":[{\"@type\":\"ReadAction\",\"target\":[\"https:\/\/international.grandestdeveloppement.fr\/fr\/contact\/\"]}]},{\"@type\":\"BreadcrumbList\",\"@id\":\"https:\/\/international.grandestdeveloppement.fr\/fr\/contact\/#breadcrumb\",\"itemListElement\":[{\"@type\":\"ListItem\",\"position\":1,\"name\":\"Accueil\",\"item\":\"https:\/\/international.grandestdeveloppement.fr\/fr\/\"},{\"@type\":\"ListItem\",\"position\":2,\"name\":\"Contactez-nous\"}]},{\"@type\":\"WebSite\",\"@id\":\"https:\/\/international.grandestdeveloppement.fr\/fr\/#website\",\"url\":\"https:\/\/international.grandestdeveloppement.fr\/fr\/\",\"name\":\"Invest Eastern France\",\"description\":\"\",\"publisher\":{\"@id\":\"https:\/\/international.grandestdeveloppement.fr\/fr\/#organization\"},\"potentialAction\":[{\"@type\":\"SearchAction\",\"target\":{\"@type\":\"EntryPoint\",\"urlTemplate\":\"https:\/\/international.grandestdeveloppement.fr\/fr\/?s={search_term_string}\"},\"query-input\":{\"@type\":\"PropertyValueSpecification\",\"valueRequired\":true,\"valueName\":\"search_term_string\"}}],\"inLanguage\":\"fr-FR\"},{\"@type\":\"Organization\",\"@id\":\"https:\/\/international.grandestdeveloppement.fr\/fr\/#organization\",\"name\":\"Invest Eastern France\",\"url\":\"https:\/\/international.grandestdeveloppement.fr\/fr\/\",\"logo\":{\"@type\":\"ImageObject\",\"inLanguage\":\"fr-FR\",\"@id\":\"https:\/\/international.grandestdeveloppement.fr\/fr\/#\/schema\/logo\/image\/\",\"url\":\"https:\/\/www.international.grandestdeveloppement.fr\/wp-content\/uploads\/2021\/08\/logo-invest-eastern-france.png\",\"contentUrl\":\"https:\/\/www.international.grandestdeveloppement.fr\/wp-content\/uploads\/2021\/08\/logo-invest-eastern-france.png\",\"width\":500,\"height\":180,\"caption\":\"Invest Eastern France\"},\"image\":{\"@id\":\"https:\/\/international.grandestdeveloppement.fr\/fr\/#\/schema\/logo\/image\/\"}}]}<\/script>\n<!-- \/ Yoast SEO plugin. -->","yoast_head_json":{"title":"Contactez-nous - Invest Eastern France","robots":{"index":"index","follow":"follow","max-snippet":"max-snippet:-1","max-image-preview":"max-image-preview:large","max-video-preview":"max-video-preview:-1"},"canonical":"https:\/\/international.grandestdeveloppement.fr\/fr\/contact\/","og_locale":"fr_FR","og_type":"article","og_title":"Contactez-nous - Invest Eastern France","og_description":"Nous vous r\u00e9pondrons dans les meilleurs d\u00e9lais. Nos services sont gratuits et confidentiels.","og_url":"https:\/\/international.grandestdeveloppement.fr\/fr\/contact\/","og_site_name":"Invest Eastern France","article_modified_time":"2022-12-15T09:18:09+00:00","twitter_card":"summary_large_image","twitter_misc":{"Dur\u00e9e de lecture estim\u00e9e":"1 minute"},"schema":{"@context":"https:\/\/schema.org","@graph":[{"@type":"WebPage","@id":"https:\/\/international.grandestdeveloppement.fr\/fr\/contact\/","url":"https:\/\/international.grandestdeveloppement.fr\/fr\/contact\/","name":"Contactez-nous - Invest Eastern France","isPartOf":{"@id":"https:\/\/international.grandestdeveloppement.fr\/fr\/#website"},"datePublished":"2021-08-28T15:41:50+00:00","dateModified":"2022-12-15T09:18:09+00:00","breadcrumb":{"@id":"https:\/\/international.grandestdeveloppement.fr\/fr\/contact\/#breadcrumb"},"inLanguage":"fr-FR","potentialAction":[{"@type":"ReadAction","target":["https:\/\/international.grandestdeveloppement.fr\/fr\/contact\/"]}]},{"@type":"BreadcrumbList","@id":"https:\/\/international.grandestdeveloppement.fr\/fr\/contact\/#breadcrumb","itemListElement":[{"@type":"ListItem","position":1,"name":"Accueil","item":"https:\/\/international.grandestdeveloppement.fr\/fr\/"},{"@type":"ListItem","position":2,"name":"Contactez-nous"}]},{"@type":"WebSite","@id":"https:\/\/international.grandestdeveloppement.fr\/fr\/#website","url":"https:\/\/international.grandestdeveloppement.fr\/fr\/","name":"Invest Eastern France","description":"","publisher":{"@id":"https:\/\/international.grandestdeveloppement.fr\/fr\/#organization"},"potentialAction":[{"@type":"SearchAction","target":{"@type":"EntryPoint","urlTemplate":"https:\/\/international.grandestdeveloppement.fr\/fr\/?s={search_term_string}"},"query-input":{"@type":"PropertyValueSpecification","valueRequired":true,"valueName":"search_term_string"}}],"inLanguage":"fr-FR"},{"@type":"Organization","@id":"https:\/\/international.grandestdeveloppement.fr\/fr\/#organization","name":"Invest Eastern France","url":"https:\/\/international.grandestdeveloppement.fr\/fr\/","logo":{"@type":"ImageObject","inLanguage":"fr-FR","@id":"https:\/\/international.grandestdeveloppement.fr\/fr\/#\/schema\/logo\/image\/","url":"https:\/\/www.international.grandestdeveloppement.fr\/wp-content\/uploads\/2021\/08\/logo-invest-eastern-france.png","contentUrl":"https:\/\/www.international.grandestdeveloppement.fr\/wp-content\/uploads\/2021\/08\/logo-invest-eastern-france.png","width":500,"height":180,"caption":"Invest Eastern France"},"image":{"@id":"https:\/\/international.grandestdeveloppement.fr\/fr\/#\/schema\/logo\/image\/"}}]}},"publishpress_future_action":{"enabled":false,"date":"2026-04-10 23:45:21","action":"change-status","newStatus":"draft","terms":[],"taxonomy":"translation_priority","extraData":[]},"publishpress_future_workflow_manual_trigger":{"enabledWorkflows":[]},"_links":{"self":[{"href":"https:\/\/international.grandestdeveloppement.fr\/fr\/wp-json\/wp\/v2\/pages\/22","targetHints":{"allow":["GET"]}}],"collection":[{"href":"https:\/\/international.grandestdeveloppement.fr\/fr\/wp-json\/wp\/v2\/pages"}],"about":[{"href":"https:\/\/international.grandestdeveloppement.fr\/fr\/wp-json\/wp\/v2\/types\/page"}],"author":[{"embeddable":true,"href":"https:\/\/international.grandestdeveloppement.fr\/fr\/wp-json\/wp\/v2\/users\/1"}],"replies":[{"embeddable":true,"href":"https:\/\/international.grandestdeveloppement.fr\/fr\/wp-json\/wp\/v2\/comments?post=22"}],"version-history":[{"count":10,"href":"https:\/\/international.grandestdeveloppement.fr\/fr\/wp-json\/wp\/v2\/pages\/22\/revisions"}],"predecessor-version":[{"id":5989,"href":"https:\/\/international.grandestdeveloppement.fr\/fr\/wp-json\/wp\/v2\/pages\/22\/revisions\/5989"}],"wp:attachment":[{"href":"https:\/\/international.grandestdeveloppement.fr\/fr\/wp-json\/wp\/v2\/media?parent=22"}],"wp:term":[{"taxonomy":"categorie-businessFunction","embeddable":true,"href":"https:\/\/international.grandestdeveloppement.fr\/fr\/wp-json\/wp\/v2\/categorie-businessFunction?post=22"},{"taxonomy":"categorie-secteur","embeddable":true,"href":"https:\/\/international.grandestdeveloppement.fr\/fr\/wp-json\/wp\/v2\/categorie-secteur?post=22"},{"taxonomy":"categorie-nationalite","embeddable":true,"href":"https:\/\/international.grandestdeveloppement.fr\/fr\/wp-json\/wp\/v2\/categorie-nationalite?post=22"},{"taxonomy":"categorie-territoire","embeddable":true,"href":"https:\/\/international.grandestdeveloppement.fr\/fr\/wp-json\/wp\/v2\/categorie-territoire?post=22"},{"taxonomy":"categorie-service","embeddable":true,"href":"https:\/\/international.grandestdeveloppement.fr\/fr\/wp-json\/wp\/v2\/categorie-service?post=22"}],"curies":[{"name":"wp","href":"https:\/\/api.w.org\/{rel}","templated":true}]}}