{"id":270,"date":"2021-09-17T06:58:31","date_gmt":"2021-09-17T04:58:31","guid":{"rendered":"https:\/\/www.international.grandestdeveloppement.fr\/?page_id=270"},"modified":"2026-02-17T11:25:57","modified_gmt":"2026-02-17T10:25:57","slug":"batiment-grand-est","status":"publish","type":"page","link":"https:\/\/international.grandestdeveloppement.fr\/fr\/batiment-grand-est\/","title":{"rendered":"Mat\u00e9riaux biosourc\u00e9s"},"content":{"rendered":"\n<p>Innovant, comp\u00e9titif, sp\u00e9cialis\u00e9 : le secteur du b\u00e2timent et de la construction est tr\u00e8s dynamique dans le Grand Est.&nbsp;L\u2019abondance de ses ressources naturelles l\u2019a tr\u00e8s vite conduite \u00e0 se positionner en leader des nouveaux mat\u00e9riaux biosourc\u00e9s.&nbsp;&nbsp;<\/p>\n\n\n\n<h2 class=\"wp-block-heading\"><strong>Chiffres cl\u00e9s<\/strong><\/h2>\n\n\n\n<ul class=\"wp-block-list\">\n<li>1<sup>\u00e8re<\/sup> r\u00e9gion fran\u00e7aise de construction bois&nbsp;&nbsp;&nbsp;<\/li>\n\n\n\n<li>1<sup>\u00e8re<\/sup> r\u00e9gion europ\u00e9enne de production de chanvre<\/li>\n<\/ul>\n\n\n\n<h2 class=\"wp-block-heading\"><strong>Le Grand Est, une r\u00e9gion leader de la fili\u00e8re bois et chanvre<\/strong>&nbsp;<\/h2>\n\n\n\n<p>Premi\u00e8re r\u00e9gion fran\u00e7aise productrice de bois et de technologies de construction avec 9 031 entreprises et 47 387 emplois dans le secteur, le Grand Est a d\u00e9velopp\u00e9 un ensemble de comp\u00e9tences autour de la fili\u00e8re dans la \u201cVall\u00e9e du bois\u201d, qui accueille \u00e0 elle seule pr\u00e8s de 1 000 entreprises de transformation du bois repr\u00e9sentant 13 000 emplois.&nbsp;&nbsp;<\/p>\n\n\n\n<p>Elle est \u00e9galement pr\u00e9curseur dans le domaine de la production de chanvre, fournissant 55% de la production fran\u00e7aise et 20% de la production europ\u00e9enne. La r\u00e9gion accueille par ailleurs le projet P\u00f4le europ\u00e9en du chanvre qui vise \u00e0 mettre en place une organisation innovante de la fili\u00e8re chanvre.&nbsp;&nbsp;&nbsp;<\/p>\n\n\n\n<figure class=\"wp-block-image aligncenter size-full\"><img loading=\"lazy\" decoding=\"async\" width=\"828\" height=\"791\" src=\"https:\/\/international.grandestdeveloppement.fr\/wp-content\/uploads\/2025\/04\/image.png\" alt=\"\" class=\"wp-image-15823\" srcset=\"https:\/\/international.grandestdeveloppement.fr\/wp-content\/uploads\/2025\/04\/image.png 828w, https:\/\/international.grandestdeveloppement.fr\/wp-content\/uploads\/2025\/04\/image-300x287.png 300w, https:\/\/international.grandestdeveloppement.fr\/wp-content\/uploads\/2025\/04\/image-768x734.png 768w\" sizes=\"auto, (max-width: 828px) 100vw, 828px\" \/><\/figure>\n\n\n\n<h2 class=\"wp-block-heading\"><strong>Formation et comp\u00e9titivit\u00e9 : une fili\u00e8re parfaitement organis\u00e9e<\/strong><\/h2>\n\n\n\n<h3 class=\"wp-block-heading\">\u00a0Notre p\u00f4le de comp\u00e9titivit\u00e9<\/h3>\n\n\n\n<div class=\"wp-block-media-text is-stacked-on-mobile\" style=\"grid-template-columns:32% auto\"><figure class=\"wp-block-media-text__media\"><a href=\"https:\/\/www.pole-europeen-chanvre.eu\/\"><img loading=\"lazy\" decoding=\"async\" width=\"1000\" height=\"1001\" src=\"https:\/\/international.grandestdeveloppement.fr\/wp-content\/uploads\/2025\/04\/Logo-pole-europeen-du-chanvre.jpg\" alt=\"\" class=\"wp-image-15819 size-full\" srcset=\"https:\/\/international.grandestdeveloppement.fr\/wp-content\/uploads\/2025\/04\/Logo-pole-europeen-du-chanvre.jpg 1000w, https:\/\/international.grandestdeveloppement.fr\/wp-content\/uploads\/2025\/04\/Logo-pole-europeen-du-chanvre-300x300.jpg 300w, https:\/\/international.grandestdeveloppement.fr\/wp-content\/uploads\/2025\/04\/Logo-pole-europeen-du-chanvre-150x150.jpg 150w, https:\/\/international.grandestdeveloppement.fr\/wp-content\/uploads\/2025\/04\/Logo-pole-europeen-du-chanvre-768x769.jpg 768w\" sizes=\"auto, (max-width: 1000px) 100vw, 1000px\" \/><\/a><\/figure><div class=\"wp-block-media-text__content\">\n<p><a href=\"https:\/\/www.pole-europeen-chanvre.eu\/\">Le P\u00f4le europ\u00e9en du chanvre<\/a> rassemble et f\u00e9d\u00e8re l\u2019ensemble des acteurs de la cha\u00eene de valeur du chanvre, de l\u2019amont \u00e0 l\u2019aval, et de ses diff\u00e9rents march\u00e9s d\u2019application au sein d\u2019un \u00e9cosyst\u00e8me coop\u00e9ratif multi-acteurs et multi-march\u00e9s. Bas\u00e9 \u00e0 Troyes, dans l\u2019Aube, bassin historique et principal de la culture du chanvre, ce territoire repr\u00e9sente 50% de la production fran\u00e7aise et 20% de la production europ\u00e9enne. Son histoire et son ant\u00e9riorit\u00e9 lui permet d\u2019\u00eatre un v\u00e9ritable d\u00e9monstrateur des possibilit\u00e9s de l\u2019\u00e9cosyst\u00e8me chanvre.<\/p>\n<\/div><\/div>\n\n\n\n<h3 class=\"wp-block-heading\">D&rsquo;autres acteurs majeurs de la fili\u00e8re&#8230;<\/h3>\n\n\n\n<p>Outre le <a href=\"https:\/\/www.international.grandestdeveloppement.fr\/ressources-humaines-et-talents-dans-le-grand-est\/\" target=\"_blank\" rel=\"noreferrer noopener\">vivier de talents<\/a> que repr\u00e9sentent les universit\u00e9s de la R\u00e9gion, le Grand Est h\u00e9berge plusieurs \u00e9coles et centres de recherche dans le domaine du bois : le Campus des M\u00e9tiers et Qualifications Bois Grand Est, l\u2019<a href=\"https:\/\/www.enstib.univ-lorraine.fr\/fr\/\">ENSITB<\/a> (\u00c9cole Nationale Sup\u00e9rieure des Technologies et Industries du Bois), <a href=\"https:\/\/www.f-r-d.fr\/\">FRD<\/a> (Fibres Recherche D\u00e9veloppement, soci\u00e9t\u00e9 d\u2019innovation priv\u00e9e)\u2026&nbsp;&nbsp;<\/p>\n\n\n\n<figure class=\"wp-block-embed is-type-video is-provider-youtube wp-block-embed-youtube wp-embed-aspect-16-9 wp-has-aspect-ratio\"><div class=\"wp-block-embed__wrapper\">\n<iframe loading=\"lazy\" title=\"FRD, CRT d\u00e9di\u00e9 \u00e0 la valorisation applicative des fibres v\u00e9g\u00e9tales f\u00eate ses 15 ans\" width=\"500\" height=\"281\" src=\"https:\/\/www.youtube.com\/embed\/JHJ5G7a-9IM?feature=oembed\" frameborder=\"0\" allow=\"accelerometer; autoplay; clipboard-write; encrypted-media; gyroscope; picture-in-picture; web-share\" referrerpolicy=\"strict-origin-when-cross-origin\" allowfullscreen><\/iframe>\n<\/div><\/figure>\n\n\n\n<p><\/p>\n","protected":false},"excerpt":{"rendered":"<p>Innovant, comp\u00e9titif, sp\u00e9cialis\u00e9 : le secteur du b\u00e2timent et de la construction est tr\u00e8s dynamique dans le Grand Est. <\/p>\n","protected":false},"author":3,"featured_media":13426,"parent":0,"menu_order":0,"comment_status":"closed","ping_status":"closed","template":"template-secteur.php","meta":{"_acf_changed":false,"_relevanssi_hide_post":"","_relevanssi_pin_for_all":"","_relevanssi_pin_keywords":"","_relevanssi_unpin_keywords":"","_relevanssi_related_keywords":"","_relevanssi_related_include_ids":"","_relevanssi_related_exclude_ids":"","_relevanssi_related_no_append":"","_relevanssi_related_not_related":"","_relevanssi_related_posts":"201","_relevanssi_noindex_reason":"","inline_featured_image":false,"footnotes":""},"categorie-businessFunction":[],"categorie-secteur":[],"categorie-nationalite":[],"categorie-territoire":[],"categorie-service":[],"class_list":["post-270","page","type-page","status-publish","has-post-thumbnail","hentry"],"acf":[],"yoast_head":"<!-- This site is optimized with the Yoast SEO plugin v27.3 - https:\/\/yoast.com\/product\/yoast-seo-wordpress\/ -->\n<title>Construction biosourc\u00e9e Grand Est - Invest Eastern France<\/title>\n<meta name=\"description\" content=\"Innovant, comp\u00e9titif, sp\u00e9cialis\u00e9 : le secteur du b\u00e2timent et de la construction est tr\u00e8s dynamique dans le Grand Est.\u00a0\u00a0\" \/>\n<meta name=\"robots\" content=\"index, follow, max-snippet:-1, max-image-preview:large, max-video-preview:-1\" \/>\n<link rel=\"canonical\" href=\"https:\/\/international.grandestdeveloppement.fr\/fr\/batiment-grand-est\/\" \/>\n<meta property=\"og:locale\" content=\"fr_FR\" \/>\n<meta property=\"og:type\" content=\"article\" \/>\n<meta property=\"og:title\" content=\"Construction biosourc\u00e9e Grand Est - Invest Eastern France\" \/>\n<meta property=\"og:description\" content=\"Innovant, comp\u00e9titif, sp\u00e9cialis\u00e9 : le secteur du b\u00e2timent et de la construction est tr\u00e8s dynamique dans le Grand Est.\u00a0\u00a0\" \/>\n<meta property=\"og:url\" content=\"https:\/\/international.grandestdeveloppement.fr\/fr\/batiment-grand-est\/\" \/>\n<meta property=\"og:site_name\" content=\"Invest Eastern France\" \/>\n<meta property=\"article:modified_time\" content=\"2026-02-17T10:25:57+00:00\" \/>\n<meta property=\"og:image\" content=\"https:\/\/international.grandestdeveloppement.fr\/wp-content\/uploads\/2024\/04\/AdobeStock_669888518-scaled.jpeg\" \/>\n\t<meta property=\"og:image:width\" content=\"2560\" \/>\n\t<meta property=\"og:image:height\" content=\"1607\" \/>\n\t<meta property=\"og:image:type\" content=\"image\/jpeg\" \/>\n<meta name=\"twitter:card\" content=\"summary_large_image\" \/>\n<meta name=\"twitter:label1\" content=\"Dur\u00e9e de lecture estim\u00e9e\" \/>\n\t<meta name=\"twitter:data1\" content=\"3 minutes\" \/>\n<script type=\"application\/ld+json\" class=\"yoast-schema-graph\">{\"@context\":\"https:\\\/\\\/schema.org\",\"@graph\":[{\"@type\":\"WebPage\",\"@id\":\"https:\\\/\\\/international.grandestdeveloppement.fr\\\/fr\\\/batiment-grand-est\\\/\",\"url\":\"https:\\\/\\\/international.grandestdeveloppement.fr\\\/fr\\\/batiment-grand-est\\\/\",\"name\":\"Construction biosourc\u00e9e Grand Est - Invest Eastern France\",\"isPartOf\":{\"@id\":\"https:\\\/\\\/international.grandestdeveloppement.fr\\\/fr\\\/#website\"},\"primaryImageOfPage\":{\"@id\":\"https:\\\/\\\/international.grandestdeveloppement.fr\\\/fr\\\/batiment-grand-est\\\/#primaryimage\"},\"image\":{\"@id\":\"https:\\\/\\\/international.grandestdeveloppement.fr\\\/fr\\\/batiment-grand-est\\\/#primaryimage\"},\"thumbnailUrl\":\"https:\\\/\\\/international.grandestdeveloppement.fr\\\/wp-content\\\/uploads\\\/2024\\\/04\\\/AdobeStock_669888518-scaled.jpeg\",\"datePublished\":\"2021-09-17T04:58:31+00:00\",\"dateModified\":\"2026-02-17T10:25:57+00:00\",\"description\":\"Innovant, comp\u00e9titif, sp\u00e9cialis\u00e9 : le secteur du b\u00e2timent et de la construction est tr\u00e8s dynamique dans le Grand Est.\u00a0\u00a0\",\"breadcrumb\":{\"@id\":\"https:\\\/\\\/international.grandestdeveloppement.fr\\\/fr\\\/batiment-grand-est\\\/#breadcrumb\"},\"inLanguage\":\"fr-FR\",\"potentialAction\":[{\"@type\":\"ReadAction\",\"target\":[\"https:\\\/\\\/international.grandestdeveloppement.fr\\\/fr\\\/batiment-grand-est\\\/\"]}]},{\"@type\":\"ImageObject\",\"inLanguage\":\"fr-FR\",\"@id\":\"https:\\\/\\\/international.grandestdeveloppement.fr\\\/fr\\\/batiment-grand-est\\\/#primaryimage\",\"url\":\"https:\\\/\\\/international.grandestdeveloppement.fr\\\/wp-content\\\/uploads\\\/2024\\\/04\\\/AdobeStock_669888518-scaled.jpeg\",\"contentUrl\":\"https:\\\/\\\/international.grandestdeveloppement.fr\\\/wp-content\\\/uploads\\\/2024\\\/04\\\/AdobeStock_669888518-scaled.jpeg\",\"width\":2560,\"height\":1607,\"caption\":\"Sustainable Comfort Solution\"},{\"@type\":\"BreadcrumbList\",\"@id\":\"https:\\\/\\\/international.grandestdeveloppement.fr\\\/fr\\\/batiment-grand-est\\\/#breadcrumb\",\"itemListElement\":[{\"@type\":\"ListItem\",\"position\":1,\"name\":\"Accueil\",\"item\":\"https:\\\/\\\/international.grandestdeveloppement.fr\\\/fr\\\/\"},{\"@type\":\"ListItem\",\"position\":2,\"name\":\"Mat\u00e9riaux biosourc\u00e9s\"}]},{\"@type\":\"WebSite\",\"@id\":\"https:\\\/\\\/international.grandestdeveloppement.fr\\\/fr\\\/#website\",\"url\":\"https:\\\/\\\/international.grandestdeveloppement.fr\\\/fr\\\/\",\"name\":\"Invest Eastern France\",\"description\":\"\",\"publisher\":{\"@id\":\"https:\\\/\\\/international.grandestdeveloppement.fr\\\/fr\\\/#organization\"},\"potentialAction\":[{\"@type\":\"SearchAction\",\"target\":{\"@type\":\"EntryPoint\",\"urlTemplate\":\"https:\\\/\\\/international.grandestdeveloppement.fr\\\/fr\\\/?s={search_term_string}\"},\"query-input\":{\"@type\":\"PropertyValueSpecification\",\"valueRequired\":true,\"valueName\":\"search_term_string\"}}],\"inLanguage\":\"fr-FR\"},{\"@type\":\"Organization\",\"@id\":\"https:\\\/\\\/international.grandestdeveloppement.fr\\\/fr\\\/#organization\",\"name\":\"Invest Eastern France\",\"url\":\"https:\\\/\\\/international.grandestdeveloppement.fr\\\/fr\\\/\",\"logo\":{\"@type\":\"ImageObject\",\"inLanguage\":\"fr-FR\",\"@id\":\"https:\\\/\\\/international.grandestdeveloppement.fr\\\/fr\\\/#\\\/schema\\\/logo\\\/image\\\/\",\"url\":\"https:\\\/\\\/www.international.grandestdeveloppement.fr\\\/wp-content\\\/uploads\\\/2021\\\/08\\\/logo-invest-eastern-france.png\",\"contentUrl\":\"https:\\\/\\\/www.international.grandestdeveloppement.fr\\\/wp-content\\\/uploads\\\/2021\\\/08\\\/logo-invest-eastern-france.png\",\"width\":500,\"height\":180,\"caption\":\"Invest Eastern France\"},\"image\":{\"@id\":\"https:\\\/\\\/international.grandestdeveloppement.fr\\\/fr\\\/#\\\/schema\\\/logo\\\/image\\\/\"}}]}<\/script>\n<!-- \/ Yoast SEO plugin. -->","yoast_head_json":{"title":"Construction biosourc\u00e9e Grand Est - Invest Eastern France","description":"Innovant, comp\u00e9titif, sp\u00e9cialis\u00e9 : le secteur du b\u00e2timent et de la construction est tr\u00e8s dynamique dans le Grand Est.\u00a0\u00a0","robots":{"index":"index","follow":"follow","max-snippet":"max-snippet:-1","max-image-preview":"max-image-preview:large","max-video-preview":"max-video-preview:-1"},"canonical":"https:\/\/international.grandestdeveloppement.fr\/fr\/batiment-grand-est\/","og_locale":"fr_FR","og_type":"article","og_title":"Construction biosourc\u00e9e Grand Est - Invest Eastern France","og_description":"Innovant, comp\u00e9titif, sp\u00e9cialis\u00e9 : le secteur du b\u00e2timent et de la construction est tr\u00e8s dynamique dans le Grand Est.\u00a0\u00a0","og_url":"https:\/\/international.grandestdeveloppement.fr\/fr\/batiment-grand-est\/","og_site_name":"Invest Eastern France","article_modified_time":"2026-02-17T10:25:57+00:00","og_image":[{"width":2560,"height":1607,"url":"https:\/\/international.grandestdeveloppement.fr\/wp-content\/uploads\/2024\/04\/AdobeStock_669888518-scaled.jpeg","type":"image\/jpeg"}],"twitter_card":"summary_large_image","twitter_misc":{"Dur\u00e9e de lecture estim\u00e9e":"3 minutes"},"schema":{"@context":"https:\/\/schema.org","@graph":[{"@type":"WebPage","@id":"https:\/\/international.grandestdeveloppement.fr\/fr\/batiment-grand-est\/","url":"https:\/\/international.grandestdeveloppement.fr\/fr\/batiment-grand-est\/","name":"Construction biosourc\u00e9e Grand Est - Invest Eastern France","isPartOf":{"@id":"https:\/\/international.grandestdeveloppement.fr\/fr\/#website"},"primaryImageOfPage":{"@id":"https:\/\/international.grandestdeveloppement.fr\/fr\/batiment-grand-est\/#primaryimage"},"image":{"@id":"https:\/\/international.grandestdeveloppement.fr\/fr\/batiment-grand-est\/#primaryimage"},"thumbnailUrl":"https:\/\/international.grandestdeveloppement.fr\/wp-content\/uploads\/2024\/04\/AdobeStock_669888518-scaled.jpeg","datePublished":"2021-09-17T04:58:31+00:00","dateModified":"2026-02-17T10:25:57+00:00","description":"Innovant, comp\u00e9titif, sp\u00e9cialis\u00e9 : le secteur du b\u00e2timent et de la construction est tr\u00e8s dynamique dans le Grand Est.\u00a0\u00a0","breadcrumb":{"@id":"https:\/\/international.grandestdeveloppement.fr\/fr\/batiment-grand-est\/#breadcrumb"},"inLanguage":"fr-FR","potentialAction":[{"@type":"ReadAction","target":["https:\/\/international.grandestdeveloppement.fr\/fr\/batiment-grand-est\/"]}]},{"@type":"ImageObject","inLanguage":"fr-FR","@id":"https:\/\/international.grandestdeveloppement.fr\/fr\/batiment-grand-est\/#primaryimage","url":"https:\/\/international.grandestdeveloppement.fr\/wp-content\/uploads\/2024\/04\/AdobeStock_669888518-scaled.jpeg","contentUrl":"https:\/\/international.grandestdeveloppement.fr\/wp-content\/uploads\/2024\/04\/AdobeStock_669888518-scaled.jpeg","width":2560,"height":1607,"caption":"Sustainable Comfort Solution"},{"@type":"BreadcrumbList","@id":"https:\/\/international.grandestdeveloppement.fr\/fr\/batiment-grand-est\/#breadcrumb","itemListElement":[{"@type":"ListItem","position":1,"name":"Accueil","item":"https:\/\/international.grandestdeveloppement.fr\/fr\/"},{"@type":"ListItem","position":2,"name":"Mat\u00e9riaux biosourc\u00e9s"}]},{"@type":"WebSite","@id":"https:\/\/international.grandestdeveloppement.fr\/fr\/#website","url":"https:\/\/international.grandestdeveloppement.fr\/fr\/","name":"Invest Eastern France","description":"","publisher":{"@id":"https:\/\/international.grandestdeveloppement.fr\/fr\/#organization"},"potentialAction":[{"@type":"SearchAction","target":{"@type":"EntryPoint","urlTemplate":"https:\/\/international.grandestdeveloppement.fr\/fr\/?s={search_term_string}"},"query-input":{"@type":"PropertyValueSpecification","valueRequired":true,"valueName":"search_term_string"}}],"inLanguage":"fr-FR"},{"@type":"Organization","@id":"https:\/\/international.grandestdeveloppement.fr\/fr\/#organization","name":"Invest Eastern France","url":"https:\/\/international.grandestdeveloppement.fr\/fr\/","logo":{"@type":"ImageObject","inLanguage":"fr-FR","@id":"https:\/\/international.grandestdeveloppement.fr\/fr\/#\/schema\/logo\/image\/","url":"https:\/\/www.international.grandestdeveloppement.fr\/wp-content\/uploads\/2021\/08\/logo-invest-eastern-france.png","contentUrl":"https:\/\/www.international.grandestdeveloppement.fr\/wp-content\/uploads\/2021\/08\/logo-invest-eastern-france.png","width":500,"height":180,"caption":"Invest Eastern France"},"image":{"@id":"https:\/\/international.grandestdeveloppement.fr\/fr\/#\/schema\/logo\/image\/"}}]}},"publishpress_future_action":{"enabled":false,"date":"2026-04-25 16:05:52","action":"change-status","newStatus":"draft","terms":[],"taxonomy":"translation_priority","extraData":[]},"publishpress_future_workflow_manual_trigger":{"enabledWorkflows":[]},"_links":{"self":[{"href":"https:\/\/international.grandestdeveloppement.fr\/fr\/wp-json\/wp\/v2\/pages\/270","targetHints":{"allow":["GET"]}}],"collection":[{"href":"https:\/\/international.grandestdeveloppement.fr\/fr\/wp-json\/wp\/v2\/pages"}],"about":[{"href":"https:\/\/international.grandestdeveloppement.fr\/fr\/wp-json\/wp\/v2\/types\/page"}],"author":[{"embeddable":true,"href":"https:\/\/international.grandestdeveloppement.fr\/fr\/wp-json\/wp\/v2\/users\/3"}],"replies":[{"embeddable":true,"href":"https:\/\/international.grandestdeveloppement.fr\/fr\/wp-json\/wp\/v2\/comments?post=270"}],"version-history":[{"count":23,"href":"https:\/\/international.grandestdeveloppement.fr\/fr\/wp-json\/wp\/v2\/pages\/270\/revisions"}],"predecessor-version":[{"id":18599,"href":"https:\/\/international.grandestdeveloppement.fr\/fr\/wp-json\/wp\/v2\/pages\/270\/revisions\/18599"}],"wp:featuredmedia":[{"embeddable":true,"href":"https:\/\/international.grandestdeveloppement.fr\/fr\/wp-json\/wp\/v2\/media\/13426"}],"wp:attachment":[{"href":"https:\/\/international.grandestdeveloppement.fr\/fr\/wp-json\/wp\/v2\/media?parent=270"}],"wp:term":[{"taxonomy":"categorie-businessFunction","embeddable":true,"href":"https:\/\/international.grandestdeveloppement.fr\/fr\/wp-json\/wp\/v2\/categorie-businessFunction?post=270"},{"taxonomy":"categorie-secteur","embeddable":true,"href":"https:\/\/international.grandestdeveloppement.fr\/fr\/wp-json\/wp\/v2\/categorie-secteur?post=270"},{"taxonomy":"categorie-nationalite","embeddable":true,"href":"https:\/\/international.grandestdeveloppement.fr\/fr\/wp-json\/wp\/v2\/categorie-nationalite?post=270"},{"taxonomy":"categorie-territoire","embeddable":true,"href":"https:\/\/international.grandestdeveloppement.fr\/fr\/wp-json\/wp\/v2\/categorie-territoire?post=270"},{"taxonomy":"categorie-service","embeddable":true,"href":"https:\/\/international.grandestdeveloppement.fr\/fr\/wp-json\/wp\/v2\/categorie-service?post=270"}],"curies":[{"name":"wp","href":"https:\/\/api.w.org\/{rel}","templated":true}]}}