{"id":274,"date":"2021-09-17T07:11:40","date_gmt":"2021-09-17T05:11:40","guid":{"rendered":"https:\/\/www.international.grandestdeveloppement.fr\/?page_id=274"},"modified":"2026-02-16T11:21:29","modified_gmt":"2026-02-16T10:21:29","slug":"cleantech","status":"publish","type":"page","link":"https:\/\/international.grandestdeveloppement.fr\/fr\/cleantech\/","title":{"rendered":"Cleantechs"},"content":{"rendered":"\n<p>En 2025, les technologies environnementales repr\u00e9senteront un march\u00e9 mondial de 4 400 milliards d&rsquo;euros, soit deux fois plus qu&rsquo;en 2010. Le Grand Est est l&rsquo;une des premi\u00e8res r\u00e9gions phares de ce domaine.&nbsp;&nbsp;<\/p>\n\n\n\n<h2 class=\"wp-block-heading\"><strong>Chiffres cl\u00e9s<\/strong>&nbsp;<\/h2>\n\n\n\n<ul class=\"wp-block-list\">\n<li>5 800 entreprises dans le secteur de l\u2019environnement&nbsp;<\/li>\n<\/ul>\n\n\n\n<h2 class=\"wp-block-heading\"><strong>Le Grand Est, expert de la gestion de l&rsquo;eau et des d\u00e9chets&nbsp;<\/strong>&nbsp;<\/h2>\n\n\n\n<p>La France est le leader europ\u00e9en de la production d&rsquo;\u00e9nergie \u00e0 partir du recyclage des d\u00e9chets, et les leaders mondiaux du march\u00e9 de la gestion de l&rsquo;eau et des d\u00e9chets sont implant\u00e9s en Grand Est. La cleantech est extr\u00eamement importante pour la r\u00e9gion car les d\u00e9fis environnementaux y ont pris de l&rsquo;importance en raison de sa proximit\u00e9 g\u00e9ographique avec l&rsquo;Allemagne, la Belgique, la Suisse et le Luxembourg.&nbsp;&nbsp;<\/p>\n\n\n\n<h2 class=\"wp-block-heading\"><strong>Des r\u00e9seaux d\u2019excellence pour soutenir le secteur&nbsp;<\/strong>&nbsp;<\/h2>\n\n\n\n<p>P\u00f4le de la fili\u00e8re de l\u2019eau du Grand Est, <a href=\"https:\/\/www.hydreos.fr\/EN\/home.html\">Aquanova <\/a>est actif dans les domaines des infrastructures durables de l&rsquo;eau, de la gestion intelligente de l&rsquo;eau et des \u00e9cosyst\u00e8mes des zones humides. Il regroupe 160 adh\u00e9rents, dont des entreprises, des laboratoires et des collectivit\u00e9s locales.&nbsp;&nbsp;<\/p>\n\n\n\n<p>Actifs \u00e9galement dans le domaine de la cleantech, le <a href=\"https:\/\/www.vehiculedufutur.com\/\">p\u00f4le V\u00e9hicule du Futur<\/a> participent \u00e0 la vision globale du secteur en encourageant des projets orient\u00e9s vers le d\u00e9veloppement durable. Par ailleurs, plus de 500 chercheurs travaillent dans le domaine de l&rsquo;eau dans les universit\u00e9s et entreprises de la r\u00e9gion.\u00a0\u00a0<\/p>\n\n\n\n<p><\/p>\n","protected":false},"excerpt":{"rendered":"<p>En 2025, les technologies environnementales repr\u00e9senteront un march\u00e9 mondial de 4 400 milliards d&rsquo;euros, soit deux fois plus qu&rsquo;en 2010. Le Grand Est est l&rsquo;une des premi\u00e8res r\u00e9gions phares de [&hellip;]<\/p>\n","protected":false},"author":3,"featured_media":487,"parent":0,"menu_order":0,"comment_status":"closed","ping_status":"closed","template":"template-secteur.php","meta":{"_acf_changed":false,"_relevanssi_hide_post":"","_relevanssi_pin_for_all":"","_relevanssi_pin_keywords":"","_relevanssi_unpin_keywords":"","_relevanssi_related_keywords":"","_relevanssi_related_include_ids":"","_relevanssi_related_exclude_ids":"","_relevanssi_related_no_append":"","_relevanssi_related_not_related":"","_relevanssi_related_posts":"201","_relevanssi_noindex_reason":"","inline_featured_image":false,"footnotes":""},"categorie-businessFunction":[],"categorie-secteur":[28],"categorie-nationalite":[],"categorie-territoire":[],"categorie-service":[],"class_list":["post-274","page","type-page","status-publish","has-post-thumbnail","hentry","categorie-secteur-cleantechs"],"acf":[],"yoast_head":"<!-- This site is optimized with the Yoast SEO plugin v27.3 - https:\/\/yoast.com\/product\/yoast-seo-wordpress\/ -->\n<title>Cleantechs - Invest Eastern France<\/title>\n<meta name=\"description\" content=\"Le Grand Est est l&#039;une des r\u00e9gions phares dans le domaine des cleantech.\u00a0En 2025, les technologies environnementales repr\u00e9senteront un march\u00e9 mondial de 4 400 milliards d&#039;euros.\" \/>\n<meta name=\"robots\" content=\"index, follow, max-snippet:-1, max-image-preview:large, max-video-preview:-1\" \/>\n<link rel=\"canonical\" href=\"https:\/\/international.grandestdeveloppement.fr\/fr\/cleantech\/\" \/>\n<meta property=\"og:locale\" content=\"fr_FR\" \/>\n<meta property=\"og:type\" content=\"article\" \/>\n<meta property=\"og:title\" content=\"Cleantechs - Invest Eastern France\" \/>\n<meta property=\"og:description\" content=\"Le Grand Est est l&#039;une des r\u00e9gions phares dans le domaine des cleantech.\u00a0En 2025, les technologies environnementales repr\u00e9senteront un march\u00e9 mondial de 4 400 milliards d&#039;euros.\" \/>\n<meta property=\"og:url\" content=\"https:\/\/international.grandestdeveloppement.fr\/fr\/cleantech\/\" \/>\n<meta property=\"og:site_name\" content=\"Invest Eastern France\" \/>\n<meta property=\"article:modified_time\" content=\"2026-02-16T10:21:29+00:00\" \/>\n<meta property=\"og:image\" content=\"https:\/\/international.grandestdeveloppement.fr\/wp-content\/uploads\/2021\/10\/cleantech.jpeg\" \/>\n\t<meta property=\"og:image:width\" content=\"1500\" \/>\n\t<meta property=\"og:image:height\" content=\"931\" \/>\n\t<meta property=\"og:image:type\" content=\"image\/jpeg\" \/>\n<meta name=\"twitter:card\" content=\"summary_large_image\" \/>\n<meta name=\"twitter:label1\" content=\"Dur\u00e9e de lecture estim\u00e9e\" \/>\n\t<meta name=\"twitter:data1\" content=\"1 minute\" \/>\n<script type=\"application\/ld+json\" class=\"yoast-schema-graph\">{\"@context\":\"https:\\\/\\\/schema.org\",\"@graph\":[{\"@type\":\"WebPage\",\"@id\":\"https:\\\/\\\/international.grandestdeveloppement.fr\\\/fr\\\/cleantech\\\/\",\"url\":\"https:\\\/\\\/international.grandestdeveloppement.fr\\\/fr\\\/cleantech\\\/\",\"name\":\"Cleantechs - Invest Eastern France\",\"isPartOf\":{\"@id\":\"https:\\\/\\\/international.grandestdeveloppement.fr\\\/fr\\\/#website\"},\"primaryImageOfPage\":{\"@id\":\"https:\\\/\\\/international.grandestdeveloppement.fr\\\/fr\\\/cleantech\\\/#primaryimage\"},\"image\":{\"@id\":\"https:\\\/\\\/international.grandestdeveloppement.fr\\\/fr\\\/cleantech\\\/#primaryimage\"},\"thumbnailUrl\":\"https:\\\/\\\/international.grandestdeveloppement.fr\\\/wp-content\\\/uploads\\\/2021\\\/10\\\/cleantech.jpeg\",\"datePublished\":\"2021-09-17T05:11:40+00:00\",\"dateModified\":\"2026-02-16T10:21:29+00:00\",\"description\":\"Le Grand Est est l'une des r\u00e9gions phares dans le domaine des cleantech.\u00a0En 2025, les technologies environnementales repr\u00e9senteront un march\u00e9 mondial de 4 400 milliards d'euros.\",\"breadcrumb\":{\"@id\":\"https:\\\/\\\/international.grandestdeveloppement.fr\\\/fr\\\/cleantech\\\/#breadcrumb\"},\"inLanguage\":\"fr-FR\",\"potentialAction\":[{\"@type\":\"ReadAction\",\"target\":[\"https:\\\/\\\/international.grandestdeveloppement.fr\\\/fr\\\/cleantech\\\/\"]}]},{\"@type\":\"ImageObject\",\"inLanguage\":\"fr-FR\",\"@id\":\"https:\\\/\\\/international.grandestdeveloppement.fr\\\/fr\\\/cleantech\\\/#primaryimage\",\"url\":\"https:\\\/\\\/international.grandestdeveloppement.fr\\\/wp-content\\\/uploads\\\/2021\\\/10\\\/cleantech.jpeg\",\"contentUrl\":\"https:\\\/\\\/international.grandestdeveloppement.fr\\\/wp-content\\\/uploads\\\/2021\\\/10\\\/cleantech.jpeg\",\"width\":1500,\"height\":931,\"caption\":\"Cleantech Grand Est\"},{\"@type\":\"BreadcrumbList\",\"@id\":\"https:\\\/\\\/international.grandestdeveloppement.fr\\\/fr\\\/cleantech\\\/#breadcrumb\",\"itemListElement\":[{\"@type\":\"ListItem\",\"position\":1,\"name\":\"Accueil\",\"item\":\"https:\\\/\\\/international.grandestdeveloppement.fr\\\/fr\\\/\"},{\"@type\":\"ListItem\",\"position\":2,\"name\":\"Cleantechs\"}]},{\"@type\":\"WebSite\",\"@id\":\"https:\\\/\\\/international.grandestdeveloppement.fr\\\/fr\\\/#website\",\"url\":\"https:\\\/\\\/international.grandestdeveloppement.fr\\\/fr\\\/\",\"name\":\"Invest Eastern France\",\"description\":\"\",\"publisher\":{\"@id\":\"https:\\\/\\\/international.grandestdeveloppement.fr\\\/fr\\\/#organization\"},\"potentialAction\":[{\"@type\":\"SearchAction\",\"target\":{\"@type\":\"EntryPoint\",\"urlTemplate\":\"https:\\\/\\\/international.grandestdeveloppement.fr\\\/fr\\\/?s={search_term_string}\"},\"query-input\":{\"@type\":\"PropertyValueSpecification\",\"valueRequired\":true,\"valueName\":\"search_term_string\"}}],\"inLanguage\":\"fr-FR\"},{\"@type\":\"Organization\",\"@id\":\"https:\\\/\\\/international.grandestdeveloppement.fr\\\/fr\\\/#organization\",\"name\":\"Invest Eastern France\",\"url\":\"https:\\\/\\\/international.grandestdeveloppement.fr\\\/fr\\\/\",\"logo\":{\"@type\":\"ImageObject\",\"inLanguage\":\"fr-FR\",\"@id\":\"https:\\\/\\\/international.grandestdeveloppement.fr\\\/fr\\\/#\\\/schema\\\/logo\\\/image\\\/\",\"url\":\"https:\\\/\\\/www.international.grandestdeveloppement.fr\\\/wp-content\\\/uploads\\\/2021\\\/08\\\/logo-invest-eastern-france.png\",\"contentUrl\":\"https:\\\/\\\/www.international.grandestdeveloppement.fr\\\/wp-content\\\/uploads\\\/2021\\\/08\\\/logo-invest-eastern-france.png\",\"width\":500,\"height\":180,\"caption\":\"Invest Eastern France\"},\"image\":{\"@id\":\"https:\\\/\\\/international.grandestdeveloppement.fr\\\/fr\\\/#\\\/schema\\\/logo\\\/image\\\/\"}}]}<\/script>\n<!-- \/ Yoast SEO plugin. -->","yoast_head_json":{"title":"Cleantechs - Invest Eastern France","description":"Le Grand Est est l'une des r\u00e9gions phares dans le domaine des cleantech.\u00a0En 2025, les technologies environnementales repr\u00e9senteront un march\u00e9 mondial de 4 400 milliards d'euros.","robots":{"index":"index","follow":"follow","max-snippet":"max-snippet:-1","max-image-preview":"max-image-preview:large","max-video-preview":"max-video-preview:-1"},"canonical":"https:\/\/international.grandestdeveloppement.fr\/fr\/cleantech\/","og_locale":"fr_FR","og_type":"article","og_title":"Cleantechs - Invest Eastern France","og_description":"Le Grand Est est l'une des r\u00e9gions phares dans le domaine des cleantech.\u00a0En 2025, les technologies environnementales repr\u00e9senteront un march\u00e9 mondial de 4 400 milliards d'euros.","og_url":"https:\/\/international.grandestdeveloppement.fr\/fr\/cleantech\/","og_site_name":"Invest Eastern France","article_modified_time":"2026-02-16T10:21:29+00:00","og_image":[{"width":1500,"height":931,"url":"https:\/\/international.grandestdeveloppement.fr\/wp-content\/uploads\/2021\/10\/cleantech.jpeg","type":"image\/jpeg"}],"twitter_card":"summary_large_image","twitter_misc":{"Dur\u00e9e de lecture estim\u00e9e":"1 minute"},"schema":{"@context":"https:\/\/schema.org","@graph":[{"@type":"WebPage","@id":"https:\/\/international.grandestdeveloppement.fr\/fr\/cleantech\/","url":"https:\/\/international.grandestdeveloppement.fr\/fr\/cleantech\/","name":"Cleantechs - Invest Eastern France","isPartOf":{"@id":"https:\/\/international.grandestdeveloppement.fr\/fr\/#website"},"primaryImageOfPage":{"@id":"https:\/\/international.grandestdeveloppement.fr\/fr\/cleantech\/#primaryimage"},"image":{"@id":"https:\/\/international.grandestdeveloppement.fr\/fr\/cleantech\/#primaryimage"},"thumbnailUrl":"https:\/\/international.grandestdeveloppement.fr\/wp-content\/uploads\/2021\/10\/cleantech.jpeg","datePublished":"2021-09-17T05:11:40+00:00","dateModified":"2026-02-16T10:21:29+00:00","description":"Le Grand Est est l'une des r\u00e9gions phares dans le domaine des cleantech.\u00a0En 2025, les technologies environnementales repr\u00e9senteront un march\u00e9 mondial de 4 400 milliards d'euros.","breadcrumb":{"@id":"https:\/\/international.grandestdeveloppement.fr\/fr\/cleantech\/#breadcrumb"},"inLanguage":"fr-FR","potentialAction":[{"@type":"ReadAction","target":["https:\/\/international.grandestdeveloppement.fr\/fr\/cleantech\/"]}]},{"@type":"ImageObject","inLanguage":"fr-FR","@id":"https:\/\/international.grandestdeveloppement.fr\/fr\/cleantech\/#primaryimage","url":"https:\/\/international.grandestdeveloppement.fr\/wp-content\/uploads\/2021\/10\/cleantech.jpeg","contentUrl":"https:\/\/international.grandestdeveloppement.fr\/wp-content\/uploads\/2021\/10\/cleantech.jpeg","width":1500,"height":931,"caption":"Cleantech Grand Est"},{"@type":"BreadcrumbList","@id":"https:\/\/international.grandestdeveloppement.fr\/fr\/cleantech\/#breadcrumb","itemListElement":[{"@type":"ListItem","position":1,"name":"Accueil","item":"https:\/\/international.grandestdeveloppement.fr\/fr\/"},{"@type":"ListItem","position":2,"name":"Cleantechs"}]},{"@type":"WebSite","@id":"https:\/\/international.grandestdeveloppement.fr\/fr\/#website","url":"https:\/\/international.grandestdeveloppement.fr\/fr\/","name":"Invest Eastern France","description":"","publisher":{"@id":"https:\/\/international.grandestdeveloppement.fr\/fr\/#organization"},"potentialAction":[{"@type":"SearchAction","target":{"@type":"EntryPoint","urlTemplate":"https:\/\/international.grandestdeveloppement.fr\/fr\/?s={search_term_string}"},"query-input":{"@type":"PropertyValueSpecification","valueRequired":true,"valueName":"search_term_string"}}],"inLanguage":"fr-FR"},{"@type":"Organization","@id":"https:\/\/international.grandestdeveloppement.fr\/fr\/#organization","name":"Invest Eastern France","url":"https:\/\/international.grandestdeveloppement.fr\/fr\/","logo":{"@type":"ImageObject","inLanguage":"fr-FR","@id":"https:\/\/international.grandestdeveloppement.fr\/fr\/#\/schema\/logo\/image\/","url":"https:\/\/www.international.grandestdeveloppement.fr\/wp-content\/uploads\/2021\/08\/logo-invest-eastern-france.png","contentUrl":"https:\/\/www.international.grandestdeveloppement.fr\/wp-content\/uploads\/2021\/08\/logo-invest-eastern-france.png","width":500,"height":180,"caption":"Invest Eastern France"},"image":{"@id":"https:\/\/international.grandestdeveloppement.fr\/fr\/#\/schema\/logo\/image\/"}}]}},"publishpress_future_action":{"enabled":false,"date":"2026-04-24 18:31:14","action":"change-status","newStatus":"draft","terms":[],"taxonomy":"translation_priority","extraData":[]},"publishpress_future_workflow_manual_trigger":{"enabledWorkflows":[]},"_links":{"self":[{"href":"https:\/\/international.grandestdeveloppement.fr\/fr\/wp-json\/wp\/v2\/pages\/274","targetHints":{"allow":["GET"]}}],"collection":[{"href":"https:\/\/international.grandestdeveloppement.fr\/fr\/wp-json\/wp\/v2\/pages"}],"about":[{"href":"https:\/\/international.grandestdeveloppement.fr\/fr\/wp-json\/wp\/v2\/types\/page"}],"author":[{"embeddable":true,"href":"https:\/\/international.grandestdeveloppement.fr\/fr\/wp-json\/wp\/v2\/users\/3"}],"replies":[{"embeddable":true,"href":"https:\/\/international.grandestdeveloppement.fr\/fr\/wp-json\/wp\/v2\/comments?post=274"}],"version-history":[{"count":11,"href":"https:\/\/international.grandestdeveloppement.fr\/fr\/wp-json\/wp\/v2\/pages\/274\/revisions"}],"predecessor-version":[{"id":18513,"href":"https:\/\/international.grandestdeveloppement.fr\/fr\/wp-json\/wp\/v2\/pages\/274\/revisions\/18513"}],"wp:featuredmedia":[{"embeddable":true,"href":"https:\/\/international.grandestdeveloppement.fr\/fr\/wp-json\/wp\/v2\/media\/487"}],"wp:attachment":[{"href":"https:\/\/international.grandestdeveloppement.fr\/fr\/wp-json\/wp\/v2\/media?parent=274"}],"wp:term":[{"taxonomy":"categorie-businessFunction","embeddable":true,"href":"https:\/\/international.grandestdeveloppement.fr\/fr\/wp-json\/wp\/v2\/categorie-businessFunction?post=274"},{"taxonomy":"categorie-secteur","embeddable":true,"href":"https:\/\/international.grandestdeveloppement.fr\/fr\/wp-json\/wp\/v2\/categorie-secteur?post=274"},{"taxonomy":"categorie-nationalite","embeddable":true,"href":"https:\/\/international.grandestdeveloppement.fr\/fr\/wp-json\/wp\/v2\/categorie-nationalite?post=274"},{"taxonomy":"categorie-territoire","embeddable":true,"href":"https:\/\/international.grandestdeveloppement.fr\/fr\/wp-json\/wp\/v2\/categorie-territoire?post=274"},{"taxonomy":"categorie-service","embeddable":true,"href":"https:\/\/international.grandestdeveloppement.fr\/fr\/wp-json\/wp\/v2\/categorie-service?post=274"}],"curies":[{"name":"wp","href":"https:\/\/api.w.org\/{rel}","templated":true}]}}