{"id":276,"date":"2021-09-17T07:15:19","date_gmt":"2021-09-17T05:15:19","guid":{"rendered":"https:\/\/www.international.grandestdeveloppement.fr\/?page_id=276"},"modified":"2024-11-04T16:03:44","modified_gmt":"2024-11-04T15:03:44","slug":"energie-renouvelable-grand-est","status":"publish","type":"page","link":"https:\/\/international.grandestdeveloppement.fr\/fr\/energie-renouvelable-grand-est\/","title":{"rendered":"\u00c9nergies renouvelables"},"content":{"rendered":"\n<p>Pionni\u00e8re d\u00e8s la fin des ann\u00e9es 90&nbsp;par le lancement de politiques publiques de promotion des \u00e9nergies renouvelables, la r\u00e9gion Grand Est&nbsp;est&nbsp;un territoire leader de la r\u00e9volution \u00e9nerg\u00e9tique.&nbsp;&nbsp;<\/p>\n\n\n\n<h2 class=\"wp-block-heading\"><strong>Chiffres cl\u00e9s<\/strong><\/h2>\n\n\n\n<ul class=\"wp-block-list\">\n<li>30 milliards d&rsquo;euros pour la transition \u00e9cologique&nbsp;&nbsp;<\/li>\n\n\n\n<li>2021\/22 : 6,7 milliards d&rsquo;euros investis dans la r\u00e9novation thermique des b\u00e2timents&nbsp;&nbsp;<\/li>\n\n\n\n<li>49 000 entreprises et 135 000 salari\u00e9s&nbsp;&nbsp;<\/li>\n<\/ul>\n\n\n\n<h2 class=\"wp-block-heading\"><strong>Le Grand Est, engag\u00e9 sur tous les fronts&nbsp;<\/strong>&nbsp;<\/h2>\n\n\n\n<p>La r\u00e9gion Grand Est se place parmi les premiers producteurs de France pour le biogaz (15% de la production nationale), l\u2019\u00e9olien (22%), la biomasse (22%). Elle est par ailleurs le centre fran\u00e7ais du d\u00e9veloppement technologique et de l\u2019exploitation de la g\u00e9othermie profonde (\u00e9lectrique et thermique). Elle fait, par ailleurs, du d\u00e9veloppement de la <a href=\"https:\/\/www.international.grandestdeveloppement.fr\/energie-renouvelable-grand-est\/hydrogene\/\">fili\u00e8re de l\u2019hydrog\u00e8ne<\/a> d\u00e9carbon\u00e9 une priorit\u00e9. Enfin, gr\u00e2ce \u00e0 la for\u00eat du massif des Vosges, elle est un des premiers producteurs de bois \u00e9nergie.\u00a0\u00a0<\/p>\n\n\n\n<p>L\u2019\u00e9ventail des \u00e9nergies renouvelables dans le Grand Est comprend\u202fl\u2019hydro\u00e9lectricit\u00e9, l\u2019\u00e9nergie \u00e9olienne, le solaire photovolta\u00efque, l\u2019\u00e9nergie bois, l&rsquo;hydrog\u00e8ne, la g\u00e9othermie, l\u2019a\u00e9rothermie, le solaire thermique et les agrocarburants. Les d\u00e9veloppements de la g\u00e9othermie profonde ont permis \u00e9galement de d\u00e9tecter de fortes concentrations en lithium dans les eaux souterraines. L\u2019exploitation industrielle de cette ressource est en cours d\u2019\u00e9tude.\u00a0<\/p>\n\n\n\n<h2 class=\"wp-block-heading\"><strong>Clusters, formation : les \u00e9nergies renouvelables au&nbsp;c\u0153ur&nbsp;de la recherche<\/strong>&nbsp;<\/h2>\n\n\n\n<p>Deux clusters d\u00e9ploient leurs forces sur le sujet de l\u2019\u00e9nergie renouvelable. Il s\u2019agit de\u00a0<a href=\"https:\/\/www.biogazvallee.eu\/\">Biogaz vall\u00e9e<\/a>, qui\u00a0se concentre sur la m\u00e9thanisation des r\u00e9sidus agricoles et agro-industriels ou sur la collecte s\u00e9lective des biod\u00e9chets. Le p\u00f4le de comp\u00e9titivit\u00e9\u00a0<a href=\"https:\/\/www.materalia.fr\/\">Materalia<\/a> soutient, lui, les projets \u0153uvrant pour la transition \u00e9nerg\u00e9tique.\u00a0\u00a0<\/p>\n\n\n\n<p>En parall\u00e8le, la r\u00e9gion Grand Est forme des ing\u00e9nieurs et des chercheurs, via ses universit\u00e9s ou ses organismes publics de recherche. Elle propose \u00e9galement des fili\u00e8res de formation sp\u00e9cifiques aux \u00e9nergies renouvelables. Citons par exemple:<\/p>\n\n\n\n<ul class=\"wp-block-list\">\n<li>la formation de technicien de maintenance en parc \u00e9olien \u00e0 Charleville-M\u00e9zi\u00e8res<\/li>\n\n\n\n<li>la certification mondiale BZEE (BildungZentrum\u00a0f\u00fcr\u00a0Erneuerbare\u00a0Energien)<\/li>\n\n\n\n<li>et bient\u00f4t GWO (Global Wind Organisation).\u00a0\u00a0<\/li>\n<\/ul>\n\n\n\n<p>\u00a0<\/p>\n","protected":false},"excerpt":{"rendered":"<p>Pionni\u00e8re d\u00e8s la fin des ann\u00e9es 90\u00a0par le lancement de politiques publiques de promotion des \u00e9nergies renouvelables, la r\u00e9gion Grand Est\u00a0est\u00a0un territoire leader de la r\u00e9volution \u00e9nerg\u00e9tique.<\/p>\n","protected":false},"author":3,"featured_media":502,"parent":0,"menu_order":0,"comment_status":"closed","ping_status":"closed","template":"template-secteur.php","meta":{"_acf_changed":false,"_relevanssi_hide_post":"","_relevanssi_pin_for_all":"","_relevanssi_pin_keywords":"","_relevanssi_unpin_keywords":"","_relevanssi_related_keywords":"","_relevanssi_related_include_ids":"","_relevanssi_related_exclude_ids":"","_relevanssi_related_no_append":"","_relevanssi_related_not_related":"","_relevanssi_related_posts":"201","_relevanssi_noindex_reason":"","inline_featured_image":false,"footnotes":""},"categorie-businessFunction":[],"categorie-secteur":[29],"categorie-nationalite":[],"categorie-territoire":[],"categorie-service":[],"class_list":["post-276","page","type-page","status-publish","has-post-thumbnail","hentry","categorie-secteur-energies-renouvelables"],"acf":[],"yoast_head":"<!-- This site is optimized with the Yoast SEO plugin v27.3 - https:\/\/yoast.com\/product\/yoast-seo-wordpress\/ -->\n<title>\u00c9nergies renouvelables - Invest Eastern France<\/title>\n<meta name=\"description\" content=\"La r\u00e9gion Grand Est\u00a0est\u00a0un territoire leader de la r\u00e9volution \u00e9nerg\u00e9tique, pionni\u00e8re dans la promotion des \u00e9nergies renouvelables1.\u00a0\" \/>\n<meta name=\"robots\" content=\"index, follow, max-snippet:-1, max-image-preview:large, max-video-preview:-1\" \/>\n<link rel=\"canonical\" href=\"https:\/\/international.grandestdeveloppement.fr\/fr\/energie-renouvelable-grand-est\/\" \/>\n<meta property=\"og:locale\" content=\"fr_FR\" \/>\n<meta property=\"og:type\" content=\"article\" \/>\n<meta property=\"og:title\" content=\"\u00c9nergies renouvelables - Invest Eastern France\" \/>\n<meta property=\"og:description\" content=\"La r\u00e9gion Grand Est\u00a0est\u00a0un territoire leader de la r\u00e9volution \u00e9nerg\u00e9tique, pionni\u00e8re dans la promotion des \u00e9nergies renouvelables1.\u00a0\" \/>\n<meta property=\"og:url\" content=\"https:\/\/international.grandestdeveloppement.fr\/fr\/energie-renouvelable-grand-est\/\" \/>\n<meta property=\"og:site_name\" content=\"Invest Eastern France\" \/>\n<meta property=\"article:modified_time\" content=\"2024-11-04T15:03:44+00:00\" \/>\n<meta property=\"og:image\" content=\"https:\/\/international.grandestdeveloppement.fr\/wp-content\/uploads\/2021\/10\/Energie-renouvelable-Grand-Est-1.jpeg\" \/>\n\t<meta property=\"og:image:width\" content=\"1500\" \/>\n\t<meta property=\"og:image:height\" content=\"597\" \/>\n\t<meta property=\"og:image:type\" content=\"image\/jpeg\" \/>\n<meta name=\"twitter:card\" content=\"summary_large_image\" \/>\n<meta name=\"twitter:label1\" content=\"Dur\u00e9e de lecture estim\u00e9e\" \/>\n\t<meta name=\"twitter:data1\" content=\"2 minutes\" \/>\n<script type=\"application\/ld+json\" class=\"yoast-schema-graph\">{\"@context\":\"https:\\\/\\\/schema.org\",\"@graph\":[{\"@type\":\"WebPage\",\"@id\":\"https:\\\/\\\/international.grandestdeveloppement.fr\\\/fr\\\/energie-renouvelable-grand-est\\\/\",\"url\":\"https:\\\/\\\/international.grandestdeveloppement.fr\\\/fr\\\/energie-renouvelable-grand-est\\\/\",\"name\":\"\u00c9nergies renouvelables - Invest Eastern France\",\"isPartOf\":{\"@id\":\"https:\\\/\\\/international.grandestdeveloppement.fr\\\/fr\\\/#website\"},\"primaryImageOfPage\":{\"@id\":\"https:\\\/\\\/international.grandestdeveloppement.fr\\\/fr\\\/energie-renouvelable-grand-est\\\/#primaryimage\"},\"image\":{\"@id\":\"https:\\\/\\\/international.grandestdeveloppement.fr\\\/fr\\\/energie-renouvelable-grand-est\\\/#primaryimage\"},\"thumbnailUrl\":\"https:\\\/\\\/international.grandestdeveloppement.fr\\\/wp-content\\\/uploads\\\/2021\\\/10\\\/Energie-renouvelable-Grand-Est-1.jpeg\",\"datePublished\":\"2021-09-17T05:15:19+00:00\",\"dateModified\":\"2024-11-04T15:03:44+00:00\",\"description\":\"La r\u00e9gion Grand Est\u00a0est\u00a0un territoire leader de la r\u00e9volution \u00e9nerg\u00e9tique, pionni\u00e8re dans la promotion des \u00e9nergies renouvelables1.\u00a0\",\"breadcrumb\":{\"@id\":\"https:\\\/\\\/international.grandestdeveloppement.fr\\\/fr\\\/energie-renouvelable-grand-est\\\/#breadcrumb\"},\"inLanguage\":\"fr-FR\",\"potentialAction\":[{\"@type\":\"ReadAction\",\"target\":[\"https:\\\/\\\/international.grandestdeveloppement.fr\\\/fr\\\/energie-renouvelable-grand-est\\\/\"]}]},{\"@type\":\"ImageObject\",\"inLanguage\":\"fr-FR\",\"@id\":\"https:\\\/\\\/international.grandestdeveloppement.fr\\\/fr\\\/energie-renouvelable-grand-est\\\/#primaryimage\",\"url\":\"https:\\\/\\\/international.grandestdeveloppement.fr\\\/wp-content\\\/uploads\\\/2021\\\/10\\\/Energie-renouvelable-Grand-Est-1.jpeg\",\"contentUrl\":\"https:\\\/\\\/international.grandestdeveloppement.fr\\\/wp-content\\\/uploads\\\/2021\\\/10\\\/Energie-renouvelable-Grand-Est-1.jpeg\",\"width\":1500,\"height\":597,\"caption\":\"Energie-renouvelable-Grand-Est\"},{\"@type\":\"BreadcrumbList\",\"@id\":\"https:\\\/\\\/international.grandestdeveloppement.fr\\\/fr\\\/energie-renouvelable-grand-est\\\/#breadcrumb\",\"itemListElement\":[{\"@type\":\"ListItem\",\"position\":1,\"name\":\"Accueil\",\"item\":\"https:\\\/\\\/international.grandestdeveloppement.fr\\\/fr\\\/\"},{\"@type\":\"ListItem\",\"position\":2,\"name\":\"\u00c9nergies renouvelables\"}]},{\"@type\":\"WebSite\",\"@id\":\"https:\\\/\\\/international.grandestdeveloppement.fr\\\/fr\\\/#website\",\"url\":\"https:\\\/\\\/international.grandestdeveloppement.fr\\\/fr\\\/\",\"name\":\"Invest Eastern France\",\"description\":\"\",\"publisher\":{\"@id\":\"https:\\\/\\\/international.grandestdeveloppement.fr\\\/fr\\\/#organization\"},\"potentialAction\":[{\"@type\":\"SearchAction\",\"target\":{\"@type\":\"EntryPoint\",\"urlTemplate\":\"https:\\\/\\\/international.grandestdeveloppement.fr\\\/fr\\\/?s={search_term_string}\"},\"query-input\":{\"@type\":\"PropertyValueSpecification\",\"valueRequired\":true,\"valueName\":\"search_term_string\"}}],\"inLanguage\":\"fr-FR\"},{\"@type\":\"Organization\",\"@id\":\"https:\\\/\\\/international.grandestdeveloppement.fr\\\/fr\\\/#organization\",\"name\":\"Invest Eastern France\",\"url\":\"https:\\\/\\\/international.grandestdeveloppement.fr\\\/fr\\\/\",\"logo\":{\"@type\":\"ImageObject\",\"inLanguage\":\"fr-FR\",\"@id\":\"https:\\\/\\\/international.grandestdeveloppement.fr\\\/fr\\\/#\\\/schema\\\/logo\\\/image\\\/\",\"url\":\"https:\\\/\\\/www.international.grandestdeveloppement.fr\\\/wp-content\\\/uploads\\\/2021\\\/08\\\/logo-invest-eastern-france.png\",\"contentUrl\":\"https:\\\/\\\/www.international.grandestdeveloppement.fr\\\/wp-content\\\/uploads\\\/2021\\\/08\\\/logo-invest-eastern-france.png\",\"width\":500,\"height\":180,\"caption\":\"Invest Eastern France\"},\"image\":{\"@id\":\"https:\\\/\\\/international.grandestdeveloppement.fr\\\/fr\\\/#\\\/schema\\\/logo\\\/image\\\/\"}}]}<\/script>\n<!-- \/ Yoast SEO plugin. -->","yoast_head_json":{"title":"\u00c9nergies renouvelables - Invest Eastern France","description":"La r\u00e9gion Grand Est\u00a0est\u00a0un territoire leader de la r\u00e9volution \u00e9nerg\u00e9tique, pionni\u00e8re dans la promotion des \u00e9nergies renouvelables1.\u00a0","robots":{"index":"index","follow":"follow","max-snippet":"max-snippet:-1","max-image-preview":"max-image-preview:large","max-video-preview":"max-video-preview:-1"},"canonical":"https:\/\/international.grandestdeveloppement.fr\/fr\/energie-renouvelable-grand-est\/","og_locale":"fr_FR","og_type":"article","og_title":"\u00c9nergies renouvelables - Invest Eastern France","og_description":"La r\u00e9gion Grand Est\u00a0est\u00a0un territoire leader de la r\u00e9volution \u00e9nerg\u00e9tique, pionni\u00e8re dans la promotion des \u00e9nergies renouvelables1.\u00a0","og_url":"https:\/\/international.grandestdeveloppement.fr\/fr\/energie-renouvelable-grand-est\/","og_site_name":"Invest Eastern France","article_modified_time":"2024-11-04T15:03:44+00:00","og_image":[{"width":1500,"height":597,"url":"https:\/\/international.grandestdeveloppement.fr\/wp-content\/uploads\/2021\/10\/Energie-renouvelable-Grand-Est-1.jpeg","type":"image\/jpeg"}],"twitter_card":"summary_large_image","twitter_misc":{"Dur\u00e9e de lecture estim\u00e9e":"2 minutes"},"schema":{"@context":"https:\/\/schema.org","@graph":[{"@type":"WebPage","@id":"https:\/\/international.grandestdeveloppement.fr\/fr\/energie-renouvelable-grand-est\/","url":"https:\/\/international.grandestdeveloppement.fr\/fr\/energie-renouvelable-grand-est\/","name":"\u00c9nergies renouvelables - Invest Eastern France","isPartOf":{"@id":"https:\/\/international.grandestdeveloppement.fr\/fr\/#website"},"primaryImageOfPage":{"@id":"https:\/\/international.grandestdeveloppement.fr\/fr\/energie-renouvelable-grand-est\/#primaryimage"},"image":{"@id":"https:\/\/international.grandestdeveloppement.fr\/fr\/energie-renouvelable-grand-est\/#primaryimage"},"thumbnailUrl":"https:\/\/international.grandestdeveloppement.fr\/wp-content\/uploads\/2021\/10\/Energie-renouvelable-Grand-Est-1.jpeg","datePublished":"2021-09-17T05:15:19+00:00","dateModified":"2024-11-04T15:03:44+00:00","description":"La r\u00e9gion Grand Est\u00a0est\u00a0un territoire leader de la r\u00e9volution \u00e9nerg\u00e9tique, pionni\u00e8re dans la promotion des \u00e9nergies renouvelables1.\u00a0","breadcrumb":{"@id":"https:\/\/international.grandestdeveloppement.fr\/fr\/energie-renouvelable-grand-est\/#breadcrumb"},"inLanguage":"fr-FR","potentialAction":[{"@type":"ReadAction","target":["https:\/\/international.grandestdeveloppement.fr\/fr\/energie-renouvelable-grand-est\/"]}]},{"@type":"ImageObject","inLanguage":"fr-FR","@id":"https:\/\/international.grandestdeveloppement.fr\/fr\/energie-renouvelable-grand-est\/#primaryimage","url":"https:\/\/international.grandestdeveloppement.fr\/wp-content\/uploads\/2021\/10\/Energie-renouvelable-Grand-Est-1.jpeg","contentUrl":"https:\/\/international.grandestdeveloppement.fr\/wp-content\/uploads\/2021\/10\/Energie-renouvelable-Grand-Est-1.jpeg","width":1500,"height":597,"caption":"Energie-renouvelable-Grand-Est"},{"@type":"BreadcrumbList","@id":"https:\/\/international.grandestdeveloppement.fr\/fr\/energie-renouvelable-grand-est\/#breadcrumb","itemListElement":[{"@type":"ListItem","position":1,"name":"Accueil","item":"https:\/\/international.grandestdeveloppement.fr\/fr\/"},{"@type":"ListItem","position":2,"name":"\u00c9nergies renouvelables"}]},{"@type":"WebSite","@id":"https:\/\/international.grandestdeveloppement.fr\/fr\/#website","url":"https:\/\/international.grandestdeveloppement.fr\/fr\/","name":"Invest Eastern France","description":"","publisher":{"@id":"https:\/\/international.grandestdeveloppement.fr\/fr\/#organization"},"potentialAction":[{"@type":"SearchAction","target":{"@type":"EntryPoint","urlTemplate":"https:\/\/international.grandestdeveloppement.fr\/fr\/?s={search_term_string}"},"query-input":{"@type":"PropertyValueSpecification","valueRequired":true,"valueName":"search_term_string"}}],"inLanguage":"fr-FR"},{"@type":"Organization","@id":"https:\/\/international.grandestdeveloppement.fr\/fr\/#organization","name":"Invest Eastern France","url":"https:\/\/international.grandestdeveloppement.fr\/fr\/","logo":{"@type":"ImageObject","inLanguage":"fr-FR","@id":"https:\/\/international.grandestdeveloppement.fr\/fr\/#\/schema\/logo\/image\/","url":"https:\/\/www.international.grandestdeveloppement.fr\/wp-content\/uploads\/2021\/08\/logo-invest-eastern-france.png","contentUrl":"https:\/\/www.international.grandestdeveloppement.fr\/wp-content\/uploads\/2021\/08\/logo-invest-eastern-france.png","width":500,"height":180,"caption":"Invest Eastern France"},"image":{"@id":"https:\/\/international.grandestdeveloppement.fr\/fr\/#\/schema\/logo\/image\/"}}]}},"publishpress_future_action":{"enabled":false,"date":"2026-04-25 22:27:40","action":"change-status","newStatus":"draft","terms":[],"taxonomy":"translation_priority","extraData":[]},"publishpress_future_workflow_manual_trigger":{"enabledWorkflows":[]},"_links":{"self":[{"href":"https:\/\/international.grandestdeveloppement.fr\/fr\/wp-json\/wp\/v2\/pages\/276","targetHints":{"allow":["GET"]}}],"collection":[{"href":"https:\/\/international.grandestdeveloppement.fr\/fr\/wp-json\/wp\/v2\/pages"}],"about":[{"href":"https:\/\/international.grandestdeveloppement.fr\/fr\/wp-json\/wp\/v2\/types\/page"}],"author":[{"embeddable":true,"href":"https:\/\/international.grandestdeveloppement.fr\/fr\/wp-json\/wp\/v2\/users\/3"}],"replies":[{"embeddable":true,"href":"https:\/\/international.grandestdeveloppement.fr\/fr\/wp-json\/wp\/v2\/comments?post=276"}],"version-history":[{"count":9,"href":"https:\/\/international.grandestdeveloppement.fr\/fr\/wp-json\/wp\/v2\/pages\/276\/revisions"}],"predecessor-version":[{"id":14632,"href":"https:\/\/international.grandestdeveloppement.fr\/fr\/wp-json\/wp\/v2\/pages\/276\/revisions\/14632"}],"wp:featuredmedia":[{"embeddable":true,"href":"https:\/\/international.grandestdeveloppement.fr\/fr\/wp-json\/wp\/v2\/media\/502"}],"wp:attachment":[{"href":"https:\/\/international.grandestdeveloppement.fr\/fr\/wp-json\/wp\/v2\/media?parent=276"}],"wp:term":[{"taxonomy":"categorie-businessFunction","embeddable":true,"href":"https:\/\/international.grandestdeveloppement.fr\/fr\/wp-json\/wp\/v2\/categorie-businessFunction?post=276"},{"taxonomy":"categorie-secteur","embeddable":true,"href":"https:\/\/international.grandestdeveloppement.fr\/fr\/wp-json\/wp\/v2\/categorie-secteur?post=276"},{"taxonomy":"categorie-nationalite","embeddable":true,"href":"https:\/\/international.grandestdeveloppement.fr\/fr\/wp-json\/wp\/v2\/categorie-nationalite?post=276"},{"taxonomy":"categorie-territoire","embeddable":true,"href":"https:\/\/international.grandestdeveloppement.fr\/fr\/wp-json\/wp\/v2\/categorie-territoire?post=276"},{"taxonomy":"categorie-service","embeddable":true,"href":"https:\/\/international.grandestdeveloppement.fr\/fr\/wp-json\/wp\/v2\/categorie-service?post=276"}],"curies":[{"name":"wp","href":"https:\/\/api.w.org\/{rel}","templated":true}]}}