{"id":332,"date":"2021-09-22T09:29:00","date_gmt":"2021-09-22T07:29:00","guid":{"rendered":"https:\/\/www.international.grandestdeveloppement.fr\/?page_id=332"},"modified":"2025-01-15T16:00:37","modified_gmt":"2025-01-15T15:00:37","slug":"support-financier","status":"publish","type":"page","link":"https:\/\/international.grandestdeveloppement.fr\/fr\/support-financier\/","title":{"rendered":"Support financier"},"content":{"rendered":"\n<p>Si l\u2019argent est le nerf de la guerre, il est aussi celui des affaires. S\u2019implanter en France ou eu Europe, c\u2019est s\u2019engager sur le long terme en mobilisant des ressources humaines et financi\u00e8res importantes. Comme tout investissement, celui-ci devra \u00eatre calibr\u00e9, appropri\u00e9 et optimis\u00e9. <strong>Avec Grand Est D\u00e9veloppement International, identifiez et mobilisez tous les programmes d\u2019aide publique et priv\u00e9e disponibles.<\/strong><\/p>\n\n\n\n<h2 class=\"wp-block-heading\">Aides financi\u00e8res publiques<\/h2>\n\n\n\n<p>L\u2019Union Europ\u00e9enne s\u2019engage \u00e0 promouvoir une concurrence \u00e9conomique libre et \u00e9quitable. Dans cette logique, les aides publiques sont limit\u00e9es \u00e0 des cas particuliers li\u00e9s \u00e0 la nature de l\u2019entreprise, de son projet, ou de sa localisation. Des exon\u00e9rations fiscales peuvent \u00e9galement \u00eatre appliqu\u00e9es sur des territoires ou sur des activit\u00e9s ou investissements sp\u00e9cifiques (R&amp;D, ENR). Une analyse de votre projet nous permettra de vous diriger vers les programmes pertinents<\/p>\n\n\n\n<h2 class=\"wp-block-heading\">Aides Priv\u00e9es<\/h2>\n\n\n\n<p>Des territoires subissant des fermetures de sites industriels font l\u2019objet de plans de revitalisation, par la cr\u00e9ation de fonds finan\u00e7ant de nouvelles cr\u00e9ations d\u2019emploi.<\/p>\n\n\n\n<h2 class=\"wp-block-heading\">Plans de Relance, Plans d\u2019Investissement d\u2019Avenir<\/h2>\n\n\n\n<p>L\u2019Etat met r\u00e9guli\u00e8rement en&nbsp; place des fonds \u00e0 vocation particuli\u00e8re, destin\u00e9s \u00e0 financer des projets r\u00e9pondant \u00e0 un objectif global (s\u00e9curisation alimentaire ou m\u00e9dicale, e-sant\u00e9, r\u00e9duction des supply-chain, \u2026).<\/p>\n\n\n\n<h2 class=\"wp-block-heading\">Financement Priv\u00e9<\/h2>\n\n\n\n<p>Si l\u2019ambition de votre projet exc\u00e8de vos propres capacit\u00e9s financi\u00e8res, le financement priv\u00e9 peut \u00eatre une solution. Des options locales existent&nbsp;: soci\u00e9t\u00e9s de capital-risque, Business Angels, banques publiques (BPI, Banque des Territoires) ou priv\u00e9es. <\/p>\n\n\n\n<p><strong>Grand Est D\u00e9veloppement International vous aide \u00e0 identifier et mobiliser aides publiques et financements priv\u00e9s pour optimiser le montage financier de votre projet<\/strong>.<\/p>\n","protected":false},"excerpt":{"rendered":"<p>S\u2019implanter en France ou eu Europe, c\u2019est s\u2019engager sur le long terme en mobilisant des ressources humaines et financi\u00e8res importantes. Comme tout investissement, celui-ci devra \u00eatre calibr\u00e9, appropri\u00e9 et optimis\u00e9. Avec Invest Eastern France, identifiez et mobilisez tous les programmes d\u2019aide publique et priv\u00e9e disponibles.<\/p>\n","protected":false},"author":3,"featured_media":333,"parent":0,"menu_order":0,"comment_status":"closed","ping_status":"closed","template":"","meta":{"_acf_changed":false,"_relevanssi_hide_post":"","_relevanssi_pin_for_all":"","_relevanssi_pin_keywords":"","_relevanssi_unpin_keywords":"","_relevanssi_related_keywords":"","_relevanssi_related_include_ids":"","_relevanssi_related_exclude_ids":"","_relevanssi_related_no_append":"","_relevanssi_related_not_related":"","_relevanssi_related_posts":"201","_relevanssi_noindex_reason":"","inline_featured_image":false,"footnotes":""},"categorie-businessFunction":[],"categorie-secteur":[],"categorie-nationalite":[],"categorie-territoire":[],"categorie-service":[],"class_list":["post-332","page","type-page","status-publish","has-post-thumbnail","hentry"],"acf":[],"yoast_head":"<!-- This site is optimized with the Yoast SEO plugin v27.3 - https:\/\/yoast.com\/product\/yoast-seo-wordpress\/ -->\n<title>Support financier - Invest Eastern France<\/title>\n<meta name=\"description\" content=\"Avec Invest Eastern France, identifiez et mobilisez tous les programmes d\u2019aide publique et priv\u00e9e disponibles.\" \/>\n<meta name=\"robots\" content=\"index, follow, max-snippet:-1, max-image-preview:large, max-video-preview:-1\" \/>\n<link rel=\"canonical\" href=\"https:\/\/international.grandestdeveloppement.fr\/fr\/support-financier\/\" \/>\n<meta property=\"og:locale\" content=\"fr_FR\" \/>\n<meta property=\"og:type\" content=\"article\" \/>\n<meta property=\"og:title\" content=\"Support financier - Invest Eastern France\" \/>\n<meta property=\"og:description\" content=\"Avec Invest Eastern France, identifiez et mobilisez tous les programmes d\u2019aide publique et priv\u00e9e disponibles.\" \/>\n<meta property=\"og:url\" content=\"https:\/\/international.grandestdeveloppement.fr\/fr\/support-financier\/\" \/>\n<meta property=\"og:site_name\" content=\"Invest Eastern France\" \/>\n<meta property=\"article:modified_time\" content=\"2025-01-15T15:00:37+00:00\" \/>\n<meta property=\"og:image\" content=\"https:\/\/international.grandestdeveloppement.fr\/wp-content\/uploads\/2021\/09\/recherche-financement-grand-est.jpeg\" \/>\n\t<meta property=\"og:image:width\" content=\"1500\" \/>\n\t<meta property=\"og:image:height\" content=\"1000\" \/>\n\t<meta property=\"og:image:type\" content=\"image\/jpeg\" \/>\n<meta name=\"twitter:card\" content=\"summary_large_image\" \/>\n<meta name=\"twitter:label1\" content=\"Dur\u00e9e de lecture estim\u00e9e\" \/>\n\t<meta name=\"twitter:data1\" content=\"2 minutes\" \/>\n<script type=\"application\/ld+json\" class=\"yoast-schema-graph\">{\"@context\":\"https:\\\/\\\/schema.org\",\"@graph\":[{\"@type\":\"WebPage\",\"@id\":\"https:\\\/\\\/international.grandestdeveloppement.fr\\\/fr\\\/support-financier\\\/\",\"url\":\"https:\\\/\\\/international.grandestdeveloppement.fr\\\/fr\\\/support-financier\\\/\",\"name\":\"Support financier - Invest Eastern France\",\"isPartOf\":{\"@id\":\"https:\\\/\\\/international.grandestdeveloppement.fr\\\/fr\\\/#website\"},\"primaryImageOfPage\":{\"@id\":\"https:\\\/\\\/international.grandestdeveloppement.fr\\\/fr\\\/support-financier\\\/#primaryimage\"},\"image\":{\"@id\":\"https:\\\/\\\/international.grandestdeveloppement.fr\\\/fr\\\/support-financier\\\/#primaryimage\"},\"thumbnailUrl\":\"https:\\\/\\\/international.grandestdeveloppement.fr\\\/wp-content\\\/uploads\\\/2021\\\/09\\\/recherche-financement-grand-est.jpeg\",\"datePublished\":\"2021-09-22T07:29:00+00:00\",\"dateModified\":\"2025-01-15T15:00:37+00:00\",\"description\":\"Avec Invest Eastern France, identifiez et mobilisez tous les programmes d\u2019aide publique et priv\u00e9e disponibles.\",\"breadcrumb\":{\"@id\":\"https:\\\/\\\/international.grandestdeveloppement.fr\\\/fr\\\/support-financier\\\/#breadcrumb\"},\"inLanguage\":\"fr-FR\",\"potentialAction\":[{\"@type\":\"ReadAction\",\"target\":[\"https:\\\/\\\/international.grandestdeveloppement.fr\\\/fr\\\/support-financier\\\/\"]}]},{\"@type\":\"ImageObject\",\"inLanguage\":\"fr-FR\",\"@id\":\"https:\\\/\\\/international.grandestdeveloppement.fr\\\/fr\\\/support-financier\\\/#primaryimage\",\"url\":\"https:\\\/\\\/international.grandestdeveloppement.fr\\\/wp-content\\\/uploads\\\/2021\\\/09\\\/recherche-financement-grand-est.jpeg\",\"contentUrl\":\"https:\\\/\\\/international.grandestdeveloppement.fr\\\/wp-content\\\/uploads\\\/2021\\\/09\\\/recherche-financement-grand-est.jpeg\",\"width\":1500,\"height\":1000,\"caption\":\"Recherche de financements dans le Grand Est\"},{\"@type\":\"BreadcrumbList\",\"@id\":\"https:\\\/\\\/international.grandestdeveloppement.fr\\\/fr\\\/support-financier\\\/#breadcrumb\",\"itemListElement\":[{\"@type\":\"ListItem\",\"position\":1,\"name\":\"Accueil\",\"item\":\"https:\\\/\\\/international.grandestdeveloppement.fr\\\/fr\\\/\"},{\"@type\":\"ListItem\",\"position\":2,\"name\":\"Support financier\"}]},{\"@type\":\"WebSite\",\"@id\":\"https:\\\/\\\/international.grandestdeveloppement.fr\\\/fr\\\/#website\",\"url\":\"https:\\\/\\\/international.grandestdeveloppement.fr\\\/fr\\\/\",\"name\":\"Invest Eastern France\",\"description\":\"\",\"publisher\":{\"@id\":\"https:\\\/\\\/international.grandestdeveloppement.fr\\\/fr\\\/#organization\"},\"potentialAction\":[{\"@type\":\"SearchAction\",\"target\":{\"@type\":\"EntryPoint\",\"urlTemplate\":\"https:\\\/\\\/international.grandestdeveloppement.fr\\\/fr\\\/?s={search_term_string}\"},\"query-input\":{\"@type\":\"PropertyValueSpecification\",\"valueRequired\":true,\"valueName\":\"search_term_string\"}}],\"inLanguage\":\"fr-FR\"},{\"@type\":\"Organization\",\"@id\":\"https:\\\/\\\/international.grandestdeveloppement.fr\\\/fr\\\/#organization\",\"name\":\"Invest Eastern France\",\"url\":\"https:\\\/\\\/international.grandestdeveloppement.fr\\\/fr\\\/\",\"logo\":{\"@type\":\"ImageObject\",\"inLanguage\":\"fr-FR\",\"@id\":\"https:\\\/\\\/international.grandestdeveloppement.fr\\\/fr\\\/#\\\/schema\\\/logo\\\/image\\\/\",\"url\":\"https:\\\/\\\/www.international.grandestdeveloppement.fr\\\/wp-content\\\/uploads\\\/2021\\\/08\\\/logo-invest-eastern-france.png\",\"contentUrl\":\"https:\\\/\\\/www.international.grandestdeveloppement.fr\\\/wp-content\\\/uploads\\\/2021\\\/08\\\/logo-invest-eastern-france.png\",\"width\":500,\"height\":180,\"caption\":\"Invest Eastern France\"},\"image\":{\"@id\":\"https:\\\/\\\/international.grandestdeveloppement.fr\\\/fr\\\/#\\\/schema\\\/logo\\\/image\\\/\"}}]}<\/script>\n<!-- \/ Yoast SEO plugin. -->","yoast_head_json":{"title":"Support financier - Invest Eastern France","description":"Avec Invest Eastern France, identifiez et mobilisez tous les programmes d\u2019aide publique et priv\u00e9e disponibles.","robots":{"index":"index","follow":"follow","max-snippet":"max-snippet:-1","max-image-preview":"max-image-preview:large","max-video-preview":"max-video-preview:-1"},"canonical":"https:\/\/international.grandestdeveloppement.fr\/fr\/support-financier\/","og_locale":"fr_FR","og_type":"article","og_title":"Support financier - Invest Eastern France","og_description":"Avec Invest Eastern France, identifiez et mobilisez tous les programmes d\u2019aide publique et priv\u00e9e disponibles.","og_url":"https:\/\/international.grandestdeveloppement.fr\/fr\/support-financier\/","og_site_name":"Invest Eastern France","article_modified_time":"2025-01-15T15:00:37+00:00","og_image":[{"width":1500,"height":1000,"url":"https:\/\/international.grandestdeveloppement.fr\/wp-content\/uploads\/2021\/09\/recherche-financement-grand-est.jpeg","type":"image\/jpeg"}],"twitter_card":"summary_large_image","twitter_misc":{"Dur\u00e9e de lecture estim\u00e9e":"2 minutes"},"schema":{"@context":"https:\/\/schema.org","@graph":[{"@type":"WebPage","@id":"https:\/\/international.grandestdeveloppement.fr\/fr\/support-financier\/","url":"https:\/\/international.grandestdeveloppement.fr\/fr\/support-financier\/","name":"Support financier - Invest Eastern France","isPartOf":{"@id":"https:\/\/international.grandestdeveloppement.fr\/fr\/#website"},"primaryImageOfPage":{"@id":"https:\/\/international.grandestdeveloppement.fr\/fr\/support-financier\/#primaryimage"},"image":{"@id":"https:\/\/international.grandestdeveloppement.fr\/fr\/support-financier\/#primaryimage"},"thumbnailUrl":"https:\/\/international.grandestdeveloppement.fr\/wp-content\/uploads\/2021\/09\/recherche-financement-grand-est.jpeg","datePublished":"2021-09-22T07:29:00+00:00","dateModified":"2025-01-15T15:00:37+00:00","description":"Avec Invest Eastern France, identifiez et mobilisez tous les programmes d\u2019aide publique et priv\u00e9e disponibles.","breadcrumb":{"@id":"https:\/\/international.grandestdeveloppement.fr\/fr\/support-financier\/#breadcrumb"},"inLanguage":"fr-FR","potentialAction":[{"@type":"ReadAction","target":["https:\/\/international.grandestdeveloppement.fr\/fr\/support-financier\/"]}]},{"@type":"ImageObject","inLanguage":"fr-FR","@id":"https:\/\/international.grandestdeveloppement.fr\/fr\/support-financier\/#primaryimage","url":"https:\/\/international.grandestdeveloppement.fr\/wp-content\/uploads\/2021\/09\/recherche-financement-grand-est.jpeg","contentUrl":"https:\/\/international.grandestdeveloppement.fr\/wp-content\/uploads\/2021\/09\/recherche-financement-grand-est.jpeg","width":1500,"height":1000,"caption":"Recherche de financements dans le Grand Est"},{"@type":"BreadcrumbList","@id":"https:\/\/international.grandestdeveloppement.fr\/fr\/support-financier\/#breadcrumb","itemListElement":[{"@type":"ListItem","position":1,"name":"Accueil","item":"https:\/\/international.grandestdeveloppement.fr\/fr\/"},{"@type":"ListItem","position":2,"name":"Support financier"}]},{"@type":"WebSite","@id":"https:\/\/international.grandestdeveloppement.fr\/fr\/#website","url":"https:\/\/international.grandestdeveloppement.fr\/fr\/","name":"Invest Eastern France","description":"","publisher":{"@id":"https:\/\/international.grandestdeveloppement.fr\/fr\/#organization"},"potentialAction":[{"@type":"SearchAction","target":{"@type":"EntryPoint","urlTemplate":"https:\/\/international.grandestdeveloppement.fr\/fr\/?s={search_term_string}"},"query-input":{"@type":"PropertyValueSpecification","valueRequired":true,"valueName":"search_term_string"}}],"inLanguage":"fr-FR"},{"@type":"Organization","@id":"https:\/\/international.grandestdeveloppement.fr\/fr\/#organization","name":"Invest Eastern France","url":"https:\/\/international.grandestdeveloppement.fr\/fr\/","logo":{"@type":"ImageObject","inLanguage":"fr-FR","@id":"https:\/\/international.grandestdeveloppement.fr\/fr\/#\/schema\/logo\/image\/","url":"https:\/\/www.international.grandestdeveloppement.fr\/wp-content\/uploads\/2021\/08\/logo-invest-eastern-france.png","contentUrl":"https:\/\/www.international.grandestdeveloppement.fr\/wp-content\/uploads\/2021\/08\/logo-invest-eastern-france.png","width":500,"height":180,"caption":"Invest Eastern France"},"image":{"@id":"https:\/\/international.grandestdeveloppement.fr\/fr\/#\/schema\/logo\/image\/"}}]}},"publishpress_future_action":{"enabled":false,"date":"2026-04-24 02:28:35","action":"change-status","newStatus":"draft","terms":[],"taxonomy":"translation_priority","extraData":[]},"publishpress_future_workflow_manual_trigger":{"enabledWorkflows":[]},"_links":{"self":[{"href":"https:\/\/international.grandestdeveloppement.fr\/fr\/wp-json\/wp\/v2\/pages\/332","targetHints":{"allow":["GET"]}}],"collection":[{"href":"https:\/\/international.grandestdeveloppement.fr\/fr\/wp-json\/wp\/v2\/pages"}],"about":[{"href":"https:\/\/international.grandestdeveloppement.fr\/fr\/wp-json\/wp\/v2\/types\/page"}],"author":[{"embeddable":true,"href":"https:\/\/international.grandestdeveloppement.fr\/fr\/wp-json\/wp\/v2\/users\/3"}],"replies":[{"embeddable":true,"href":"https:\/\/international.grandestdeveloppement.fr\/fr\/wp-json\/wp\/v2\/comments?post=332"}],"version-history":[{"count":8,"href":"https:\/\/international.grandestdeveloppement.fr\/fr\/wp-json\/wp\/v2\/pages\/332\/revisions"}],"predecessor-version":[{"id":14769,"href":"https:\/\/international.grandestdeveloppement.fr\/fr\/wp-json\/wp\/v2\/pages\/332\/revisions\/14769"}],"wp:featuredmedia":[{"embeddable":true,"href":"https:\/\/international.grandestdeveloppement.fr\/fr\/wp-json\/wp\/v2\/media\/333"}],"wp:attachment":[{"href":"https:\/\/international.grandestdeveloppement.fr\/fr\/wp-json\/wp\/v2\/media?parent=332"}],"wp:term":[{"taxonomy":"categorie-businessFunction","embeddable":true,"href":"https:\/\/international.grandestdeveloppement.fr\/fr\/wp-json\/wp\/v2\/categorie-businessFunction?post=332"},{"taxonomy":"categorie-secteur","embeddable":true,"href":"https:\/\/international.grandestdeveloppement.fr\/fr\/wp-json\/wp\/v2\/categorie-secteur?post=332"},{"taxonomy":"categorie-nationalite","embeddable":true,"href":"https:\/\/international.grandestdeveloppement.fr\/fr\/wp-json\/wp\/v2\/categorie-nationalite?post=332"},{"taxonomy":"categorie-territoire","embeddable":true,"href":"https:\/\/international.grandestdeveloppement.fr\/fr\/wp-json\/wp\/v2\/categorie-territoire?post=332"},{"taxonomy":"categorie-service","embeddable":true,"href":"https:\/\/international.grandestdeveloppement.fr\/fr\/wp-json\/wp\/v2\/categorie-service?post=332"}],"curies":[{"name":"wp","href":"https:\/\/api.w.org\/{rel}","templated":true}]}}