{"id":477,"date":"2021-10-08T14:47:21","date_gmt":"2021-10-08T12:47:21","guid":{"rendered":"https:\/\/www.international.grandestdeveloppement.fr\/?page_id=477"},"modified":"2021-10-08T14:47:23","modified_gmt":"2021-10-08T12:47:23","slug":"plan-du-site","status":"publish","type":"page","link":"https:\/\/international.grandestdeveloppement.fr\/fr\/plan-du-site\/","title":{"rendered":"Plan du site"},"content":{"rendered":"<div class=\"planSite\"><h2>Main menu<\/h2><ul><li><a href=\"#\">Why Eastern France<\/a><ul><li><a href=\"https:\/\/international.grandestdeveloppement.fr\/en\/a-dynamic-and-innovative-economy\/\">Une \u00e9conomie dynamique et innovante<\/a><\/li><li><a href=\"https:\/\/international.grandestdeveloppement.fr\/en\/international-by-nature\/\">Le Grand Est : un environnement international<\/a><\/li><li><a href=\"https:\/\/international.grandestdeveloppement.fr\/en\/unique-location-europe\/\">Une r\u00e9gion connect\u00e9e<\/a><\/li><li><a href=\"#\">Territories and quality of life<\/a><\/li><li><a href=\"https:\/\/international.grandestdeveloppement.fr\/en\/success-story\/\">Testimonials<\/a><\/li><li><a href=\"https:\/\/international.grandestdeveloppement.fr\/en\/news\/\">News<\/a><\/li><\/ul><\/li><\/li><\/li><\/li><\/li><\/li><\/li><\/li><\/li><\/li><\/li><\/li><\/li><\/li><\/li><li><a href=\"#\">Key Sectors<\/a><ul><li><a href=\"https:\/\/international.grandestdeveloppement.fr\/en\/bioeconomy-eastern-france\/\">Bio\u00e9conomie<\/a><\/li><li><a href=\"https:\/\/international.grandestdeveloppement.fr\/en\/manufacturing-industry\/\">Industrie 5.0<\/a><\/li><li><a href=\"https:\/\/international.grandestdeveloppement.fr\/en\/the-health-sector-in-eastern-france\/\">Sant\u00e9 &amp; Medtechs<\/a><\/li><li><a href=\"https:\/\/international.grandestdeveloppement.fr\/en\/the-digital-sector-in-eastern-france\/\">Le num\u00e9rique en Grand Est<\/a><\/li><li><a href=\"https:\/\/international.grandestdeveloppement.fr\/en\/the-tourism-sector-in-eastern-france\/\">Tourisme<\/a><\/li><\/ul><\/li><\/li><\/li><\/li><\/li><\/li><\/li><\/li><\/li><\/li><\/li><\/li><\/li><\/li><\/li><\/li><\/li><\/li><\/li><\/li><li><a href=\"#\">Setting up your Business<\/a><ul><li><a href=\"https:\/\/international.grandestdeveloppement.fr\/en\/finding-the-ideal-location-for-your-business\/\">Trouver le site d'implantation id\u00e9al<\/a><\/li><li><a href=\"https:\/\/international.grandestdeveloppement.fr\/en\/starting-your-business-in-eastern-france-10-key-steps\/\">Cr\u00e9er votre entreprise dans le Grand Est : les 10 \u00e9tapes-cl\u00e9s<\/a><\/li><li><a href=\"https:\/\/international.grandestdeveloppement.fr\/en\/rd-innovation\/\">R&amp;D \/ Innovation<\/a><\/li><li><a href=\"https:\/\/international.grandestdeveloppement.fr\/en\/setting-up-your-startup-eastern-france\/\">Implanter votre Start-up en Grand Est<\/a><\/li><li><a href=\"https:\/\/international.grandestdeveloppement.fr\/en\/human-resources-talents-in-eastern-france\/\">Ressources humaines &amp; talents dans le Grand Est<\/a><\/li><li><a href=\"https:\/\/international.grandestdeveloppement.fr\/en\/financial-support\/\">Support financier<\/a><\/li><li><a href=\"https:\/\/international.grandestdeveloppement.fr\/en\/tax-exemptions\/\">Special features<\/a><\/li><\/ul><\/li><\/li><\/li><\/li><\/li><\/li><\/li><\/li><\/li><li><a href=\"https:\/\/international.grandestdeveloppement.fr\">Finding the ideal location<\/a><ul><li><a href=\"https:\/\/international.grandestdeveloppement.fr\/en\/bien-immobilier\/\">Real estate opportunities<\/a><\/li><li><a href=\"https:\/\/international.grandestdeveloppement.fr\/en\/bien-immobilier\/?filtreBiens_typesbiens=118&filtreBiens_transaction=&filtreBiens_superficie=&filtreBiens_territoires%5B%5D=&filtreBiens_typesbienstouristiques=\">Touristic opportunities<\/a><\/li><\/ul><\/li><\/li><\/li><li><a href=\"#\">How we can help<\/a><ul><li><a href=\"https:\/\/international.grandestdeveloppement.fr\/en\/our-services\/\">Nos services<\/a><\/li><li><a href=\"https:\/\/international.grandestdeveloppement.fr\/en\/our-team\/\">Notre \u00e9quipe<\/a><\/li><li><a href=\"https:\/\/international.grandestdeveloppement.fr\/en\/our-mission\/\">Notre mission<\/a><\/li><li><a href=\"https:\/\/international.grandestdeveloppement.fr\/en\/contact-us\/\">Contactez-nous<\/a><\/li><\/ul><\/li><\/li><\/li><\/li><\/li><\/ul><h2>Menu Principal<\/h2><ul><li><a href=\"https:\/\/international.grandestdeveloppement.fr\/#\">Investir en Grand Est<\/a><ul><li><a href=\"https:\/\/international.grandestdeveloppement.fr\/fr\/une-economie-dynamique-et-innovante\/\">Economie dynamique<\/a><\/li><li><a href=\"https:\/\/international.grandestdeveloppement.fr\/fr\/grand-est-un-environnement-international\/\">International et europ\u00e9en par nature<\/a><\/li><li><a href=\"https:\/\/international.grandestdeveloppement.fr\/#\">Territoires et qualit\u00e9 de vie<\/a><\/li><li><a href=\"https:\/\/international.grandestdeveloppement.fr\/success-story\/\">T\u00e9moignages<\/a><\/li><li><a href=\"https:\/\/international.grandestdeveloppement.fr\/fr\/actualites\/\">Actualit\u00e9s<\/a><\/li><\/ul><\/li><\/li><\/li><\/li><\/li><\/li><\/li><\/li><\/li><\/li><\/li><\/li><\/li><\/li><\/li><\/li><\/li><li><a href=\"https:\/\/international.grandestdeveloppement.fr\/#\">Secteurs cl\u00e9s<\/a><ul><li><a href=\"https:\/\/international.grandestdeveloppement.fr\/fr\/bioeconomie-grand-est\/\">Bio\u00e9conomie<\/a><\/li><li><a href=\"https:\/\/international.grandestdeveloppement.fr\/fr\/industrie-manufacturiere\/\">Industrie<\/a><\/li><li><a href=\"https:\/\/international.grandestdeveloppement.fr\/fr\/le-secteur-de-la-sante-et-pharmaceutique-dans-le-grand-est\/\">Sant\u00e9 &amp; Medtechs<\/a><\/li><li><a href=\"https:\/\/international.grandestdeveloppement.fr\/fr\/numerique\/\">Num\u00e9rique<\/a><\/li><li><a href=\"https:\/\/international.grandestdeveloppement.fr\/fr\/tourisme-grand-est\/\">Tourisme<\/a><\/li><\/ul><\/li><\/li><\/li><\/li><\/li><\/li><\/li><\/li><\/li><\/li><\/li><\/li><\/li><\/li><\/li><\/li><\/li><\/li><\/li><\/li><li><a href=\"https:\/\/international.grandestdeveloppement.fr\/#\">Vous accompagner<\/a><ul><li><a href=\"https:\/\/international.grandestdeveloppement.fr\/fr\/site-ideal-implantation-foncier\/\">Recherche de site<\/a><\/li><li><a href=\"https:\/\/international.grandestdeveloppement.fr\/fr\/creer-votre-entreprise-dans-le-grand-est-les-10-etapes-cles\/\">Cr\u00e9ation d'entreprise<\/a><\/li><li><a href=\"https:\/\/international.grandestdeveloppement.fr\/fr\/recherche-innovation-dans-le-grand-est\/\">Centre de R&D<\/a><\/li><li><a href=\"https:\/\/international.grandestdeveloppement.fr\/fr\/implanter-votre-start-up-en-grand-est\/\">Implanter votre Start-up<\/a><\/li><li><a href=\"https:\/\/international.grandestdeveloppement.fr\/fr\/ressources-humaines-et-talents-dans-le-grand-est\/\">Ressources humaines<\/a><\/li><li><a href=\"https:\/\/international.grandestdeveloppement.fr\/fr\/support-financier\/\">Support financier<\/a><\/li><li><a href=\"https:\/\/international.grandestdeveloppement.fr\/fr\/exonerations-fiscales\/\">Dispositifs fiscaux sp\u00e9ciaux<\/a><\/li><\/ul><\/li><\/li><\/li><\/li><\/li><\/li><\/li><\/li><li><a href=\"https:\/\/international.grandestdeveloppement.fr\/#\">Trouver un site<\/a><ul><li><a href=\"https:\/\/international.grandestdeveloppement.fr\/fr\/bien-immobilier\/\">Offres immobili\u00e8res<\/a><\/li><li><a href=\"https:\/\/international.grandestdeveloppement.fr\/fr\/bien-immobilier\/?filtreBiens_typesbiens=100&filtreBiens_transaction=&filtreBiens_superficie=&filtreBiens_territoires%5B%5D=&filtreBiens_typesbienstouristiques=\">Opportunit\u00e9s touristiques<\/a><\/li><\/ul><\/li><\/li><\/li><li><a href=\"https:\/\/international.grandestdeveloppement.fr\/#\">Qui sommes-nous<\/a><ul><li><a href=\"https:\/\/international.grandestdeveloppement.fr\/fr\/notre-mission\/\">Notre mission<\/a><\/li><li><a href=\"https:\/\/international.grandestdeveloppement.fr\/fr\/nos-services\/\">Nos services<\/a><\/li><li><a href=\"https:\/\/international.grandestdeveloppement.fr\/fr\/notre-equipe\/\">Notre \u00e9quipe<\/a><\/li><li><a href=\"https:\/\/international.grandestdeveloppement.fr\/fr\/contact\/\">Contactez-nous<\/a><\/li><\/ul><\/li><\/li><\/li><\/li><\/li><\/ul><h2>Main menu DE<\/h2><ul><li><a href=\"https:\/\/www.international.grandestdeveloppement.fr\/#\">Warum Ostfrankreich<\/a><ul><li><a href=\"https:\/\/international.grandestdeveloppement.fr\/de\/eine-dynamische-und-innovative-wirtschaft\/\">Dynamische und innovative Wirtschaft<\/a><\/li><li><a href=\"https:\/\/international.grandestdeveloppement.fr\/de\/ostfrankreich-ein-internationales-umfeld\/\">Ostfrankreich, ein internationales Umfeld<\/a><\/li><li><a href=\"https:\/\/international.grandestdeveloppement.fr\/de\/kombination-vorteile\/\">Einzigartige Kombination von Vorteilen<\/a><\/li><li><a href=\"https:\/\/www.international.grandestdeveloppement.fr\/#\">Gebiete und Lebensqualit\u00e4t<\/a><\/li><li><a href=\"https:\/\/www.international.grandestdeveloppement.fr\/de\/success-story\/\">Success Stories<\/a><\/li><li><a href=\"https:\/\/www.international.grandestdeveloppement.fr\/de\/news\/\">News<\/a><\/li><\/ul><\/li><\/li><\/li><\/li><\/li><\/li><\/li><\/li><\/li><\/li><\/li><\/li><li><a href=\"https:\/\/www.international.grandestdeveloppement.fr\/#\">Branchen<\/a><ul><li><a href=\"https:\/\/international.grandestdeveloppement.fr\/de\/bio-oekonomie-ostfrankreich\/\">Bio-\u00d6konomie<\/a><\/li><li><a href=\"https:\/\/international.grandestdeveloppement.fr\/de\/herstellung-von-waren\/\">Industrie<\/a><\/li><li><a href=\"https:\/\/international.grandestdeveloppement.fr\/de\/gesundheit-ostfrankreich\/\">Health, Medtech und Life Sciences<\/a><\/li><li><a href=\"https:\/\/international.grandestdeveloppement.fr\/de\/digital\/\">Digital<\/a><\/li><li><a href=\"https:\/\/international.grandestdeveloppement.fr\/de\/tourismus\/\">Tourismus in Ostfrankreich<\/a><\/li><\/ul><\/li><\/li><\/li><\/li><\/li><\/li><\/li><\/li><\/li><\/li><\/li><\/li><\/li><\/li><\/li><\/li><\/li><\/li><\/li><\/li><li><a href=\"https:\/\/www.international.grandestdeveloppement.fr\/#\">Wie wir Ihnen helfen<\/a><ul><li><a href=\"https:\/\/international.grandestdeveloppement.fr\/de\/ihr-unternehmen-in-der-region-ostfrankreich-gruenden-die-9-wichtigsten-etappen\/\">Ihr Unternehmen gr\u00fcnden: die 9 wichtigsten Etappen<\/a><\/li><li><a href=\"https:\/\/international.grandestdeveloppement.fr\/de\/den-idealen-standort-finden\/\">Den idealen Standort finden<\/a><\/li><li><a href=\"https:\/\/international.grandestdeveloppement.fr\/de\/forschung-entwicklung-innovation\/\">R&D \/ Innovation<\/a><\/li><li><a href=\"https:\/\/international.grandestdeveloppement.fr\/de\/setting-up-your-startup-eastern-france\/\">Ihr Start-up in Ostfrankreich\u00a0erfolgreich ansiedeln<\/a><\/li><li><a href=\"https:\/\/international.grandestdeveloppement.fr\/de\/humanressourcen-talente-in-ostfrankreich\/\">Humanressourcen &amp; Talente in Ostfrankreich<\/a><\/li><li><a href=\"https:\/\/international.grandestdeveloppement.fr\/de\/finanzielle-unterstuetzung\/\">Finanzielle Unterst\u00fctzung<\/a><\/li><li><a href=\"https:\/\/international.grandestdeveloppement.fr\/de\/steuerbefreiung\/\">Steuerbefreiung in den Ardennen<\/a><\/li><\/ul><\/li><\/li><\/li><\/li><\/li><\/li><\/li><\/li><li><a href=\"https:\/\/www.international.grandestdeveloppement.fr\">Den idealen Standort finden<\/a><ul><li><a href=\"https:\/\/www.international.grandestdeveloppement.fr\/de\/bien-immobilier\/\">Gewerbeimmobilienb\u00f6rse<\/a><\/li><li><a href=\"https:\/\/www.international.grandestdeveloppement.fr\/de\/bien-immobilier\/?filtreBiens_typesbiens=120&filtreBiens_transaction=&filtreBiens_superficie=&filtreBiens_territoires%5B%5D=&filtreBiens_typesbienstouristiques=\">Tourismusobjekte oder -grunst\u00fcck<\/a><\/li><\/ul><\/li><\/li><\/li><li><a href=\"https:\/\/www.international.grandestdeveloppement.fr\/#\">\u00dcber uns<\/a><ul><li><a href=\"https:\/\/international.grandestdeveloppement.fr\/de\/unsere-mission\/\">Unsere Mission<\/a><\/li><li><a href=\"https:\/\/international.grandestdeveloppement.fr\/de\/unsere-dienstleistungen\/\">Unsere Dienstleistungen<\/a><\/li><li><a href=\"https:\/\/international.grandestdeveloppement.fr\/de\/unser-team\/\">Unser Team<\/a><\/li><li><a href=\"https:\/\/international.grandestdeveloppement.fr\/de\/kontakt\/\">Kontakt<\/a><\/li><\/ul><\/li><\/li><\/li><\/li><\/li><\/ul><h2>Menu du pied de page<\/h2><ul><li><a href=\"https:\/\/international.grandestdeveloppement.fr\/fr\/contact\/\">Contactez-nous<\/a><\/li><li><a href=\"\/fr\/publication\">Publications<\/a><\/li><li><a href=\"https:\/\/international.grandestdeveloppement.fr\/fr\/plan-du-site\/\">Plan du site<\/a><\/li><li><a href=\"https:\/\/international.grandestdeveloppement.fr\/fr\/mentions-legales\/\">Mentions l\u00e9gales<\/a><\/li><li><a href=\"#tarteaucitron\">Gestion des cookies<\/a><\/li><\/ul><h2>Footer menu<\/h2><ul><li><a href=\"https:\/\/international.grandestdeveloppement.fr\/en\/legal-notice\/\">Legal notice<\/a><\/li><li><a href=\"https:\/\/international.grandestdeveloppement.fr\/en\/our-services\/\">Our services<\/a><\/li><li><a href=\"https:\/\/international.grandestdeveloppement.fr\/en\/invest-eastern-france\/\">Home<\/a><\/li><li><a href=\"#tarteaucitron\">Cookies manager<\/a><\/li><\/ul><h2>Footer menu DE<\/h2><ul><li><a href=\"https:\/\/international.grandestdeveloppement.fr\/de\/sitemap\/\">Sitemap<\/a><\/li><li><a href=\"https:\/\/international.grandestdeveloppement.fr\/de\/kontakt\/\">Kontakt<\/a><\/li><li><a href=\"https:\/\/international.grandestdeveloppement.fr\/de\/impressum\/\">Impressum<\/a><\/li><li><a href=\"#tarteaucitron\">Behandlung von Cookies<\/a><\/li><\/ul><\/div>\n","protected":false},"excerpt":{"rendered":"","protected":false},"author":1,"featured_media":0,"parent":0,"menu_order":0,"comment_status":"closed","ping_status":"closed","template":"","meta":{"_acf_changed":false,"_relevanssi_hide_post":"","_relevanssi_pin_for_all":"","_relevanssi_pin_keywords":"","_relevanssi_unpin_keywords":"","_relevanssi_related_keywords":"","_relevanssi_related_include_ids":"","_relevanssi_related_exclude_ids":"","_relevanssi_related_no_append":"","_relevanssi_related_not_related":"","_relevanssi_related_posts":"470,201","_relevanssi_noindex_reason":"","inline_featured_image":false,"footnotes":""},"categorie-businessFunction":[],"categorie-secteur":[],"categorie-nationalite":[],"categorie-territoire":[],"categorie-service":[],"class_list":["post-477","page","type-page","status-publish","hentry"],"acf":[],"yoast_head":"<!-- This site is optimized with the Yoast SEO plugin v27.3 - https:\/\/yoast.com\/product\/yoast-seo-wordpress\/ -->\n<title>Plan du site - Invest Eastern France<\/title>\n<meta name=\"robots\" content=\"index, follow, max-snippet:-1, max-image-preview:large, max-video-preview:-1\" \/>\n<link rel=\"canonical\" href=\"https:\/\/international.grandestdeveloppement.fr\/fr\/plan-du-site\/\" \/>\n<meta property=\"og:locale\" content=\"fr_FR\" \/>\n<meta property=\"og:type\" content=\"article\" \/>\n<meta property=\"og:title\" content=\"Plan du site - Invest Eastern France\" \/>\n<meta property=\"og:url\" content=\"https:\/\/international.grandestdeveloppement.fr\/fr\/plan-du-site\/\" \/>\n<meta property=\"og:site_name\" content=\"Invest Eastern France\" \/>\n<meta property=\"article:modified_time\" content=\"2021-10-08T12:47:23+00:00\" \/>\n<meta name=\"twitter:card\" content=\"summary_large_image\" \/>\n<meta name=\"twitter:label1\" content=\"Dur\u00e9e de lecture estim\u00e9e\" \/>\n\t<meta name=\"twitter:data1\" content=\"1 minute\" \/>\n<script type=\"application\/ld+json\" class=\"yoast-schema-graph\">{\"@context\":\"https:\\\/\\\/schema.org\",\"@graph\":[{\"@type\":\"WebPage\",\"@id\":\"https:\\\/\\\/international.grandestdeveloppement.fr\\\/fr\\\/plan-du-site\\\/\",\"url\":\"https:\\\/\\\/international.grandestdeveloppement.fr\\\/fr\\\/plan-du-site\\\/\",\"name\":\"Plan du site - Invest Eastern France\",\"isPartOf\":{\"@id\":\"https:\\\/\\\/international.grandestdeveloppement.fr\\\/fr\\\/#website\"},\"datePublished\":\"2021-10-08T12:47:21+00:00\",\"dateModified\":\"2021-10-08T12:47:23+00:00\",\"breadcrumb\":{\"@id\":\"https:\\\/\\\/international.grandestdeveloppement.fr\\\/fr\\\/plan-du-site\\\/#breadcrumb\"},\"inLanguage\":\"fr-FR\",\"potentialAction\":[{\"@type\":\"ReadAction\",\"target\":[\"https:\\\/\\\/international.grandestdeveloppement.fr\\\/fr\\\/plan-du-site\\\/\"]}]},{\"@type\":\"BreadcrumbList\",\"@id\":\"https:\\\/\\\/international.grandestdeveloppement.fr\\\/fr\\\/plan-du-site\\\/#breadcrumb\",\"itemListElement\":[{\"@type\":\"ListItem\",\"position\":1,\"name\":\"Accueil\",\"item\":\"https:\\\/\\\/international.grandestdeveloppement.fr\\\/fr\\\/\"},{\"@type\":\"ListItem\",\"position\":2,\"name\":\"Plan du site\"}]},{\"@type\":\"WebSite\",\"@id\":\"https:\\\/\\\/international.grandestdeveloppement.fr\\\/fr\\\/#website\",\"url\":\"https:\\\/\\\/international.grandestdeveloppement.fr\\\/fr\\\/\",\"name\":\"Invest Eastern France\",\"description\":\"\",\"publisher\":{\"@id\":\"https:\\\/\\\/international.grandestdeveloppement.fr\\\/fr\\\/#organization\"},\"potentialAction\":[{\"@type\":\"SearchAction\",\"target\":{\"@type\":\"EntryPoint\",\"urlTemplate\":\"https:\\\/\\\/international.grandestdeveloppement.fr\\\/fr\\\/?s={search_term_string}\"},\"query-input\":{\"@type\":\"PropertyValueSpecification\",\"valueRequired\":true,\"valueName\":\"search_term_string\"}}],\"inLanguage\":\"fr-FR\"},{\"@type\":\"Organization\",\"@id\":\"https:\\\/\\\/international.grandestdeveloppement.fr\\\/fr\\\/#organization\",\"name\":\"Invest Eastern France\",\"url\":\"https:\\\/\\\/international.grandestdeveloppement.fr\\\/fr\\\/\",\"logo\":{\"@type\":\"ImageObject\",\"inLanguage\":\"fr-FR\",\"@id\":\"https:\\\/\\\/international.grandestdeveloppement.fr\\\/fr\\\/#\\\/schema\\\/logo\\\/image\\\/\",\"url\":\"https:\\\/\\\/www.international.grandestdeveloppement.fr\\\/wp-content\\\/uploads\\\/2021\\\/08\\\/logo-invest-eastern-france.png\",\"contentUrl\":\"https:\\\/\\\/www.international.grandestdeveloppement.fr\\\/wp-content\\\/uploads\\\/2021\\\/08\\\/logo-invest-eastern-france.png\",\"width\":500,\"height\":180,\"caption\":\"Invest Eastern France\"},\"image\":{\"@id\":\"https:\\\/\\\/international.grandestdeveloppement.fr\\\/fr\\\/#\\\/schema\\\/logo\\\/image\\\/\"}}]}<\/script>\n<!-- \/ Yoast SEO plugin. -->","yoast_head_json":{"title":"Plan du site - Invest Eastern France","robots":{"index":"index","follow":"follow","max-snippet":"max-snippet:-1","max-image-preview":"max-image-preview:large","max-video-preview":"max-video-preview:-1"},"canonical":"https:\/\/international.grandestdeveloppement.fr\/fr\/plan-du-site\/","og_locale":"fr_FR","og_type":"article","og_title":"Plan du site - Invest Eastern France","og_url":"https:\/\/international.grandestdeveloppement.fr\/fr\/plan-du-site\/","og_site_name":"Invest Eastern France","article_modified_time":"2021-10-08T12:47:23+00:00","twitter_card":"summary_large_image","twitter_misc":{"Dur\u00e9e de lecture estim\u00e9e":"1 minute"},"schema":{"@context":"https:\/\/schema.org","@graph":[{"@type":"WebPage","@id":"https:\/\/international.grandestdeveloppement.fr\/fr\/plan-du-site\/","url":"https:\/\/international.grandestdeveloppement.fr\/fr\/plan-du-site\/","name":"Plan du site - Invest Eastern France","isPartOf":{"@id":"https:\/\/international.grandestdeveloppement.fr\/fr\/#website"},"datePublished":"2021-10-08T12:47:21+00:00","dateModified":"2021-10-08T12:47:23+00:00","breadcrumb":{"@id":"https:\/\/international.grandestdeveloppement.fr\/fr\/plan-du-site\/#breadcrumb"},"inLanguage":"fr-FR","potentialAction":[{"@type":"ReadAction","target":["https:\/\/international.grandestdeveloppement.fr\/fr\/plan-du-site\/"]}]},{"@type":"BreadcrumbList","@id":"https:\/\/international.grandestdeveloppement.fr\/fr\/plan-du-site\/#breadcrumb","itemListElement":[{"@type":"ListItem","position":1,"name":"Accueil","item":"https:\/\/international.grandestdeveloppement.fr\/fr\/"},{"@type":"ListItem","position":2,"name":"Plan du site"}]},{"@type":"WebSite","@id":"https:\/\/international.grandestdeveloppement.fr\/fr\/#website","url":"https:\/\/international.grandestdeveloppement.fr\/fr\/","name":"Invest Eastern France","description":"","publisher":{"@id":"https:\/\/international.grandestdeveloppement.fr\/fr\/#organization"},"potentialAction":[{"@type":"SearchAction","target":{"@type":"EntryPoint","urlTemplate":"https:\/\/international.grandestdeveloppement.fr\/fr\/?s={search_term_string}"},"query-input":{"@type":"PropertyValueSpecification","valueRequired":true,"valueName":"search_term_string"}}],"inLanguage":"fr-FR"},{"@type":"Organization","@id":"https:\/\/international.grandestdeveloppement.fr\/fr\/#organization","name":"Invest Eastern France","url":"https:\/\/international.grandestdeveloppement.fr\/fr\/","logo":{"@type":"ImageObject","inLanguage":"fr-FR","@id":"https:\/\/international.grandestdeveloppement.fr\/fr\/#\/schema\/logo\/image\/","url":"https:\/\/www.international.grandestdeveloppement.fr\/wp-content\/uploads\/2021\/08\/logo-invest-eastern-france.png","contentUrl":"https:\/\/www.international.grandestdeveloppement.fr\/wp-content\/uploads\/2021\/08\/logo-invest-eastern-france.png","width":500,"height":180,"caption":"Invest Eastern France"},"image":{"@id":"https:\/\/international.grandestdeveloppement.fr\/fr\/#\/schema\/logo\/image\/"}}]}},"publishpress_future_action":{"enabled":false,"date":"2026-05-04 14:11:33","action":"change-status","newStatus":"draft","terms":[],"taxonomy":"translation_priority","extraData":[]},"publishpress_future_workflow_manual_trigger":{"enabledWorkflows":[]},"_links":{"self":[{"href":"https:\/\/international.grandestdeveloppement.fr\/fr\/wp-json\/wp\/v2\/pages\/477","targetHints":{"allow":["GET"]}}],"collection":[{"href":"https:\/\/international.grandestdeveloppement.fr\/fr\/wp-json\/wp\/v2\/pages"}],"about":[{"href":"https:\/\/international.grandestdeveloppement.fr\/fr\/wp-json\/wp\/v2\/types\/page"}],"author":[{"embeddable":true,"href":"https:\/\/international.grandestdeveloppement.fr\/fr\/wp-json\/wp\/v2\/users\/1"}],"replies":[{"embeddable":true,"href":"https:\/\/international.grandestdeveloppement.fr\/fr\/wp-json\/wp\/v2\/comments?post=477"}],"version-history":[{"count":3,"href":"https:\/\/international.grandestdeveloppement.fr\/fr\/wp-json\/wp\/v2\/pages\/477\/revisions"}],"predecessor-version":[{"id":4197,"href":"https:\/\/international.grandestdeveloppement.fr\/fr\/wp-json\/wp\/v2\/pages\/477\/revisions\/4197"}],"wp:attachment":[{"href":"https:\/\/international.grandestdeveloppement.fr\/fr\/wp-json\/wp\/v2\/media?parent=477"}],"wp:term":[{"taxonomy":"categorie-businessFunction","embeddable":true,"href":"https:\/\/international.grandestdeveloppement.fr\/fr\/wp-json\/wp\/v2\/categorie-businessFunction?post=477"},{"taxonomy":"categorie-secteur","embeddable":true,"href":"https:\/\/international.grandestdeveloppement.fr\/fr\/wp-json\/wp\/v2\/categorie-secteur?post=477"},{"taxonomy":"categorie-nationalite","embeddable":true,"href":"https:\/\/international.grandestdeveloppement.fr\/fr\/wp-json\/wp\/v2\/categorie-nationalite?post=477"},{"taxonomy":"categorie-territoire","embeddable":true,"href":"https:\/\/international.grandestdeveloppement.fr\/fr\/wp-json\/wp\/v2\/categorie-territoire?post=477"},{"taxonomy":"categorie-service","embeddable":true,"href":"https:\/\/international.grandestdeveloppement.fr\/fr\/wp-json\/wp\/v2\/categorie-service?post=477"}],"curies":[{"name":"wp","href":"https:\/\/api.w.org\/{rel}","templated":true}]}}