{"id":553,"date":"2021-11-10T09:54:48","date_gmt":"2021-11-10T08:54:48","guid":{"rendered":"https:\/\/www.international.grandestdeveloppement.fr\/?page_id=553"},"modified":"2025-12-15T17:16:11","modified_gmt":"2025-12-15T16:16:11","slug":"numerique","status":"publish","type":"page","link":"https:\/\/international.grandestdeveloppement.fr\/fr\/numerique\/","title":{"rendered":"Le num\u00e9rique en Grand Est"},"content":{"rendered":"\n<p>Secteur au<strong> fort potentiel de croissance<\/strong> dans le Grand Est, le num\u00e9rique y est fortement soutenu, pour <strong>acc\u00e9l\u00e9rer la transformation digitale de l\u2019\u00e9conomie<\/strong>. Entreprises, startups, incubateurs, formations : tout est d\u00e9ploy\u00e9 pour favoriser votre implantation.<\/p>\n\n\n<div class=\"bloc-chiffrescles grid tn:grid-cols-2 md:grid-cols-3 gap-8\">\n                <div class=\"bloc-chiffrescles--chiffreCle flex flex-col\">\n            <div class=\"bloc-chiffrescles--chiffre text-bold\">9 000 entreprises <\/div>\n            <div class=\"bloc-chiffrescles--titre h3-like\">dont 1 500 startups\u200b<\/div>\n            <div class=\"bloc-chiffrescles--sousTitre ml-4\">en Grand Est<\/div>\n        <\/div>\n            <div class=\"bloc-chiffrescles--chiffreCle flex flex-col\">\n            <div class=\"bloc-chiffrescles--chiffre text-bold\">34 000 emplois <\/div>\n            <div class=\"bloc-chiffrescles--titre h3-like\">dont 30 100 salari\u00e9s\u200b<\/div>\n            <div class=\"bloc-chiffrescles--sousTitre ml-4\">en Grand Est<\/div>\n        <\/div>\n            <div class=\"bloc-chiffrescles--chiffreCle flex flex-col\">\n            <div class=\"bloc-chiffrescles--chiffre text-bold\">10 000 chercheurs\u200b<\/div>\n            <div class=\"bloc-chiffrescles--titre h3-like\">24 programmes de formations universitaires\u200b<\/div>\n            <div class=\"bloc-chiffrescles--sousTitre ml-4\">en Grand Est<\/div>\n        <\/div>\n    <\/div>\n\n\n\n<h2 class=\"wp-block-heading\"><strong>Le Grand Est, une ambition forte pour le num\u00e9rique<\/strong><\/h2>\n\n\n\n<p>Le Grand Est dispose d\u2019un <strong>large r\u00e9seau d\u2019entrepreneurs<\/strong> dans le secteur du num\u00e9rique, allant de grandes entreprises de renomm\u00e9e internationale, aux startups &amp; scale-ups en pleine effervescence. Un <a href=\"https:\/\/www.international.grandestdeveloppement.fr\/implanter-votre-start-up-en-grand-est\/\">dispositif d\u2019accompagnement<\/a> est propos\u00e9 tant par les <strong>incubateurs, l\u2019acc\u00e9l\u00e9rateur r\u00e9gional que par les nombreuses associations<\/strong> comme Grand Est Num\u00e9rique, certaines ayant des collaborations transfrontali\u00e8res.<\/p>\n\n\n\n<p>La R\u00e9gion abrite des <strong>infrastructures performantes dans le domaine de la fibre optique, des datacenters et op\u00e9rateurs,<\/strong> et poss\u00e8de un <a href=\"https:\/\/romeo.univ-reims.fr\/pages\">supercalculateur, Romeo<\/a>, avec 1 petaflop\/s&nbsp; \u00e0 disposition des entreprises\u200b. Le Grand Est s\u2019inscrit par ailleurs dans une dynamique europ\u00e9enne via son <a href=\"https:\/\/www.grandest.fr\/actualites\/plan-ia-grand-est-vers-une-vallee-europeenne-de-lintelligence-artificielle\/\">Plan Intelligence Artificielle Grand Est<\/a>, le Business Act Grand Est et sa participation active aux projets europ\u00e9ens <a href=\"https:\/\/european-digital-innovation-hubs.ec.europa.eu\/home\">EDIH<\/a> et <a href=\"https:\/\/gaia-x.eu\/\">GAIA-X<\/a>.<\/p>\n\n\n\n<p><\/p>\n\n\n\n<h2 class=\"wp-block-heading\"><strong>Formation et recherche : une offre vari\u00e9e et performante<\/strong><\/h2>\n\n\n\n<p>De <strong>grandes \u00e9coles d\u2019ing\u00e9nieurs <\/strong>sont pr\u00e9sentes sur le territoire, dont l\u2019<a href=\"https:\/\/www.ensisa.uha.fr\/\">ENSISa<\/a>, <a href=\"https:\/\/supdeweb.com\/strasbourg\">SupdeWeb<\/a>&#8230; Par ailleurs, 33 formations d\u00e9tiennent le label \u201c<strong>Grande \u00e9cole du num\u00e9rique<\/strong>\u201d.<\/p>\n\n\n\n<p>La r\u00e9gion Grand Est et sa zone frontali\u00e8re comptent l\u2019<strong>une des plus fortes concentrations de laboratoires R&amp;D en Europe,<\/strong> notamment dans les secteurs de l\u2019informatique, l\u2019imagerie, l\u2019IA et la robotique.<\/p>\n\n\n\n<p><\/p>\n\n\n\n<p><\/p>\n\n\n\n<p><\/p>\n","protected":false},"excerpt":{"rendered":"<p>Secteur au fort potentiel de croissance dans le Grand Est, le num\u00e9rique y est fortement soutenu, pour acc\u00e9l\u00e9rer la transformation digitale de l\u2019\u00e9conomie. Entreprises, startups, incubateurs, formations : tout est [&hellip;]<\/p>\n","protected":false},"author":3,"featured_media":6822,"parent":0,"menu_order":0,"comment_status":"closed","ping_status":"closed","template":"template-secteur.php","meta":{"_acf_changed":false,"_relevanssi_hide_post":"","_relevanssi_pin_for_all":"","_relevanssi_pin_keywords":"","_relevanssi_unpin_keywords":"","_relevanssi_related_keywords":"","_relevanssi_related_include_ids":"","_relevanssi_related_exclude_ids":"","_relevanssi_related_no_append":"","_relevanssi_related_not_related":"","_relevanssi_related_posts":"201,470","_relevanssi_noindex_reason":"","inline_featured_image":false,"footnotes":""},"categorie-businessFunction":[],"categorie-secteur":[34],"categorie-nationalite":[],"categorie-territoire":[],"categorie-service":[],"class_list":["post-553","page","type-page","status-publish","has-post-thumbnail","hentry","categorie-secteur-numerique"],"acf":[],"yoast_head":"<!-- This site is optimized with the Yoast SEO plugin v27.3 - https:\/\/yoast.com\/product\/yoast-seo-wordpress\/ -->\n<title>Le num\u00e9rique en Grand Est - Invest Eastern France<\/title>\n<meta name=\"robots\" content=\"index, follow, max-snippet:-1, max-image-preview:large, max-video-preview:-1\" \/>\n<link rel=\"canonical\" href=\"https:\/\/international.grandestdeveloppement.fr\/fr\/numerique\/\" \/>\n<meta property=\"og:locale\" content=\"fr_FR\" \/>\n<meta property=\"og:type\" content=\"article\" \/>\n<meta property=\"og:title\" content=\"Le num\u00e9rique en Grand Est - Invest Eastern France\" \/>\n<meta property=\"og:description\" content=\"Secteur au fort potentiel de croissance dans le Grand Est, le num\u00e9rique y est fortement soutenu, pour acc\u00e9l\u00e9rer la transformation digitale de l\u2019\u00e9conomie. Entreprises, startups, incubateurs, formations : tout est [&hellip;]\" \/>\n<meta property=\"og:url\" content=\"https:\/\/international.grandestdeveloppement.fr\/fr\/numerique\/\" \/>\n<meta property=\"og:site_name\" content=\"Invest Eastern France\" \/>\n<meta property=\"article:modified_time\" content=\"2025-12-15T16:16:11+00:00\" \/>\n<meta property=\"og:image\" content=\"https:\/\/international.grandestdeveloppement.fr\/wp-content\/uploads\/2023\/01\/AdobeStock_288623293-scaled.jpeg\" \/>\n\t<meta property=\"og:image:width\" content=\"2560\" \/>\n\t<meta property=\"og:image:height\" content=\"1064\" \/>\n\t<meta property=\"og:image:type\" content=\"image\/jpeg\" \/>\n<meta name=\"twitter:card\" content=\"summary_large_image\" \/>\n<meta name=\"twitter:label1\" content=\"Dur\u00e9e de lecture estim\u00e9e\" \/>\n\t<meta name=\"twitter:data1\" content=\"2 minutes\" \/>\n<script type=\"application\/ld+json\" class=\"yoast-schema-graph\">{\"@context\":\"https:\\\/\\\/schema.org\",\"@graph\":[{\"@type\":\"WebPage\",\"@id\":\"https:\\\/\\\/international.grandestdeveloppement.fr\\\/fr\\\/numerique\\\/\",\"url\":\"https:\\\/\\\/international.grandestdeveloppement.fr\\\/fr\\\/numerique\\\/\",\"name\":\"Le num\u00e9rique en Grand Est - Invest Eastern France\",\"isPartOf\":{\"@id\":\"https:\\\/\\\/international.grandestdeveloppement.fr\\\/fr\\\/#website\"},\"primaryImageOfPage\":{\"@id\":\"https:\\\/\\\/international.grandestdeveloppement.fr\\\/fr\\\/numerique\\\/#primaryimage\"},\"image\":{\"@id\":\"https:\\\/\\\/international.grandestdeveloppement.fr\\\/fr\\\/numerique\\\/#primaryimage\"},\"thumbnailUrl\":\"https:\\\/\\\/international.grandestdeveloppement.fr\\\/wp-content\\\/uploads\\\/2023\\\/01\\\/AdobeStock_288623293-scaled.jpeg\",\"datePublished\":\"2021-11-10T08:54:48+00:00\",\"dateModified\":\"2025-12-15T16:16:11+00:00\",\"breadcrumb\":{\"@id\":\"https:\\\/\\\/international.grandestdeveloppement.fr\\\/fr\\\/numerique\\\/#breadcrumb\"},\"inLanguage\":\"fr-FR\",\"potentialAction\":[{\"@type\":\"ReadAction\",\"target\":[\"https:\\\/\\\/international.grandestdeveloppement.fr\\\/fr\\\/numerique\\\/\"]}]},{\"@type\":\"ImageObject\",\"inLanguage\":\"fr-FR\",\"@id\":\"https:\\\/\\\/international.grandestdeveloppement.fr\\\/fr\\\/numerique\\\/#primaryimage\",\"url\":\"https:\\\/\\\/international.grandestdeveloppement.fr\\\/wp-content\\\/uploads\\\/2023\\\/01\\\/AdobeStock_288623293-scaled.jpeg\",\"contentUrl\":\"https:\\\/\\\/international.grandestdeveloppement.fr\\\/wp-content\\\/uploads\\\/2023\\\/01\\\/AdobeStock_288623293-scaled.jpeg\",\"width\":2560,\"height\":1064,\"caption\":\"Smart city and abstract dot point connect with gradient line and aesthetic Intricate wave line design , big data connection technology concept .\"},{\"@type\":\"BreadcrumbList\",\"@id\":\"https:\\\/\\\/international.grandestdeveloppement.fr\\\/fr\\\/numerique\\\/#breadcrumb\",\"itemListElement\":[{\"@type\":\"ListItem\",\"position\":1,\"name\":\"Accueil\",\"item\":\"https:\\\/\\\/international.grandestdeveloppement.fr\\\/fr\\\/\"},{\"@type\":\"ListItem\",\"position\":2,\"name\":\"Le num\u00e9rique en Grand Est\"}]},{\"@type\":\"WebSite\",\"@id\":\"https:\\\/\\\/international.grandestdeveloppement.fr\\\/fr\\\/#website\",\"url\":\"https:\\\/\\\/international.grandestdeveloppement.fr\\\/fr\\\/\",\"name\":\"Invest Eastern France\",\"description\":\"\",\"publisher\":{\"@id\":\"https:\\\/\\\/international.grandestdeveloppement.fr\\\/fr\\\/#organization\"},\"potentialAction\":[{\"@type\":\"SearchAction\",\"target\":{\"@type\":\"EntryPoint\",\"urlTemplate\":\"https:\\\/\\\/international.grandestdeveloppement.fr\\\/fr\\\/?s={search_term_string}\"},\"query-input\":{\"@type\":\"PropertyValueSpecification\",\"valueRequired\":true,\"valueName\":\"search_term_string\"}}],\"inLanguage\":\"fr-FR\"},{\"@type\":\"Organization\",\"@id\":\"https:\\\/\\\/international.grandestdeveloppement.fr\\\/fr\\\/#organization\",\"name\":\"Invest Eastern France\",\"url\":\"https:\\\/\\\/international.grandestdeveloppement.fr\\\/fr\\\/\",\"logo\":{\"@type\":\"ImageObject\",\"inLanguage\":\"fr-FR\",\"@id\":\"https:\\\/\\\/international.grandestdeveloppement.fr\\\/fr\\\/#\\\/schema\\\/logo\\\/image\\\/\",\"url\":\"https:\\\/\\\/www.international.grandestdeveloppement.fr\\\/wp-content\\\/uploads\\\/2021\\\/08\\\/logo-invest-eastern-france.png\",\"contentUrl\":\"https:\\\/\\\/www.international.grandestdeveloppement.fr\\\/wp-content\\\/uploads\\\/2021\\\/08\\\/logo-invest-eastern-france.png\",\"width\":500,\"height\":180,\"caption\":\"Invest Eastern France\"},\"image\":{\"@id\":\"https:\\\/\\\/international.grandestdeveloppement.fr\\\/fr\\\/#\\\/schema\\\/logo\\\/image\\\/\"}}]}<\/script>\n<!-- \/ Yoast SEO plugin. -->","yoast_head_json":{"title":"Le num\u00e9rique en Grand Est - Invest Eastern France","robots":{"index":"index","follow":"follow","max-snippet":"max-snippet:-1","max-image-preview":"max-image-preview:large","max-video-preview":"max-video-preview:-1"},"canonical":"https:\/\/international.grandestdeveloppement.fr\/fr\/numerique\/","og_locale":"fr_FR","og_type":"article","og_title":"Le num\u00e9rique en Grand Est - Invest Eastern France","og_description":"Secteur au fort potentiel de croissance dans le Grand Est, le num\u00e9rique y est fortement soutenu, pour acc\u00e9l\u00e9rer la transformation digitale de l\u2019\u00e9conomie. Entreprises, startups, incubateurs, formations : tout est [&hellip;]","og_url":"https:\/\/international.grandestdeveloppement.fr\/fr\/numerique\/","og_site_name":"Invest Eastern France","article_modified_time":"2025-12-15T16:16:11+00:00","og_image":[{"width":2560,"height":1064,"url":"https:\/\/international.grandestdeveloppement.fr\/wp-content\/uploads\/2023\/01\/AdobeStock_288623293-scaled.jpeg","type":"image\/jpeg"}],"twitter_card":"summary_large_image","twitter_misc":{"Dur\u00e9e de lecture estim\u00e9e":"2 minutes"},"schema":{"@context":"https:\/\/schema.org","@graph":[{"@type":"WebPage","@id":"https:\/\/international.grandestdeveloppement.fr\/fr\/numerique\/","url":"https:\/\/international.grandestdeveloppement.fr\/fr\/numerique\/","name":"Le num\u00e9rique en Grand Est - Invest Eastern France","isPartOf":{"@id":"https:\/\/international.grandestdeveloppement.fr\/fr\/#website"},"primaryImageOfPage":{"@id":"https:\/\/international.grandestdeveloppement.fr\/fr\/numerique\/#primaryimage"},"image":{"@id":"https:\/\/international.grandestdeveloppement.fr\/fr\/numerique\/#primaryimage"},"thumbnailUrl":"https:\/\/international.grandestdeveloppement.fr\/wp-content\/uploads\/2023\/01\/AdobeStock_288623293-scaled.jpeg","datePublished":"2021-11-10T08:54:48+00:00","dateModified":"2025-12-15T16:16:11+00:00","breadcrumb":{"@id":"https:\/\/international.grandestdeveloppement.fr\/fr\/numerique\/#breadcrumb"},"inLanguage":"fr-FR","potentialAction":[{"@type":"ReadAction","target":["https:\/\/international.grandestdeveloppement.fr\/fr\/numerique\/"]}]},{"@type":"ImageObject","inLanguage":"fr-FR","@id":"https:\/\/international.grandestdeveloppement.fr\/fr\/numerique\/#primaryimage","url":"https:\/\/international.grandestdeveloppement.fr\/wp-content\/uploads\/2023\/01\/AdobeStock_288623293-scaled.jpeg","contentUrl":"https:\/\/international.grandestdeveloppement.fr\/wp-content\/uploads\/2023\/01\/AdobeStock_288623293-scaled.jpeg","width":2560,"height":1064,"caption":"Smart city and abstract dot point connect with gradient line and aesthetic Intricate wave line design , big data connection technology concept ."},{"@type":"BreadcrumbList","@id":"https:\/\/international.grandestdeveloppement.fr\/fr\/numerique\/#breadcrumb","itemListElement":[{"@type":"ListItem","position":1,"name":"Accueil","item":"https:\/\/international.grandestdeveloppement.fr\/fr\/"},{"@type":"ListItem","position":2,"name":"Le num\u00e9rique en Grand Est"}]},{"@type":"WebSite","@id":"https:\/\/international.grandestdeveloppement.fr\/fr\/#website","url":"https:\/\/international.grandestdeveloppement.fr\/fr\/","name":"Invest Eastern France","description":"","publisher":{"@id":"https:\/\/international.grandestdeveloppement.fr\/fr\/#organization"},"potentialAction":[{"@type":"SearchAction","target":{"@type":"EntryPoint","urlTemplate":"https:\/\/international.grandestdeveloppement.fr\/fr\/?s={search_term_string}"},"query-input":{"@type":"PropertyValueSpecification","valueRequired":true,"valueName":"search_term_string"}}],"inLanguage":"fr-FR"},{"@type":"Organization","@id":"https:\/\/international.grandestdeveloppement.fr\/fr\/#organization","name":"Invest Eastern France","url":"https:\/\/international.grandestdeveloppement.fr\/fr\/","logo":{"@type":"ImageObject","inLanguage":"fr-FR","@id":"https:\/\/international.grandestdeveloppement.fr\/fr\/#\/schema\/logo\/image\/","url":"https:\/\/www.international.grandestdeveloppement.fr\/wp-content\/uploads\/2021\/08\/logo-invest-eastern-france.png","contentUrl":"https:\/\/www.international.grandestdeveloppement.fr\/wp-content\/uploads\/2021\/08\/logo-invest-eastern-france.png","width":500,"height":180,"caption":"Invest Eastern France"},"image":{"@id":"https:\/\/international.grandestdeveloppement.fr\/fr\/#\/schema\/logo\/image\/"}}]}},"publishpress_future_action":{"enabled":false,"date":"2026-04-27 11:00:45","action":"change-status","newStatus":"draft","terms":[],"taxonomy":"translation_priority","extraData":[]},"publishpress_future_workflow_manual_trigger":{"enabledWorkflows":[]},"_links":{"self":[{"href":"https:\/\/international.grandestdeveloppement.fr\/fr\/wp-json\/wp\/v2\/pages\/553","targetHints":{"allow":["GET"]}}],"collection":[{"href":"https:\/\/international.grandestdeveloppement.fr\/fr\/wp-json\/wp\/v2\/pages"}],"about":[{"href":"https:\/\/international.grandestdeveloppement.fr\/fr\/wp-json\/wp\/v2\/types\/page"}],"author":[{"embeddable":true,"href":"https:\/\/international.grandestdeveloppement.fr\/fr\/wp-json\/wp\/v2\/users\/3"}],"replies":[{"embeddable":true,"href":"https:\/\/international.grandestdeveloppement.fr\/fr\/wp-json\/wp\/v2\/comments?post=553"}],"version-history":[{"count":12,"href":"https:\/\/international.grandestdeveloppement.fr\/fr\/wp-json\/wp\/v2\/pages\/553\/revisions"}],"predecessor-version":[{"id":17787,"href":"https:\/\/international.grandestdeveloppement.fr\/fr\/wp-json\/wp\/v2\/pages\/553\/revisions\/17787"}],"wp:featuredmedia":[{"embeddable":true,"href":"https:\/\/international.grandestdeveloppement.fr\/fr\/wp-json\/wp\/v2\/media\/6822"}],"wp:attachment":[{"href":"https:\/\/international.grandestdeveloppement.fr\/fr\/wp-json\/wp\/v2\/media?parent=553"}],"wp:term":[{"taxonomy":"categorie-businessFunction","embeddable":true,"href":"https:\/\/international.grandestdeveloppement.fr\/fr\/wp-json\/wp\/v2\/categorie-businessFunction?post=553"},{"taxonomy":"categorie-secteur","embeddable":true,"href":"https:\/\/international.grandestdeveloppement.fr\/fr\/wp-json\/wp\/v2\/categorie-secteur?post=553"},{"taxonomy":"categorie-nationalite","embeddable":true,"href":"https:\/\/international.grandestdeveloppement.fr\/fr\/wp-json\/wp\/v2\/categorie-nationalite?post=553"},{"taxonomy":"categorie-territoire","embeddable":true,"href":"https:\/\/international.grandestdeveloppement.fr\/fr\/wp-json\/wp\/v2\/categorie-territoire?post=553"},{"taxonomy":"categorie-service","embeddable":true,"href":"https:\/\/international.grandestdeveloppement.fr\/fr\/wp-json\/wp\/v2\/categorie-service?post=553"}],"curies":[{"name":"wp","href":"https:\/\/api.w.org\/{rel}","templated":true}]}}