{"id":9698,"date":"2023-06-30T13:23:46","date_gmt":"2023-06-30T11:23:46","guid":{"rendered":"https:\/\/www.international.grandestdeveloppement.fr\/?page_id=9698"},"modified":"2023-12-21T17:16:40","modified_gmt":"2023-12-21T16:16:40","slug":"ils-vous-parlent-du-grand-est","status":"publish","type":"page","link":"https:\/\/international.grandestdeveloppement.fr\/fr\/ils-vous-parlent-du-grand-est\/","title":{"rendered":"Ce qu&rsquo;ils disent du Grand Est"},"content":{"rendered":"\n<p>Des leaders d&rsquo;opinion cl\u00e9s nous disent ce qu&rsquo;ils pensent du Grand Est.<\/p>\n\n\n\n<h2 class=\"wp-block-heading\">UCHIDA Hiroyuki &#8211; Consul g\u00e9n\u00e9ral du Japon \u00e0 Strasbourg<\/h2>\n\n\n\n<div class=\"wp-block-columns alignwide is-layout-flex wp-container-core-columns-is-layout-9d6595d7 wp-block-columns-is-layout-flex\">\n<div class=\"wp-block-column is-layout-flow wp-block-column-is-layout-flow\" style=\"flex-basis:25%\">\n<figure class=\"wp-block-image size-large is-resized\"><img loading=\"lazy\" decoding=\"async\" width=\"1024\" height=\"1024\" src=\"https:\/\/www.international.grandestdeveloppement.fr\/wp-content\/uploads\/2023\/12\/100421203-3-1024x1024.jpg\" alt=\"\" class=\"wp-image-11682\" style=\"width:234px;height:auto\" srcset=\"https:\/\/international.grandestdeveloppement.fr\/wp-content\/uploads\/2023\/12\/100421203-3-1024x1024.jpg 1024w, https:\/\/international.grandestdeveloppement.fr\/wp-content\/uploads\/2023\/12\/100421203-3-300x300.jpg 300w, https:\/\/international.grandestdeveloppement.fr\/wp-content\/uploads\/2023\/12\/100421203-3-150x150.jpg 150w, https:\/\/international.grandestdeveloppement.fr\/wp-content\/uploads\/2023\/12\/100421203-3-768x768.jpg 768w, https:\/\/international.grandestdeveloppement.fr\/wp-content\/uploads\/2023\/12\/100421203-3-1536x1536.jpg 1536w, https:\/\/international.grandestdeveloppement.fr\/wp-content\/uploads\/2023\/12\/100421203-3-2048x2048.jpg 2048w\" sizes=\"auto, (max-width: 1024px) 100vw, 1024px\" \/><\/figure>\n\n\n\n<figure class=\"wp-block-image size-full is-resized\"><img loading=\"lazy\" decoding=\"async\" width=\"600\" height=\"401\" src=\"https:\/\/www.international.grandestdeveloppement.fr\/wp-content\/uploads\/2023\/12\/1009518-Drapeau_du_Japon-5.jpg\" alt=\"\" class=\"wp-image-11685\" style=\"width:122px;height:auto\" srcset=\"https:\/\/international.grandestdeveloppement.fr\/wp-content\/uploads\/2023\/12\/1009518-Drapeau_du_Japon-5.jpg 600w, https:\/\/international.grandestdeveloppement.fr\/wp-content\/uploads\/2023\/12\/1009518-Drapeau_du_Japon-5-300x201.jpg 300w\" sizes=\"auto, (max-width: 600px) 100vw, 600px\" \/><\/figure>\n<\/div>\n\n\n\n<div class=\"wp-block-column is-layout-flow wp-block-column-is-layout-flow\" style=\"flex-basis:50%\">\n<p><\/p>\n\n\n\n<p>Uchida Huroyuki occupe le poste de Consul g\u00e9n\u00e9ral du Japon \u00e0 Strasbourg et Ambassadeur, Observateur permanent du Japon aupr\u00e8s du Conseil de l&rsquo;Europe depuis fin 2022. M. Uchida et son \u00e9quipe repr\u00e9sentent le Japon pour les d\u00e9partements suivants du Grand Est :  Bas-Rhin, Haut-Rhin, Moselle, Meurthe-et-Moselle, Vosges, Meuse et Haute-Marne.<\/p>\n\n\n\n<p class=\"has-text-align-left\">M. Uchida est membre du minist\u00e8re des affaires \u00e9trang\u00e8res japonais depuis 1999. Il a notamment exerc\u00e9 pr\u00e9alablement les fonctions de Conseiller pour la Mission permanente du Japon aupr\u00e8s de l&rsquo;Union Europ\u00e9enne et Ministre pour la Mission permanente du Japon aupr\u00e8s de l&rsquo;Organisation des Nations Unies.<\/p>\n\n\n\n<p class=\"has-text-align-left\">M. Uchida est diplom\u00e9 en droit de l&rsquo;Universit\u00e9 de Tokyo.<\/p>\n<\/div>\n<\/div>\n\n\n\n<figure class=\"wp-block-embed aligncenter is-type-video is-provider-youtube wp-block-embed-youtube wp-embed-aspect-16-9 wp-has-aspect-ratio\"><div class=\"wp-block-embed__wrapper\">\n<iframe loading=\"lazy\" title=\"Interview of Mr UCHIDA Hiroyuki - Consul g\u00e9n\u00e9ral du Japon \u00e0 Strasbourg\" width=\"500\" height=\"281\" src=\"https:\/\/www.youtube.com\/embed\/7kTqQXJxeTI?feature=oembed\" frameborder=\"0\" allow=\"accelerometer; autoplay; clipboard-write; encrypted-media; gyroscope; picture-in-picture; web-share\" referrerpolicy=\"strict-origin-when-cross-origin\" allowfullscreen><\/iframe>\n<\/div><\/figure>\n\n\n\n<h2 class=\"wp-block-heading\">Darragh PARADISO &#8211; Consule g\u00e9n\u00e9rale des Etats-Unis pour le Grand Est<\/h2>\n\n\n\n<div class=\"wp-block-columns alignwide is-layout-flex wp-container-core-columns-is-layout-9d6595d7 wp-block-columns-is-layout-flex\">\n<div class=\"wp-block-column is-layout-flow wp-block-column-is-layout-flow\" style=\"flex-basis:19%\">\n<figure class=\"wp-block-image is-resized\"><img loading=\"lazy\" decoding=\"async\" width=\"347\" height=\"433\" src=\"https:\/\/www.international.grandestdeveloppement.fr\/wp-content\/uploads\/2023\/06\/CG-strasbourgParadiso-347x433-1.jpg\" alt=\"\" class=\"wp-image-9707\" style=\"width:184px;height:229px\" srcset=\"https:\/\/international.grandestdeveloppement.fr\/wp-content\/uploads\/2023\/06\/CG-strasbourgParadiso-347x433-1.jpg 347w, https:\/\/international.grandestdeveloppement.fr\/wp-content\/uploads\/2023\/06\/CG-strasbourgParadiso-347x433-1-240x300.jpg 240w\" sizes=\"auto, (max-width: 347px) 100vw, 347px\" \/><\/figure>\n\n\n\n<figure class=\"wp-block-image size-large is-resized\"><img loading=\"lazy\" decoding=\"async\" width=\"1024\" height=\"621\" src=\"https:\/\/www.international.grandestdeveloppement.fr\/wp-content\/uploads\/2023\/06\/AdobeStock_65124908-2-1024x621.jpeg\" alt=\"\" class=\"wp-image-9741\" style=\"width:71px;height:42px\" srcset=\"https:\/\/international.grandestdeveloppement.fr\/wp-content\/uploads\/2023\/06\/AdobeStock_65124908-2-1024x621.jpeg 1024w, https:\/\/international.grandestdeveloppement.fr\/wp-content\/uploads\/2023\/06\/AdobeStock_65124908-2-300x182.jpeg 300w, https:\/\/international.grandestdeveloppement.fr\/wp-content\/uploads\/2023\/06\/AdobeStock_65124908-2-768x466.jpeg 768w, https:\/\/international.grandestdeveloppement.fr\/wp-content\/uploads\/2023\/06\/AdobeStock_65124908-2-1536x932.jpeg 1536w, https:\/\/international.grandestdeveloppement.fr\/wp-content\/uploads\/2023\/06\/AdobeStock_65124908-2-2048x1243.jpeg 2048w\" sizes=\"auto, (max-width: 1024px) 100vw, 1024px\" \/><\/figure>\n<\/div>\n\n\n\n<div class=\"wp-block-column is-layout-flow wp-block-column-is-layout-flow\" style=\"flex-basis:81%\">\n<p>Darragh Paradiso a occup\u00e9 les fonctions de Consule G\u00e9n\u00e9rale des \u00c9tats-Unis d\u2019Am\u00e9rique \u00e0 Strasbourg et de Repr\u00e9sentante Permanente Adjointe aupr\u00e8s du Conseil de l\u2019Europe de ao\u00fbt 2020 \u00e0 juillet 2023. Madame Paradiso et son \u00e9quipe repr\u00e9sentent les \u00c9tats-Unis dans la r\u00e9gion du Grand Est.<\/p>\n\n\n\n<p>Madame&nbsp;Paradiso est membre du D\u00e9partement d\u2019\u00c9tat am\u00e9ricain depuis 1999. Elle a travaill\u00e9 sur un large \u00e9ventail d\u2019affaires politiques et publiques en Asie et en Afrique, avec un accent particulier sur la libert\u00e9 d\u2019expression. Elle est dipl\u00f4m\u00e9e du Swarthmore College et d\u00e9tient un master en politique publique de l\u2019Universit\u00e9 de Princeton. Fi\u00e8re d\u2019\u00eatre originaire de l\u2019Oregon,&nbsp;Madame&nbsp;Paradiso aime cuisiner, lire et faire des randonn\u00e9es avec sa famille.&nbsp;<\/p>\n\n\n\n<p>Apr\u00e8s 4 ann\u00e9es pass\u00e9es \u00e0 ce poste, Mme Paradiso a accept\u00e9 avec enthousiasme de r\u00e9pondre \u00e0 nos questions.<\/p>\n\n\n\n<figure class=\"wp-block-embed aligncenter is-type-video is-provider-youtube wp-block-embed-youtube wp-embed-aspect-16-9 wp-has-aspect-ratio\"><div class=\"wp-block-embed__wrapper\">\n<iframe loading=\"lazy\" title=\"Interview de Mme Darragh Paradiso - Consule g\u00e9n\u00e9rale des Etats-Unis en Grand Est\" width=\"500\" height=\"281\" src=\"https:\/\/www.youtube.com\/embed\/mQNlq-Ns12Q?feature=oembed\" frameborder=\"0\" allow=\"accelerometer; autoplay; clipboard-write; encrypted-media; gyroscope; picture-in-picture; web-share\" referrerpolicy=\"strict-origin-when-cross-origin\" allowfullscreen><\/iframe>\n<\/div><\/figure>\n<\/div>\n<\/div>\n\n\n\n<p><\/p>\n\n\n\n<h2 class=\"wp-block-heading\">Luc SIROIS &#8211; Innovateur en Chef du Qu\u00e9b\u00e9c et Directeur g\u00e9n\u00e9ral du Conseil de l&rsquo;Innovation du Qu\u00e9bec<\/h2>\n\n\n\n<div class=\"wp-block-columns alignwide is-layout-flex wp-container-core-columns-is-layout-9d6595d7 wp-block-columns-is-layout-flex\">\n<div class=\"wp-block-column is-layout-flow wp-block-column-is-layout-flow\" style=\"flex-basis:280px\">\n<figure class=\"wp-block-image size-full is-resized\"><img loading=\"lazy\" decoding=\"async\" width=\"940\" height=\"788\" src=\"https:\/\/www.international.grandestdeveloppement.fr\/wp-content\/uploads\/2023\/06\/luc-sirois.png\" alt=\"\" class=\"wp-image-9714\" style=\"width:238px;height:207px\" srcset=\"https:\/\/international.grandestdeveloppement.fr\/wp-content\/uploads\/2023\/06\/luc-sirois.png 940w, https:\/\/international.grandestdeveloppement.fr\/wp-content\/uploads\/2023\/06\/luc-sirois-300x251.png 300w, https:\/\/international.grandestdeveloppement.fr\/wp-content\/uploads\/2023\/06\/luc-sirois-768x644.png 768w\" sizes=\"auto, (max-width: 940px) 100vw, 940px\" \/><\/figure>\n\n\n\n<figure class=\"wp-block-image size-large is-resized\"><img loading=\"lazy\" decoding=\"async\" width=\"1024\" height=\"620\" src=\"https:\/\/www.international.grandestdeveloppement.fr\/wp-content\/uploads\/2023\/06\/AdobeStock_191520151-2-1024x620.jpeg\" alt=\"\" class=\"wp-image-9755\" style=\"width:94px;height:57px\" srcset=\"https:\/\/international.grandestdeveloppement.fr\/wp-content\/uploads\/2023\/06\/AdobeStock_191520151-2-1024x620.jpeg 1024w, https:\/\/international.grandestdeveloppement.fr\/wp-content\/uploads\/2023\/06\/AdobeStock_191520151-2-300x182.jpeg 300w, https:\/\/international.grandestdeveloppement.fr\/wp-content\/uploads\/2023\/06\/AdobeStock_191520151-2-768x465.jpeg 768w, https:\/\/international.grandestdeveloppement.fr\/wp-content\/uploads\/2023\/06\/AdobeStock_191520151-2-1536x930.jpeg 1536w, https:\/\/international.grandestdeveloppement.fr\/wp-content\/uploads\/2023\/06\/AdobeStock_191520151-2-2048x1240.jpeg 2048w\" sizes=\"auto, (max-width: 1024px) 100vw, 1024px\" \/><\/figure>\n<\/div>\n\n\n\n<div class=\"wp-block-column is-layout-constrained wp-block-column-is-layout-constrained\" style=\"flex-basis:800px\">\n<p>Investi apr\u00e8s de nombreuses startups et organisations \u00e0 but non lucratif ax\u00e9es sur la jeunesse, la sant\u00e9, la science et l\u2019\u00e9ducation, il a cofond\u00e9 le mouvement d\u2019innovation en sant\u00e9 Hacking&nbsp;Health avec une \u00e9dition \u00e0 tr\u00e8s grand succ\u00e8s \u00e0 Strasbourg&nbsp;ainsi qu\u2019un acc\u00e9l\u00e9rateur et fonds d\u2019essaimage en sant\u00e9 num\u00e9rique.<\/p>\n\n\n\n<p>Luc Sirois est innovateur en chef du Qu\u00e9bec, directeur g\u00e9n\u00e9ral du Conseil de l\u2019innovation du Qu\u00e9bec et pr\u00e9sident fondateur du conseil d\u2019administration d\u2019Axelys, la soci\u00e9t\u00e9 de valorisation de la recherche publique au Qu\u00e9bec.<\/p>\n\n\n\n<p>Titulaire d\u2019un baccalaur\u00e9at en g\u00e9nie \u00e9lectrique de l\u2019Universit\u00e9 McGill et d\u2019un MBA de l\u2019Universit\u00e9 Harvard, Luc Sirois est aussi un entrepreneur technologique et social reconnu, au Qu\u00e9bec et de par le monde, pour son approche cr\u00e9ative de l\u2019innovation et pour son implication en technologie num\u00e9rique au Qu\u00e9bec.<\/p>\n<\/div>\n<\/div>\n\n\n\n<figure class=\"wp-block-embed aligncenter is-type-video is-provider-youtube wp-block-embed-youtube wp-embed-aspect-16-9 wp-has-aspect-ratio\"><div class=\"wp-block-embed__wrapper\">\n<iframe loading=\"lazy\" title=\"T\u00e9moignage Luc Sirois\" width=\"500\" height=\"281\" src=\"https:\/\/www.youtube.com\/embed\/VfFlk_8gmXg?feature=oembed\" frameborder=\"0\" allow=\"accelerometer; autoplay; clipboard-write; encrypted-media; gyroscope; picture-in-picture; web-share\" referrerpolicy=\"strict-origin-when-cross-origin\" allowfullscreen><\/iframe>\n<\/div><\/figure>\n","protected":false},"excerpt":{"rendered":"<p>Des leaders d&rsquo;opinion cl\u00e9s nous disent ce qu&rsquo;ils pensent du Grand Est.<\/p>\n","protected":false},"author":20,"featured_media":9731,"parent":0,"menu_order":0,"comment_status":"closed","ping_status":"closed","template":"","meta":{"_acf_changed":false,"_relevanssi_hide_post":"","_relevanssi_pin_for_all":"","_relevanssi_pin_keywords":"","_relevanssi_unpin_keywords":"","_relevanssi_related_keywords":"","_relevanssi_related_include_ids":"","_relevanssi_related_exclude_ids":"","_relevanssi_related_no_append":"","_relevanssi_related_not_related":"","_relevanssi_related_posts":"7954,3496,8624,4872,9102,5004","_relevanssi_noindex_reason":"","inline_featured_image":false,"footnotes":""},"categorie-businessFunction":[],"categorie-secteur":[],"categorie-nationalite":[],"categorie-territoire":[],"categorie-service":[],"class_list":["post-9698","page","type-page","status-publish","has-post-thumbnail","hentry"],"acf":[],"yoast_head":"<!-- This site is optimized with the Yoast SEO plugin v27.3 - https:\/\/yoast.com\/product\/yoast-seo-wordpress\/ -->\n<title>Ce qu&#039;ils disent du Grand Est - Invest Eastern France<\/title>\n<meta name=\"description\" content=\"T\u00e9moignages autour du Grand Est de leaders d&#039;opinion cl\u00e9s qui nous disent ce qu&#039;ils pensent de ce territoire\" \/>\n<meta name=\"robots\" content=\"index, follow, max-snippet:-1, max-image-preview:large, max-video-preview:-1\" \/>\n<link rel=\"canonical\" href=\"https:\/\/international.grandestdeveloppement.fr\/fr\/ils-vous-parlent-du-grand-est\/\" \/>\n<meta property=\"og:locale\" content=\"fr_FR\" \/>\n<meta property=\"og:type\" content=\"article\" \/>\n<meta property=\"og:title\" content=\"Ce qu&#039;ils disent du Grand Est - Invest Eastern France\" \/>\n<meta property=\"og:description\" content=\"T\u00e9moignages autour du Grand Est de leaders d&#039;opinion cl\u00e9s qui nous disent ce qu&#039;ils pensent de ce territoire\" \/>\n<meta property=\"og:url\" content=\"https:\/\/international.grandestdeveloppement.fr\/fr\/ils-vous-parlent-du-grand-est\/\" \/>\n<meta property=\"og:site_name\" content=\"Invest Eastern France\" \/>\n<meta property=\"article:modified_time\" content=\"2023-12-21T16:16:40+00:00\" \/>\n<meta property=\"og:image\" content=\"https:\/\/international.grandestdeveloppement.fr\/wp-content\/uploads\/2023\/06\/AdobeStock_51214957-scaled.jpeg\" \/>\n\t<meta property=\"og:image:width\" content=\"2560\" \/>\n\t<meta property=\"og:image:height\" content=\"1703\" \/>\n\t<meta property=\"og:image:type\" content=\"image\/jpeg\" \/>\n<meta name=\"twitter:card\" content=\"summary_large_image\" \/>\n<meta name=\"twitter:label1\" content=\"Dur\u00e9e de lecture estim\u00e9e\" \/>\n\t<meta name=\"twitter:data1\" content=\"4 minutes\" \/>\n<script type=\"application\/ld+json\" class=\"yoast-schema-graph\">{\"@context\":\"https:\\\/\\\/schema.org\",\"@graph\":[{\"@type\":\"WebPage\",\"@id\":\"https:\\\/\\\/international.grandestdeveloppement.fr\\\/fr\\\/ils-vous-parlent-du-grand-est\\\/\",\"url\":\"https:\\\/\\\/international.grandestdeveloppement.fr\\\/fr\\\/ils-vous-parlent-du-grand-est\\\/\",\"name\":\"Ce qu'ils disent du Grand Est - Invest Eastern France\",\"isPartOf\":{\"@id\":\"https:\\\/\\\/international.grandestdeveloppement.fr\\\/fr\\\/#website\"},\"primaryImageOfPage\":{\"@id\":\"https:\\\/\\\/international.grandestdeveloppement.fr\\\/fr\\\/ils-vous-parlent-du-grand-est\\\/#primaryimage\"},\"image\":{\"@id\":\"https:\\\/\\\/international.grandestdeveloppement.fr\\\/fr\\\/ils-vous-parlent-du-grand-est\\\/#primaryimage\"},\"thumbnailUrl\":\"https:\\\/\\\/international.grandestdeveloppement.fr\\\/wp-content\\\/uploads\\\/2023\\\/06\\\/AdobeStock_51214957-scaled.jpeg\",\"datePublished\":\"2023-06-30T11:23:46+00:00\",\"dateModified\":\"2023-12-21T16:16:40+00:00\",\"description\":\"T\u00e9moignages autour du Grand Est de leaders d'opinion cl\u00e9s qui nous disent ce qu'ils pensent de ce territoire\",\"breadcrumb\":{\"@id\":\"https:\\\/\\\/international.grandestdeveloppement.fr\\\/fr\\\/ils-vous-parlent-du-grand-est\\\/#breadcrumb\"},\"inLanguage\":\"fr-FR\",\"potentialAction\":[{\"@type\":\"ReadAction\",\"target\":[\"https:\\\/\\\/international.grandestdeveloppement.fr\\\/fr\\\/ils-vous-parlent-du-grand-est\\\/\"]}]},{\"@type\":\"ImageObject\",\"inLanguage\":\"fr-FR\",\"@id\":\"https:\\\/\\\/international.grandestdeveloppement.fr\\\/fr\\\/ils-vous-parlent-du-grand-est\\\/#primaryimage\",\"url\":\"https:\\\/\\\/international.grandestdeveloppement.fr\\\/wp-content\\\/uploads\\\/2023\\\/06\\\/AdobeStock_51214957-scaled.jpeg\",\"contentUrl\":\"https:\\\/\\\/international.grandestdeveloppement.fr\\\/wp-content\\\/uploads\\\/2023\\\/06\\\/AdobeStock_51214957-scaled.jpeg\",\"width\":2560,\"height\":1703,\"caption\":\"Party flags blowing against the sky in a clear summer afternoon\"},{\"@type\":\"BreadcrumbList\",\"@id\":\"https:\\\/\\\/international.grandestdeveloppement.fr\\\/fr\\\/ils-vous-parlent-du-grand-est\\\/#breadcrumb\",\"itemListElement\":[{\"@type\":\"ListItem\",\"position\":1,\"name\":\"Accueil\",\"item\":\"https:\\\/\\\/international.grandestdeveloppement.fr\\\/fr\\\/\"},{\"@type\":\"ListItem\",\"position\":2,\"name\":\"Ce qu&#8217;ils disent du Grand Est\"}]},{\"@type\":\"WebSite\",\"@id\":\"https:\\\/\\\/international.grandestdeveloppement.fr\\\/fr\\\/#website\",\"url\":\"https:\\\/\\\/international.grandestdeveloppement.fr\\\/fr\\\/\",\"name\":\"Invest Eastern France\",\"description\":\"\",\"publisher\":{\"@id\":\"https:\\\/\\\/international.grandestdeveloppement.fr\\\/fr\\\/#organization\"},\"potentialAction\":[{\"@type\":\"SearchAction\",\"target\":{\"@type\":\"EntryPoint\",\"urlTemplate\":\"https:\\\/\\\/international.grandestdeveloppement.fr\\\/fr\\\/?s={search_term_string}\"},\"query-input\":{\"@type\":\"PropertyValueSpecification\",\"valueRequired\":true,\"valueName\":\"search_term_string\"}}],\"inLanguage\":\"fr-FR\"},{\"@type\":\"Organization\",\"@id\":\"https:\\\/\\\/international.grandestdeveloppement.fr\\\/fr\\\/#organization\",\"name\":\"Invest Eastern France\",\"url\":\"https:\\\/\\\/international.grandestdeveloppement.fr\\\/fr\\\/\",\"logo\":{\"@type\":\"ImageObject\",\"inLanguage\":\"fr-FR\",\"@id\":\"https:\\\/\\\/international.grandestdeveloppement.fr\\\/fr\\\/#\\\/schema\\\/logo\\\/image\\\/\",\"url\":\"https:\\\/\\\/www.international.grandestdeveloppement.fr\\\/wp-content\\\/uploads\\\/2021\\\/08\\\/logo-invest-eastern-france.png\",\"contentUrl\":\"https:\\\/\\\/www.international.grandestdeveloppement.fr\\\/wp-content\\\/uploads\\\/2021\\\/08\\\/logo-invest-eastern-france.png\",\"width\":500,\"height\":180,\"caption\":\"Invest Eastern France\"},\"image\":{\"@id\":\"https:\\\/\\\/international.grandestdeveloppement.fr\\\/fr\\\/#\\\/schema\\\/logo\\\/image\\\/\"}}]}<\/script>\n<!-- \/ Yoast SEO plugin. -->","yoast_head_json":{"title":"Ce qu'ils disent du Grand Est - Invest Eastern France","description":"T\u00e9moignages autour du Grand Est de leaders d'opinion cl\u00e9s qui nous disent ce qu'ils pensent de ce territoire","robots":{"index":"index","follow":"follow","max-snippet":"max-snippet:-1","max-image-preview":"max-image-preview:large","max-video-preview":"max-video-preview:-1"},"canonical":"https:\/\/international.grandestdeveloppement.fr\/fr\/ils-vous-parlent-du-grand-est\/","og_locale":"fr_FR","og_type":"article","og_title":"Ce qu'ils disent du Grand Est - Invest Eastern France","og_description":"T\u00e9moignages autour du Grand Est de leaders d'opinion cl\u00e9s qui nous disent ce qu'ils pensent de ce territoire","og_url":"https:\/\/international.grandestdeveloppement.fr\/fr\/ils-vous-parlent-du-grand-est\/","og_site_name":"Invest Eastern France","article_modified_time":"2023-12-21T16:16:40+00:00","og_image":[{"width":2560,"height":1703,"url":"https:\/\/international.grandestdeveloppement.fr\/wp-content\/uploads\/2023\/06\/AdobeStock_51214957-scaled.jpeg","type":"image\/jpeg"}],"twitter_card":"summary_large_image","twitter_misc":{"Dur\u00e9e de lecture estim\u00e9e":"4 minutes"},"schema":{"@context":"https:\/\/schema.org","@graph":[{"@type":"WebPage","@id":"https:\/\/international.grandestdeveloppement.fr\/fr\/ils-vous-parlent-du-grand-est\/","url":"https:\/\/international.grandestdeveloppement.fr\/fr\/ils-vous-parlent-du-grand-est\/","name":"Ce qu'ils disent du Grand Est - Invest Eastern France","isPartOf":{"@id":"https:\/\/international.grandestdeveloppement.fr\/fr\/#website"},"primaryImageOfPage":{"@id":"https:\/\/international.grandestdeveloppement.fr\/fr\/ils-vous-parlent-du-grand-est\/#primaryimage"},"image":{"@id":"https:\/\/international.grandestdeveloppement.fr\/fr\/ils-vous-parlent-du-grand-est\/#primaryimage"},"thumbnailUrl":"https:\/\/international.grandestdeveloppement.fr\/wp-content\/uploads\/2023\/06\/AdobeStock_51214957-scaled.jpeg","datePublished":"2023-06-30T11:23:46+00:00","dateModified":"2023-12-21T16:16:40+00:00","description":"T\u00e9moignages autour du Grand Est de leaders d'opinion cl\u00e9s qui nous disent ce qu'ils pensent de ce territoire","breadcrumb":{"@id":"https:\/\/international.grandestdeveloppement.fr\/fr\/ils-vous-parlent-du-grand-est\/#breadcrumb"},"inLanguage":"fr-FR","potentialAction":[{"@type":"ReadAction","target":["https:\/\/international.grandestdeveloppement.fr\/fr\/ils-vous-parlent-du-grand-est\/"]}]},{"@type":"ImageObject","inLanguage":"fr-FR","@id":"https:\/\/international.grandestdeveloppement.fr\/fr\/ils-vous-parlent-du-grand-est\/#primaryimage","url":"https:\/\/international.grandestdeveloppement.fr\/wp-content\/uploads\/2023\/06\/AdobeStock_51214957-scaled.jpeg","contentUrl":"https:\/\/international.grandestdeveloppement.fr\/wp-content\/uploads\/2023\/06\/AdobeStock_51214957-scaled.jpeg","width":2560,"height":1703,"caption":"Party flags blowing against the sky in a clear summer afternoon"},{"@type":"BreadcrumbList","@id":"https:\/\/international.grandestdeveloppement.fr\/fr\/ils-vous-parlent-du-grand-est\/#breadcrumb","itemListElement":[{"@type":"ListItem","position":1,"name":"Accueil","item":"https:\/\/international.grandestdeveloppement.fr\/fr\/"},{"@type":"ListItem","position":2,"name":"Ce qu&#8217;ils disent du Grand Est"}]},{"@type":"WebSite","@id":"https:\/\/international.grandestdeveloppement.fr\/fr\/#website","url":"https:\/\/international.grandestdeveloppement.fr\/fr\/","name":"Invest Eastern France","description":"","publisher":{"@id":"https:\/\/international.grandestdeveloppement.fr\/fr\/#organization"},"potentialAction":[{"@type":"SearchAction","target":{"@type":"EntryPoint","urlTemplate":"https:\/\/international.grandestdeveloppement.fr\/fr\/?s={search_term_string}"},"query-input":{"@type":"PropertyValueSpecification","valueRequired":true,"valueName":"search_term_string"}}],"inLanguage":"fr-FR"},{"@type":"Organization","@id":"https:\/\/international.grandestdeveloppement.fr\/fr\/#organization","name":"Invest Eastern France","url":"https:\/\/international.grandestdeveloppement.fr\/fr\/","logo":{"@type":"ImageObject","inLanguage":"fr-FR","@id":"https:\/\/international.grandestdeveloppement.fr\/fr\/#\/schema\/logo\/image\/","url":"https:\/\/www.international.grandestdeveloppement.fr\/wp-content\/uploads\/2021\/08\/logo-invest-eastern-france.png","contentUrl":"https:\/\/www.international.grandestdeveloppement.fr\/wp-content\/uploads\/2021\/08\/logo-invest-eastern-france.png","width":500,"height":180,"caption":"Invest Eastern France"},"image":{"@id":"https:\/\/international.grandestdeveloppement.fr\/fr\/#\/schema\/logo\/image\/"}}]}},"publishpress_future_action":{"enabled":false,"date":"2026-04-26 11:04:26","action":"change-status","newStatus":"draft","terms":[],"taxonomy":"translation_priority","extraData":[]},"publishpress_future_workflow_manual_trigger":{"enabledWorkflows":[]},"_links":{"self":[{"href":"https:\/\/international.grandestdeveloppement.fr\/fr\/wp-json\/wp\/v2\/pages\/9698","targetHints":{"allow":["GET"]}}],"collection":[{"href":"https:\/\/international.grandestdeveloppement.fr\/fr\/wp-json\/wp\/v2\/pages"}],"about":[{"href":"https:\/\/international.grandestdeveloppement.fr\/fr\/wp-json\/wp\/v2\/types\/page"}],"author":[{"embeddable":true,"href":"https:\/\/international.grandestdeveloppement.fr\/fr\/wp-json\/wp\/v2\/users\/20"}],"replies":[{"embeddable":true,"href":"https:\/\/international.grandestdeveloppement.fr\/fr\/wp-json\/wp\/v2\/comments?post=9698"}],"version-history":[{"count":10,"href":"https:\/\/international.grandestdeveloppement.fr\/fr\/wp-json\/wp\/v2\/pages\/9698\/revisions"}],"predecessor-version":[{"id":11696,"href":"https:\/\/international.grandestdeveloppement.fr\/fr\/wp-json\/wp\/v2\/pages\/9698\/revisions\/11696"}],"wp:featuredmedia":[{"embeddable":true,"href":"https:\/\/international.grandestdeveloppement.fr\/fr\/wp-json\/wp\/v2\/media\/9731"}],"wp:attachment":[{"href":"https:\/\/international.grandestdeveloppement.fr\/fr\/wp-json\/wp\/v2\/media?parent=9698"}],"wp:term":[{"taxonomy":"categorie-businessFunction","embeddable":true,"href":"https:\/\/international.grandestdeveloppement.fr\/fr\/wp-json\/wp\/v2\/categorie-businessFunction?post=9698"},{"taxonomy":"categorie-secteur","embeddable":true,"href":"https:\/\/international.grandestdeveloppement.fr\/fr\/wp-json\/wp\/v2\/categorie-secteur?post=9698"},{"taxonomy":"categorie-nationalite","embeddable":true,"href":"https:\/\/international.grandestdeveloppement.fr\/fr\/wp-json\/wp\/v2\/categorie-nationalite?post=9698"},{"taxonomy":"categorie-territoire","embeddable":true,"href":"https:\/\/international.grandestdeveloppement.fr\/fr\/wp-json\/wp\/v2\/categorie-territoire?post=9698"},{"taxonomy":"categorie-service","embeddable":true,"href":"https:\/\/international.grandestdeveloppement.fr\/fr\/wp-json\/wp\/v2\/categorie-service?post=9698"}],"curies":[{"name":"wp","href":"https:\/\/api.w.org\/{rel}","templated":true}]}}